{"id":647,"date":"2021-03-29T02:13:52","date_gmt":"2021-03-29T02:13:52","guid":{"rendered":"http:\/\/localhost\/nuss\/?page_id=647"},"modified":"2025-11-06T06:01:57","modified_gmt":"2025-11-06T06:01:57","slug":"servizi","status":"publish","type":"page","link":"https:\/\/chimelongxiangjianghotel.com\/it\/services\/","title":{"rendered":"Servizi"},"content":{"rendered":"<div data-elementor-type=\"wp-page\" data-elementor-id=\"647\" class=\"elementor elementor-647\">\n\t\t\t\t\t\t<section class=\"elementor-section elementor-top-section elementor-element elementor-element-3353bc8 elementor-section-boxed elementor-section-gap-beside-yes elementor-section-height-default elementor-section-height-default elementor-section-column-vertical-align-stretch\" data-id=\"3353bc8\" data-element_type=\"section\" data-e-type=\"section\">\n\t\t\t\t\t\t<div class=\"elementor-container elementor-column-gap-extended\">\n\t\t\t\t\t<div class=\"elementor-column elementor-col-100 elementor-top-column elementor-element elementor-element-0a2bc64\" data-id=\"0a2bc64\" data-element_type=\"column\" data-e-type=\"column\">\n\t\t\t<div class=\"elementor-widget-wrap elementor-element-populated\">\n\t\t\t\t\t\t<div class=\"elementor-element elementor-element-447e3ef elementor-widget__width-initial elementor-invisible elementor-widget elementor-widget-text-editor\" data-id=\"447e3ef\" data-element_type=\"widget\" data-e-type=\"widget\" data-settings=\"{&quot;_animation&quot;:&quot;nussFadeInUp&quot;}\" data-widget_type=\"text-editor.default\">\n\t\t\t\t\t\t\t\t\t<div class=\"svelte-1c06zsf\" data-lang-code=\"\"><p><strong data-spm-anchor-id=\"a2ty_o01.29997173.0.i83.4279c9216pn6la\">Servizi alberghieri del Chimelong Xiangjiang: dove la comodit\u00e0 incontra l&#039;ospitalit\u00e0 a misura di famiglia<\/strong><\/p><\/div>\t\t\t\t\t\t\t\t<\/div>\n\t\t\t\t\t<\/div>\n\t\t<\/div>\n\t\t\t\t\t<\/div>\n\t\t<\/section>\n\t\t<div class=\"elementor-element elementor-element-76953f7 e-flex e-con-boxed e-con e-parent\" data-id=\"76953f7\" data-element_type=\"container\" data-e-type=\"container\">\n\t\t\t\t\t<div class=\"e-con-inner\">\n\t\t\t\t<div class=\"elementor-element elementor-element-2f32cd6 elementor-widget elementor-widget-text-editor\" data-id=\"2f32cd6\" data-element_type=\"widget\" data-e-type=\"widget\" data-widget_type=\"text-editor.default\">\n\t\t\t\t\t\t\t\t\t<p data-spm-anchor-id=\"a2ty_o01.29997173.0.i84.4279c9216pn6la\">Situato a pochi passi dai leoni ruggenti e dai panda giocosi del Guangzhou Chimelong Safari Park, <strong>Chimelong Xiangjiang Hotel<\/strong> non offre solo un posto dove riposare, ma offre un&#039;esperienza completamente integrata e incentrata sull&#039;ospite, progettata per rendere la tua avventura nella natura selvaggia semplice, piacevole e indimenticabile. Con oltre <strong>2.756 recensioni verificate<\/strong> e una stellare <strong>Valutazione complessiva 9,4\/10<\/strong>, questo hotel a 4 stelle si \u00e8 guadagnato la sua reputazione non solo per la sua posizione privilegiata e le camere a tema, ma anche per la sua <strong>servizi eccezionali, attentamente curati<\/strong> che soddisfano le esigenze di famiglie, viaggiatori d&#039;affari e turisti.<\/p><p>Dal momento del vostro arrivo fino alla vostra partenza, ogni dettaglio \u00e8 curato con cura, perch\u00e9 al Chimelong Xiangjiang Hotel crediamo che la vera ospitalit\u00e0 significhi anticipare le vostre esigenze prima ancora che le chiediate.<\/p><div class=\"py-2 my-3\"><hr \/><\/div><h3>\ud83d\udece\ufe0f <strong>Reception e servizi per gli ospiti: assistenza 24 ore su 24, 7 giorni su 7, sempre e ovunque<\/strong><\/h3><p>Nostro <strong>reception aperta 24 ore su 24<\/strong> \u00e8 composto da professionisti multilingue che parlano fluentemente <strong>Inglese e mandarino<\/strong>, pronti ad assistervi in ogni aspetto, dal check-in anticipato alla prenotazione last minute dei biglietti per i parchi. Che arriviate a mezzanotte o abbiate bisogno di aiuto per prenotare un taxi all&#039;alba, il nostro team \u00e8 sempre disponibile e sorridente.<\/p><p>Gli ospiti elogiano costantemente il nostro personale per la sua cordialit\u00e0 e la sua disponibilit\u00e0 a fare sempre il possibile:<\/p><blockquote><p><em>\u201c&quot;Il servizio \u00e8 costantemente elogiato per la sua cordialit\u00e0 e disponibilit\u00e0, e il personale si impegna spesso a migliorare le camere o a effettuare il check-in anticipato.&quot;\u201d<\/em><br \/>\u2014 Riepilogo della recensione di AI, Trip.com<\/p><\/blockquote><p>Offriamo inoltre:<\/p><ul dir=\"auto\"><li><strong>Servizio di check-in VIP<\/strong>: Salta la fila e goditi l&#039;accesso prioritario.<\/li><li><strong>Check-in e check-out rapidi<\/strong>: Perfetto per famiglie impegnate o viaggiatori d&#039;affari con programmi serrati.<\/li><li><strong>Deposito bagagli<\/strong>: Deposita i tuoi bagagli prima del check-in o dopo il check-out, senza costi aggiuntivi.<\/li><li><strong>Strumenti di traduzione<\/strong>: Disponibile alla reception per colmare le lacune linguistiche.<\/li><li><strong>Servizio di portineria<\/strong>Hai bisogno di aiuto per ordinare cibo a domicilio? Prenotare biglietti? Trovare l&#039;orario migliore per la navetta? Il nostro concierge \u00e8 a tua disposizione.<\/li><li><strong>Cassaforte alla reception<\/strong>: Deposito sicuro per gli oggetti di valore durante la tua giornata di avventure.<\/li><li><strong>Servizio di facchinaggio<\/strong>: Lasciate che portiamo i vostri bagagli in camera: servizio particolarmente utile con bambini e passeggini.<\/li><\/ul><div class=\"py-2 my-3\"><hr \/><\/div><h3>\ud83d\ude97 <strong>Trasporti e accessibilit\u00e0: la tua porta d&#039;accesso alle meraviglie di Chimelong<\/strong><\/h3><p>La posizione \u00e8 fondamentale e il Chimelong Xiangjiang Hotel si trova nel cuore pulsante della citt\u00e0. Ma non ci fermiamo qui. Abbiamo creato un intero ecosistema di trasporti pensato per la vostra comodit\u00e0:<\/p><ul dir=\"auto\"><li><strong>Navette gratuite per le attrazioni di Chimelong<\/strong>: A pochi minuti dall&#039;ingresso dell&#039;hotel, le nostre navette gratuite ti porteranno a <strong>Chimelong Safari Park, Happy World, Grandview Aquarium e molto altro<\/strong> \u2014 niente stress, niente navigazione, niente seccature.<\/li><li><strong>Servizio di prenotazione taxi<\/strong>: Hai bisogno di un passaggio per la stazione di Guangzhou Sud (a soli 15 minuti di distanza) o per il centro citt\u00e0? Lo prenoteremo per te.<\/li><li><strong>Parcheggio pubblico<\/strong>: Parcheggio gratuito in loco disponibile per tutti gli ospiti, senza necessit\u00e0 di prenotazione.<\/li><li><strong>Accesso alla metropolitana<\/strong>: La stazione di Dashi (linea 3) dista solo 1,8 km, rendendo il trasporto pubblico facile per coloro che preferiscono esplorare i dintorni del resort.<\/li><li><strong>Trasferimenti aeroportuali<\/strong>: Sebbene non offriamo navette aeroportuali dirette, il nostro personale pu\u00f2 organizzare trasferimenti privati o guidarvi all&#039;aeroporto pi\u00f9 vicino: l&#039;aeroporto di Foshan Shadi (31,8 km) o l&#039;aeroporto internazionale di Guangzhou Baiyun (51,6 km).<\/li><\/ul><div class=\"py-2 my-3\"><hr \/><\/div><h3>\ud83c\udf7d\ufe0f <strong>Supporto culinario e per la ristorazione: dalle feste gourmet agli spuntini veloci<\/strong><\/h3><p>I nostri due ristoranti in loco \u2014 <strong>Ristorante cinese Xiangjiang<\/strong> E <strong>Ristorante del t\u00e8 Xinglong<\/strong> \u2014 sono pi\u00f9 di semplici luoghi in cui mangiare; sono parte integrante dell&#039;esperienza di servizio. Gli ospiti ne apprezzano la qualit\u00e0, la variet\u00e0 e l&#039;approccio familiare alla ristorazione:<\/p><ul dir=\"auto\"><li><strong>Opzioni per la colazione<\/strong>: Men\u00f9 fissi in stile occidentale o cinese serviti tutti i giorni (dalle 7:00 alle 10:00). I bambini sotto 1 mese mangiano gratis; da 1 a 1,5 mesi: 38 CNY; adulti: 68 CNY.<\/li><li><strong>Servizio in camera<\/strong>: Gustate i pasti nel comfort della vostra camera a tema, perfetta dopo una lunga giornata al parco.<\/li><li><strong>Sistema di carte da pranzo<\/strong>: Ricarica una piccola quantit\u00e0 e usala fino all&#039;esaurimento, senza regole complicate o saldi residui.<\/li><li><strong>Servizi di catering<\/strong>: Ideale per gruppi, eventi o cene private, disponibile su richiesta.<\/li><li><strong>Assistenza per la consegna di cibo<\/strong>: Hai problemi con l&#039;ordine? Il nostro concierge ti aiuter\u00e0 a navigare tra le app locali o a chiamare il tuo ristorante preferito.<\/li><\/ul><div class=\"py-2 my-3\"><hr \/><\/div><h3>\ud83d\udc68\u200d\ud83d\udc69\u200d\ud83d\udc67\u200d\ud83d\udc66 <strong>Servizi per famiglie: pensati per piccoli esploratori e genitori stanchi<\/strong><\/h3><p>Al Chimelong Xiangjiang Hotel sappiamo che viaggiare con i bambini richiede un&#039;attenzione particolare, ecco perch\u00e9 abbiamo integrato servizi attenti in ogni angolo della struttura:<\/p><ul dir=\"auto\"><li><strong>Il paese delle meraviglie per bambini<\/strong>: Situata al primo piano, questa vivace area giochi \u00e8 dotata di schermi LED interattivi, mobili divertenti, percorsi genitori-figli e snack, per intrattenere i pi\u00f9 piccoli mentre i genitori si rilassano.<\/li><li><strong>Xingjiang Happy Galley<\/strong>: Un negozio di dolciumi che offre caramelle, snack e souvenir esclusivi di Chimelong, perfetti per uno spuntino dopo l&#039;avventura.<\/li><li><strong>Scuola guida per bambini<\/strong>: Uno spazio all&#039;aperto dove i bambini possono guidare mini-auto sotto supervisione: un successo sia tra i pi\u00f9 piccoli che tra gli adolescenti.<\/li><li><strong>Servizi per bambini<\/strong>: Su richiesta sono disponibili pantofole, accappatoi, spazzolini da denti, giocattoli, giochi da tavolo e pasti speciali.<\/li><li><strong>Camere familiari<\/strong>: Disposizioni spaziose con zone soggiorno separate e letti dedicati ai bambini: ideali per soggiorni multigenerazionali.<\/li><li><strong>Passeggini e attrezzature da gioco<\/strong>: Disponibile per il prestito: non c&#039;\u00e8 bisogno di portare con s\u00e9 attrezzature pesanti.<\/li><\/ul><div class=\"py-2 my-3\"><hr \/><\/div><h3>\ud83d\udcbc <strong>Servizi aziendali ed eventi: lavora in modo pi\u00f9 intelligente, non pi\u00f9 duro<\/strong><\/h3><p>Anche se sei qui per divertirti, a volte arriva il lavoro, e noi ti pensiamo noi:<\/p><ul dir=\"auto\"><li><strong>Sala conferenze e spazio multifunzionale<\/strong>: Dotato di sistemi di visualizzazione multimediali, apparecchiature audio e posti a sedere flessibili per un massimo di 160 ospiti.<\/li><li><strong>Servizi di segreteria<\/strong>: Stampa, fotocopie, fax, assistenza via e-mail: tutto disponibile su richiesta.<\/li><li><strong>Servizi postali e di corriere<\/strong>: Invia documenti o pacchi con facilit\u00e0.<\/li><li><strong>Organizzazione di matrimoni ed eventi<\/strong>: Dalle cerimonie intime agli incontri aziendali, lascia che siamo noi a occuparci dei dettagli.<\/li><li><strong>Wi-Fi ad alta velocit\u00e0<\/strong>: Gratuito e affidabile in tutte le stanze e nelle aree pubbliche: perfetto per videochiamate, lavoro da remoto o streaming.<\/li><li><strong>Bancomat e cambio valuta<\/strong>: Accesso al contante in loco e conversione di valuta per gli ospiti internazionali.<\/li><\/ul><div class=\"py-2 my-3\"><hr \/><\/div><h3>\ud83e\uddf9 <strong>Pulizia e manutenzione: pulizia di cui ti puoi fidare<\/strong><\/h3><p>Con un <strong>Valutazione della pulizia 9,6\/10<\/strong>, il nostro team addetto alle pulizie garantisce che ogni camera e spazio pubblico soddisfi i pi\u00f9 elevati standard:<\/p><ul dir=\"auto\"><li><strong>Pulizia giornaliera<\/strong>: Biancheria fresca, superfici igienizzate e articoli da toeletta riforniti: tutto incluso.<\/li><li><strong>Bagni immacolati<\/strong>: Separazione bagnato\/asciutto, acqua calda istantanea e articoli da toeletta di prima qualit\u00e0 (niente campioni economici qui!).<\/li><li><strong>Aria condizionata e illuminazione silenziose<\/strong>: Aria condizionata silenziosa e a basso consumo energetico, con illuminazione regolabile per un sonno ristoratore.<\/li><li><strong>Frigoriferi e Smart TV<\/strong>: Tutte le camere sono dotate di minifrigo e smart TV con pi\u00f9 canali, ideali per rilassarsi dopo una giornata di emozioni.<\/li><\/ul><div class=\"py-2 my-3\"><hr \/><\/div><h3>\ud83d\udecd\ufe0f <strong>Servizi al dettaglio e di convenienza: tutto ci\u00f2 che hai dimenticato di mettere in valigia<\/strong><\/h3><p>A volte hai bisogno di una soluzione rapida, e noi ce l&#039;abbiamo:<\/p><ul dir=\"auto\"><li><strong>Negozio di souvenir<\/strong>: Trova souvenir, snack e articoli essenziali di Chimelong alla Xingjiang Happy Galley.<\/li><li><strong>Distributori automatici<\/strong>: Snack, bevande e beni di prima necessit\u00e0 disponibili 24 ore su 24, 7 giorni su 7.<\/li><li><strong>Lavanderia e lavaggio a secco<\/strong>: Sono disponibili opzioni in loco e fuori sede (a pagamento).<\/li><li><strong>Servizio di stiratura<\/strong>: Richiedilo tramite il servizio di pulizia.<\/li><li><strong>Ascensore e piani non fumatori<\/strong>: Per un facile accesso e un ambiente senza fumo.<\/li><li><strong>Sistemi PA e audio<\/strong>: Disponibile per eventi o presentazioni.<\/li><\/ul><div class=\"py-2 my-3\"><hr \/><\/div><h3>\ud83d\udcde <strong>Comunicazione e sicurezza: resta connesso, resta al sicuro<\/strong><\/h3><p>La tua tranquillit\u00e0 \u00e8 importante:<\/p><ul dir=\"auto\"><li><strong>Lingue parlate<\/strong>: Inglese e mandarino alla reception \u2014 strumenti di traduzione disponibili.<\/li><li><strong>CCTV e sicurezza<\/strong>: Aree pubbliche sorvegliate, allarmi antincendio, estintori e allarmi antintrusione garantiscono la sicurezza durante tutto il soggiorno.<\/li><li><strong>Chiamate di sveglia<\/strong>: Non perdere mai la navetta o la colazione: te lo ricorderemo gentilmente.<\/li><li><strong>Prenotazione tour e biglietti<\/strong>: Affidaci la tua prenotazione per i pass per i parchi, i biglietti per gli spettacoli o le visite guidate, risparmiandoti tempo e stress.<\/li><\/ul><div class=\"py-2 my-3\"><hr \/><\/div><h3>\ud83c\udf1f <strong>Perch\u00e9 i nostri servizi si distinguono<\/strong><\/h3><p>Ci\u00f2 che distingue il Chimelong Xiangjiang Hotel non \u00e8 solo la quantit\u00e0 di servizi, ma anche la <strong>qualit\u00e0, coerenza e tocco personale<\/strong> dietro ognuno di loro. Non trattiamo gli ospiti come numeri, li trattiamo come parte della nostra famiglia allargata.<\/p><p>Che tu sia:<\/p><ul dir=\"auto\"><li>Un genitore che fa i salti mortali tra passeggini e richieste di spuntini<\/li><li>Un viaggiatore d&#039;affari che ha bisogno di uno spazio di lavoro tranquillo e di una connessione Wi-Fi veloce<\/li><li>Una coppia festeggia un traguardo importante con una cena privata<\/li><li>Oppure un avventuriero solitario in cerca di comfort e comodit\u00e0...<\/li><\/ul><p>\u2026scoprirai che i nostri servizi sono pensati per rendere il tuo soggiorno non solo confortevole, ma anche davvero magico.<\/p><div class=\"py-2 my-3\"><hr \/><\/div><p><strong>Prenota il tuo soggiorno oggi<\/strong><\/p><p>Scopri la differenza che possono fare servizi attenti e pensati per la famiglia. Prenota la tua camera presso <a href=\"https:\/\/chimelongxiangjianghotel.com\/it\/\" target=\"_blank\" rel=\"nofollow noopener\">Chimelong Xiangjiang Hotel <\/a> e lascia che ci occupiamo dei dettagli, cos\u00ec potrai concentrarti su ci\u00f2 che conta davvero: creare ricordi con le persone che ami.<\/p><p data-spm-anchor-id=\"a2ty_o01.29997173.0.i85.4279c9216pn6la\">\ud83d\udccd <strong>Indirizzo<\/strong>: Sezione n. 609 di Mengyong Road della strada nazionale n. 105, distretto di Panyu, Guangzhou, Guangdong, Cina<br \/>\ud83d\udcde <strong>Telefono<\/strong>: +86-20-84783366<br \/>\ud83c\udf10 <strong>Sito web<\/strong>: <a href=\"https:\/\/chimelongxiangjianghotel.com\/it\/\" target=\"_blank\" rel=\"nofollow noopener\">https:\/\/chimelongxiangjianghotel.com <\/a><\/p>\t\t\t\t\t\t\t\t<\/div>\n\t\t\t\t\t<\/div>\n\t\t\t\t<\/div>\n\t\t\t\t<section class=\"elementor-section elementor-top-section elementor-element elementor-element-7e5522ea elementor-section-stretched elementor-section-boxed elementor-section-gap-beside-yes elementor-section-height-default elementor-section-height-default elementor-section-column-vertical-align-stretch\" data-id=\"7e5522ea\" data-element_type=\"section\" data-e-type=\"section\" data-settings=\"{&quot;background_background&quot;:&quot;classic&quot;,&quot;stretch_section&quot;:&quot;section-stretched&quot;}\">\n\t\t\t\t\t\t<div class=\"elementor-container elementor-column-gap-extended\">\n\t\t\t\t\t<div class=\"elementor-column elementor-col-100 elementor-top-column elementor-element elementor-element-fd12d3b\" data-id=\"fd12d3b\" data-element_type=\"column\" data-e-type=\"column\">\n\t\t\t<div class=\"elementor-widget-wrap elementor-element-populated\">\n\t\t\t\t\t\t<div class=\"elementor-element elementor-element-46a20624 elementor-widget elementor-widget-nuss-heading\" data-id=\"46a20624\" data-element_type=\"widget\" data-e-type=\"widget\" data-widget_type=\"nuss-heading.default\">\n\t\t\t\t<div class=\"elementor-widget-container\">\n\t\t\t\t\t\t\t<div class=\"nuss-modern-heading\">\r\n\t\t\t\t\t\t<div class=\"heading-secondary-wrap\">\r\n\t\t\t\t<h3 class=\"heading-secondary elementor-heading-title\">Controlla disponibile <\/h3>\t\t\t<\/div>\r\n\t\t\r\n\t\t\t\r\n\t\t\t\r\n\t\t\t\t\t<\/div>\r\n\t\t\t\t\t<\/div>\n\t\t\t\t<\/div>\n\t\t\t\t<div class=\"elementor-element elementor-element-7bcc24d2 elementor-widget elementor-widget-text-editor\" data-id=\"7bcc24d2\" data-element_type=\"widget\" data-e-type=\"widget\" data-widget_type=\"text-editor.default\">\n\t\t\t\t\t\t\t\t\t<iframe border=\"0\" src=\"https:\/\/www.trip.com\/partners\/ad\/S5683218?Allianceid=4590391&#038;SID=263693760&#038;trip_sub1=\" style=\"width:1200px;height:200px\" frameborder=\"0\" scrolling=\"no\" id=\"S5683218\"><\/iframe>\t\t\t\t\t\t\t\t<\/div>\n\t\t\t\t\t<\/div>\n\t\t<\/div>\n\t\t\t\t\t<\/div>\n\t\t<\/section>\n\t\t\t\t<\/div>","protected":false},"excerpt":{"rendered":"<p>Chimelong Xiangjiang Hotel Services: Where Seamless Convenience Meets Family-Centric Hospitality Nestled just steps from the roaring lions and playful pandas of Guangzhou Chimelong Safari Park, Chimelong Xiangjiang Hotel doesn\u2019t just offer a place to rest \u2014 it delivers a fully integrated, guest-focused experience designed to make your wildlife adventure effortless, enjoyable, and unforgettable. With over [&hellip;]<\/p>\n","protected":false},"author":1,"featured_media":0,"parent":0,"menu_order":0,"comment_status":"closed","ping_status":"closed","template":"","meta":{"footnotes":""},"class_list":["post-647","page","type-page","status-publish","hentry","post-no-thumbnail"],"_links":{"self":[{"href":"https:\/\/chimelongxiangjianghotel.com\/it\/wp-json\/wp\/v2\/pages\/647","targetHints":{"allow":["GET"]}}],"collection":[{"href":"https:\/\/chimelongxiangjianghotel.com\/it\/wp-json\/wp\/v2\/pages"}],"about":[{"href":"https:\/\/chimelongxiangjianghotel.com\/it\/wp-json\/wp\/v2\/types\/page"}],"author":[{"embeddable":true,"href":"https:\/\/chimelongxiangjianghotel.com\/it\/wp-json\/wp\/v2\/users\/1"}],"replies":[{"embeddable":true,"href":"https:\/\/chimelongxiangjianghotel.com\/it\/wp-json\/wp\/v2\/comments?post=647"}],"version-history":[{"count":0,"href":"https:\/\/chimelongxiangjianghotel.com\/it\/wp-json\/wp\/v2\/pages\/647\/revisions"}],"wp:attachment":[{"href":"https:\/\/chimelongxiangjianghotel.com\/it\/wp-json\/wp\/v2\/media?parent=647"}],"curies":[{"name":"parola chiave","href":"https:\/\/api.w.org\/{rel}","templated":true}]}}