{"id":612,"date":"2021-03-26T10:04:13","date_gmt":"2021-03-26T10:04:13","guid":{"rendered":"http:\/\/localhost\/nuss\/?page_id=612"},"modified":"2025-11-06T05:57:09","modified_gmt":"2025-11-06T05:57:09","slug":"ristorante","status":"publish","type":"page","link":"https:\/\/chimelongxiangjianghotel.com\/it\/restaurant\/","title":{"rendered":"Ristorante"},"content":{"rendered":"<div data-elementor-type=\"wp-page\" data-elementor-id=\"612\" class=\"elementor elementor-612\">\n\t\t\t\t\t\t<section class=\"elementor-section elementor-top-section elementor-element elementor-element-e2effe8 elementor-section-boxed elementor-section-gap-beside-yes elementor-section-height-default elementor-section-height-default elementor-section-column-vertical-align-stretch\" data-id=\"e2effe8\" data-element_type=\"section\" data-e-type=\"section\">\n\t\t\t\t\t\t<div class=\"elementor-container elementor-column-gap-extended\">\n\t\t\t\t\t<div class=\"elementor-column elementor-col-100 elementor-top-column elementor-element elementor-element-e18f688\" data-id=\"e18f688\" data-element_type=\"column\" data-e-type=\"column\">\n\t\t\t<div class=\"elementor-widget-wrap elementor-element-populated\">\n\t\t\t\t\t\t<div class=\"elementor-element elementor-element-6db146d elementor-widget__width-initial elementor-invisible elementor-widget elementor-widget-text-editor\" data-id=\"6db146d\" data-element_type=\"widget\" data-e-type=\"widget\" data-settings=\"{&quot;_animation&quot;:&quot;nussFadeInUp&quot;}\" data-widget_type=\"text-editor.default\">\n\t\t\t\t\t\t\t\t\t<div class=\"svelte-1c06zsf\" data-lang-code=\"\"><p data-spm-anchor-id=\"a2ty_o01.29997173.0.i77.4279c9216pn6la\"><strong>Assapora l&#039;anima di Lingnan: avventure culinarie nei ristoranti in loco del Chimelong Xiangjiang Hotel<\/strong><\/p><\/div>\t\t\t\t\t\t\t\t<\/div>\n\t\t\t\t\t<\/div>\n\t\t<\/div>\n\t\t\t\t\t<\/div>\n\t\t<\/section>\n\t\t<div class=\"elementor-element elementor-element-764955e e-flex e-con-boxed e-con e-parent\" data-id=\"764955e\" data-element_type=\"container\" data-e-type=\"container\">\n\t\t\t\t\t<div class=\"e-con-inner\">\n\t\t<div class=\"elementor-element elementor-element-3a71d84 e-con-full e-flex e-con e-child\" data-id=\"3a71d84\" data-element_type=\"container\" data-e-type=\"container\">\n\t\t\t\t<div class=\"elementor-element elementor-element-81a00fb elementor-widget elementor-widget-text-editor\" data-id=\"81a00fb\" data-element_type=\"widget\" data-e-type=\"widget\" data-widget_type=\"text-editor.default\">\n\t\t\t\t\t\t\t\t\t<p data-spm-anchor-id=\"a2ty_o01.29997173.0.i78.4279c9216pn6la\">Situato accanto ai leoni ruggenti e ai panda giocosi del Guangzhou Chimelong Safari Park, <strong>Chimelong Xiangjiang Hotel<\/strong> Non offre solo un luogo di riposo, ma vi invita a concedervi un viaggio gastronomico che unisce tradizione, innovazione e fascino familiare. Che vi stiate rifocillando per una giornata di meraviglie naturalistiche o rilassandovi dopo un safari indimenticabile, i nostri due ristoranti esclusivi, <strong>Ristorante cinese Xiangjiang<\/strong> E <strong>Ristorante del t\u00e8 Xinglong<\/strong> \u2014 promettono sapori autentici, un&#039;atmosfera vivace e pasti preparati con la stessa cura che caratterizza la nostra ospitalit\u00e0.<\/p><div class=\"my-2\">\u00a0<\/div><p>Situato a <strong>N. 609 Mengyong Road, distretto di Panyu<\/strong>, i nostri spazi di ristorazione sono pi\u00f9 di semplici posti dove mangiare: sono esperienze immersive radicate in <strong>Eredit\u00e0 culinaria di Lingnan<\/strong>, progettato per deliziare sia la gente del posto che i viaggiatori. Con oltre <strong>2.756 recensioni degli ospiti<\/strong> Grazie alla qualit\u00e0 del nostro cibo e del nostro servizio, ci siamo guadagnati la reputazione di una delle destinazioni pi\u00f9 amate per la ristorazione alberghiera di Guangzhou, in particolar modo per le famiglie che cercano pasti deliziosi, convenienti e memorabili senza dover lasciare il resort.<\/p>\t\t\t\t\t\t\t\t<\/div>\n\t\t\t\t<\/div>\n\t\t<div class=\"elementor-element elementor-element-bb76a06 e-con-full e-flex e-con e-child\" data-id=\"bb76a06\" data-element_type=\"container\" data-e-type=\"container\">\n\t\t\t\t<div class=\"elementor-element elementor-element-636ac5f elementor-widget elementor-widget-image\" data-id=\"636ac5f\" data-element_type=\"widget\" data-e-type=\"widget\" data-widget_type=\"image.default\">\n\t\t\t\t\t\t\t\t\t\t\t\t\t\t\t<img fetchpriority=\"high\" decoding=\"async\" width=\"1024\" height=\"674\" src=\"https:\/\/chimelongxiangjianghotel.com\/wp-content\/uploads\/2025\/11\/Chimelong-Xiangjiang-Hotel-117-1024x674.webp\" class=\"attachment-large size-large wp-image-7274\" alt=\"\" srcset=\"https:\/\/chimelongxiangjianghotel.com\/wp-content\/uploads\/2025\/11\/Chimelong-Xiangjiang-Hotel-117-1024x674.webp 1024w, https:\/\/chimelongxiangjianghotel.com\/wp-content\/uploads\/2025\/11\/Chimelong-Xiangjiang-Hotel-117-300x198.webp 300w, https:\/\/chimelongxiangjianghotel.com\/wp-content\/uploads\/2025\/11\/Chimelong-Xiangjiang-Hotel-117-768x506.webp 768w, https:\/\/chimelongxiangjianghotel.com\/wp-content\/uploads\/2025\/11\/Chimelong-Xiangjiang-Hotel-117-18x12.webp 18w, https:\/\/chimelongxiangjianghotel.com\/wp-content\/uploads\/2025\/11\/Chimelong-Xiangjiang-Hotel-117.webp 1280w\" sizes=\"(max-width: 1024px) 100vw, 1024px\" \/>\t\t\t\t\t\t\t\t\t\t\t\t\t\t\t<\/div>\n\t\t\t\t<\/div>\n\t\t\t\t\t<\/div>\n\t\t\t\t<\/div>\n\t\t<div class=\"elementor-element elementor-element-e5626a7 e-flex e-con-boxed e-con e-parent\" data-id=\"e5626a7\" data-element_type=\"container\" data-e-type=\"container\">\n\t\t\t\t\t<div class=\"e-con-inner\">\n\t\t\t\t<div class=\"elementor-element elementor-element-4ac24e6 elementor-widget elementor-widget-nuss-image-gallery\" data-id=\"4ac24e6\" data-element_type=\"widget\" data-e-type=\"widget\" data-widget_type=\"nuss-image-gallery.default\">\n\t\t\t\t<div class=\"elementor-widget-container\">\n\t\t\t\t\t\t\t<div class=\"nuss-grid-wrapper\" data-grid=\"{&quot;type&quot;:&quot;grid&quot;,&quot;ratio&quot;:null,&quot;columns&quot;:3,&quot;gutter&quot;:30}\">\r\n\t\t\t<div class=\"nuss-grid lazy-grid\">\r\n\t\t\t\t<div class=\"grid-sizer\"><\/div>\r\n\r\n\t\t\t\t\t\t\t\t\t\t\t\t<div class=\"grid-item\">\r\n\t\t\t\t\t\t<div class=\"nuss-box\">\t\t<div class=\"nuss-image image\">\r\n\t\t\t<img decoding=\"async\"  src=\"https:\/\/chimelongxiangjianghotel.com\/wp-content\/uploads\/2025\/11\/Chimelong-Xiangjiang-Hotel-96.webp\" alt=\"Hotel Chimelong Xiangjiang (96)\" \/>\t\t<\/div>\r\n\t\t\t\t<\/div>\t\t\t\t\t<\/div>\r\n\t\t\t\t\t\t<div class=\"grid-item\">\r\n\t\t\t\t\t\t<div class=\"nuss-box\">\t\t<div class=\"nuss-image image\">\r\n\t\t\t<img decoding=\"async\"  src=\"https:\/\/chimelongxiangjianghotel.com\/wp-content\/uploads\/2025\/11\/Chimelong-Xiangjiang-Hotel-95.webp\" alt=\"Hotel Chimelong Xiangjiang (95)\" \/>\t\t<\/div>\r\n\t\t\t\t<\/div>\t\t\t\t\t<\/div>\r\n\t\t\t\t\t\t<div class=\"grid-item\">\r\n\t\t\t\t\t\t<div class=\"nuss-box\">\t\t<div class=\"nuss-image image\">\r\n\t\t\t<img decoding=\"async\"  src=\"https:\/\/chimelongxiangjianghotel.com\/wp-content\/uploads\/2025\/11\/Chimelong-Xiangjiang-Hotel-91.webp\" alt=\"Hotel Chimelong Xiangjiang (91)\" \/>\t\t<\/div>\r\n\t\t\t\t<\/div>\t\t\t\t\t<\/div>\r\n\t\t\t\t\t\t<div class=\"grid-item\">\r\n\t\t\t\t\t\t<div class=\"nuss-box\">\t\t<div class=\"nuss-image image\">\r\n\t\t\t<img decoding=\"async\"  src=\"https:\/\/chimelongxiangjianghotel.com\/wp-content\/uploads\/2025\/11\/Chimelong-Xiangjiang-Hotel-90.webp\" alt=\"Hotel Chimelong Xiangjiang (90)\" \/>\t\t<\/div>\r\n\t\t\t\t<\/div>\t\t\t\t\t<\/div>\r\n\t\t\t\t\t\t<div class=\"grid-item\">\r\n\t\t\t\t\t\t<div class=\"nuss-box\">\t\t<div class=\"nuss-image image\">\r\n\t\t\t<img decoding=\"async\"  src=\"https:\/\/chimelongxiangjianghotel.com\/wp-content\/uploads\/2025\/11\/Chimelong-Xiangjiang-Hotel-89.webp\" alt=\"Hotel Chimelong Xiangjiang (89)\" \/>\t\t<\/div>\r\n\t\t\t\t<\/div>\t\t\t\t\t<\/div>\r\n\t\t\t\t\t\t<div class=\"grid-item\">\r\n\t\t\t\t\t\t<div class=\"nuss-box\">\t\t<div class=\"nuss-image image\">\r\n\t\t\t<img decoding=\"async\"  src=\"https:\/\/chimelongxiangjianghotel.com\/wp-content\/uploads\/2025\/11\/Chimelong-Xiangjiang-Hotel-85.webp\" alt=\"Hotel Chimelong Xiangjiang (85)\" \/>\t\t<\/div>\r\n\t\t\t\t<\/div>\t\t\t\t\t<\/div>\r\n\t\t\t\t\t\t<div class=\"grid-item\">\r\n\t\t\t\t\t\t<div class=\"nuss-box\">\t\t<div class=\"nuss-image image\">\r\n\t\t\t<img decoding=\"async\"  src=\"https:\/\/chimelongxiangjianghotel.com\/wp-content\/uploads\/2025\/11\/Chimelong-Xiangjiang-Hotel-84.webp\" alt=\"Hotel Chimelong Xiangjiang (84)\" \/>\t\t<\/div>\r\n\t\t\t\t<\/div>\t\t\t\t\t<\/div>\r\n\t\t\t\t\t\t<div class=\"grid-item\">\r\n\t\t\t\t\t\t<div class=\"nuss-box\">\t\t<div class=\"nuss-image image\">\r\n\t\t\t<img decoding=\"async\"  src=\"https:\/\/chimelongxiangjianghotel.com\/wp-content\/uploads\/2025\/11\/Chimelong-Xiangjiang-Hotel-83.webp\" alt=\"Hotel Chimelong Xiangjiang (83)\" \/>\t\t<\/div>\r\n\t\t\t\t<\/div>\t\t\t\t\t<\/div>\r\n\t\t\t\t\t\t<div class=\"grid-item\">\r\n\t\t\t\t\t\t<div class=\"nuss-box\">\t\t<div class=\"nuss-image image\">\r\n\t\t\t<img decoding=\"async\"  src=\"https:\/\/chimelongxiangjianghotel.com\/wp-content\/uploads\/2025\/11\/Chimelong-Xiangjiang-Hotel-81.webp\" alt=\"Hotel Chimelong Xiangjiang (81)\" \/>\t\t<\/div>\r\n\t\t\t\t<\/div>\t\t\t\t\t<\/div>\r\n\t\t\t\t\t\t<div class=\"grid-item\">\r\n\t\t\t\t\t\t<div class=\"nuss-box\">\t\t<div class=\"nuss-image image\">\r\n\t\t\t<img decoding=\"async\"  src=\"https:\/\/chimelongxiangjianghotel.com\/wp-content\/uploads\/2025\/11\/Chimelong-Xiangjiang-Hotel-80.webp\" alt=\"Hotel Chimelong Xiangjiang (80)\" \/>\t\t<\/div>\r\n\t\t\t\t<\/div>\t\t\t\t\t<\/div>\r\n\t\t\t\t\t\t<div class=\"grid-item\">\r\n\t\t\t\t\t\t<div class=\"nuss-box\">\t\t<div class=\"nuss-image image\">\r\n\t\t\t<img decoding=\"async\"  src=\"https:\/\/chimelongxiangjianghotel.com\/wp-content\/uploads\/2025\/11\/Chimelong-Xiangjiang-Hotel-79.webp\" alt=\"Hotel Chimelong Xiangjiang (79)\" \/>\t\t<\/div>\r\n\t\t\t\t<\/div>\t\t\t\t\t<\/div>\r\n\t\t\t\t\t\t<div class=\"grid-item\">\r\n\t\t\t\t\t\t<div class=\"nuss-box\">\t\t<div class=\"nuss-image image\">\r\n\t\t\t<img decoding=\"async\"  src=\"https:\/\/chimelongxiangjianghotel.com\/wp-content\/uploads\/2025\/11\/Chimelong-Xiangjiang-Hotel-75.webp\" alt=\"Hotel Chimelong Xiangjiang (75)\" \/>\t\t<\/div>\r\n\t\t\t\t<\/div>\t\t\t\t\t<\/div>\r\n\t\t\t\t\t\t<div class=\"grid-item\">\r\n\t\t\t\t\t\t<div class=\"nuss-box\">\t\t<div class=\"nuss-image image\">\r\n\t\t\t<img decoding=\"async\"  src=\"https:\/\/chimelongxiangjianghotel.com\/wp-content\/uploads\/2025\/11\/Chimelong-Xiangjiang-Hotel-70.webp\" alt=\"Hotel Chimelong Xiangjiang (70)\" \/>\t\t<\/div>\r\n\t\t\t\t<\/div>\t\t\t\t\t<\/div>\r\n\t\t\t\t\t\t<div class=\"grid-item\">\r\n\t\t\t\t\t\t<div class=\"nuss-box\">\t\t<div class=\"nuss-image image\">\r\n\t\t\t<img decoding=\"async\"  src=\"https:\/\/chimelongxiangjianghotel.com\/wp-content\/uploads\/2025\/11\/Chimelong-Xiangjiang-Hotel-62.webp\" alt=\"Hotel Chimelong Xiangjiang (62)\" \/>\t\t<\/div>\r\n\t\t\t\t<\/div>\t\t\t\t\t<\/div>\r\n\t\t\t\t\t\t<div class=\"grid-item\">\r\n\t\t\t\t\t\t<div class=\"nuss-box\">\t\t<div class=\"nuss-image image\">\r\n\t\t\t<img decoding=\"async\"  src=\"https:\/\/chimelongxiangjianghotel.com\/wp-content\/uploads\/2025\/11\/Chimelong-Xiangjiang-Hotel-61.webp\" alt=\"Hotel Chimelong Xiangjiang (61)\" \/>\t\t<\/div>\r\n\t\t\t\t<\/div>\t\t\t\t\t<\/div>\r\n\t\t\t\t\t\t<div class=\"grid-item\">\r\n\t\t\t\t\t\t<div class=\"nuss-box\">\t\t<div class=\"nuss-image image\">\r\n\t\t\t<img decoding=\"async\"  src=\"https:\/\/chimelongxiangjianghotel.com\/wp-content\/uploads\/2025\/11\/Chimelong-Xiangjiang-Hotel-77.webp\" alt=\"Hotel Chimelong Xiangjiang (77)\" \/>\t\t<\/div>\r\n\t\t\t\t<\/div>\t\t\t\t\t<\/div>\r\n\t\t\t\t\t\t<div class=\"grid-item\">\r\n\t\t\t\t\t\t<div class=\"nuss-box\">\t\t<div class=\"nuss-image image\">\r\n\t\t\t<img decoding=\"async\"  src=\"https:\/\/chimelongxiangjianghotel.com\/wp-content\/uploads\/2025\/11\/Chimelong-Xiangjiang-Hotel-87.webp\" alt=\"Hotel Chimelong Xiangjiang (87)\" \/>\t\t<\/div>\r\n\t\t\t\t<\/div>\t\t\t\t\t<\/div>\r\n\t\t\t\t\t\t<div class=\"grid-item\">\r\n\t\t\t\t\t\t<div class=\"nuss-box\">\t\t<div class=\"nuss-image image\">\r\n\t\t\t<img decoding=\"async\"  src=\"https:\/\/chimelongxiangjianghotel.com\/wp-content\/uploads\/2025\/11\/Chimelong-Xiangjiang-Hotel-86.webp\" alt=\"Hotel Chimelong Xiangjiang (86)\" \/>\t\t<\/div>\r\n\t\t\t\t<\/div>\t\t\t\t\t<\/div>\r\n\t\t\t\t\t\t\t\r\n\t\t\t<\/div>\r\n\t\t<\/div>\r\n\t\t\t\t\t\t<\/div>\n\t\t\t\t<\/div>\n\t\t\t\t\t<\/div>\n\t\t\t\t<\/div>\n\t\t<div class=\"elementor-element elementor-element-d05381b e-flex e-con-boxed e-con e-parent\" data-id=\"d05381b\" data-element_type=\"container\" data-e-type=\"container\">\n\t\t\t\t\t<div class=\"e-con-inner\">\n\t\t\t\t<div class=\"elementor-element elementor-element-53bd849 elementor-widget elementor-widget-text-editor\" data-id=\"53bd849\" data-element_type=\"widget\" data-e-type=\"widget\" data-widget_type=\"text-editor.default\">\n\t\t\t\t\t\t\t\t\t<h3 data-spm-anchor-id=\"a2ty_o01.29997173.0.i79.4279c9216pn6la\">\ud83c\udf5c <strong>Ristorante cinese Xiangjiang: dove la tradizione incontra l&#039;eleganza senza tempo<\/strong><\/h3><p>Entrare <strong>Ristorante cinese Xiangjiang<\/strong>, dove lo spirito del 1989 rivive, non come una reliquia, ma come una raffinata eredit\u00e0. Originariamente parte del famoso ristorante Xiangjiang (aperto prima dell&#039;hotel stesso), questo spazio si \u00e8 evoluto in un rifugio sofisticato per gli amanti dell&#039;autentica cucina cantonese.<\/p><p><strong>Design e atmosfera:<\/strong><br \/>Il ristorante incarna la classica estetica Lingnan: tavoli in legno lucido, eleganti lampadari e finestre in stile manciuriano che incorniciano la vista sulla vivace hall. Il layout include:<\/p><ul dir=\"auto\"><li>Uno spazioso <strong>sala da pranzo nella hall<\/strong> perfetto per pasti informali<\/li><li>Cinque <strong>camere private speciali<\/strong> che possono essere combinati in un&#039;unica grande sala con posti a sedere fino a <strong>160 ospiti<\/strong> \u2014 ideale per riunioni di famiglia, cene di lavoro o riunioni celebrative<\/li><\/ul><p><strong>Punti forti della cucina:<\/strong><br \/>I nostri chef preparano con maestria piatti tradizionali utilizzando ingredienti freschi e di provenienza locale. Gli ospiti ne sono entusiasti:<\/p><ul dir=\"auto\"><li>Pesce al vapore con zenzero e cipollotto<\/li><li>Riso in pentola di terracotta con carni conservate<\/li><li>Piatti dim sum con har gow, siu mai e panini alla crema pasticcera<\/li><li>Pancetta di maiale brasata e verdure saltate in padella<\/li><\/ul><blockquote><p><em>\u201c&quot;Non mi aspettavo davvero che il ristorante fosse cos\u00ec straordinario... abbiamo finito per mangiare tutti i pasti in hotel per tutti e tre i giorni.&quot;\u201d<\/em><br \/>\u2014 Zhaoqipo, settembre 2025<\/p><\/blockquote><p><strong>Vantaggi per gli ospiti:<\/strong><\/p><ul dir=\"auto\"><li><strong>Sistema di carte da pranzo<\/strong>: Ricarica una piccola quantit\u00e0 e usala fino all&#039;esaurimento, senza regole complicate o saldi residui.<\/li><li><strong>Preferito locale<\/strong>: Frequentato dagli anziani del posto al mattino, \u00e8 un vero segno di autenticit\u00e0.<\/li><li><strong>Opzione colazione<\/strong>: Servito tutti i giorni dalle 07:30 alle 14:30 e dalle 17:00 alle 21:30.<\/li><\/ul><div class=\"py-2 my-3\"><hr \/><\/div><h3>\ud83c\udf5c <strong>Ristorante da t\u00e8 Xinglong: sapori fusion e divertimento per tutta la famiglia<\/strong><\/h3><p>Per chi desidera variet\u00e0, velocit\u00e0 o un tocco di stile di Hong Kong, <strong>Ristorante del t\u00e8 Xinglong<\/strong> si distingue per il suo vivace concetto di cucina aperta, incentrato sul tema <strong>\u201cOtto attrazioni di Yangcheng\u201d<\/strong> \u2014 un omaggio ai monumenti storici di Guangzhou.<\/p><p><strong>Design e atmosfera:<\/strong><br \/>Luminoso, energico e accogliente, questo ristorante offre:<\/p><ul dir=\"auto\"><li>Sopra <strong>160 tavoli da pranzo al coperto<\/strong><\/li><li>UN <strong>area salotto all&#039;aperto<\/strong> per il divertimento all&#039;aperto<\/li><li>UN <strong>cucina aperta<\/strong> dove gli ospiti possono guardare gli chef preparare i loro piatti preferiti in tempo reale<\/li><li>Decorazioni a tema che danno vita alle icone culturali della citt\u00e0<\/li><\/ul><p><strong>Punti forti della cucina:<\/strong><br \/>Qui, l&#039;Oriente incontra l&#039;Occidente in una deliziosa armonia. Scegli tra:<\/p><ul dir=\"auto\"><li><strong>Piatti fusion in stile Hong Kong<\/strong>: Pensate a crostate all&#039;uovo, t\u00e8 al latte, noodles all&#039;anatra arrosto e hamburger in stile occidentale insieme ai classici cinesi<\/li><li><strong>Opzioni a buffet e alla carta<\/strong>: Perfetto per i palati schizzinosi o avventurosi<\/li><li><strong>Preferiti per bambini<\/strong>: Maccheroni al formaggio, bocconcini di pollo, pancake e bibite analcoliche disponibili su richiesta<\/li><\/ul><p><strong>Perfetto per:<\/strong><\/p><ul dir=\"auto\"><li>Colazioni veloci prima di andare al parco<\/li><li>Pranzi informali durante le pause di mezzogiorno<\/li><li>Cena con vista sulla vivace hall dell&#039;hotel<\/li><\/ul><blockquote><p><em>\u201cIl buffet della colazione \u00e8 rinomato per la sua variet\u00e0 e qualit\u00e0, spesso offerto come upgrade gratuito.\u201d<\/em><br \/>\u2014 Riepilogo della recensione di AI, Trip.com<\/p><\/blockquote><div class=\"py-2 my-3\"><hr \/><\/div><h3>\ud83d\udc68\u200d\ud83d\udc69\u200d\ud83d\udc67\u200d\ud83d\udc66 <strong>Cenare in famiglia \u00e8 facile<\/strong><\/h3><p>Al Chimelong Xiangjiang Hotel sappiamo che nutrire una famiglia non dovrebbe essere stressante, ed \u00e8 per questo che entrambi i ristoranti fanno di tutto per soddisfare le esigenze dei pi\u00f9 piccoli:<\/p><ul dir=\"auto\"><li><strong>Men\u00f9 per bambini<\/strong>: Piatti specializzati pensati per i gusti dei pi\u00f9 giovani<\/li><li><strong>Seggioloni e passeggini<\/strong>: Disponibile su richiesta<\/li><li><strong>Snack e bevande per bambini<\/strong>: Offerto nell&#039;adiacente <strong>Il paese delle meraviglie per bambini<\/strong> zona giochi<\/li><li><strong>Dolcetti a tema<\/strong>: Souvenir e caramelle esclusivi di Chimelong venduti presso <strong>Xingjiang Happy Galley<\/strong> negozio di souvenir nelle vicinanze<\/li><\/ul><p>I genitori possono rilassarsi sapendo che i loro bambini si divertono mentre gustano un pasto tranquillo, che si tratti di una fumante ciotola di congee o di un piatto di croccante riso fritto.<\/p><div class=\"py-2 my-3\"><hr \/><\/div><h3>\ud83d\udccd <strong>Comodit\u00e0 che migliora il tuo soggiorno<\/strong><\/h3><p>Perch\u00e9 lasciare l&#039;hotel quando tutto ci\u00f2 di cui hai bisogno \u00e8 proprio qui?<\/p><ul dir=\"auto\"><li><strong>Accesso navetta gratuito<\/strong>: A pochi passi dalla tua camera si trova il ristorante: non dovrai pi\u00f9 affrontare il traffico o la folla.<\/li><li><strong>Upgrade gratuiti per la colazione<\/strong>: Spesso incluso in base al pacchetto o alla prenotazione: chiedi al momento del check-in!<\/li><li><strong>Servizi di consegna supportati<\/strong>: Hai bisogno di uno spuntino a tarda notte? Il nostro concierge ti aiuter\u00e0 a organizzare la consegna del cibo se preferisci cenare in camera.<\/li><li><strong>Personale multilingue<\/strong>: I camerieri che parlano inglese e mandarino garantiscono un servizio impeccabile per gli ospiti internazionali.<\/li><\/ul><div class=\"py-2 my-3\"><hr \/><\/div><h3>\ud83d\udcac <strong>Cosa dicono gli ospiti<\/strong><\/h3><p>Le recensioni vere parlano chiaro:<\/p><blockquote><p><em>\u201c&quot;Non c&#039;era un granello di polvere sui tavoli o sui davanzali... Il cibo era assolutamente delizioso! Inizialmente temevo che mangiare sarebbe stato scomodo data la distanza dal centro citt\u00e0, ma alla fine abbiamo mangiato tutti i pasti in hotel per tutti e tre i giorni.&quot;\u201d<\/em><br \/>\u2014 _WeChat252974****, settembre 2025<\/p><\/blockquote><blockquote><p><em>\u201c&quot;Camera pulita, bagno enorme, personale cordiale. Abbiamo avuto problemi a ordinare la consegna a domicilio, ma alla fine siamo riusciti a risolvere il problema con l&#039;aiuto del signore alla reception.&quot;\u201d<\/em><br \/>\u2014 jjtan07, ottobre 2025<\/p><\/blockquote><blockquote><p><em>\u201cLo scontro tra cibo di tendenza e cibo tradizionale scatena nuove scintille.\u201d<\/em><br \/>\u2014 Descrizione ufficiale dell&#039;hotel<\/p><\/blockquote><div class=\"py-2 my-3\"><hr \/><\/div><h3>\ud83c\udf7d\ufe0f <strong>Pianifica il tuo pasto oggi<\/strong><\/h3><p>Che tu voglia festeggiare un compleanno, organizzare un pranzo di lavoro o semplicemente concederti un regalo dopo un&#039;emozionante giornata al Chimelong Safari Park, i nostri ristoranti offrono qualcosa per tutti i gusti: dalle prelibatezze cantonesi degne della guida Michelin ai confortanti stuzzichini fusion di Hong Kong.<\/p><p>Prenota il tuo tavolo, una sala privata o entra direttamente: ti accoglieremo come se fossimo in famiglia.<\/p><p>\ud83d\udccd <strong>Posizione<\/strong>: Chimelong Xiangjiang Hotel, No. 609 Mengyong Road, distretto di Panyu, Guangzhou<br \/>\ud83d\udcde <strong>Telefono<\/strong>: +86-20-84783366<br \/>\ud83c\udf10 <strong>Sito web<\/strong>: <a href=\"https:\/\/chimelongxiangjianghotel.com\/it\/\" target=\"_blank\" rel=\"nofollow noopener\">https:\/\/chimelongxiangjianghotel.com <\/a><\/p>\t\t\t\t\t\t\t\t<\/div>\n\t\t\t\t\t<\/div>\n\t\t\t\t<\/div>\n\t\t\t\t<section class=\"elementor-section elementor-top-section elementor-element elementor-element-5fe1599e elementor-section-stretched elementor-section-boxed elementor-section-gap-beside-yes elementor-section-height-default elementor-section-height-default elementor-section-column-vertical-align-stretch\" data-id=\"5fe1599e\" data-element_type=\"section\" data-e-type=\"section\" data-settings=\"{&quot;background_background&quot;:&quot;classic&quot;,&quot;stretch_section&quot;:&quot;section-stretched&quot;}\">\n\t\t\t\t\t\t<div class=\"elementor-container elementor-column-gap-extended\">\n\t\t\t\t\t<div class=\"elementor-column elementor-col-100 elementor-top-column elementor-element elementor-element-423259a0\" data-id=\"423259a0\" data-element_type=\"column\" data-e-type=\"column\">\n\t\t\t<div class=\"elementor-widget-wrap elementor-element-populated\">\n\t\t\t\t\t\t<div class=\"elementor-element elementor-element-4a9881a0 elementor-widget elementor-widget-nuss-heading\" data-id=\"4a9881a0\" data-element_type=\"widget\" data-e-type=\"widget\" data-widget_type=\"nuss-heading.default\">\n\t\t\t\t<div class=\"elementor-widget-container\">\n\t\t\t\t\t\t\t<div class=\"nuss-modern-heading\">\r\n\t\t\t\t\t\t<div class=\"heading-secondary-wrap\">\r\n\t\t\t\t<h3 class=\"heading-secondary elementor-heading-title\">Controlla disponibile <\/h3>\t\t\t<\/div>\r\n\t\t\r\n\t\t\t\r\n\t\t\t\r\n\t\t\t\t\t<\/div>\r\n\t\t\t\t\t<\/div>\n\t\t\t\t<\/div>\n\t\t\t\t<div class=\"elementor-element elementor-element-337c6f8f elementor-widget elementor-widget-text-editor\" data-id=\"337c6f8f\" data-element_type=\"widget\" data-e-type=\"widget\" data-widget_type=\"text-editor.default\">\n\t\t\t\t\t\t\t\t\t<iframe border=\"0\" src=\"https:\/\/www.trip.com\/partners\/ad\/S6319350?Allianceid=7116208&#038;SID=271828250&#038;trip_sub1=\" style=\"width:1200px;height:200px\" frameborder=\"0\" scrolling=\"no\" id=\"S6319350\"><\/iframe>\t\t\t\t\t\t\t\t<\/div>\n\t\t\t\t\t<\/div>\n\t\t<\/div>\n\t\t\t\t\t<\/div>\n\t\t<\/section>\n\t\t\t\t<\/div>","protected":false},"excerpt":{"rendered":"<p>Savor the Soul of Lingnan: Culinary Adventures at Chimelong Xiangjiang Hotel\u2019s On-Site Restaurants Nestled beside the roaring lions and playful pandas of Guangzhou Chimelong Safari Park, Chimelong Xiangjiang Hotel doesn\u2019t just offer a place to rest \u2014 it invites you to indulge in a gastronomic journey that blends heritage, innovation, and family-friendly charm. Whether you\u2019re [&hellip;]<\/p>\n","protected":false},"author":1,"featured_media":0,"parent":0,"menu_order":0,"comment_status":"closed","ping_status":"closed","template":"","meta":{"footnotes":""},"class_list":["post-612","page","type-page","status-publish","hentry","post-no-thumbnail"],"_links":{"self":[{"href":"https:\/\/chimelongxiangjianghotel.com\/it\/wp-json\/wp\/v2\/pages\/612","targetHints":{"allow":["GET"]}}],"collection":[{"href":"https:\/\/chimelongxiangjianghotel.com\/it\/wp-json\/wp\/v2\/pages"}],"about":[{"href":"https:\/\/chimelongxiangjianghotel.com\/it\/wp-json\/wp\/v2\/types\/page"}],"author":[{"embeddable":true,"href":"https:\/\/chimelongxiangjianghotel.com\/it\/wp-json\/wp\/v2\/users\/1"}],"replies":[{"embeddable":true,"href":"https:\/\/chimelongxiangjianghotel.com\/it\/wp-json\/wp\/v2\/comments?post=612"}],"version-history":[{"count":0,"href":"https:\/\/chimelongxiangjianghotel.com\/it\/wp-json\/wp\/v2\/pages\/612\/revisions"}],"wp:attachment":[{"href":"https:\/\/chimelongxiangjianghotel.com\/it\/wp-json\/wp\/v2\/media?parent=612"}],"curies":[{"name":"parola chiave","href":"https:\/\/api.w.org\/{rel}","templated":true}]}}