{"id":647,"date":"2021-03-29T02:13:52","date_gmt":"2021-03-29T02:13:52","guid":{"rendered":"http:\/\/localhost\/nuss\/?page_id=647"},"modified":"2025-11-06T06:01:57","modified_gmt":"2025-11-06T06:01:57","slug":"services","status":"publish","type":"page","link":"https:\/\/chimelongxiangjianghotel.com\/fr\/services\/","title":{"rendered":"Services"},"content":{"rendered":"<div data-elementor-type=\"wp-page\" data-elementor-id=\"647\" class=\"elementor elementor-647\">\n\t\t\t\t\t\t<section class=\"elementor-section elementor-top-section elementor-element elementor-element-3353bc8 elementor-section-boxed elementor-section-gap-beside-yes elementor-section-height-default elementor-section-height-default elementor-section-column-vertical-align-stretch\" data-id=\"3353bc8\" data-element_type=\"section\" data-e-type=\"section\">\n\t\t\t\t\t\t<div class=\"elementor-container elementor-column-gap-extended\">\n\t\t\t\t\t<div class=\"elementor-column elementor-col-100 elementor-top-column elementor-element elementor-element-0a2bc64\" data-id=\"0a2bc64\" data-element_type=\"column\" data-e-type=\"column\">\n\t\t\t<div class=\"elementor-widget-wrap elementor-element-populated\">\n\t\t\t\t\t\t<div class=\"elementor-element elementor-element-447e3ef elementor-widget__width-initial elementor-invisible elementor-widget elementor-widget-text-editor\" data-id=\"447e3ef\" data-element_type=\"widget\" data-e-type=\"widget\" data-settings=\"{&quot;_animation&quot;:&quot;nussFadeInUp&quot;}\" data-widget_type=\"text-editor.default\">\n\t\t\t\t\t\t\t\t\t<div class=\"svelte-1c06zsf\" data-lang-code=\"\"><p><strong data-spm-anchor-id=\"a2ty_o01.29997173.0.i83.4279c9216pn6la\">Services h\u00f4teliers Chimelong Xiangjiang\u00a0: Quand confort optimal et hospitalit\u00e9 familiale se conjuguent<\/strong><\/p><\/div>\t\t\t\t\t\t\t\t<\/div>\n\t\t\t\t\t<\/div>\n\t\t<\/div>\n\t\t\t\t\t<\/div>\n\t\t<\/section>\n\t\t<div class=\"elementor-element elementor-element-76953f7 e-flex e-con-boxed e-con e-parent\" data-id=\"76953f7\" data-element_type=\"container\" data-e-type=\"container\">\n\t\t\t\t\t<div class=\"e-con-inner\">\n\t\t\t\t<div class=\"elementor-element elementor-element-2f32cd6 elementor-widget elementor-widget-text-editor\" data-id=\"2f32cd6\" data-element_type=\"widget\" data-e-type=\"widget\" data-widget_type=\"text-editor.default\">\n\t\t\t\t\t\t\t\t\t<p data-spm-anchor-id=\"a2ty_o01.29997173.0.i84.4279c9216pn6la\">Situ\u00e9 \u00e0 quelques pas seulement des lions rugissants et des pandas joueurs du parc safari de Guangzhou Chimelong, <strong>H\u00f4tel Chimelong Xiangjiang<\/strong> ne se contente pas d&#039;offrir un lieu de repos\u00a0; propose une exp\u00e9rience enti\u00e8rement int\u00e9gr\u00e9e et ax\u00e9e sur le client, con\u00e7ue pour rendre votre aventure animali\u00e8re facile, agr\u00e9able et inoubliable. Avec plus de <strong>2\u00a0756 avis v\u00e9rifi\u00e9s<\/strong> et une \u00e9toile <strong>Note globale de 9,4\/10<\/strong>, Cet h\u00f4tel 4 \u00e9toiles a acquis sa r\u00e9putation non seulement gr\u00e2ce \u00e0 son emplacement privil\u00e9gi\u00e9 et \u00e0 ses chambres \u00e0 th\u00e8me, mais aussi gr\u00e2ce \u00e0 son ambiance chaleureuse et conviviale. <strong>des services exceptionnels et soigneusement s\u00e9lectionn\u00e9s<\/strong> qui s&#039;adressent aussi bien aux familles qu&#039;aux voyageurs d&#039;affaires et aux touristes.<\/p><p>D\u00e8s votre arriv\u00e9e jusqu&#039;\u00e0 votre d\u00e9part, chaque d\u00e9tail est pris en charge avec soin, car \u00e0 l&#039;h\u00f4tel Chimelong Xiangjiang, nous pensons que la v\u00e9ritable hospitalit\u00e9 consiste \u00e0 anticiper vos besoins avant m\u00eame que vous ne les exprimiez.<\/p><div class=\"py-2 my-3\"><hr \/><\/div><h3>\ud83d\udece\ufe0f <strong>R\u00e9ception et services aux clients\u00a0: Assistance 24h\/24 et 7j\/7, \u00e0 tout moment, o\u00f9 que vous soyez<\/strong><\/h3><p>Notre <strong>R\u00e9ception ouverte 24h\/24<\/strong> est compos\u00e9e de professionnels multilingues ma\u00eetrisant parfaitement le <strong>Anglais et mandarin<\/strong>, Nous sommes pr\u00eats \u00e0 vous aider pour tout, des arriv\u00e9es anticip\u00e9es aux r\u00e9servations de billets de derni\u00e8re minute pour le parc. Que vous arriviez \u00e0 minuit ou ayez besoin d&#039;aide pour r\u00e9server un taxi \u00e0 l&#039;aube, notre \u00e9quipe est toujours disponible et toujours souriante.<\/p><p>Nos clients ne cessent de faire l&#039;\u00e9loge de notre personnel pour sa chaleur humaine et sa volont\u00e9 de se surpasser\u00a0:<\/p><blockquote><p><em>\u201c Le service est r\u00e9guli\u00e8rement salu\u00e9 pour sa convivialit\u00e9 et sa disponibilit\u00e9, le personnel se mettant souvent en quatre pour surclasser les chambres ou permettre les arriv\u00e9es anticip\u00e9es. \u201d<\/em><br \/>\u2014 R\u00e9sum\u00e9 de l&#039;avis sur l&#039;IA, Trip.com<\/p><\/blockquote><p>Nous proposons \u00e9galement\u00a0:<\/p><ul dir=\"auto\"><li><strong>Service d&#039;enregistrement VIP<\/strong>\u00c9vitez la file d&#039;attente et b\u00e9n\u00e9ficiez d&#039;un acc\u00e8s prioritaire.<\/li><li><strong>Enregistrement et d\u00e9part express<\/strong>: Id\u00e9al pour les familles occup\u00e9es ou les voyageurs d&#039;affaires au planning serr\u00e9.<\/li><li><strong>Consigne \u00e0 bagages<\/strong>Vous pouvez laisser vos bagages en consigne avant l&#039;enregistrement ou apr\u00e8s le d\u00e9part \u2013 c&#039;est gratuit.<\/li><li><strong>Outils de traduction<\/strong>Disponible \u00e0 la r\u00e9ception pour faciliter la communication.<\/li><li><strong>Service de conciergerie<\/strong>Besoin d&#039;aide pour commander un repas ? R\u00e9server des billets ? Trouver le meilleur horaire de navette ? Notre concierge est l\u00e0 pour vous.<\/li><li><strong>Coffre-fort \u00e0 la r\u00e9ception<\/strong>: Un espace de rangement s\u00e9curis\u00e9 pour vos objets de valeur durant votre journ\u00e9e d&#039;aventure.<\/li><li><strong>Service de bagagiste<\/strong>Laissez-nous porter vos bagages jusqu&#039;\u00e0 votre chambre \u2014 particuli\u00e8rement pratique avec des enfants et des poussettes.<\/li><\/ul><div class=\"py-2 my-3\"><hr \/><\/div><h3>\ud83d\ude97 <strong>Transports et accessibilit\u00e9\u00a0: votre porte d\u2019entr\u00e9e vers les merveilles de Chimelong<\/strong><\/h3><p>L&#039;emplacement est primordial, et l&#039;h\u00f4tel Chimelong Xiangjiang est id\u00e9alement situ\u00e9 au c\u0153ur de l&#039;animation. Mais ce n&#039;est pas tout. Nous avons con\u00e7u tout un r\u00e9seau de transports pour votre plus grand confort\u00a0:<\/p><ul dir=\"auto\"><li><strong>Navettes gratuites vers les attractions de Chimelong<\/strong>\u00c0 quelques minutes seulement de l&#039;entr\u00e9e de l&#039;h\u00f4tel, nos navettes gratuites vous emm\u00e8nent jusqu&#039;\u00e0 <strong>Chimelong Safari Park, Happy World, Grandview Aquarium, et bien plus encore<\/strong> \u2014 Pas de stress, pas de navigation, pas de tracas.<\/li><li><strong>Service de r\u00e9servation de taxis<\/strong>Besoin d&#039;un transport pour la gare de Guangzhou Sud (\u00e0 seulement 15 minutes) ou le centre-ville\u00a0? Nous nous en chargeons.<\/li><li><strong>Parking public<\/strong>Un parking gratuit est disponible sur place pour tous les clients \u2013 aucune r\u00e9servation n&#039;est n\u00e9cessaire.<\/li><li><strong>Acc\u00e8s au m\u00e9tro<\/strong>La station Dashi (ligne 3) se trouve \u00e0 seulement 1,8 km, facilitant ainsi les transports en commun pour ceux qui pr\u00e9f\u00e8rent explorer les environs du complexe h\u00f4telier.<\/li><li><strong>Transferts a\u00e9roportuaires<\/strong>Bien que nous n&#039;offrions pas de navettes a\u00e9roport directes, notre personnel peut organiser des transferts priv\u00e9s ou vous guider vers l&#039;a\u00e9roport le plus proche : l&#039;a\u00e9roport de Foshan Shadi (31,8 km) ou l&#039;a\u00e9roport international de Guangzhou Baiyun (51,6 km).<\/li><\/ul><div class=\"py-2 my-3\"><hr \/><\/div><h3>\ud83c\udf7d\ufe0f <strong>Services de restauration et assistance culinaire : des festins gastronomiques aux en-cas rapides<\/strong><\/h3><p>Nos deux restaurants sur place \u2014 <strong>Restaurant chinois Xiangjiang<\/strong> et <strong>Restaurant de th\u00e9 Xinglong<\/strong> \u2014 sont bien plus que de simples restaurants\u00a0; ils font partie int\u00e9grante de l\u2019exp\u00e9rience client. Les clients sont unanimes\u00a0: la qualit\u00e9, la vari\u00e9t\u00e9 et l\u2019accueil chaleureux r\u00e9serv\u00e9 aux familles sont au rendez-vous.<\/p><ul dir=\"auto\"><li><strong>Options de petit-d\u00e9jeuner<\/strong>Menus \u00e0 prix fixe de style occidental ou chinois servis tous les jours (de 7 h \u00e0 10 h). Gratuit pour les enfants de moins d&#039;un m\u00e8tre\u00a0; 38\u00a0CNY pour les enfants de 1 \u00e0 1,5\u00a0m\u00a0; 68\u00a0CNY pour les adultes.<\/li><li><strong>Service de chambre<\/strong>Savourez vos repas dans le confort de votre chambre \u00e0 th\u00e8me \u2014 id\u00e9al apr\u00e8s une longue journ\u00e9e au parc.<\/li><li><strong>Syst\u00e8me de carte de restauration<\/strong>Rechargez un petit montant et utilisez-le jusqu&#039;\u00e0 \u00e9puisement \u2014 pas de r\u00e8gles compliqu\u00e9es ni de solde restant.<\/li><li><strong>Services de restauration<\/strong>Id\u00e9al pour les groupes, les \u00e9v\u00e9nements ou les d\u00eeners priv\u00e9s \u2014 disponible sur demande.<\/li><li><strong>Aide \u00e0 la livraison de nourriture<\/strong>Vous avez des difficult\u00e9s \u00e0 commander ? Notre concierge vous aidera \u00e0 utiliser les applications locales ou \u00e0 appeler votre restaurant pr\u00e9f\u00e9r\u00e9.<\/li><\/ul><div class=\"py-2 my-3\"><hr \/><\/div><h3>\ud83d\udc68\u200d\ud83d\udc69\u200d\ud83d\udc67\u200d\ud83d\udc66 <strong>Services adapt\u00e9s aux familles\u00a0: con\u00e7us pour les petits explorateurs et les parents fatigu\u00e9s<\/strong><\/h3><p>\u00c0 l&#039;h\u00f4tel Chimelong Xiangjiang, nous comprenons que voyager avec des enfants n\u00e9cessite une attention particuli\u00e8re \u2014 c&#039;est pourquoi nous avons int\u00e9gr\u00e9 des services bien pens\u00e9s dans chaque recoin de l&#039;\u00e9tablissement\u00a0:<\/p><ul dir=\"auto\"><li><strong>Pays des merveilles des enfants<\/strong>Situ\u00e9e au premier \u00e9tage, cette aire de jeux dynamique propose des \u00e9crans LED interactifs, du mobilier ludique, des parcours parents-enfants et des collations, de quoi divertir les plus petits pendant que les parents se d\u00e9tendent.<\/li><li><strong>Gal\u00e8re joyeuse de Xinjiang<\/strong>Une confiserie proposant des bonbons, des en-cas et des souvenirs exclusifs de Chimelong \u2014 parfait pour se r\u00e9galer apr\u00e8s l&#039;aventure.<\/li><li><strong>Auto-\u00e9cole pour enfants<\/strong>Un espace ext\u00e9rieur o\u00f9 les enfants peuvent conduire des mini-voitures sous surveillance \u2014 un succ\u00e8s aupr\u00e8s des tout-petits comme des adolescents.<\/li><li><strong>\u00c9quipements pour enfants<\/strong>Des pantoufles, des peignoirs, des brosses \u00e0 dents, des jouets, des jeux de soci\u00e9t\u00e9 et des repas sp\u00e9ciaux sont fournis sur demande.<\/li><li><strong>Salles familiales<\/strong>Des agencements spacieux avec des espaces de vie s\u00e9par\u00e9s et des lits d&#039;enfants d\u00e9di\u00e9s \u2014 id\u00e9aux pour les s\u00e9jours multig\u00e9n\u00e9rationnels.<\/li><li><strong>Poussette et \u00e9quipement de jeu<\/strong>Disponible \u00e0 la location \u2014 pas besoin d&#039;emporter du mat\u00e9riel lourd.<\/li><\/ul><div class=\"py-2 my-3\"><hr \/><\/div><h3>\ud83d\udcbc <strong>Services aux entreprises et \u00e9v\u00e9nements : Travaillez plus intelligemment, pas plus dur<\/strong><\/h3><p>M\u00eame si vous \u00eates ici pour vous amuser, le travail finit parfois par arriver \u2014 et nous sommes l\u00e0 pour vous aider\u00a0:<\/p><ul dir=\"auto\"><li><strong>Salle de conf\u00e9rence et espace multifonctionnel<\/strong>: \u00c9quip\u00e9 de syst\u00e8mes d&#039;affichage multim\u00e9dia, d&#039;\u00e9quipements sonores et de si\u00e8ges modulables pouvant accueillir jusqu&#039;\u00e0 160 personnes.<\/li><li><strong>Services de secr\u00e9tariat<\/strong>Impression, photocopie, t\u00e9l\u00e9copie, assistance par courriel \u2014 tout est disponible sur demande.<\/li><li><strong>Services postaux et de messagerie<\/strong>Envoyez facilement des documents ou des colis.<\/li><li><strong>Organisation de mariages et d&#039;\u00e9v\u00e9nements<\/strong>Des c\u00e9r\u00e9monies intimes aux \u00e9v\u00e9nements d&#039;entreprise, laissez-nous nous occuper des d\u00e9tails.<\/li><li><strong>Wi-Fi haut d\u00e9bit<\/strong>: Gratuit et fiable dans toutes les chambres et les espaces publics \u2014 id\u00e9al pour les appels vid\u00e9o, le t\u00e9l\u00e9travail ou le streaming.<\/li><li><strong>Distributeurs automatiques de billets et bureaux de change<\/strong>Acc\u00e8s \u00e0 des esp\u00e8ces et service de change sur place pour les clients internationaux.<\/li><\/ul><div class=\"py-2 my-3\"><hr \/><\/div><h3>\ud83e\uddf9 <strong>Entretien m\u00e9nager et maintenance : une propret\u00e9 en toute confiance<\/strong><\/h3><p>Avec un <strong>Note de propret\u00e9 : 9,6\/10<\/strong>, notre \u00e9quipe d&#039;entretien m\u00e9nager veille \u00e0 ce que chaque chambre et espace public r\u00e9ponde aux normes les plus \u00e9lev\u00e9es\u00a0:<\/p><ul dir=\"auto\"><li><strong>M\u00e9nage quotidien<\/strong>Draps propres, surfaces d\u00e9sinfect\u00e9es et articles de toilette r\u00e9approvisionn\u00e9s \u2014 tout est inclus.<\/li><li><strong>Salles de bains impeccables<\/strong>S\u00e9paration humide\/sec, eau chaude instantan\u00e9e et articles de toilette de qualit\u00e9 sup\u00e9rieure (pas d&#039;\u00e9chantillons bon march\u00e9 ici !).<\/li><li><strong>Climatisation et \u00e9clairage silencieux<\/strong>Climatisation \u00e9co\u00e9nerg\u00e9tique et ultra-silencieuse, et \u00e9clairage r\u00e9glable pour un sommeil r\u00e9parateur.<\/li><li><strong>R\u00e9frig\u00e9rateurs et t\u00e9l\u00e9viseurs intelligents<\/strong>Toutes les chambres sont \u00e9quip\u00e9es d&#039;un mini-r\u00e9frig\u00e9rateur et d&#039;une t\u00e9l\u00e9vision connect\u00e9e avec de nombreuses cha\u00eenes \u2014 id\u00e9al pour se d\u00e9tendre apr\u00e8s une journ\u00e9e riche en sensations.<\/li><\/ul><div class=\"py-2 my-3\"><hr \/><\/div><h3>\ud83d\udecd\ufe0f <strong>Commerce de d\u00e9tail et services de proximit\u00e9\u00a0: tout ce que vous avez oubli\u00e9 d\u2019emporter<\/strong><\/h3><p>Parfois, il vous faut une solution rapide \u2014 et nous l&#039;avons :<\/p><ul dir=\"auto\"><li><strong>Boutique de cadeaux<\/strong>: Retrouvez des souvenirs, des en-cas et des produits essentiels de Chimelong \u00e0 la Xingjiang Happy Galley.<\/li><li><strong>Distributeurs automatiques<\/strong>Des en-cas, des boissons et des produits de premi\u00e8re n\u00e9cessit\u00e9 sont disponibles 24h\/24 et 7j\/7.<\/li><li><strong>Blanchisserie et nettoyage \u00e0 sec<\/strong>Options hors site et sur site disponibles (avec suppl\u00e9ment).<\/li><li><strong>Service de repassage<\/strong>: Veuillez en faire la demande aupr\u00e8s du service d&#039;entretien m\u00e9nager.<\/li><li><strong>Ascenseur et \u00e9tages non-fumeurs<\/strong>Pour un acc\u00e8s facile et un environnement sans fum\u00e9e.<\/li><li><strong>Syst\u00e8mes de sonorisation et de sonorisation<\/strong>Disponible pour des \u00e9v\u00e9nements ou des pr\u00e9sentations.<\/li><\/ul><div class=\"py-2 my-3\"><hr \/><\/div><h3>\ud83d\udcde <strong>Communication et s\u00e9curit\u00e9 : Restez connect\u00e9s, restez en s\u00e9curit\u00e9<\/strong><\/h3><p>Votre tranquillit\u00e9 d&#039;esprit compte :<\/p><ul dir=\"auto\"><li><strong>Langues parl\u00e9es<\/strong>Anglais et mandarin \u00e0 la r\u00e9ception \u2014 outils de traduction disponibles.<\/li><li><strong>Vid\u00e9osurveillance et s\u00e9curit\u00e9<\/strong>Des espaces publics surveill\u00e9s, des alarmes incendie, des extincteurs et des alarmes anti-intrusion garantissent votre s\u00e9curit\u00e9 tout au long de votre s\u00e9jour.<\/li><li><strong>Appels de r\u00e9veil<\/strong>Ne ratez jamais une navette ou votre petit-d\u00e9jeuner \u2014 nous vous le rappellerons gentiment.<\/li><li><strong>R\u00e9servation de visites et de billets<\/strong>Laissez-nous nous occuper de vos laissez-passer pour les parcs, de vos billets de spectacle ou de vos visites guid\u00e9es \u2014 vous faisant ainsi gagner du temps et vous \u00e9vitant du stress.<\/li><\/ul><div class=\"py-2 my-3\"><hr \/><\/div><h3>\ud83c\udf1f <strong>Pourquoi nos services se distinguent<\/strong><\/h3><p>Ce qui distingue l&#039;h\u00f4tel Chimelong Xiangjiang, ce n&#039;est pas seulement la quantit\u00e9 de services propos\u00e9s, c&#039;est\u2026 <strong>qualit\u00e9, constance et contact humain<\/strong> Derri\u00e8re chacun d&#039;eux. Nous ne traitons pas nos invit\u00e9s comme des num\u00e9ros, mais comme des membres de notre famille \u00e9largie.<\/p><p>Que vous soyez :<\/p><ul dir=\"auto\"><li>Un parent jonglant entre poussettes et demandes de go\u00fbters<\/li><li>Un voyageur d&#039;affaires ayant besoin d&#039;un espace de travail calme et d&#039;une connexion Wi-Fi rapide<\/li><li>Un couple c\u00e9l\u00e9brant un \u00e9v\u00e9nement important lors d&#039;un d\u00eener priv\u00e9<\/li><li>Ou un aventurier solitaire en qu\u00eate de confort et de commodit\u00e9\u2026<\/li><\/ul><p>\u2026vous constaterez que nos services sont con\u00e7us pour rendre votre s\u00e9jour non seulement confortable, mais v\u00e9ritablement magique.<\/p><div class=\"py-2 my-3\"><hr \/><\/div><p><strong>R\u00e9servez votre s\u00e9jour d\u00e8s aujourd&#039;hui<\/strong><\/p><p>D\u00e9couvrez la diff\u00e9rence que peuvent apporter des services attentionn\u00e9s et ax\u00e9s sur la famille. R\u00e9servez votre chambre \u00e0 <a href=\"https:\/\/chimelongxiangjianghotel.com\/fr\/\" target=\"_blank\" rel=\"nofollow noopener\">H\u00f4tel Chimelong Xiangjiang <\/a> Laissez-nous nous occuper des d\u00e9tails \u2014 pour que vous puissiez vous concentrer sur ce qui compte vraiment : cr\u00e9er des souvenirs avec les personnes que vous aimez.<\/p><p data-spm-anchor-id=\"a2ty_o01.29997173.0.i85.4279c9216pn6la\">\ud83d\udccd <strong>Adresse<\/strong>N\u00b0 609, tron\u00e7on de la route Mengyong n\u00b0 105, district de Panyu, Guangzhou, Guangdong, Chine<br \/>\ud83d\udcde <strong>T\u00e9l\u00e9phone<\/strong>: +86-20-84783366<br \/>\ud83c\udf10 <strong>Site web<\/strong>: <a href=\"https:\/\/chimelongxiangjianghotel.com\/fr\/\" target=\"_blank\" rel=\"nofollow noopener\">https:\/\/chimelongxiangjianghotel.com <\/a><\/p>\t\t\t\t\t\t\t\t<\/div>\n\t\t\t\t\t<\/div>\n\t\t\t\t<\/div>\n\t\t\t\t<section class=\"elementor-section elementor-top-section elementor-element elementor-element-7e5522ea elementor-section-stretched elementor-section-boxed elementor-section-gap-beside-yes elementor-section-height-default elementor-section-height-default elementor-section-column-vertical-align-stretch\" data-id=\"7e5522ea\" data-element_type=\"section\" data-e-type=\"section\" data-settings=\"{&quot;background_background&quot;:&quot;classic&quot;,&quot;stretch_section&quot;:&quot;section-stretched&quot;}\">\n\t\t\t\t\t\t<div class=\"elementor-container elementor-column-gap-extended\">\n\t\t\t\t\t<div class=\"elementor-column elementor-col-100 elementor-top-column elementor-element elementor-element-fd12d3b\" data-id=\"fd12d3b\" data-element_type=\"column\" data-e-type=\"column\">\n\t\t\t<div class=\"elementor-widget-wrap elementor-element-populated\">\n\t\t\t\t\t\t<div class=\"elementor-element elementor-element-46a20624 elementor-widget elementor-widget-nuss-heading\" data-id=\"46a20624\" data-element_type=\"widget\" data-e-type=\"widget\" data-widget_type=\"nuss-heading.default\">\n\t\t\t\t<div class=\"elementor-widget-container\">\n\t\t\t\t\t\t\t<div class=\"nuss-modern-heading\">\r\n\t\t\t\t\t\t<div class=\"heading-secondary-wrap\">\r\n\t\t\t\t<h3 class=\"heading-secondary elementor-heading-title\">Ch\u00e8que disponible <\/h3>\t\t\t<\/div>\r\n\t\t\r\n\t\t\t\r\n\t\t\t\r\n\t\t\t\t\t<\/div>\r\n\t\t\t\t\t<\/div>\n\t\t\t\t<\/div>\n\t\t\t\t<div class=\"elementor-element elementor-element-7bcc24d2 elementor-widget elementor-widget-text-editor\" data-id=\"7bcc24d2\" data-element_type=\"widget\" data-e-type=\"widget\" data-widget_type=\"text-editor.default\">\n\t\t\t\t\t\t\t\t\t<iframe border=\"0\" src=\"https:\/\/www.trip.com\/partners\/ad\/S5683218?Allianceid=4590391&#038;SID=263693760&#038;trip_sub1=\" style=\"width:1200px;height:200px\" frameborder=\"0\" scrolling=\"no\" id=\"S5683218\"><\/iframe>\t\t\t\t\t\t\t\t<\/div>\n\t\t\t\t\t<\/div>\n\t\t<\/div>\n\t\t\t\t\t<\/div>\n\t\t<\/section>\n\t\t\t\t<\/div>","protected":false},"excerpt":{"rendered":"<p>Chimelong Xiangjiang Hotel Services: Where Seamless Convenience Meets Family-Centric Hospitality Nestled just steps from the roaring lions and playful pandas of Guangzhou Chimelong Safari Park, Chimelong Xiangjiang Hotel doesn\u2019t just offer a place to rest \u2014 it delivers a fully integrated, guest-focused experience designed to make your wildlife adventure effortless, enjoyable, and unforgettable. With over [&hellip;]<\/p>\n","protected":false},"author":1,"featured_media":0,"parent":0,"menu_order":0,"comment_status":"closed","ping_status":"closed","template":"","meta":{"footnotes":""},"class_list":["post-647","page","type-page","status-publish","hentry","post-no-thumbnail"],"_links":{"self":[{"href":"https:\/\/chimelongxiangjianghotel.com\/fr\/wp-json\/wp\/v2\/pages\/647","targetHints":{"allow":["GET"]}}],"collection":[{"href":"https:\/\/chimelongxiangjianghotel.com\/fr\/wp-json\/wp\/v2\/pages"}],"about":[{"href":"https:\/\/chimelongxiangjianghotel.com\/fr\/wp-json\/wp\/v2\/types\/page"}],"author":[{"embeddable":true,"href":"https:\/\/chimelongxiangjianghotel.com\/fr\/wp-json\/wp\/v2\/users\/1"}],"replies":[{"embeddable":true,"href":"https:\/\/chimelongxiangjianghotel.com\/fr\/wp-json\/wp\/v2\/comments?post=647"}],"version-history":[{"count":0,"href":"https:\/\/chimelongxiangjianghotel.com\/fr\/wp-json\/wp\/v2\/pages\/647\/revisions"}],"wp:attachment":[{"href":"https:\/\/chimelongxiangjianghotel.com\/fr\/wp-json\/wp\/v2\/media?parent=647"}],"curies":[{"name":"wp","href":"https:\/\/api.w.org\/{rel}","templated":true}]}}