{"id":612,"date":"2021-03-26T10:04:13","date_gmt":"2021-03-26T10:04:13","guid":{"rendered":"http:\/\/localhost\/nuss\/?page_id=612"},"modified":"2025-11-06T05:57:09","modified_gmt":"2025-11-06T05:57:09","slug":"restaurant","status":"publish","type":"page","link":"https:\/\/chimelongxiangjianghotel.com\/fr\/restaurant\/","title":{"rendered":"Restaurant"},"content":{"rendered":"<div data-elementor-type=\"wp-page\" data-elementor-id=\"612\" class=\"elementor elementor-612\">\n\t\t\t\t\t\t<section class=\"elementor-section elementor-top-section elementor-element elementor-element-e2effe8 elementor-section-boxed elementor-section-gap-beside-yes elementor-section-height-default elementor-section-height-default elementor-section-column-vertical-align-stretch\" data-id=\"e2effe8\" data-element_type=\"section\" data-e-type=\"section\">\n\t\t\t\t\t\t<div class=\"elementor-container elementor-column-gap-extended\">\n\t\t\t\t\t<div class=\"elementor-column elementor-col-100 elementor-top-column elementor-element elementor-element-e18f688\" data-id=\"e18f688\" data-element_type=\"column\" data-e-type=\"column\">\n\t\t\t<div class=\"elementor-widget-wrap elementor-element-populated\">\n\t\t\t\t\t\t<div class=\"elementor-element elementor-element-6db146d elementor-widget__width-initial elementor-invisible elementor-widget elementor-widget-text-editor\" data-id=\"6db146d\" data-element_type=\"widget\" data-e-type=\"widget\" data-settings=\"{&quot;_animation&quot;:&quot;nussFadeInUp&quot;}\" data-widget_type=\"text-editor.default\">\n\t\t\t\t\t\t\t\t\t<div class=\"svelte-1c06zsf\" data-lang-code=\"\"><p data-spm-anchor-id=\"a2ty_o01.29997173.0.i77.4279c9216pn6la\"><strong>Savourez l&#039;\u00e2me du Lingnan\u00a0: aventures culinaires dans les restaurants de l&#039;h\u00f4tel Chimelong Xiangjiang<\/strong><\/p><\/div>\t\t\t\t\t\t\t\t<\/div>\n\t\t\t\t\t<\/div>\n\t\t<\/div>\n\t\t\t\t\t<\/div>\n\t\t<\/section>\n\t\t<div class=\"elementor-element elementor-element-764955e e-flex e-con-boxed e-con e-parent\" data-id=\"764955e\" data-element_type=\"container\" data-e-type=\"container\">\n\t\t\t\t\t<div class=\"e-con-inner\">\n\t\t<div class=\"elementor-element elementor-element-3a71d84 e-con-full e-flex e-con e-child\" data-id=\"3a71d84\" data-element_type=\"container\" data-e-type=\"container\">\n\t\t\t\t<div class=\"elementor-element elementor-element-81a00fb elementor-widget elementor-widget-text-editor\" data-id=\"81a00fb\" data-element_type=\"widget\" data-e-type=\"widget\" data-widget_type=\"text-editor.default\">\n\t\t\t\t\t\t\t\t\t<p data-spm-anchor-id=\"a2ty_o01.29997173.0.i78.4279c9216pn6la\">Nich\u00e9 \u00e0 c\u00f4t\u00e9 des lions rugissants et des pandas joueurs du parc safari de Guangzhou Chimelong, <strong>H\u00f4tel Chimelong Xiangjiang<\/strong> Bien plus qu&#039;un simple lieu de repos, notre h\u00f4tel vous invite \u00e0 un voyage gastronomique unique, alliant tradition, innovation et convivialit\u00e9 familiale. Que vous souhaitiez faire le plein d&#039;\u00e9nergie avant une journ\u00e9e d&#039;exploration de la faune sauvage ou vous d\u00e9tendre apr\u00e8s un safari inoubliable, nos deux restaurants signatures \u2014 <strong>Restaurant chinois Xiangjiang<\/strong> et <strong>Restaurant de th\u00e9 Xinglong<\/strong> \u2014 nous vous promettons des saveurs authentiques, une ambiance chaleureuse et des plats pr\u00e9par\u00e9s avec le m\u00eame soin qui caract\u00e9rise notre hospitalit\u00e9.<\/p><div class=\"my-2\">\u00a0<\/div><p>Situ\u00e9 \u00e0 <strong>N\u00b0 609, route Mengyong, district de Panyu<\/strong>, nos espaces de restauration sont bien plus que de simples lieux o\u00f9 manger \u2014 ce sont des exp\u00e9riences immersives ancr\u00e9es dans <strong>Patrimoine culinaire de Lingnan<\/strong>, con\u00e7u pour ravir les habitants et les voyageurs. Avec plus de <strong>2\u00a0756 avis clients<\/strong> Gr\u00e2ce aux \u00e9loges re\u00e7us pour la qualit\u00e9 de notre cuisine et de notre service, nous avons acquis la r\u00e9putation d&#039;\u00eatre l&#039;une des destinations de restauration h\u00f4teli\u00e8re les plus appr\u00e9ci\u00e9es de Guangzhou, notamment par les familles \u00e0 la recherche de repas d\u00e9licieux, pratiques et m\u00e9morables sans quitter leur h\u00f4tel.<\/p>\t\t\t\t\t\t\t\t<\/div>\n\t\t\t\t<\/div>\n\t\t<div class=\"elementor-element elementor-element-bb76a06 e-con-full e-flex e-con e-child\" data-id=\"bb76a06\" data-element_type=\"container\" data-e-type=\"container\">\n\t\t\t\t<div class=\"elementor-element elementor-element-636ac5f elementor-widget elementor-widget-image\" data-id=\"636ac5f\" data-element_type=\"widget\" data-e-type=\"widget\" data-widget_type=\"image.default\">\n\t\t\t\t\t\t\t\t\t\t\t\t\t\t\t<img fetchpriority=\"high\" decoding=\"async\" width=\"1024\" height=\"674\" src=\"https:\/\/chimelongxiangjianghotel.com\/wp-content\/uploads\/2025\/11\/Chimelong-Xiangjiang-Hotel-117-1024x674.webp\" class=\"attachment-large size-large wp-image-7274\" alt=\"\" srcset=\"https:\/\/chimelongxiangjianghotel.com\/wp-content\/uploads\/2025\/11\/Chimelong-Xiangjiang-Hotel-117-1024x674.webp 1024w, https:\/\/chimelongxiangjianghotel.com\/wp-content\/uploads\/2025\/11\/Chimelong-Xiangjiang-Hotel-117-300x198.webp 300w, https:\/\/chimelongxiangjianghotel.com\/wp-content\/uploads\/2025\/11\/Chimelong-Xiangjiang-Hotel-117-768x506.webp 768w, https:\/\/chimelongxiangjianghotel.com\/wp-content\/uploads\/2025\/11\/Chimelong-Xiangjiang-Hotel-117-18x12.webp 18w, https:\/\/chimelongxiangjianghotel.com\/wp-content\/uploads\/2025\/11\/Chimelong-Xiangjiang-Hotel-117.webp 1280w\" sizes=\"(max-width: 1024px) 100vw, 1024px\" \/>\t\t\t\t\t\t\t\t\t\t\t\t\t\t\t<\/div>\n\t\t\t\t<\/div>\n\t\t\t\t\t<\/div>\n\t\t\t\t<\/div>\n\t\t<div class=\"elementor-element elementor-element-e5626a7 e-flex e-con-boxed e-con e-parent\" data-id=\"e5626a7\" data-element_type=\"container\" data-e-type=\"container\">\n\t\t\t\t\t<div class=\"e-con-inner\">\n\t\t\t\t<div class=\"elementor-element elementor-element-4ac24e6 elementor-widget elementor-widget-nuss-image-gallery\" data-id=\"4ac24e6\" data-element_type=\"widget\" data-e-type=\"widget\" data-widget_type=\"nuss-image-gallery.default\">\n\t\t\t\t<div class=\"elementor-widget-container\">\n\t\t\t\t\t\t\t<div class=\"nuss-grid-wrapper\" data-grid=\"{&quot;type&quot;:&quot;grid&quot;,&quot;ratio&quot;:null,&quot;columns&quot;:3,&quot;gutter&quot;:30}\">\r\n\t\t\t<div class=\"nuss-grid lazy-grid\">\r\n\t\t\t\t<div class=\"grid-sizer\"><\/div>\r\n\r\n\t\t\t\t\t\t\t\t\t\t\t\t<div class=\"grid-item\">\r\n\t\t\t\t\t\t<div class=\"nuss-box\">\t\t<div class=\"nuss-image image\">\r\n\t\t\t<img decoding=\"async\"  src=\"https:\/\/chimelongxiangjianghotel.com\/wp-content\/uploads\/2025\/11\/Chimelong-Xiangjiang-Hotel-96.webp\" alt=\"H\u00f4tel Chimelong Xiangjiang (96)\" \/>\t\t<\/div>\r\n\t\t\t\t<\/div>\t\t\t\t\t<\/div>\r\n\t\t\t\t\t\t<div class=\"grid-item\">\r\n\t\t\t\t\t\t<div class=\"nuss-box\">\t\t<div class=\"nuss-image image\">\r\n\t\t\t<img decoding=\"async\"  src=\"https:\/\/chimelongxiangjianghotel.com\/wp-content\/uploads\/2025\/11\/Chimelong-Xiangjiang-Hotel-95.webp\" alt=\"H\u00f4tel Chimelong Xiangjiang (95)\" \/>\t\t<\/div>\r\n\t\t\t\t<\/div>\t\t\t\t\t<\/div>\r\n\t\t\t\t\t\t<div class=\"grid-item\">\r\n\t\t\t\t\t\t<div class=\"nuss-box\">\t\t<div class=\"nuss-image image\">\r\n\t\t\t<img decoding=\"async\"  src=\"https:\/\/chimelongxiangjianghotel.com\/wp-content\/uploads\/2025\/11\/Chimelong-Xiangjiang-Hotel-91.webp\" alt=\"H\u00f4tel Chimelong Xiangjiang (91)\" \/>\t\t<\/div>\r\n\t\t\t\t<\/div>\t\t\t\t\t<\/div>\r\n\t\t\t\t\t\t<div class=\"grid-item\">\r\n\t\t\t\t\t\t<div class=\"nuss-box\">\t\t<div class=\"nuss-image image\">\r\n\t\t\t<img decoding=\"async\"  src=\"https:\/\/chimelongxiangjianghotel.com\/wp-content\/uploads\/2025\/11\/Chimelong-Xiangjiang-Hotel-90.webp\" alt=\"H\u00f4tel Chimelong Xiangjiang (90)\" \/>\t\t<\/div>\r\n\t\t\t\t<\/div>\t\t\t\t\t<\/div>\r\n\t\t\t\t\t\t<div class=\"grid-item\">\r\n\t\t\t\t\t\t<div class=\"nuss-box\">\t\t<div class=\"nuss-image image\">\r\n\t\t\t<img decoding=\"async\"  src=\"https:\/\/chimelongxiangjianghotel.com\/wp-content\/uploads\/2025\/11\/Chimelong-Xiangjiang-Hotel-89.webp\" alt=\"H\u00f4tel Chimelong Xiangjiang (89)\" \/>\t\t<\/div>\r\n\t\t\t\t<\/div>\t\t\t\t\t<\/div>\r\n\t\t\t\t\t\t<div class=\"grid-item\">\r\n\t\t\t\t\t\t<div class=\"nuss-box\">\t\t<div class=\"nuss-image image\">\r\n\t\t\t<img decoding=\"async\"  src=\"https:\/\/chimelongxiangjianghotel.com\/wp-content\/uploads\/2025\/11\/Chimelong-Xiangjiang-Hotel-85.webp\" alt=\"H\u00f4tel Chimelong Xiangjiang (85)\" \/>\t\t<\/div>\r\n\t\t\t\t<\/div>\t\t\t\t\t<\/div>\r\n\t\t\t\t\t\t<div class=\"grid-item\">\r\n\t\t\t\t\t\t<div class=\"nuss-box\">\t\t<div class=\"nuss-image image\">\r\n\t\t\t<img decoding=\"async\"  src=\"https:\/\/chimelongxiangjianghotel.com\/wp-content\/uploads\/2025\/11\/Chimelong-Xiangjiang-Hotel-84.webp\" alt=\"H\u00f4tel Chimelong Xiangjiang (84)\" \/>\t\t<\/div>\r\n\t\t\t\t<\/div>\t\t\t\t\t<\/div>\r\n\t\t\t\t\t\t<div class=\"grid-item\">\r\n\t\t\t\t\t\t<div class=\"nuss-box\">\t\t<div class=\"nuss-image image\">\r\n\t\t\t<img decoding=\"async\"  src=\"https:\/\/chimelongxiangjianghotel.com\/wp-content\/uploads\/2025\/11\/Chimelong-Xiangjiang-Hotel-83.webp\" alt=\"H\u00f4tel Chimelong Xiangjiang (83)\" \/>\t\t<\/div>\r\n\t\t\t\t<\/div>\t\t\t\t\t<\/div>\r\n\t\t\t\t\t\t<div class=\"grid-item\">\r\n\t\t\t\t\t\t<div class=\"nuss-box\">\t\t<div class=\"nuss-image image\">\r\n\t\t\t<img decoding=\"async\"  src=\"https:\/\/chimelongxiangjianghotel.com\/wp-content\/uploads\/2025\/11\/Chimelong-Xiangjiang-Hotel-81.webp\" alt=\"H\u00f4tel Chimelong Xiangjiang (81)\" \/>\t\t<\/div>\r\n\t\t\t\t<\/div>\t\t\t\t\t<\/div>\r\n\t\t\t\t\t\t<div class=\"grid-item\">\r\n\t\t\t\t\t\t<div class=\"nuss-box\">\t\t<div class=\"nuss-image image\">\r\n\t\t\t<img decoding=\"async\"  src=\"https:\/\/chimelongxiangjianghotel.com\/wp-content\/uploads\/2025\/11\/Chimelong-Xiangjiang-Hotel-80.webp\" alt=\"H\u00f4tel Chimelong Xiangjiang (80)\" \/>\t\t<\/div>\r\n\t\t\t\t<\/div>\t\t\t\t\t<\/div>\r\n\t\t\t\t\t\t<div class=\"grid-item\">\r\n\t\t\t\t\t\t<div class=\"nuss-box\">\t\t<div class=\"nuss-image image\">\r\n\t\t\t<img decoding=\"async\"  src=\"https:\/\/chimelongxiangjianghotel.com\/wp-content\/uploads\/2025\/11\/Chimelong-Xiangjiang-Hotel-79.webp\" alt=\"H\u00f4tel Chimelong Xiangjiang (79)\" \/>\t\t<\/div>\r\n\t\t\t\t<\/div>\t\t\t\t\t<\/div>\r\n\t\t\t\t\t\t<div class=\"grid-item\">\r\n\t\t\t\t\t\t<div class=\"nuss-box\">\t\t<div class=\"nuss-image image\">\r\n\t\t\t<img decoding=\"async\"  src=\"https:\/\/chimelongxiangjianghotel.com\/wp-content\/uploads\/2025\/11\/Chimelong-Xiangjiang-Hotel-75.webp\" alt=\"H\u00f4tel Chimelong Xiangjiang (75)\" \/>\t\t<\/div>\r\n\t\t\t\t<\/div>\t\t\t\t\t<\/div>\r\n\t\t\t\t\t\t<div class=\"grid-item\">\r\n\t\t\t\t\t\t<div class=\"nuss-box\">\t\t<div class=\"nuss-image image\">\r\n\t\t\t<img decoding=\"async\"  src=\"https:\/\/chimelongxiangjianghotel.com\/wp-content\/uploads\/2025\/11\/Chimelong-Xiangjiang-Hotel-70.webp\" alt=\"H\u00f4tel Chimelong Xiangjiang (70)\" \/>\t\t<\/div>\r\n\t\t\t\t<\/div>\t\t\t\t\t<\/div>\r\n\t\t\t\t\t\t<div class=\"grid-item\">\r\n\t\t\t\t\t\t<div class=\"nuss-box\">\t\t<div class=\"nuss-image image\">\r\n\t\t\t<img decoding=\"async\"  src=\"https:\/\/chimelongxiangjianghotel.com\/wp-content\/uploads\/2025\/11\/Chimelong-Xiangjiang-Hotel-62.webp\" alt=\"H\u00f4tel Chimelong Xiangjiang (62)\" \/>\t\t<\/div>\r\n\t\t\t\t<\/div>\t\t\t\t\t<\/div>\r\n\t\t\t\t\t\t<div class=\"grid-item\">\r\n\t\t\t\t\t\t<div class=\"nuss-box\">\t\t<div class=\"nuss-image image\">\r\n\t\t\t<img decoding=\"async\"  src=\"https:\/\/chimelongxiangjianghotel.com\/wp-content\/uploads\/2025\/11\/Chimelong-Xiangjiang-Hotel-61.webp\" alt=\"H\u00f4tel Chimelong Xiangjiang (61)\" \/>\t\t<\/div>\r\n\t\t\t\t<\/div>\t\t\t\t\t<\/div>\r\n\t\t\t\t\t\t<div class=\"grid-item\">\r\n\t\t\t\t\t\t<div class=\"nuss-box\">\t\t<div class=\"nuss-image image\">\r\n\t\t\t<img decoding=\"async\"  src=\"https:\/\/chimelongxiangjianghotel.com\/wp-content\/uploads\/2025\/11\/Chimelong-Xiangjiang-Hotel-77.webp\" alt=\"H\u00f4tel Chimelong Xiangjiang (77)\" \/>\t\t<\/div>\r\n\t\t\t\t<\/div>\t\t\t\t\t<\/div>\r\n\t\t\t\t\t\t<div class=\"grid-item\">\r\n\t\t\t\t\t\t<div class=\"nuss-box\">\t\t<div class=\"nuss-image image\">\r\n\t\t\t<img decoding=\"async\"  src=\"https:\/\/chimelongxiangjianghotel.com\/wp-content\/uploads\/2025\/11\/Chimelong-Xiangjiang-Hotel-87.webp\" alt=\"H\u00f4tel Chimelong Xiangjiang (87)\" \/>\t\t<\/div>\r\n\t\t\t\t<\/div>\t\t\t\t\t<\/div>\r\n\t\t\t\t\t\t<div class=\"grid-item\">\r\n\t\t\t\t\t\t<div class=\"nuss-box\">\t\t<div class=\"nuss-image image\">\r\n\t\t\t<img decoding=\"async\"  src=\"https:\/\/chimelongxiangjianghotel.com\/wp-content\/uploads\/2025\/11\/Chimelong-Xiangjiang-Hotel-86.webp\" alt=\"H\u00f4tel Chimelong Xiangjiang (86)\" \/>\t\t<\/div>\r\n\t\t\t\t<\/div>\t\t\t\t\t<\/div>\r\n\t\t\t\t\t\t\t\r\n\t\t\t<\/div>\r\n\t\t<\/div>\r\n\t\t\t\t\t\t<\/div>\n\t\t\t\t<\/div>\n\t\t\t\t\t<\/div>\n\t\t\t\t<\/div>\n\t\t<div class=\"elementor-element elementor-element-d05381b e-flex e-con-boxed e-con e-parent\" data-id=\"d05381b\" data-element_type=\"container\" data-e-type=\"container\">\n\t\t\t\t\t<div class=\"e-con-inner\">\n\t\t\t\t<div class=\"elementor-element elementor-element-53bd849 elementor-widget elementor-widget-text-editor\" data-id=\"53bd849\" data-element_type=\"widget\" data-e-type=\"widget\" data-widget_type=\"text-editor.default\">\n\t\t\t\t\t\t\t\t\t<h3 data-spm-anchor-id=\"a2ty_o01.29997173.0.i79.4279c9216pn6la\">\ud83c\udf5c <strong>Restaurant chinois Xiangjiang : Quand la tradition rencontre l&#039;\u00e9l\u00e9gance intemporelle<\/strong><\/h3><p>Entrez <strong>Restaurant chinois Xiangjiang<\/strong>, Ici perdure l&#039;esprit de 1989, non comme une relique, mais comme un h\u00e9ritage raffin\u00e9. Initialement partie int\u00e9grante du c\u00e9l\u00e8bre restaurant Xiangjiang (qui a ouvert ses portes avant l&#039;h\u00f4tel lui-m\u00eame), cet espace s&#039;est transform\u00e9 en un havre sophistiqu\u00e9 pour les amateurs de cuisine cantonaise authentique.<\/p><p><strong>Design et ambiance :<\/strong><br \/>Le restaurant s&#039;inspire de l&#039;esth\u00e9tique classique de Lingnan\u00a0: tables en bois poli, lustres \u00e9l\u00e9gants et fen\u00eatres de style mandchou offrant une vue sur le hall anim\u00e9. L&#039;agencement comprend\u00a0:<\/p><ul dir=\"auto\"><li>Un spacieux <strong>salle \u00e0 manger du hall<\/strong> parfait pour les repas d\u00e9contract\u00e9s<\/li><li>Cinq <strong>chambres priv\u00e9es sp\u00e9cialis\u00e9es<\/strong> qui peuvent \u00eatre combin\u00e9es en une grande salle pouvant accueillir jusqu&#039;\u00e0 <strong>160 invit\u00e9s<\/strong> \u2014 id\u00e9al pour les r\u00e9unions de famille, les d\u00eeners d&#039;affaires ou les rassemblements festifs<\/li><\/ul><p><strong>Points forts de la cuisine :<\/strong><br \/>Nos chefs pr\u00e9parent avec brio des plats traditionnels \u00e0 partir d&#039;ingr\u00e9dients frais et locaux. Nos clients sont unanimes\u00a0:<\/p><ul dir=\"auto\"><li>Poisson cuit \u00e0 la vapeur avec du gingembre et des oignons verts<\/li><li>Riz en pot de terre avec viandes conserv\u00e9es<\/li><li>Plateaux de dim sum comprenant des har gow, des siu mai et des brioches \u00e0 la cr\u00e8me p\u00e2tissi\u00e8re<\/li><li>Poitrine de porc brais\u00e9e signature et l\u00e9gumes verts saut\u00e9s<\/li><\/ul><blockquote><p><em>\u201c Je ne m\u2019attendais vraiment pas \u00e0 ce que le restaurant soit aussi incroyable\u2026 nous avons finalement pris tous nos repas \u00e0 l\u2019h\u00f4tel pendant les trois jours. \u201d<\/em><br \/>\u2014 Zhaoqipo, septembre 2025<\/p><\/blockquote><p><strong>Avantages offerts aux invit\u00e9s\u00a0:<\/strong><\/p><ul dir=\"auto\"><li><strong>Syst\u00e8me de carte de restauration<\/strong>Rechargez un petit montant et utilisez-le jusqu&#039;\u00e0 \u00e9puisement \u2014 pas de r\u00e8gles compliqu\u00e9es ni de solde restant.<\/li><li><strong>Le favori local<\/strong>Fr\u00e9quent\u00e9 par les habitants plus \u00e2g\u00e9s le matin \u2014 un v\u00e9ritable signe d&#039;authenticit\u00e9.<\/li><li><strong>Option petit-d\u00e9jeuner<\/strong>Servi tous les jours de 7h30 \u00e0 14h30 et de 17h00 \u00e0 21h30.<\/li><\/ul><div class=\"py-2 my-3\"><hr \/><\/div><h3>\ud83c\udf5c <strong>Restaurant de th\u00e9 Xinglong\u00a0: Saveurs fusion et divertissement en famille<\/strong><\/h3><p>Pour ceux qui recherchent la vari\u00e9t\u00e9, la rapidit\u00e9 ou une touche de style hongkongais, <strong>Restaurant de th\u00e9 Xinglong<\/strong> avec son concept de cuisine ouverte et dynamique, inspir\u00e9 par le th\u00e8me du <strong>\u201c Les huit sites incontournables de Yangcheng \u201d<\/strong> \u2014 un clin d&#039;\u0153il aux monuments historiques de Guangzhou.<\/p><p><strong>Design et ambiance :<\/strong><br \/>Lumineux, dynamique et accueillant, ce restaurant propose\u00a0:<\/p><ul dir=\"auto\"><li>Sur <strong>160 tables \u00e0 manger int\u00e9rieures<\/strong><\/li><li>Un <strong>terrasse ext\u00e9rieure<\/strong> pour profiter du plein air<\/li><li>Un <strong>cuisine ouverte<\/strong> o\u00f9 les clients peuvent regarder les chefs pr\u00e9parer leurs plats pr\u00e9f\u00e9r\u00e9s en temps r\u00e9el<\/li><li>Un d\u00e9cor th\u00e9matique qui donne vie aux ic\u00f4nes culturelles de la ville.<\/li><\/ul><p><strong>Points forts de la cuisine :<\/strong><br \/>Ici, l&#039;Orient rencontre l&#039;Occident dans une d\u00e9licieuse harmonie. Choisissez parmi\u00a0:<\/p><ul dir=\"auto\"><li><strong>Plats fusion de style hongkongais<\/strong>Imaginez des tartelettes aux \u0153ufs, du th\u00e9 au lait, des nouilles au canard laqu\u00e9 et des hamburgers \u00e0 l&#039;occidentale, aux c\u00f4t\u00e9s de classiques chinois.<\/li><li><strong>Options buffet et \u00e0 la carte<\/strong>Parfait pour les enfants difficiles ou les palais aventureux<\/li><li><strong>Les favoris des enfants<\/strong>Macaroni au fromage, nuggets de poulet, cr\u00eapes et boissons gazeuses disponibles sur demande<\/li><\/ul><p><strong>Id\u00e9al pour :<\/strong><\/p><ul dir=\"auto\"><li>Petits d\u00e9jeuners rapides avant d&#039;aller au parc<\/li><li>D\u00e9jeuners informels pendant la pause de midi<\/li><li>D\u00eener avec vue sur le hall anim\u00e9 de l&#039;h\u00f4tel<\/li><\/ul><blockquote><p><em>\u201c Le buffet du petit-d\u00e9jeuner est r\u00e9put\u00e9 pour sa vari\u00e9t\u00e9 et sa qualit\u00e9, et est souvent propos\u00e9 en option gratuite. \u201d<\/em><br \/>\u2014 R\u00e9sum\u00e9 de l&#039;avis sur l&#039;IA, Trip.com<\/p><\/blockquote><div class=\"py-2 my-3\"><hr \/><\/div><h3>\ud83d\udc68\u200d\ud83d\udc69\u200d\ud83d\udc67\u200d\ud83d\udc66 <strong>Des repas en famille simplifi\u00e9s<\/strong><\/h3><p>\u00c0 l&#039;h\u00f4tel Chimelong Xiangjiang, nous savons que nourrir une famille ne devrait pas \u00eatre stressant \u2014 c&#039;est pourquoi nos deux restaurants mettent tout en \u0153uvre pour satisfaire les plus petits\u00a0:<\/p><ul dir=\"auto\"><li><strong>Menus pour enfants<\/strong>Des repas sp\u00e9cialement con\u00e7us pour les jeunes go\u00fbts<\/li><li><strong>Chaises hautes et poussettes<\/strong>Disponible sur demande<\/li><li><strong>Collations et boissons pour enfants<\/strong>: Offert dans le quartier adjacent <strong>Pays des merveilles des enfants<\/strong> zone de jeux<\/li><li><strong>Friandises \u00e0 th\u00e8me<\/strong>: Souvenirs et bonbons Chimelong exclusifs vendus au <strong>Gal\u00e8re joyeuse de Xinjiang<\/strong> boutique de cadeaux \u00e0 proximit\u00e9<\/li><\/ul><p>Les parents peuvent se d\u00e9tendre en sachant que leurs enfants sont divertis pendant qu&#039;ils savourent un repas tranquille, qu&#039;il s&#039;agisse d&#039;un bol fumant de congee ou d&#039;une assiette de riz frit croustillant.<\/p><div class=\"py-2 my-3\"><hr \/><\/div><h3>\ud83d\udccd <strong>Des commodit\u00e9s qui am\u00e9liorent votre s\u00e9jour<\/strong><\/h3><p>Pourquoi quitter l&#039;h\u00f4tel alors que tout ce dont vous avez besoin est ici ?<\/p><ul dir=\"auto\"><li><strong>Acc\u00e8s gratuit \u00e0 la navette<\/strong>Le restaurant est \u00e0 deux pas de votre chambre \u2014 plus besoin d&#039;affronter la circulation ou la foule.<\/li><li><strong>Surclassements gratuits pour le petit-d\u00e9jeuner<\/strong>: Souvent inclus selon le forfait ou la r\u00e9servation \u2014 renseignez-vous \u00e0 l&#039;arriv\u00e9e !<\/li><li><strong>Services de livraison pris en charge<\/strong>Besoin d&#039;une collation en fin de soir\u00e9e ? Notre concierge peut organiser la livraison de repas si vous pr\u00e9f\u00e9rez d\u00eener dans votre chambre.<\/li><li><strong>Personnel multilingue<\/strong>Des serveurs parlant anglais et mandarin assurent une prise de commande sans encombre pour les clients internationaux.<\/li><\/ul><div class=\"py-2 my-3\"><hr \/><\/div><h3>\ud83d\udcac <strong>Ce que disent les clients<\/strong><\/h3><p>Les vrais avis en disent long\u00a0:<\/p><blockquote><p><em>\u201c Pas une poussi\u00e8re sur les tables ni sur les rebords de fen\u00eatres\u2026 La nourriture \u00e9tait absolument d\u00e9licieuse ! J\u2019avais initialement craint que d\u00eener \u00e0 l\u2019h\u00f4tel soit compliqu\u00e9 vu son \u00e9loignement du centre-ville, mais finalement, nous y avons pris tous nos repas pendant les trois jours. \u201d<\/em><br \/>\u2014 _WeChat252974****, septembre 2025<\/p><\/blockquote><blockquote><p><em>\u201c Chambre propre, toilettes immenses, personnel aimable. Nous avons eu des difficult\u00e9s \u00e0 commander une livraison, mais nous avons finalement r\u00e9gl\u00e9 le probl\u00e8me gr\u00e2ce \u00e0 l&#039;aide du concierge. \u201d<\/em><br \/>\u2014 jjtan07, octobre 2025<\/p><\/blockquote><blockquote><p><em>\u201c La collision entre la cuisine tendance et la cuisine traditionnelle donne naissance \u00e0 de nouvelles \u00e9tincelles. \u201d<\/em><br \/>\u2014 Description officielle de l&#039;h\u00f4tel<\/p><\/blockquote><div class=\"py-2 my-3\"><hr \/><\/div><h3>\ud83c\udf7d\ufe0f <strong>Planifiez votre repas aujourd&#039;hui<\/strong><\/h3><p>Que vous f\u00eatiez un anniversaire, organisiez un d\u00e9jeuner d&#039;\u00e9quipe ou souhaitiez simplement vous faire plaisir apr\u00e8s une journ\u00e9e palpitante au Chimelong Safari Park, nos restaurants offrent un choix pour tous les go\u00fbts \u2014 des sp\u00e9cialit\u00e9s cantonaises dignes d&#039;un guide Michelin aux plats fusion hongkongais r\u00e9confortants.<\/p><p>R\u00e9servez votre table, une salle priv\u00e9e, ou venez simplement sans r\u00e9servation \u2014 nous vous accueillerons comme un membre de la famille.<\/p><p>\ud83d\udccd <strong>Emplacement<\/strong>: H\u00f4tel Chimelong Xiangjiang, n\u00b0 609 Mengyong Road, district de Panyu, Guangzhou<br \/>\ud83d\udcde <strong>T\u00e9l\u00e9phone<\/strong>: +86-20-84783366<br \/>\ud83c\udf10 <strong>Site web<\/strong>: <a href=\"https:\/\/chimelongxiangjianghotel.com\/fr\/\" target=\"_blank\" rel=\"nofollow noopener\">https:\/\/chimelongxiangjianghotel.com <\/a><\/p>\t\t\t\t\t\t\t\t<\/div>\n\t\t\t\t\t<\/div>\n\t\t\t\t<\/div>\n\t\t\t\t<section class=\"elementor-section elementor-top-section elementor-element elementor-element-5fe1599e elementor-section-stretched elementor-section-boxed elementor-section-gap-beside-yes elementor-section-height-default elementor-section-height-default elementor-section-column-vertical-align-stretch\" data-id=\"5fe1599e\" data-element_type=\"section\" data-e-type=\"section\" data-settings=\"{&quot;background_background&quot;:&quot;classic&quot;,&quot;stretch_section&quot;:&quot;section-stretched&quot;}\">\n\t\t\t\t\t\t<div class=\"elementor-container elementor-column-gap-extended\">\n\t\t\t\t\t<div class=\"elementor-column elementor-col-100 elementor-top-column elementor-element elementor-element-423259a0\" data-id=\"423259a0\" data-element_type=\"column\" data-e-type=\"column\">\n\t\t\t<div class=\"elementor-widget-wrap elementor-element-populated\">\n\t\t\t\t\t\t<div class=\"elementor-element elementor-element-4a9881a0 elementor-widget elementor-widget-nuss-heading\" data-id=\"4a9881a0\" data-element_type=\"widget\" data-e-type=\"widget\" data-widget_type=\"nuss-heading.default\">\n\t\t\t\t<div class=\"elementor-widget-container\">\n\t\t\t\t\t\t\t<div class=\"nuss-modern-heading\">\r\n\t\t\t\t\t\t<div class=\"heading-secondary-wrap\">\r\n\t\t\t\t<h3 class=\"heading-secondary elementor-heading-title\">Ch\u00e8que disponible <\/h3>\t\t\t<\/div>\r\n\t\t\r\n\t\t\t\r\n\t\t\t\r\n\t\t\t\t\t<\/div>\r\n\t\t\t\t\t<\/div>\n\t\t\t\t<\/div>\n\t\t\t\t<div class=\"elementor-element elementor-element-337c6f8f elementor-widget elementor-widget-text-editor\" data-id=\"337c6f8f\" data-element_type=\"widget\" data-e-type=\"widget\" data-widget_type=\"text-editor.default\">\n\t\t\t\t\t\t\t\t\t<iframe border=\"0\" src=\"https:\/\/www.trip.com\/partners\/ad\/S6319350?Allianceid=7116208&#038;SID=271828250&#038;trip_sub1=\" style=\"width:1200px;height:200px\" frameborder=\"0\" scrolling=\"no\" id=\"S6319350\"><\/iframe>\t\t\t\t\t\t\t\t<\/div>\n\t\t\t\t\t<\/div>\n\t\t<\/div>\n\t\t\t\t\t<\/div>\n\t\t<\/section>\n\t\t\t\t<\/div>","protected":false},"excerpt":{"rendered":"<p>Savor the Soul of Lingnan: Culinary Adventures at Chimelong Xiangjiang Hotel\u2019s On-Site Restaurants Nestled beside the roaring lions and playful pandas of Guangzhou Chimelong Safari Park, Chimelong Xiangjiang Hotel doesn\u2019t just offer a place to rest \u2014 it invites you to indulge in a gastronomic journey that blends heritage, innovation, and family-friendly charm. Whether you\u2019re [&hellip;]<\/p>\n","protected":false},"author":1,"featured_media":0,"parent":0,"menu_order":0,"comment_status":"closed","ping_status":"closed","template":"","meta":{"footnotes":""},"class_list":["post-612","page","type-page","status-publish","hentry","post-no-thumbnail"],"_links":{"self":[{"href":"https:\/\/chimelongxiangjianghotel.com\/fr\/wp-json\/wp\/v2\/pages\/612","targetHints":{"allow":["GET"]}}],"collection":[{"href":"https:\/\/chimelongxiangjianghotel.com\/fr\/wp-json\/wp\/v2\/pages"}],"about":[{"href":"https:\/\/chimelongxiangjianghotel.com\/fr\/wp-json\/wp\/v2\/types\/page"}],"author":[{"embeddable":true,"href":"https:\/\/chimelongxiangjianghotel.com\/fr\/wp-json\/wp\/v2\/users\/1"}],"replies":[{"embeddable":true,"href":"https:\/\/chimelongxiangjianghotel.com\/fr\/wp-json\/wp\/v2\/comments?post=612"}],"version-history":[{"count":0,"href":"https:\/\/chimelongxiangjianghotel.com\/fr\/wp-json\/wp\/v2\/pages\/612\/revisions"}],"wp:attachment":[{"href":"https:\/\/chimelongxiangjianghotel.com\/fr\/wp-json\/wp\/v2\/media?parent=612"}],"curies":[{"name":"wp","href":"https:\/\/api.w.org\/{rel}","templated":true}]}}