{"id":5266,"date":"2021-07-18T08:03:35","date_gmt":"2021-07-18T08:03:35","guid":{"rendered":"https:\/\/nuss.uxper.co\/luxury-resort\/?page_id=5266"},"modified":"2025-11-06T05:08:39","modified_gmt":"2025-11-06T05:08:39","slug":"a-propos-de-nous","status":"publish","type":"page","link":"https:\/\/chimelongxiangjianghotel.com\/fr\/about-us\/","title":{"rendered":"\u00c0 propos de nous"},"content":{"rendered":"<div data-elementor-type=\"wp-page\" data-elementor-id=\"5266\" class=\"elementor elementor-5266\">\n\t\t\t\t\t\t<section class=\"elementor-section elementor-top-section elementor-element elementor-element-10416953 elementor-section-boxed elementor-section-gap-beside-yes elementor-section-height-default elementor-section-height-default elementor-section-column-vertical-align-stretch\" data-id=\"10416953\" data-element_type=\"section\" data-e-type=\"section\">\n\t\t\t\t\t\t<div class=\"elementor-container elementor-column-gap-extended\">\n\t\t\t\t\t<div class=\"elementor-column elementor-col-100 elementor-top-column elementor-element elementor-element-29c6aa8\" data-id=\"29c6aa8\" data-element_type=\"column\" data-e-type=\"column\">\n\t\t\t<div class=\"elementor-widget-wrap elementor-element-populated\">\n\t\t\t\t\t\t<div class=\"elementor-element elementor-element-7be18fe7 elementor-widget__width-initial elementor-invisible elementor-widget elementor-widget-text-editor\" data-id=\"7be18fe7\" data-element_type=\"widget\" data-e-type=\"widget\" data-settings=\"{&quot;_animation&quot;:&quot;nussFadeInUp&quot;}\" data-widget_type=\"text-editor.default\">\n\t\t\t\t\t\t\t\t\t<div class=\"svelte-1c06zsf\" data-lang-code=\"\"><p><strong data-spm-anchor-id=\"a2ty_o01.29997173.0.i36.4279c9216pn6la\">H\u00f4tel Chimelong Xiangjiang \u2013 Votre porte d&#039;entr\u00e9e familiale id\u00e9ale pour une aventure faunique \u00e0 Guangzhou<\/strong><\/p><\/div>\t\t\t\t\t\t\t\t<\/div>\n\t\t\t\t\t<\/div>\n\t\t<\/div>\n\t\t\t\t\t<\/div>\n\t\t<\/section>\n\t\t\t\t<section class=\"elementor-section elementor-top-section elementor-element elementor-element-7d18327f elementor-section-boxed elementor-section-gap-beside-yes elementor-section-height-default elementor-section-height-default elementor-section-column-vertical-align-stretch\" data-id=\"7d18327f\" data-element_type=\"section\" data-e-type=\"section\">\n\t\t\t\t\t\t<div class=\"elementor-container elementor-column-gap-extended\">\n\t\t\t\t\t<div class=\"elementor-column elementor-col-50 elementor-top-column elementor-element elementor-element-56533670\" data-id=\"56533670\" data-element_type=\"column\" data-e-type=\"column\">\n\t\t\t<div class=\"elementor-widget-wrap elementor-element-populated\">\n\t\t\t\t\t\t<div class=\"elementor-element elementor-element-19c3f543 elementor-drop-cap-yes elementor-drop-cap-view-default elementor-invisible elementor-widget elementor-widget-text-editor\" data-id=\"19c3f543\" data-element_type=\"widget\" data-e-type=\"widget\" data-settings=\"{&quot;_animation&quot;:&quot;nussFadeInUp&quot;,&quot;drop_cap&quot;:&quot;yes&quot;}\" data-widget_type=\"text-editor.default\">\n\t\t\t\t\t\t\t\t\t<p data-spm-anchor-id=\"a2ty_o01.29997173.0.i38.4279c9216pn6la\">Situ\u00e9 \u00e0 quelques minutes seulement du c\u00e9l\u00e8bre parc safari de Chimelong, <strong>H\u00f4tel Chimelong Xiangjiang<\/strong> Bien plus qu&#039;un simple lieu d&#039;h\u00e9bergement, cet h\u00f4tel 4 \u00e9toiles offre une exp\u00e9rience immersive et familiale unique, alliant confort, commodit\u00e9s et charme ludique. Situ\u00e9 au 609, rue Mengyong, section de la route nationale 105, district de Panyu, \u00e0 Guangzhou, il b\u00e9n\u00e9ficie d&#039;une situation id\u00e9ale pour les clients souhaitant acc\u00e9der facilement aux attractions passionnantes de Chimelong, telles que le Safari Park, Happy World et l&#039;aquarium Grandview. Des navettes gratuites desservent r\u00e9guli\u00e8rement tous les principaux sites.<\/p>\t\t\t\t\t\t\t\t<\/div>\n\t\t\t\t\t<\/div>\n\t\t<\/div>\n\t\t\t\t<div class=\"elementor-column elementor-col-50 elementor-top-column elementor-element elementor-element-30f14127\" data-id=\"30f14127\" data-element_type=\"column\" data-e-type=\"column\">\n\t\t\t<div class=\"elementor-widget-wrap elementor-element-populated\">\n\t\t\t\t\t\t<div class=\"elementor-element elementor-element-59aea08 elementor-widget elementor-widget-image\" data-id=\"59aea08\" data-element_type=\"widget\" data-e-type=\"widget\" data-widget_type=\"image.default\">\n\t\t\t\t\t\t\t\t\t\t\t\t\t\t\t<img fetchpriority=\"high\" decoding=\"async\" width=\"1024\" height=\"682\" src=\"https:\/\/chimelongxiangjianghotel.com\/wp-content\/uploads\/2025\/11\/Chimelong-Xiangjiang-Hotel-66-1024x682.webp\" class=\"attachment-large size-large wp-image-7223\" alt=\"\" srcset=\"https:\/\/chimelongxiangjianghotel.com\/wp-content\/uploads\/2025\/11\/Chimelong-Xiangjiang-Hotel-66-1024x682.webp 1024w, https:\/\/chimelongxiangjianghotel.com\/wp-content\/uploads\/2025\/11\/Chimelong-Xiangjiang-Hotel-66-300x200.webp 300w, https:\/\/chimelongxiangjianghotel.com\/wp-content\/uploads\/2025\/11\/Chimelong-Xiangjiang-Hotel-66-768x512.webp 768w, https:\/\/chimelongxiangjianghotel.com\/wp-content\/uploads\/2025\/11\/Chimelong-Xiangjiang-Hotel-66-18x12.webp 18w, https:\/\/chimelongxiangjianghotel.com\/wp-content\/uploads\/2025\/11\/Chimelong-Xiangjiang-Hotel-66.webp 1280w\" sizes=\"(max-width: 1024px) 100vw, 1024px\" \/>\t\t\t\t\t\t\t\t\t\t\t\t\t\t\t<\/div>\n\t\t\t\t\t<\/div>\n\t\t<\/div>\n\t\t\t\t\t<\/div>\n\t\t<\/section>\n\t\t\t\t<section class=\"elementor-section elementor-top-section elementor-element elementor-element-29fb8578 elementor-section-height-min-height elementor-section-stretched elementor-section-full_width elementor-section-items-stretch elementor-section-height-default elementor-section-column-vertical-align-stretch\" data-id=\"29fb8578\" data-element_type=\"section\" data-e-type=\"section\" data-settings=\"{&quot;stretch_section&quot;:&quot;section-stretched&quot;}\">\n\t\t\t\t\t\t<div class=\"elementor-container elementor-column-gap-no\">\n\t\t\t\t\t<div class=\"elementor-column elementor-col-50 elementor-top-column elementor-element elementor-element-40ac270b\" data-id=\"40ac270b\" data-element_type=\"column\" data-e-type=\"column\">\n\t\t\t<div class=\"elementor-widget-wrap elementor-element-populated\">\n\t\t\t\t\t\t<div class=\"elementor-element elementor-element-20872773 elementor-widget__width-initial elementor-widget-mobile__width-inherit elementor-invisible nuss-elementor-loading nuss-slide-in-right elementor-widget elementor-widget-image\" data-id=\"20872773\" data-element_type=\"widget\" data-e-type=\"widget\" data-settings=\"{&quot;_animation&quot;:&quot;nussSlideInRight&quot;}\" data-widget_type=\"image.default\">\n\t\t\t\t\t\t\t\t\t\t\t\t\t\t\t<img decoding=\"async\" width=\"1215\" height=\"853\" src=\"https:\/\/chimelongxiangjianghotel.com\/wp-content\/uploads\/2025\/11\/Chimelong-Xiangjiang-Hotel-73.webp\" class=\"attachment-full size-full wp-image-7230\" alt=\"\" srcset=\"https:\/\/chimelongxiangjianghotel.com\/wp-content\/uploads\/2025\/11\/Chimelong-Xiangjiang-Hotel-73.webp 1215w, https:\/\/chimelongxiangjianghotel.com\/wp-content\/uploads\/2025\/11\/Chimelong-Xiangjiang-Hotel-73-300x211.webp 300w, https:\/\/chimelongxiangjianghotel.com\/wp-content\/uploads\/2025\/11\/Chimelong-Xiangjiang-Hotel-73-1024x719.webp 1024w, https:\/\/chimelongxiangjianghotel.com\/wp-content\/uploads\/2025\/11\/Chimelong-Xiangjiang-Hotel-73-768x539.webp 768w, https:\/\/chimelongxiangjianghotel.com\/wp-content\/uploads\/2025\/11\/Chimelong-Xiangjiang-Hotel-73-18x12.webp 18w\" sizes=\"(max-width: 1215px) 100vw, 1215px\" \/>\t\t\t\t\t\t\t\t\t\t\t\t\t\t\t<\/div>\n\t\t\t\t\t<\/div>\n\t\t<\/div>\n\t\t\t\t<div class=\"elementor-column elementor-col-50 elementor-top-column elementor-element elementor-element-2dac103\" data-id=\"2dac103\" data-element_type=\"column\" data-e-type=\"column\">\n\t\t\t<div class=\"elementor-widget-wrap elementor-element-populated\">\n\t\t\t\t\t\t<div class=\"elementor-element elementor-element-6f1b8966 elementor-invisible elementor-widget elementor-widget-text-editor\" data-id=\"6f1b8966\" data-element_type=\"widget\" data-e-type=\"widget\" data-settings=\"{&quot;_animation&quot;:&quot;nussFadeInUp&quot;}\" data-widget_type=\"text-editor.default\">\n\t\t\t\t\t\t\t\t\t<p data-spm-anchor-id=\"a2ty_o01.29997173.0.i37.4279c9216pn6la\">Ouvert initialement en 1989 sous le nom de restaurant Xiangjiang, cet \u00e9tablissement embl\u00e9matique s&#039;est transform\u00e9 en un joyau de l&#039;h\u00f4tellerie moderne sous l&#039;\u00e9gide du prestigieux groupe Chimelong, perp\u00e9tuant ainsi sa tradition d&#039;excellence en mati\u00e8re de service et de souci du d\u00e9tail. Le th\u00e8me de l&#039;h\u00f4tel, \u201c Route de la Soie maritime \u2013 Impressions du Lingnan \u201d, m\u00eale l&#039;esth\u00e9tique traditionnelle du sud de la Chine au confort contemporain, cr\u00e9ant une atmosph\u00e8re chaleureuse et culturellement riche d\u00e8s l&#039;entr\u00e9e dans le hall, orn\u00e9 d&#039;\u00e9l\u00e9gants lustres, de fen\u00eatres de style mandchou et d&#039;\u00e9l\u00e9ments architecturaux typiques du Lingnan.<\/p><div class=\"my-2\">\u00a0<\/div><p>Avec <strong>333 chambres d&#039;h\u00f4tes soigneusement con\u00e7ues<\/strong> R\u00e9partis sur 21 \u00e9tages, tous les s\u00e9jours sont con\u00e7us pour les familles et les amoureux des animaux. Choisissez parmi des h\u00e9bergements originaux et insolites. <strong>Chambres sur le th\u00e8me de la girafe, du tigre ou de l&#039;\u00e9l\u00e9phant<\/strong>, Chaque chambre est d\u00e9cor\u00e9e de fresques murales ludiques, et comprend une literie confortable, le Wi-Fi gratuit, un r\u00e9frig\u00e9rateur et une salle de bains privative avec eau chaude instantan\u00e9e. Les familles appr\u00e9cieront particuli\u00e8rement l&#039;espace g\u00e9n\u00e9reux. <strong>Salles familiales<\/strong>, qui offrent des espaces de vie et de couchage s\u00e9par\u00e9s ainsi que des lits d&#039;enfants d\u00e9di\u00e9s \u2014 parfaits pour les s\u00e9jours multig\u00e9n\u00e9rationnels ou les vacances prolong\u00e9es.<\/p>\t\t\t\t\t\t\t\t<\/div>\n\t\t\t\t\t<\/div>\n\t\t<\/div>\n\t\t\t\t\t<\/div>\n\t\t<\/section>\n\t\t\t\t<section class=\"elementor-section elementor-top-section elementor-element elementor-element-bf65ccb elementor-section-height-min-height elementor-section-stretched elementor-section-full_width elementor-section-items-stretch elementor-section-height-default elementor-section-column-vertical-align-stretch\" data-id=\"bf65ccb\" data-element_type=\"section\" data-e-type=\"section\" data-settings=\"{&quot;stretch_section&quot;:&quot;section-stretched&quot;}\">\n\t\t\t\t\t\t<div class=\"elementor-container elementor-column-gap-no\">\n\t\t\t\t\t<div class=\"elementor-column elementor-col-50 elementor-top-column elementor-element elementor-element-2a289bd\" data-id=\"2a289bd\" data-element_type=\"column\" data-e-type=\"column\">\n\t\t\t<div class=\"elementor-widget-wrap elementor-element-populated\">\n\t\t\t\t\t\t<div class=\"elementor-element elementor-element-0a57948 elementor-invisible elementor-widget elementor-widget-text-editor\" data-id=\"0a57948\" data-element_type=\"widget\" data-e-type=\"widget\" data-settings=\"{&quot;_animation&quot;:&quot;nussFadeInUp&quot;}\" data-widget_type=\"text-editor.default\">\n\t\t\t\t\t\t\t\t\t<p data-spm-anchor-id=\"a2ty_o01.29997173.0.i41.4279c9216pn6la\">Au-del\u00e0 des chambres, l&#039;h\u00f4tel brille par son <strong>\u00e9quipements adapt\u00e9s aux familles<\/strong>: le vibrant <strong>Pays des merveilles des enfants<\/strong> Au premier \u00e9tage, les enfants sont \u00e9merveill\u00e9s par des \u00e9crans LED interactifs, des activit\u00e9s th\u00e9matiques et une confiserie (Xingjiang Happy Galley) regorgeant de bonbons et de souvenirs Chimelong. <strong>Auto-\u00e9cole pour enfants<\/strong> permet aux tout-petits de profiter de jeux supervis\u00e9s pendant que les parents se d\u00e9tendent \u00e0 proximit\u00e9.<\/p><div class=\"my-2\">\u00a0<\/div><p data-spm-anchor-id=\"a2ty_o01.29997173.0.i40.4279c9216pn6la\">La gastronomie est un autre point fort : savourez une authentique cuisine cantonaise au <strong>Restaurant chinois Xiangjiang<\/strong>, install\u00e9 dans un d\u00e9cor classique de style Lingnan avec des salles \u00e0 manger priv\u00e9es pouvant accueillir jusqu&#039;\u00e0 160 convives. Pour des en-cas rapides et des saveurs fusion, rendez-vous \u00e0 <strong>Restaurant de th\u00e9 Xinglong<\/strong>, sur le th\u00e8me des \u201c Huit sites incontournables de Yangcheng \u201d, proposant un large choix de plats, des dim sum \u00e0 la hongkongaise aux classiques occidentaux, le tout servi dans une cuisine ouverte anim\u00e9e avec des places assises \u00e0 l&#039;int\u00e9rieur et \u00e0 l&#039;ext\u00e9rieur.<\/p><div class=\"my-2\">\u00a0<\/div><p>Les clients sont dithyrambiques \u00e0 propos de l&#039;h\u00f4tel. <strong>Propret\u00e9 impeccable, personnel multilingue et accueillant, et petites attentions d\u00e9licates<\/strong> \u2014 des articles de toilette de qualit\u00e9, une climatisation silencieuse et une connexion Wi-Fi performante. Les voyageurs appr\u00e9cient \u00e9galement l&#039;excellente organisation\u00a0: parking gratuit, r\u00e9ception ouverte 24\u00a0h\/24, consigne \u00e0 bagages, r\u00e9servation de taxis et m\u00eame outils de traduction facilitent grandement les d\u00e9placements \u00e0 Guangzhou.<\/p><div class=\"my-2\">\u00a0<\/div><p data-spm-anchor-id=\"a2ty_o01.29997173.0.i42.4279c9216pn6la\">Que vous visitiez Guangzhou en haute saison ou profitiez d&#039;une escapade plus tranquille hors saison, l&#039;h\u00f4tel Chimelong Xiangjiang se distingue comme un choix de premier ordre \u2013 class\u00e9 #7 parmi les h\u00f4tels familiaux de Guangzhou \u2013 gr\u00e2ce \u00e0 son emplacement exceptionnel, ses chambres charmantes, sa cuisine savoureuse et son accueil chaleureux. R\u00e9servez votre s\u00e9jour d\u00e8s aujourd&#039;hui et faites de votre aventure au Chimelong un souvenir familial inoubliable.<\/p>\t\t\t\t\t\t\t\t<\/div>\n\t\t\t\t\t<\/div>\n\t\t<\/div>\n\t\t\t\t<div class=\"elementor-column elementor-col-50 elementor-top-column elementor-element elementor-element-c746b58\" data-id=\"c746b58\" data-element_type=\"column\" data-e-type=\"column\">\n\t\t\t<div class=\"elementor-widget-wrap elementor-element-populated\">\n\t\t\t\t\t\t<div class=\"elementor-element elementor-element-a4af331 elementor-widget__width-initial elementor-widget-mobile__width-inherit elementor-invisible nuss-elementor-loading nuss-slide-in-right elementor-widget elementor-widget-image\" data-id=\"a4af331\" data-element_type=\"widget\" data-e-type=\"widget\" data-settings=\"{&quot;_animation&quot;:&quot;nussSlideInRight&quot;}\" data-widget_type=\"image.default\">\n\t\t\t\t\t\t\t\t\t\t\t\t\t\t\t<img decoding=\"async\" width=\"1280\" height=\"853\" src=\"https:\/\/chimelongxiangjianghotel.com\/wp-content\/uploads\/2025\/11\/Chimelong-Xiangjiang-Hotel-60.webp\" class=\"attachment-full size-full wp-image-7217\" alt=\"\" srcset=\"https:\/\/chimelongxiangjianghotel.com\/wp-content\/uploads\/2025\/11\/Chimelong-Xiangjiang-Hotel-60.webp 1280w, https:\/\/chimelongxiangjianghotel.com\/wp-content\/uploads\/2025\/11\/Chimelong-Xiangjiang-Hotel-60-300x200.webp 300w, https:\/\/chimelongxiangjianghotel.com\/wp-content\/uploads\/2025\/11\/Chimelong-Xiangjiang-Hotel-60-1024x682.webp 1024w, https:\/\/chimelongxiangjianghotel.com\/wp-content\/uploads\/2025\/11\/Chimelong-Xiangjiang-Hotel-60-768x512.webp 768w, https:\/\/chimelongxiangjianghotel.com\/wp-content\/uploads\/2025\/11\/Chimelong-Xiangjiang-Hotel-60-18x12.webp 18w\" sizes=\"(max-width: 1280px) 100vw, 1280px\" \/>\t\t\t\t\t\t\t\t\t\t\t\t\t\t\t<\/div>\n\t\t\t\t\t<\/div>\n\t\t<\/div>\n\t\t\t\t\t<\/div>\n\t\t<\/section>\n\t\t\t\t<section class=\"elementor-section elementor-top-section elementor-element elementor-element-2092b7d0 elementor-section-stretched elementor-section-boxed elementor-section-gap-beside-yes elementor-section-height-default elementor-section-height-default elementor-section-column-vertical-align-stretch\" data-id=\"2092b7d0\" data-element_type=\"section\" data-e-type=\"section\" data-settings=\"{&quot;background_background&quot;:&quot;classic&quot;,&quot;stretch_section&quot;:&quot;section-stretched&quot;}\">\n\t\t\t\t\t\t<div class=\"elementor-container elementor-column-gap-extended\">\n\t\t\t\t\t<div class=\"elementor-column elementor-col-100 elementor-top-column elementor-element elementor-element-be69d75\" data-id=\"be69d75\" data-element_type=\"column\" data-e-type=\"column\">\n\t\t\t<div class=\"elementor-widget-wrap elementor-element-populated\">\n\t\t\t\t\t\t<div class=\"elementor-element elementor-element-320c022 elementor-widget elementor-widget-nuss-heading\" data-id=\"320c022\" data-element_type=\"widget\" data-e-type=\"widget\" data-widget_type=\"nuss-heading.default\">\n\t\t\t\t<div class=\"elementor-widget-container\">\n\t\t\t\t\t\t\t<div class=\"nuss-modern-heading\">\r\n\t\t\t\t\t\t<div class=\"heading-secondary-wrap\">\r\n\t\t\t\t<h3 class=\"heading-secondary elementor-heading-title\">Ch\u00e8que disponible <\/h3>\t\t\t<\/div>\r\n\t\t\r\n\t\t\t\r\n\t\t\t\r\n\t\t\t\t\t<\/div>\r\n\t\t\t\t\t<\/div>\n\t\t\t\t<\/div>\n\t\t\t\t<div class=\"elementor-element elementor-element-fe69a93 elementor-widget elementor-widget-text-editor\" data-id=\"fe69a93\" data-element_type=\"widget\" data-e-type=\"widget\" data-widget_type=\"text-editor.default\">\n\t\t\t\t\t\t\t\t\t<iframe border=\"0\" src=\"https:\/\/www.trip.com\/partners\/ad\/S6319350?Allianceid=7116208&#038;SID=271828250&#038;trip_sub1=\" style=\"width:1200px;height:200px\" frameborder=\"0\" scrolling=\"no\" id=\"S6319350\"><\/iframe>\t\t\t\t\t\t\t\t<\/div>\n\t\t\t\t\t<\/div>\n\t\t<\/div>\n\t\t\t\t\t<\/div>\n\t\t<\/section>\n\t\t\t\t<\/div>","protected":false},"excerpt":{"rendered":"<p>Chimelong Xiangjiang Hotel \u2013 Your Ultimate Family Gateway to Guangzhou\u2019s Wildlife Adventure Nestled just minutes from the world-famous Chimelong Safari Park, Chimelong Xiangjiang Hotel offers more than just a place to sleep \u2014 it delivers an immersive, family-first experience that seamlessly blends comfort, convenience, and playful charm. Located at No. 609 Mengyong Road, Section of [&hellip;]<\/p>\n","protected":false},"author":1,"featured_media":0,"parent":0,"menu_order":0,"comment_status":"closed","ping_status":"closed","template":"","meta":{"footnotes":""},"class_list":["post-5266","page","type-page","status-publish","hentry","post-no-thumbnail"],"_links":{"self":[{"href":"https:\/\/chimelongxiangjianghotel.com\/fr\/wp-json\/wp\/v2\/pages\/5266","targetHints":{"allow":["GET"]}}],"collection":[{"href":"https:\/\/chimelongxiangjianghotel.com\/fr\/wp-json\/wp\/v2\/pages"}],"about":[{"href":"https:\/\/chimelongxiangjianghotel.com\/fr\/wp-json\/wp\/v2\/types\/page"}],"author":[{"embeddable":true,"href":"https:\/\/chimelongxiangjianghotel.com\/fr\/wp-json\/wp\/v2\/users\/1"}],"replies":[{"embeddable":true,"href":"https:\/\/chimelongxiangjianghotel.com\/fr\/wp-json\/wp\/v2\/comments?post=5266"}],"version-history":[{"count":0,"href":"https:\/\/chimelongxiangjianghotel.com\/fr\/wp-json\/wp\/v2\/pages\/5266\/revisions"}],"wp:attachment":[{"href":"https:\/\/chimelongxiangjianghotel.com\/fr\/wp-json\/wp\/v2\/media?parent=5266"}],"curies":[{"name":"wp","href":"https:\/\/api.w.org\/{rel}","templated":true}]}}