{"id":2106,"date":"2021-03-25T04:08:26","date_gmt":"2021-03-25T04:08:26","guid":{"rendered":"http:\/\/localhost\/nuss\/?page_id=298"},"modified":"2025-11-06T05:41:44","modified_gmt":"2025-11-06T05:41:44","slug":"experiences","status":"publish","type":"page","link":"https:\/\/chimelongxiangjianghotel.com\/fr\/experiences\/","title":{"rendered":"Derniers avis sur Chimelong Xiangjiang"},"content":{"rendered":"<div data-elementor-type=\"wp-page\" data-elementor-id=\"2106\" class=\"elementor elementor-2106\">\n\t\t\t\t\t\t<section class=\"elementor-section elementor-top-section elementor-element elementor-element-1954ffc elementor-section-boxed elementor-section-gap-beside-yes elementor-section-height-default elementor-section-height-default elementor-section-column-vertical-align-stretch\" data-id=\"1954ffc\" data-element_type=\"section\" data-e-type=\"section\">\n\t\t\t\t\t\t<div class=\"elementor-container elementor-column-gap-extended\">\n\t\t\t\t\t<div class=\"elementor-column elementor-col-100 elementor-top-column elementor-element elementor-element-86aebc5\" data-id=\"86aebc5\" data-element_type=\"column\" data-e-type=\"column\">\n\t\t\t<div class=\"elementor-widget-wrap elementor-element-populated\">\n\t\t\t\t\t\t<div class=\"elementor-element elementor-element-11803d1 elementor-widget__width-initial elementor-invisible elementor-widget elementor-widget-text-editor\" data-id=\"11803d1\" data-element_type=\"widget\" data-e-type=\"widget\" data-settings=\"{&quot;_animation&quot;:&quot;nussFadeInUp&quot;}\" data-widget_type=\"text-editor.default\">\n\t\t\t\t\t\t\t\t\t<div class=\"svelte-1c06zsf\" data-lang-code=\"\"><p><strong data-spm-anchor-id=\"a2ty_o01.29997173.0.i57.4279c9216pn6la\">Avis sur l&#039;h\u00f4tel Chimelong Xiangjiang\u00a0: t\u00e9moignages de familles, de voyageurs et de clients d&#039;affaires.\u00a0<\/strong><\/p><\/div>\t\t\t\t\t\t\t\t<\/div>\n\t\t\t\t\t<\/div>\n\t\t<\/div>\n\t\t\t\t\t<\/div>\n\t\t<\/section>\n\t\t<div class=\"elementor-element elementor-element-95e7268 e-flex e-con-boxed e-con e-parent\" data-id=\"95e7268\" data-element_type=\"container\" data-e-type=\"container\">\n\t\t\t\t\t<div class=\"e-con-inner\">\n\t\t\t\t<div class=\"elementor-element elementor-element-bd47571 elementor-widget elementor-widget-image\" data-id=\"bd47571\" data-element_type=\"widget\" data-e-type=\"widget\" data-widget_type=\"image.default\">\n\t\t\t\t\t\t\t\t\t\t\t\t\t\t\t\t<a href=\"https:\/\/www.trip.com\/hotels\/guangzhou-hotel-detail-23406093\/chimelong-xiangjiang-hotel-guangzhou-changlong-wildlife-world\/?Allianceid=7116208&#038;SID=271828250&#038;trip_sub1=&#038;trip_sub3=D6321520\" target=\"_blank\" rel=\"noopener\">\n\t\t\t\t\t\t\t<img fetchpriority=\"high\" decoding=\"async\" width=\"1720\" height=\"1510\" src=\"https:\/\/chimelongxiangjianghotel.com\/wp-content\/uploads\/2025\/11\/reviews.jpg\" class=\"attachment-full size-full wp-image-7366\" alt=\"\" srcset=\"https:\/\/chimelongxiangjianghotel.com\/wp-content\/uploads\/2025\/11\/reviews.jpg 1720w, https:\/\/chimelongxiangjianghotel.com\/wp-content\/uploads\/2025\/11\/reviews-300x263.jpg 300w, https:\/\/chimelongxiangjianghotel.com\/wp-content\/uploads\/2025\/11\/reviews-1024x899.jpg 1024w, https:\/\/chimelongxiangjianghotel.com\/wp-content\/uploads\/2025\/11\/reviews-768x674.jpg 768w, https:\/\/chimelongxiangjianghotel.com\/wp-content\/uploads\/2025\/11\/reviews-1536x1348.jpg 1536w, https:\/\/chimelongxiangjianghotel.com\/wp-content\/uploads\/2025\/11\/reviews-14x12.jpg 14w\" sizes=\"(max-width: 1720px) 100vw, 1720px\" \/>\t\t\t\t\t\t\t\t<\/a>\n\t\t\t\t\t\t\t\t\t\t\t\t\t\t\t<\/div>\n\t\t\t\t\t<\/div>\n\t\t\t\t<\/div>\n\t\t<div class=\"elementor-element elementor-element-3e39171 e-flex e-con-boxed e-con e-parent\" data-id=\"3e39171\" data-element_type=\"container\" data-e-type=\"container\">\n\t\t\t\t\t<div class=\"e-con-inner\">\n\t\t\t\t<div class=\"elementor-element elementor-element-7761d0c elementor-widget elementor-widget-text-editor\" data-id=\"7761d0c\" data-element_type=\"widget\" data-e-type=\"widget\" data-widget_type=\"text-editor.default\">\n\t\t\t\t\t\t\t\t\t<p data-spm-anchor-id=\"a2ty_o01.29997173.0.i58.4279c9216pn6la\">Si vous pr\u00e9voyez un voyage au c\u00e9l\u00e8bre parc safari Chimelong de Guangzhou, ou si vous recherchez simplement un h\u00f4tel familial de caract\u00e8re, pratique et charmant, <strong>H\u00f4tel Chimelong Xiangjiang<\/strong> Obtient r\u00e9guli\u00e8rement d&#039;excellentes notes de la part des voyageurs. Avec plus de <strong>2\u00a0756 avis v\u00e9rifi\u00e9s<\/strong> sur Trip.com et une note exceptionnelle <strong>Note globale de 9,4\/10<\/strong>, Cet \u00e9tablissement 4 \u00e9toiles n&#039;est pas un simple h\u00e9bergement pr\u00e8s du parc, c&#039;est une destination \u00e0 part enti\u00e8re.<\/p><p>Voici ce que les clients disent de leur s\u00e9jour, class\u00e9 par grandes cat\u00e9gories, pour vous aider \u00e0 planifier votre visite id\u00e9ale.<\/p><div class=\"py-2 my-3\"><hr \/><\/div><h3>\ud83c\udf1f <strong>Note globale des clients\u00a0: 9,4\/10 \u2014 \u201c\u00a0Exceptionnel\u00a0\u201d<\/strong><\/h3><p>Les clients d\u00e9crivent l&#039;h\u00f4tel Chimelong Xiangjiang comme \u201c propre \u201d, \u201c confortable \u201d, \u201c id\u00e9al pour les familles \u201d et \u201c parfaitement situ\u00e9 \u201d. Nombreux sont ceux qui soulignent que, m\u00eame s&#039;il ne s&#039;agit pas d&#039;un complexe h\u00f4telier de luxe, il offre un excellent rapport qualit\u00e9-prix, un service attentionn\u00e9 et une exp\u00e9rience immersive sur le th\u00e8me du safari qui ravit petits et grands.<\/p><blockquote><p><em>\u201c Nous avons choisi l&#039;option la plus \u00e9conomique parmi trois h\u00f4tels\u2026 mais \u00e0 notre grande surprise, elle s&#039;est av\u00e9r\u00e9e \u00eatre parfaite pour nous ! \u201d<\/em><br \/>\u2014 Zhaoqipo, septembre 2025<\/p><\/blockquote><blockquote><p><em>\u201c La salle de bain \u00e9tait impeccable\u2026 le signal Wi-Fi \u00e9tait constamment excellent\u2026 la climatisation \u00e9tait remarquablement silencieuse\u2026 J\u2019ai pass\u00e9 un s\u00e9jour tr\u00e8s agr\u00e9able et je recommanderais sans h\u00e9siter cet h\u00f4tel \u00e0 mes amis. \u201d<\/em><br \/>\u2014 _WeChat252974****, septembre 2025<\/p><\/blockquote><div class=\"py-2 my-3\"><hr \/><\/div><h3>\ud83d\udccd <strong>Emplacement : 9,5\/10 \u2014 \u00c0 quelques minutes du parc safari de Chimelong<\/strong><\/h3><p>Nich\u00e9 au num\u00e9ro 609 de la route Mengyong, dans le district de Panyu, l&#039;h\u00f4tel se trouve juste \u00e0 c\u00f4t\u00e9 du parc safari Chimelong. <strong>trajet en navette de 8 minutes<\/strong> Les visiteurs sont unanimes quant au service de navette gratuit, qui dessert r\u00e9guli\u00e8rement toutes les principales attractions de Chimelong, notamment Happy World et l&#039;aquarium de Grandview.<\/p><p>L&#039;accessibilit\u00e9 est un atout majeur\u00a0:<\/p><ul dir=\"auto\"><li><strong>Lignes de m\u00e9tro 3 et 7<\/strong>: 1,8 km de la gare de Dashi<\/li><li><strong>Gare du Sud de Guangzhou<\/strong>: trajet en taxi de 15 minutes<\/li><li><strong>A\u00e9roport de Foshan Shadi<\/strong>: 31,8 km (~49 min en voiture)<\/li><li><strong>Parking gratuit<\/strong> Disponible sur place \u2013 aucune r\u00e9servation n\u00e9cessaire<\/li><\/ul><blockquote><p><em>\u201c Un arr\u00eat de navette juste devant l&#039;entr\u00e9e rendait l&#039;acc\u00e8s au zoo et \u00e0 Happy World incroyablement pratique. \u201d<\/em><br \/>\u2014 _WeChat252974****<\/p><\/blockquote><div class=\"py-2 my-3\"><hr \/><\/div><h3>\ud83e\uddf9 <strong>Propret\u00e9 : 9,6\/10 \u2014 Chambres impeccables et entretien irr\u00e9prochable<\/strong><\/h3><p>C\u2019est l\u00e0 que l\u2019h\u00f4tel Chimelong Xiangjiang excelle v\u00e9ritablement. Les avis, les uns apr\u00e8s les autres, font l\u2019\u00e9loge de <strong>salles de bains impeccables<\/strong>, <strong>surfaces sans poussi\u00e8re<\/strong>, <strong>linge frais<\/strong>, et <strong>produits de toilette de haute qualit\u00e9<\/strong>.<\/p><p>Note aux invit\u00e9s\u00a0:<\/p><ul dir=\"auto\"><li>S\u00e9paration humide\/sec dans les salles de bains<\/li><li>Eau chaude instantan\u00e9e \u00e0 pression stable<\/li><li>Climatisation silencieuse et efficace<\/li><li>R\u00e9frig\u00e9rateurs, t\u00e9l\u00e9viseurs intelligents et service de m\u00e9nage quotidien dans chaque chambre<\/li><\/ul><blockquote><p><em>\u201c Pas une poussi\u00e8re ne se trouvait sur les tables ni sur les rebords de fen\u00eatres\u2026 Le matelas avait la fermet\u00e9 id\u00e9ale\u2026 les oreillers \u00e9taient de la taille parfaite\u2026 m\u00eame les personnes au sommeil l\u00e9ger pouvaient profiter d\u2019une nuit de sommeil r\u00e9paratrice. \u201d<\/em><br \/>\u2014 _WeChat252974****<\/p><\/blockquote><div class=\"py-2 my-3\"><hr \/><\/div><h3>\ud83d\udc68\u200d\ud83d\udc69\u200d\ud83d\udc67\u200d\ud83d\udc66 <strong>\u00c9quipements adapt\u00e9s aux familles\u00a0: 9,3\/10 \u2014 Con\u00e7us pour les enfants et les parents<\/strong><\/h3><p>Des chambres \u00e0 th\u00e8me aux aires de jeux en passant par les \u00e9quipements adapt\u00e9s aux enfants, cet h\u00f4tel met tout en \u0153uvre pour satisfaire les familles\u00a0:<\/p><ul dir=\"auto\"><li><strong>Chambres sur le th\u00e8me du safari<\/strong>Choisissez une chambre Girafe, Tigre ou \u00c9l\u00e9phant \u2014 chacune pr\u00e9sentant des fresques ludiques et un d\u00e9cor adapt\u00e9 aux enfants.<\/li><li><strong>Salles familiales<\/strong>: Des agencements spacieux avec des espaces de vie s\u00e9par\u00e9s et des lits d&#039;enfants d\u00e9di\u00e9s.<\/li><li><strong>Pays des merveilles des enfants<\/strong>\u00c9crans LED interactifs, mobilier ludique, activit\u00e9s parents-enfants, collations, et bien plus encore ! <strong>Gal\u00e8re joyeuse de Xinjiang<\/strong> boutique de souvenirs.<\/li><li><strong>Auto-\u00e9cole pour enfants<\/strong>Espace ext\u00e9rieur o\u00f9 les enfants peuvent conduire des mini-voitures sous surveillance.<\/li><li><strong>\u00c9quipements pour enfants<\/strong>Pantoufles, peignoirs, brosses \u00e0 dents, jouets, jeux de soci\u00e9t\u00e9 et repas pour enfants.<\/li><\/ul><blockquote><p><em>\u201c Vos petits adoreront le Kids Wonderland\u2026 des cours parents-enfants int\u00e9ressants et amusants\u2026 une exp\u00e9rience merveilleusement divertissante. \u201d<\/em><br \/>\u2014 Description de l&#039;\u00e9tablissement sur Trip.com<\/p><\/blockquote><div class=\"py-2 my-3\"><hr \/><\/div><h3>\ud83c\udf7d\ufe0f <strong>Gastronomie : 9,4\/10 \u2014 Des saveurs locales qui impressionnent<\/strong><\/h3><p>Deux restaurants sur place proposent des options pour tous les go\u00fbts\u00a0:<\/p><h4>\u2705 <strong>Restaurant chinois Xiangjiang<\/strong><\/h4><ul dir=\"auto\"><li>Cuisine cantonaise authentique<\/li><li>Tables en bois de style Lingnan classique<\/li><li>Cinq salles \u00e0 manger priv\u00e9es (pouvant accueillir jusqu&#039;\u00e0 160 convives)<\/li><li>Ouvert pour le petit-d\u00e9jeuner, le d\u00e9jeuner et le d\u00eener (07:30\u201314:30, 17:00\u201321:30)<\/li><\/ul><p>Les clients le qualifient d\u201c\u201d incroyablement d\u00e9licieux \u201c et d\u201d\u00ab \u00e9tonnamment exceptionnel \u00bb, le comparant m\u00eame \u00e0 un plat local populaire. <em>cha chaan teng<\/em> (Restaurant de style hongkongais).<\/p><blockquote><p><em>\u201c Je ne m\u2019attendais vraiment pas \u00e0 ce que le restaurant soit aussi incroyable\u2026 nous avons finalement pris tous nos repas \u00e0 l\u2019h\u00f4tel pendant les trois jours. \u201d<\/em><br \/>-Zhaoqipo<\/p><\/blockquote><h4>\u2705 <strong>Restaurant de th\u00e9 Xinglong<\/strong><\/h4><ul dir=\"auto\"><li>Style fusion hongkongais (occidental + chinois)<\/li><li>Th\u00e8me : \u201c Les huit merveilles de Yangcheng \u201d<\/li><li>Cuisine ouverte, plus de 160 tables \u00e0 l&#039;int\u00e9rieur, terrasse ext\u00e9rieure<\/li><li>Options de buffet et \u00e0 la carte (de 7h00 \u00e0 10h00, de 11h00 \u00e0 14h30, de 17h00 \u00e0 20h00)<\/li><\/ul><p>Le petit-d\u00e9jeuner est souvent inclus en option gratuite, avec des choix de styles occidental et chinois, au prix de 68 CNY pour les adultes et gratuit pour les enfants de moins d&#039;un m\u00e8tre.<\/p><div class=\"py-2 my-3\"><hr \/><\/div><h3>\ud83d\udcbc <strong>Services aux entreprises et services de proximit\u00e9\u00a0: Id\u00e9al pour le travail et les loisirs<\/strong><\/h3><p>M\u00eame si vous voyagez pour affaires, vous trouverez tout ce dont vous avez besoin :<\/p><ul dir=\"auto\"><li><strong>Salle de conf\u00e9rence et espace multifonctionnel<\/strong> (avec syst\u00e8mes multim\u00e9dias)<\/li><li><strong>Services de secr\u00e9tariat, fax\/photocopies, services postaux<\/strong><\/li><li><strong>R\u00e9ception ouverte 24h\/24<\/strong> avec des outils de traduction<\/li><li><strong>Change de devises, r\u00e9servation de taxis, consigne \u00e0 bagages<\/strong><\/li><li><strong>Wi-Fi haut d\u00e9bit gratuit<\/strong> dans les espaces communs et les chambres d&#039;h\u00f4tes<\/li><li><strong>Distributeur automatique de billets, distributeurs automatiques, boutique de souvenirs<\/strong><\/li><\/ul><p>Les clients appr\u00e9cient l&#039;harmonieuse combinaison de travail et de loisirs, ce qui en fait un lieu id\u00e9al pour les voyages de motivation ou les s\u00e9jours hybrides affaires-loisirs.<\/p><div class=\"py-2 my-3\"><hr \/><\/div><h3>\ud83d\udcac <strong>Ce que les clients appr\u00e9cient le plus (r\u00e9sum\u00e9 bas\u00e9 sur l&#039;IA)<\/strong><\/h3><p>D&#039;apr\u00e8s des milliers d&#039;avis, voici ce qui ressort :<\/p><p>\u2705 <strong>Emplacement<\/strong>\u201c Emplacement de choix pr\u00e8s du parc safari de Chimelong\u2026 pratique pour visiter le zoo et les attractions touristiques \u00e0 proximit\u00e9. \u201d<\/p><p>\u2705 <strong>Propret\u00e9<\/strong>\u201c Des installations impeccables\u2026 des chambres bien entretenues\u2026 particuli\u00e8rement attrayantes pour les familles. \u201d<\/p><p>\u2705 <strong>Service<\/strong>\u201c Personnel aimable et serviable\u2026 qui se met souvent en quatre pour surclasser les chambres ou permettre les arriv\u00e9es anticip\u00e9es. \u201d<\/p><p>\u2705 <strong>\u00c9quipements<\/strong>\u201c Aire de jeux pour enfants, navettes, parking gratuit\u2026 tout cela contribue \u00e0 une exp\u00e9rience globale plus agr\u00e9able. \u201d<\/p><p>\u2705 <strong>Petit-d\u00e9jeuner<\/strong>\u201c Vari\u00e9t\u00e9 et qualit\u00e9 remarquables\u2026 souvent propos\u00e9es en option. \u201d<\/p><p>\u2705 <strong>Commodit\u00e9<\/strong>\u201c Commande de repas facile\u2026 service de conciergerie utile\u2026 choix \u00e9conomique. \u201d<\/p><div class=\"py-2 my-3\"><hr \/><\/div><h3>\u26a0\ufe0f <strong>Suggestions des clients pour l&#039;am\u00e9lioration<\/strong><\/h3><p>Bien que globalement positives, certaines critiques ont formul\u00e9 des commentaires constructifs\u00a0:<\/p><ul dir=\"auto\"><li>Am\u00e9liorer le professionnalisme du personnel aux heures de pointe<\/li><li>Am\u00e9liorer la coh\u00e9rence des contr\u00f4les d&#039;hygi\u00e8ne des chambres<\/li><li>Pr\u00e9cisez ce qui est inclus dans le forfait (en particulier les d\u00e9tails concernant le petit-d\u00e9jeuner et la navette).<\/li><li>Proposer davantage de signal\u00e9tique en anglais ou une assistance multilingue dans certaines zones<\/li><\/ul><p>Ces suggestions mineures t\u00e9moignent d&#039;attentes \u00e9lev\u00e9es et montrent \u00e0 quel point les clients prennent au s\u00e9rieux leur exp\u00e9rience dans cet h\u00f4tel tant appr\u00e9ci\u00e9.<\/p><div class=\"py-2 my-3\"><hr \/><\/div><h3>\ud83c\udfc6 <strong>Pourquoi les voyageurs reviennent sans cesse<\/strong><\/h3><p>L&#039;h\u00f4tel Chimelong Xiangjiang ne cherche pas \u00e0 plaire \u00e0 tout le monde, il se concentre sur la satisfaction de ses clients. <strong>Un rapport qualit\u00e9-prix exceptionnel pour les familles et les amateurs d&#039;aventure<\/strong> qui souhaitent profiter au maximum de leur s\u00e9jour \u00e0 Chimelong. Que vous soyez :<\/p><ul dir=\"auto\"><li>Planifier un week-end safari<\/li><li>C\u00e9l\u00e9brer un anniversaire avec des enfants<\/li><li>Organiser une petite retraite d&#039;entreprise<\/li><li>Ou tout simplement \u00e0 la recherche d&#039;un pied-\u00e0-terre propre et confortable \u00e0 proximit\u00e9 de l&#039;un des meilleurs parcs d&#039;attractions de Chine\u2026<\/li><\/ul><p>\u2026cet h\u00f4tel tient ses promesses.<\/p><p>Avec son <strong>Chambres \u00e0 th\u00e8me, cuisine d\u00e9licieuse, activit\u00e9s pour enfants et emplacement exceptionnel<\/strong>, L&#039;h\u00f4tel Chimelong Xiangjiang a m\u00e9rit\u00e9 sa place en tant que <strong>#7 figure parmi les h\u00f4tels familiaux de Guangzhou<\/strong> \u2014 et continue de conqu\u00e9rir les c\u0153urs \u00e0 chaque s\u00e9jour.<\/p><div class=\"py-2 my-3\"><hr \/><\/div><p><strong>Planifiez votre s\u00e9jour d\u00e8s aujourd&#039;hui<\/strong><\/p><p>R\u00e9servez directement via <a href=\"https:\/\/chimelongxiangjianghotel.com\/fr\/\" target=\"_blank\" rel=\"nofollow noopener\">h\u00f4telchimelongxiangjiang.com <\/a> Vous pouvez aussi utiliser des plateformes fiables comme Trip.com pour b\u00e9n\u00e9ficier des meilleurs tarifs et disponibilit\u00e9s. N&#039;oubliez pas de vous renseigner sur les horaires des navettes, les forfaits famille et les r\u00e9servations de restaurant lors de votre arriv\u00e9e\u00a0!<\/p><p data-spm-anchor-id=\"a2ty_o01.29997173.0.i59.4279c9216pn6la\">\ud83d\udccd <strong>Adresse<\/strong>N\u00b0 609, tron\u00e7on de la route Mengyong n\u00b0 105, district de Panyu, Guangzhou, Guangdong, Chine<br \/>\ud83d\udcde <strong>T\u00e9l\u00e9phone<\/strong>: +86-20-84783366<br \/>\ud83d\udd52 <strong>Enregistrement<\/strong>Apr\u00e8s 15h00 | <strong>V\u00e9rifier<\/strong>Avant 12h00<\/p>\t\t\t\t\t\t\t\t<\/div>\n\t\t\t\t\t<\/div>\n\t\t\t\t<\/div>\n\t\t\t\t<section class=\"elementor-section elementor-top-section elementor-element elementor-element-6a7e7724 elementor-section-stretched elementor-section-boxed elementor-section-gap-beside-yes elementor-section-height-default elementor-section-height-default elementor-section-column-vertical-align-stretch\" data-id=\"6a7e7724\" data-element_type=\"section\" data-e-type=\"section\" data-settings=\"{&quot;background_background&quot;:&quot;classic&quot;,&quot;stretch_section&quot;:&quot;section-stretched&quot;}\">\n\t\t\t\t\t\t<div class=\"elementor-container elementor-column-gap-extended\">\n\t\t\t\t\t<div class=\"elementor-column elementor-col-100 elementor-top-column elementor-element elementor-element-13bc3d5a\" data-id=\"13bc3d5a\" data-element_type=\"column\" data-e-type=\"column\">\n\t\t\t<div class=\"elementor-widget-wrap elementor-element-populated\">\n\t\t\t\t\t\t<div class=\"elementor-element elementor-element-543b320e elementor-widget elementor-widget-nuss-heading\" data-id=\"543b320e\" data-element_type=\"widget\" data-e-type=\"widget\" data-widget_type=\"nuss-heading.default\">\n\t\t\t\t<div class=\"elementor-widget-container\">\n\t\t\t\t\t\t\t<div class=\"nuss-modern-heading\">\r\n\t\t\t\t\t\t<div class=\"heading-secondary-wrap\">\r\n\t\t\t\t<h3 class=\"heading-secondary elementor-heading-title\">Ch\u00e8que disponible <\/h3>\t\t\t<\/div>\r\n\t\t\r\n\t\t\t\r\n\t\t\t\r\n\t\t\t\t\t<\/div>\r\n\t\t\t\t\t<\/div>\n\t\t\t\t<\/div>\n\t\t\t\t<div class=\"elementor-element elementor-element-bcb7c42 elementor-widget elementor-widget-text-editor\" data-id=\"bcb7c42\" data-element_type=\"widget\" data-e-type=\"widget\" data-widget_type=\"text-editor.default\">\n\t\t\t\t\t\t\t\t\t<iframe border=\"0\" src=\"https:\/\/www.trip.com\/partners\/ad\/S6319350?Allianceid=7116208&#038;SID=271828250&#038;trip_sub1=\" style=\"width:1200px;height:200px\" frameborder=\"0\" scrolling=\"no\" id=\"S6319350\"><\/iframe>\t\t\t\t\t\t\t\t<\/div>\n\t\t\t\t\t<\/div>\n\t\t<\/div>\n\t\t\t\t\t<\/div>\n\t\t<\/section>\n\t\t\t\t<\/div>","protected":false},"excerpt":{"rendered":"<p>Chimelong Xiangjiang Hotel Reviews: Real Guest Experiences from Families, Travelers &amp; Business Guests\u00a0 If you\u2019re planning a trip to Guangzhou\u2019s world-famous Chimelong Safari Park \u2014 or simply seeking a family-friendly hotel with character, convenience, and charm \u2014 Chimelong Xiangjiang Hotel consistently earns top marks from real travelers. With over 2,756 verified reviews on Trip.com and [&hellip;]<\/p>\n","protected":false},"author":1,"featured_media":0,"parent":0,"menu_order":0,"comment_status":"closed","ping_status":"closed","template":"","meta":{"footnotes":""},"class_list":["post-2106","page","type-page","status-publish","hentry","post-no-thumbnail"],"_links":{"self":[{"href":"https:\/\/chimelongxiangjianghotel.com\/fr\/wp-json\/wp\/v2\/pages\/2106","targetHints":{"allow":["GET"]}}],"collection":[{"href":"https:\/\/chimelongxiangjianghotel.com\/fr\/wp-json\/wp\/v2\/pages"}],"about":[{"href":"https:\/\/chimelongxiangjianghotel.com\/fr\/wp-json\/wp\/v2\/types\/page"}],"author":[{"embeddable":true,"href":"https:\/\/chimelongxiangjianghotel.com\/fr\/wp-json\/wp\/v2\/users\/1"}],"replies":[{"embeddable":true,"href":"https:\/\/chimelongxiangjianghotel.com\/fr\/wp-json\/wp\/v2\/comments?post=2106"}],"version-history":[{"count":0,"href":"https:\/\/chimelongxiangjianghotel.com\/fr\/wp-json\/wp\/v2\/pages\/2106\/revisions"}],"wp:attachment":[{"href":"https:\/\/chimelongxiangjianghotel.com\/fr\/wp-json\/wp\/v2\/media?parent=2106"}],"curies":[{"name":"wp","href":"https:\/\/api.w.org\/{rel}","templated":true}]}}