{"id":2104,"date":"2021-03-23T09:33:48","date_gmt":"2021-03-23T09:33:48","guid":{"rendered":"http:\/\/localhost\/nuss\/?page_id=167"},"modified":"2025-11-06T05:52:07","modified_gmt":"2025-11-06T05:52:07","slug":"notre-histoire","status":"publish","type":"page","link":"https:\/\/chimelongxiangjianghotel.com\/fr\/our-story\/","title":{"rendered":"Notre histoire"},"content":{"rendered":"<div data-elementor-type=\"wp-page\" data-elementor-id=\"2104\" class=\"elementor elementor-2104\">\n\t\t\t\t\t\t<section class=\"elementor-section elementor-top-section elementor-element elementor-element-8f5bb9d elementor-section-boxed elementor-section-gap-beside-yes elementor-section-height-default elementor-section-height-default elementor-section-column-vertical-align-stretch\" data-id=\"8f5bb9d\" data-element_type=\"section\" data-e-type=\"section\">\n\t\t\t\t\t\t<div class=\"elementor-container elementor-column-gap-extended\">\n\t\t\t\t\t<div class=\"elementor-column elementor-col-100 elementor-top-column elementor-element elementor-element-7ec4215\" data-id=\"7ec4215\" data-element_type=\"column\" data-e-type=\"column\">\n\t\t\t<div class=\"elementor-widget-wrap elementor-element-populated\">\n\t\t\t\t\t\t<div class=\"elementor-element elementor-element-edd9d03 elementor-widget__width-initial elementor-invisible elementor-widget elementor-widget-text-editor\" data-id=\"edd9d03\" data-element_type=\"widget\" data-e-type=\"widget\" data-settings=\"{&quot;_animation&quot;:&quot;nussFadeInUp&quot;}\" data-widget_type=\"text-editor.default\">\n\t\t\t\t\t\t\t\t\t<p><strong data-spm-anchor-id=\"a2ty_o01.29997173.0.i72.4279c9216pn6la\">Notre histoire : Quand le patrimoine rencontre l&#039;aventure \u00e0 l&#039;h\u00f4tel Chimelong Xiangjiang<\/strong><\/p>\t\t\t\t\t\t\t\t<\/div>\n\t\t\t\t\t<\/div>\n\t\t<\/div>\n\t\t\t\t\t<\/div>\n\t\t<\/section>\n\t\t<div class=\"elementor-element elementor-element-ae7e42f e-flex e-con-boxed e-con e-parent\" data-id=\"ae7e42f\" data-element_type=\"container\" data-e-type=\"container\">\n\t\t\t\t\t<div class=\"e-con-inner\">\n\t\t\t\t<div class=\"elementor-element elementor-element-136c3a3 elementor-widget elementor-widget-text-editor\" data-id=\"136c3a3\" data-element_type=\"widget\" data-e-type=\"widget\" data-widget_type=\"text-editor.default\">\n\t\t\t\t\t\t\t\t\t<p data-spm-anchor-id=\"a2ty_o01.29997173.0.i73.4279c9216pn6la\">Nich\u00e9 \u00e0 c\u00f4t\u00e9 des lions rugissants, des pandas joueurs et des \u00e9l\u00e9phants majestueux du parc safari de Guangzhou Chimelong, <strong>H\u00f4tel Chimelong Xiangjiang<\/strong> Bien plus qu&#039;un simple lieu de repos, c&#039;est une histoire vivante, tiss\u00e9e de d\u00e9cennies de passion culinaire, de fiert\u00e9 culturelle et de joie familiale. Notre aventure a commenc\u00e9 non pas dans une salle de r\u00e9union, mais dans une cuisine anim\u00e9e, o\u00f9 les ar\u00f4mes de dim sum fumants et de woks cr\u00e9pitants ont conquis nos c\u0153urs.<\/p><h3>\ud83c\udf5c Les humbles d\u00e9buts : Restaurant Xiangjiang (1989)<\/h3><p>Notre histoire commence en 1989, lorsque <strong>Restaurant Xiangjiang<\/strong> Ce restaurant, situ\u00e9 rue Mengyong, a rapidement conquis le c\u0153ur des habitants du quartier. R\u00e9put\u00e9 pour ses saveurs cantonaises authentiques, son service attentionn\u00e9 et son ambiance chaleureuse typique de Lingnan, il est vite devenu un lieu de pr\u00e9dilection pour les locaux comme pour les voyageurs. On y venait non seulement pour la cuisine \u2013 m\u00eame si le poisson vapeur, le riz en pot de terre et les dim sum \u00e9taient l\u00e9gendaires \u2013 mais aussi pour l&#039;accueil chaleureux et familial qui y r\u00e9gnait.<\/p><p>Le d\u00e9cor du restaurant refl\u00e9tait ses origines\u00a0: des tables en bois sculpt\u00e9es de motifs traditionnels, des fen\u00eatres de style mandchou laissant filtrer une douce lumi\u00e8re naturelle, et une \u00e9l\u00e9gance discr\u00e8te \u00e9voquant le riche patrimoine du sud de la Chine. C\u2019est ici, autour de repas partag\u00e9s et de rires, que furent sem\u00e9es les graines de l\u2019hospitalit\u00e9 \u2013 des graines qui, un jour, allaient s\u2019\u00e9panouir en quelque chose de bien plus grandiose.<\/p><h3>\ud83d\udc2f Transformation et renaissance : devenir un h\u00f4tel Chimelong (2018)<\/h3><p>En 2018, sous la direction visionnaire de <strong>Groupe Chimelong<\/strong>, Le restaurant Xiangjiang a connu une m\u00e9tamorphose remarquable. Plus qu&#039;un simple lieu de restauration, il est devenu un v\u00e9ritable lieu de vie. <strong>H\u00f4tel Chimelong Xiangjiang<\/strong> \u2014 une retraite dynamique et immersive con\u00e7ue pour faire vivre la magie du parc safari \u00e0 chaque client durant son s\u00e9jour.<\/p><p>Mais il ne s&#039;agissait pas d&#039;une simple r\u00e9novation, mais d&#039;une v\u00e9ritable r\u00e9invention. L&#039;h\u00f4tel a conserv\u00e9 l&#039;\u00e2me du restaurant d&#039;origine\u00a0: ses espaces de restauration \u00e9l\u00e9gants, son engagement envers une cuisine raffin\u00e9e et son souci constant de la convivialit\u00e9 et de l&#039;attention. Pourtant, il y a ajout\u00e9 une nouveaut\u00e9\u00a0: <strong>333 chambres \u00e0 th\u00e8me<\/strong>, chacune racontant sa propre histoire rocambolesque.<\/p><p>De l&#039;imposante salle Girafe \u00e0 l&#039;audacieuse salle Tigre en passant par la douce salle \u00c9l\u00e9phant, chaque espace est orn\u00e9 de fresques animali\u00e8res ludiques, d&#039;un mobilier confortable et de petites attentions bien pens\u00e9es \u2014 comme des peignoirs, des chaussons et des brosses \u00e0 dents pour enfants \u2014 pour que m\u00eame les plus petits aventuriers se sentent comme chez eux.<\/p><h3>\ud83c\udf3f Philosophie de conception : \u201c Route de la soie maritime \u2013 Impressions de Lingnan \u201d<\/h3><p>Notre th\u00e8me de design \u2014 <em>\u201c La Route de la Soie maritime \u2013 Impressions de Lingnan \u201d<\/em> \u2014 rend hommage au pass\u00e9 prestigieux de Guangzhou, carrefour entre l&#039;Orient et l&#039;Occident. Le hall, avec son agencement en trois salles, son \u00e9l\u00e9gant lustre et ses boiseries ouvrag\u00e9es, \u00e9voque la grandeur des anciens ports de commerce tout en offrant un confort moderne.<\/p><p>Les clients sont accueillis par un m\u00e9lange harmonieux de tradition et d&#039;innovation\u00a0: le parfum du th\u00e9 au jasmin se m\u00eale au bourdonnement des routeurs Wi-Fi\u00a0; les enfants rient sous les \u00e9crans LED de l&#039;Espace Enfants tandis que leurs parents sirotent un caf\u00e9 pr\u00e8s des fen\u00eatres traditionnelles de style Lingnan. M\u00eame nos restaurants\u2026 <strong>Restaurant chinois Xiangjiang<\/strong> et <strong>Restaurant de th\u00e9 Xinglong<\/strong> \u2014 refl\u00e8tent cette harmonie : l&#039;une c\u00e9l\u00e8bre les recettes cantonaises traditionnelles, l&#039;autre les fusionne avec une touche hongkongaise.<\/p><h3>\ud83c\udf88 La famille d&#039;abord : cr\u00e9er des souvenirs joyeux<\/h3><p>Au c\u0153ur de notre histoire se trouve <strong>famille<\/strong>. Nous savons que voyager ne se r\u00e9sume pas \u00e0 visiter des sites touristiques, mais aussi \u00e0 partager des moments. C&#039;est pourquoi nous avons cr\u00e9\u00e9 <strong>Pays des merveilles des enfants<\/strong> \u2014 un havre de paix color\u00e9 o\u00f9 les enfants peuvent jouer, apprendre et cr\u00e9er des souvenirs gr\u00e2ce \u00e0 des jeux interactifs, des ateliers parents-enfants et des gourmandises <strong>Gal\u00e8re joyeuse de Xinjiang<\/strong> boutique de souvenirs.<\/p><p>Et pour ceux qui veulent sortir ? <strong>Auto-\u00e9cole pour enfants<\/strong> Nous proposons des activit\u00e9s de plein air encadr\u00e9es, permettant aux enfants de s&#039;amuser en mini-voitures pendant que les parents se d\u00e9tendent \u00e0 proximit\u00e9. Que vous observiez votre tout-petit rire aux \u00e9clats sur un man\u00e8ge ou que vous savouriez un repas tranquille apr\u00e8s une longue journ\u00e9e au parc, nous avons pens\u00e9 \u00e0 tout pour que votre s\u00e9jour soit parfait et agr\u00e9able.<\/p><h3>\ud83d\ude8d Une porte ouverte sur l&#039;aventure<\/h3><p>Situ\u00e9 \u00e0 <strong>N\u00b0 609, route Mengyong, district de Panyu<\/strong>, Notre h\u00f4tel est situ\u00e9 aux portes du parc safari de Chimelong, \u00e0 seulement 8 minutes en navette. Mais nous ne nous sommes pas arr\u00eat\u00e9s l\u00e0. Nous avons \u00e9tabli un partenariat avec le groupe Chimelong afin de proposer des navettes gratuites vers toutes les attractions principales\u00a0: Happy World, l\u2019aquarium de Grandview, et bien plus encore.<\/p><p>Que vous soyez en qu\u00eate de sensations fortes sur les montagnes russes ou \u00e9merveill\u00e9 par la vie marine, votre aventure commence et se termine chez nous. Et au coucher du soleil, vous retrouvez le calme d&#039;un havre de paix o\u00f9 vous attendent des chambres impeccables, une climatisation silencieuse, une connexion Wi-Fi performante et de d\u00e9licieux repas \u2013 car nous sommes convaincus que le repos doit \u00eatre aussi agr\u00e9able que les loisirs.<\/p><h3>\ud83e\udd1d L&#039;esprit de service<\/h3><p>Notre personnel, dont beaucoup sont avec nous depuis l&#039;\u00e9poque du restaurant Xiangjiang, perp\u00e9tue le m\u00eame esprit de g\u00e9n\u00e9rosit\u00e9 qui a marqu\u00e9 nos d\u00e9buts. Qu&#039;il s&#039;agisse d&#039;aider les clients \u00e0 commander des plats \u00e0 emporter ou de leur offrir un surclassement de chambre avec le sourire, ils se surpassent car ils savent ce qui rend un voyage inoubliable. <strong>la gentillesse, l&#039;attention et les soins sinc\u00e8res<\/strong>.<\/p><p>Nos clients remarquent souvent que notre \u00e9quipe se comporte davantage comme des h\u00f4tes que comme de v\u00e9ritables employ\u00e9s\u00a0: elle accompagne les familles tout au long de leur s\u00e9jour, r\u00e9pond patiemment \u00e0 leurs questions et se souvient de leurs noms. Dans un monde automatis\u00e9, nous restons convaincus de la force du contact humain.<\/p><h3>\ud83d\udcd6 Ce que disent nos clients<\/h3><blockquote><p><em>\u201c Nous avions choisi l&#039;h\u00f4tel le plus \u00e9conomique parmi trois, mais \u00e0 notre grande surprise, il s&#039;est av\u00e9r\u00e9 \u00eatre parfait pour nous ! L&#039;environnement \u00e9tait propre, l&#039;ambiance charmante\u2026 Je ne m&#039;attendais vraiment pas \u00e0 ce que le restaurant soit aussi exceptionnel. \u201d<\/em><br \/>\u2014 Zhaoqipo, septembre 2025<\/p><\/blockquote><blockquote><p><em>\u201c Pas une poussi\u00e8re sur les tables ni sur les rebords de fen\u00eatres\u2026 Le matelas \u00e9tait d\u2019une fermet\u00e9 id\u00e9ale\u2026 La climatisation \u00e9tait remarquablement silencieuse\u2026 J\u2019ai pass\u00e9 un s\u00e9jour tr\u00e8s agr\u00e9able et je recommanderais sans h\u00e9siter cet h\u00f4tel \u00e0 mes amis. \u201d<\/em><br \/>\u2014 _WeChat252974****, septembre 2025<\/p><\/blockquote><blockquote><p><em>\u201c Chambre propre, toilettes immenses, personnel aimable. Nous avons eu des difficult\u00e9s \u00e0 commander une livraison, mais nous avons finalement r\u00e9gl\u00e9 le probl\u00e8me gr\u00e2ce \u00e0 l&#039;aide du concierge. \u201d<\/em><br \/>\u2014 jjtan07, octobre 2025<\/p><\/blockquote><p>Ce ne sont pas de simples critiques, ce sont des chapitres de notre histoire. Chaque invit\u00e9 y apporte sa pierre \u00e0 l&#039;\u00e9difice, nous rappelant pourquoi nous faisons ce que nous faisons.<\/p><div class=\"py-2 my-3\"><hr \/><\/div><h3>\ud83c\udf1f Pourquoi nous existons<\/h3><p>L&#039;h\u00f4tel Chimelong Xiangjiang a pour vocation de transformer les voyages ordinaires en souvenirs extraordinaires. De cr\u00e9er des ponts entre culture et aventure. D&#039;honorer notre pass\u00e9 tout en nous tournant vers l&#039;avenir. De faire en sorte que, que vous soyez en voyage d&#039;affaires, d&#039;agr\u00e9ment ou en famille, vous repartiez ressourc\u00e9\u00b7e\u00b7s, non seulement par notre cuisine, mais aussi par notre esprit.<\/p><p>Nous vous invitons \u00e0 faire partie de notre histoire. R\u00e9servez votre s\u00e9jour. Explorez le parc. Savourez les d\u00e9lices culinaires. Laissez vos enfants se d\u00e9fouler. Et lorsque vous retrouverez votre chambre d\u00e9cor\u00e9e sur le th\u00e8me des girafes apr\u00e8s une journ\u00e9e d&#039;\u00e9merveillement, sachez que vous ne s\u00e9journez pas simplement dans un h\u00f4tel\u00a0: vous entrez dans un univers empreint de chaleur, de fantaisie et d&#039;hospitalit\u00e9.<\/p><p>Bienvenue sur <strong>H\u00f4tel Chimelong Xiangjiang<\/strong> \u2014 o\u00f9 chaque s\u00e9jour est un chapitre qui m\u00e9rite d&#039;\u00eatre racont\u00e9.<\/p><div class=\"py-2 my-3\"><hr \/><\/div><p>\ud83d\udccd <strong>Adresse<\/strong>N\u00b0 609, tron\u00e7on de la route Mengyong n\u00b0 105, district de Panyu, Guangzhou, Guangdong, Chine<br \/>\ud83d\udcde <strong>T\u00e9l\u00e9phone<\/strong>: +86-20-84783366<br \/>\ud83c\udf10 <strong>Site web<\/strong>: <a href=\"https:\/\/chimelongxiangjianghotel.com\/fr\/\" target=\"_blank\" rel=\"nofollow noopener\">https:\/\/chimelongxiangjianghotel.com <\/a><\/p><p data-spm-anchor-id=\"a2ty_o01.29997173.0.i74.4279c9216pn6la\"><em>Venez pour le safari. Restez pour l&#039;histoire.<\/em><\/p>\t\t\t\t\t\t\t\t<\/div>\n\t\t\t\t\t<\/div>\n\t\t\t\t<\/div>\n\t\t\t\t<section class=\"elementor-section elementor-top-section elementor-element elementor-element-2395d538 elementor-section-stretched elementor-section-boxed elementor-section-gap-beside-yes elementor-section-height-default elementor-section-height-default elementor-section-column-vertical-align-stretch\" data-id=\"2395d538\" data-element_type=\"section\" data-e-type=\"section\" data-settings=\"{&quot;background_background&quot;:&quot;classic&quot;,&quot;stretch_section&quot;:&quot;section-stretched&quot;}\">\n\t\t\t\t\t\t<div class=\"elementor-container elementor-column-gap-extended\">\n\t\t\t\t\t<div class=\"elementor-column elementor-col-100 elementor-top-column elementor-element elementor-element-1b428554\" data-id=\"1b428554\" data-element_type=\"column\" data-e-type=\"column\">\n\t\t\t<div class=\"elementor-widget-wrap elementor-element-populated\">\n\t\t\t\t\t\t<div class=\"elementor-element elementor-element-4f0df1f3 elementor-widget elementor-widget-nuss-heading\" data-id=\"4f0df1f3\" data-element_type=\"widget\" data-e-type=\"widget\" data-widget_type=\"nuss-heading.default\">\n\t\t\t\t<div class=\"elementor-widget-container\">\n\t\t\t\t\t\t\t<div class=\"nuss-modern-heading\">\r\n\t\t\t\t\t\t<div class=\"heading-secondary-wrap\">\r\n\t\t\t\t<h3 class=\"heading-secondary elementor-heading-title\">Ch\u00e8que disponible <\/h3>\t\t\t<\/div>\r\n\t\t\r\n\t\t\t\r\n\t\t\t\r\n\t\t\t\t\t<\/div>\r\n\t\t\t\t\t<\/div>\n\t\t\t\t<\/div>\n\t\t\t\t<div class=\"elementor-element elementor-element-7225468f elementor-widget elementor-widget-text-editor\" data-id=\"7225468f\" data-element_type=\"widget\" data-e-type=\"widget\" data-widget_type=\"text-editor.default\">\n\t\t\t\t\t\t\t\t\t<iframe border=\"0\" src=\"https:\/\/www.trip.com\/partners\/ad\/S5683218?Allianceid=4590391&#038;SID=263693760&#038;trip_sub1=\" style=\"width:1200px;height:200px\" frameborder=\"0\" scrolling=\"no\" id=\"S5683218\"><\/iframe>\t\t\t\t\t\t\t\t<\/div>\n\t\t\t\t\t<\/div>\n\t\t<\/div>\n\t\t\t\t\t<\/div>\n\t\t<\/section>\n\t\t\t\t<\/div>","protected":false},"excerpt":{"rendered":"<p>Our Story: Where Heritage Meets Adventure at Chimelong Xiangjiang Hotel Nestled beside the roaring lions, playful pandas, and majestic elephants of Guangzhou Chimelong Safari Park, Chimelong Xiangjiang Hotel is more than a place to rest your head \u2014 it\u2019s a living story woven from decades of culinary passion, cultural pride, and family joy. Our journey [&hellip;]<\/p>\n","protected":false},"author":1,"featured_media":0,"parent":0,"menu_order":0,"comment_status":"closed","ping_status":"closed","template":"","meta":{"footnotes":""},"class_list":["post-2104","page","type-page","status-publish","hentry","post-no-thumbnail"],"_links":{"self":[{"href":"https:\/\/chimelongxiangjianghotel.com\/fr\/wp-json\/wp\/v2\/pages\/2104","targetHints":{"allow":["GET"]}}],"collection":[{"href":"https:\/\/chimelongxiangjianghotel.com\/fr\/wp-json\/wp\/v2\/pages"}],"about":[{"href":"https:\/\/chimelongxiangjianghotel.com\/fr\/wp-json\/wp\/v2\/types\/page"}],"author":[{"embeddable":true,"href":"https:\/\/chimelongxiangjianghotel.com\/fr\/wp-json\/wp\/v2\/users\/1"}],"replies":[{"embeddable":true,"href":"https:\/\/chimelongxiangjianghotel.com\/fr\/wp-json\/wp\/v2\/comments?post=2104"}],"version-history":[{"count":0,"href":"https:\/\/chimelongxiangjianghotel.com\/fr\/wp-json\/wp\/v2\/pages\/2104\/revisions"}],"wp:attachment":[{"href":"https:\/\/chimelongxiangjianghotel.com\/fr\/wp-json\/wp\/v2\/media?parent=2104"}],"curies":[{"name":"wp","href":"https:\/\/api.w.org\/{rel}","templated":true}]}}