{"id":647,"date":"2021-03-29T02:13:52","date_gmt":"2021-03-29T02:13:52","guid":{"rendered":"http:\/\/localhost\/nuss\/?page_id=647"},"modified":"2025-11-06T06:01:57","modified_gmt":"2025-11-06T06:01:57","slug":"servicios","status":"publish","type":"page","link":"https:\/\/chimelongxiangjianghotel.com\/es\/services\/","title":{"rendered":"Servicios"},"content":{"rendered":"<div data-elementor-type=\"wp-page\" data-elementor-id=\"647\" class=\"elementor elementor-647\">\n\t\t\t\t\t\t<section class=\"elementor-section elementor-top-section elementor-element elementor-element-3353bc8 elementor-section-boxed elementor-section-gap-beside-yes elementor-section-height-default elementor-section-height-default elementor-section-column-vertical-align-stretch\" data-id=\"3353bc8\" data-element_type=\"section\" data-e-type=\"section\">\n\t\t\t\t\t\t<div class=\"elementor-container elementor-column-gap-extended\">\n\t\t\t\t\t<div class=\"elementor-column elementor-col-100 elementor-top-column elementor-element elementor-element-0a2bc64\" data-id=\"0a2bc64\" data-element_type=\"column\" data-e-type=\"column\">\n\t\t\t<div class=\"elementor-widget-wrap elementor-element-populated\">\n\t\t\t\t\t\t<div class=\"elementor-element elementor-element-447e3ef elementor-widget__width-initial elementor-invisible elementor-widget elementor-widget-text-editor\" data-id=\"447e3ef\" data-element_type=\"widget\" data-e-type=\"widget\" data-settings=\"{&quot;_animation&quot;:&quot;nussFadeInUp&quot;}\" data-widget_type=\"text-editor.default\">\n\t\t\t\t\t\t\t\t\t<div class=\"svelte-1c06zsf\" data-lang-code=\"\"><p><strong data-spm-anchor-id=\"a2ty_o01.29997173.0.i83.4279c9216pn6la\">Servicios del Hotel Chimelong Xiangjiang: Donde la comodidad sin igual se une a la hospitalidad centrada en la familia.<\/strong><\/p><\/div>\t\t\t\t\t\t\t\t<\/div>\n\t\t\t\t\t<\/div>\n\t\t<\/div>\n\t\t\t\t\t<\/div>\n\t\t<\/section>\n\t\t<div class=\"elementor-element elementor-element-76953f7 e-flex e-con-boxed e-con e-parent\" data-id=\"76953f7\" data-element_type=\"container\" data-e-type=\"container\">\n\t\t\t\t\t<div class=\"e-con-inner\">\n\t\t\t\t<div class=\"elementor-element elementor-element-2f32cd6 elementor-widget elementor-widget-text-editor\" data-id=\"2f32cd6\" data-element_type=\"widget\" data-e-type=\"widget\" data-widget_type=\"text-editor.default\">\n\t\t\t\t\t\t\t\t\t<p data-spm-anchor-id=\"a2ty_o01.29997173.0.i84.4279c9216pn6la\">Ubicado a pocos pasos de los rugientes leones y los juguetones pandas del Parque Safari Guangzhou Chimelong, <strong>Chimelong Xiangjiang Hotel<\/strong> No solo ofrece un lugar para descansar, sino una experiencia integral centrada en el hu\u00e9sped, dise\u00f1ada para que su aventura en la naturaleza sea sencilla, placentera e inolvidable. Con m\u00e1s de <strong>2756 rese\u00f1as verificadas<\/strong> y una estelar <strong>Calificaci\u00f3n general: 9,4\/10<\/strong>, Este hotel de 4 estrellas se ha ganado su reputaci\u00f3n no solo por su excelente ubicaci\u00f3n y sus habitaciones tem\u00e1ticas, sino tambi\u00e9n por su <strong>Servicios excepcionales y cuidadosamente seleccionados<\/strong> que atienden por igual a familias, viajeros de negocios y hu\u00e9spedes de ocio.<\/p><p>Desde el momento de su llegada hasta el momento de su partida, cada detalle se maneja con esmero, porque en el Hotel Chimelong Xiangjiang creemos que la verdadera hospitalidad significa anticiparse a sus necesidades incluso antes de que las exprese.<\/p><div class=\"py-2 my-3\"><hr \/><\/div><h3>\ud83d\udece\ufe0f <strong>Recepci\u00f3n y atenci\u00f3n al cliente: Atenci\u00f3n 24\/7, en cualquier momento y lugar.<\/strong><\/h3><p>Nuestro <strong>Recepci\u00f3n 24 horas<\/strong> est\u00e1 integrada por profesionales multiling\u00fces con dominio de <strong>Ingl\u00e9s y mandar\u00edn<\/strong>, Estamos listos para ayudarle con todo, desde el registro anticipado hasta la reserva de entradas de \u00faltimo minuto para el parque. Ya sea que llegue a medianoche o necesite ayuda para reservar un taxi al amanecer, nuestro equipo siempre est\u00e1 disponible y siempre con una sonrisa.<\/p><p>Los hu\u00e9spedes elogian constantemente a nuestro personal por su amabilidad y su disposici\u00f3n a ir m\u00e1s all\u00e1 de lo esperado:<\/p><blockquote><p><em>\u201cEl servicio recibe elogios constantes por su amabilidad y disposici\u00f3n, y el personal a menudo se esfuerza por ofrecer habitaciones de categor\u00eda superior o permitir el registro de entrada anticipado.\u201d<\/em><br \/>\u2014 Resumen de la rese\u00f1a de IA, Trip.com<\/p><\/blockquote><p>Tambi\u00e9n ofrecemos:<\/p><ul dir=\"auto\"><li><strong>Servicio de registro VIP<\/strong>Evita las colas y disfruta de acceso prioritario.<\/li><li><strong>Registro de entrada y salida expr\u00e9s<\/strong>Perfecto para familias ocupadas o viajeros de negocios con horarios ajustados.<\/li><li><strong>Almacenamiento de equipaje<\/strong>Guarde sus maletas antes del check-in o despu\u00e9s del check-out \u2014 sin cargo.<\/li><li><strong>Herramientas de traducci\u00f3n<\/strong>Disponible en recepci\u00f3n para superar las barreras ling\u00fc\u00edsticas.<\/li><li><strong>Servicio de conserjer\u00eda<\/strong>\u00bfNecesitas ayuda para pedir comida a domicilio? \u00bfReservar entradas? \u00bfEncontrar el mejor horario para el servicio de transporte? Nuestro conserje te lo facilita.<\/li><li><strong>Caja fuerte en recepci\u00f3n<\/strong>Almacenamiento seguro para objetos de valor durante tu d\u00eda de aventura.<\/li><li><strong>Servicio de botones<\/strong>: Perm\u00edtanos llevar su equipaje a su habitaci\u00f3n; especialmente \u00fatil con ni\u00f1os y cochecitos.<\/li><\/ul><div class=\"py-2 my-3\"><hr \/><\/div><h3>\ud83d\ude97 <strong>Transporte y accesibilidad: Su puerta de entrada a las maravillas de Chimelong<\/strong><\/h3><p>La ubicaci\u00f3n lo es todo, y el hotel Chimelong Xiangjiang se encuentra en pleno centro. Pero no nos detenemos ah\u00ed. Hemos creado todo un ecosistema de transporte pensando en su comodidad:<\/p><ul dir=\"auto\"><li><strong>Autobuses lanzadera gratuitos a las atracciones de Chimelong<\/strong>A solo unos minutos de la entrada del hotel, nuestros traslados gratuitos le llevar\u00e1n a <strong>Chimelong Safari Park, Happy World, Grandview Aquarium y m\u00e1s<\/strong> \u2014 Sin estr\u00e9s, sin complicaciones, sin problemas.<\/li><li><strong>Servicio de reserva de taxis<\/strong>\u00bfNecesitas que te llevemos a la estaci\u00f3n Guangzhou Sur (a solo 15 minutos) o al centro de la ciudad? Nosotros lo reservamos por ti.<\/li><li><strong>Estacionamiento p\u00fablico<\/strong>Aparcamiento gratuito en las instalaciones disponible para todos los hu\u00e9spedes; no es necesario reservar.<\/li><li><strong>Acceso al metro<\/strong>La estaci\u00f3n Dashi (l\u00ednea 3) est\u00e1 a solo 1,8 km, lo que facilita el transporte p\u00fablico para aquellos que prefieran explorar m\u00e1s all\u00e1 del complejo.<\/li><li><strong>Traslados al aeropuerto<\/strong>Si bien no ofrecemos traslados directos al aeropuerto, nuestro personal puede organizar traslados privados o guiarlo al aeropuerto m\u00e1s cercano: el aeropuerto de Foshan Shadi (31,8 km) o el aeropuerto internacional de Guangzhou Baiyun (51,6 km).<\/li><\/ul><div class=\"py-2 my-3\"><hr \/><\/div><h3>\ud83c\udf7d\ufe0f <strong>Servicios de restauraci\u00f3n y apoyo culinario: desde banquetes gourmet hasta comidas r\u00e1pidas<\/strong><\/h3><p>Nuestros dos restaurantes en el hotel \u2014 <strong>Restaurante chino Xiangjiang<\/strong> y <strong>Restaurante de t\u00e9 Xinglong<\/strong> \u2014 son m\u00e1s que simples lugares para comer; forman parte de la experiencia de servicio. Los clientes elogian la calidad, la variedad y el enfoque familiar de la experiencia gastron\u00f3mica:<\/p><ul dir=\"auto\"><li><strong>Opciones de desayuno<\/strong>Men\u00fas del d\u00eda de estilo occidental o chino disponibles todos los d\u00edas (de 7:00 a 10:00). Ni\u00f1os menores de 1 mes comen gratis; de 1 a 1,5 meses: 38 CNY; adultos: 68 CNY.<\/li><li><strong>Servicio de habitaciones<\/strong>Disfruta de tus comidas en la comodidad de tu habitaci\u00f3n tem\u00e1tica, perfecta despu\u00e9s de un largo d\u00eda en el parque.<\/li><li><strong>Sistema de tarjetas de comedor<\/strong>Recarga una peque\u00f1a cantidad y \u00fasala hasta que se agote; sin reglas complicadas ni saldos sobrantes.<\/li><li><strong>Servicios de catering<\/strong>Ideal para grupos, eventos o cenas privadas \u2014 disponible bajo petici\u00f3n.<\/li><li><strong>Asistencia para la entrega de alimentos<\/strong>\u00bfTiene problemas para realizar su pedido? Nuestro conserje le ayudar\u00e1 a utilizar las aplicaciones locales o a llamar a su restaurante favorito.<\/li><\/ul><div class=\"py-2 my-3\"><hr \/><\/div><h3>\ud83d\udc68\u200d\ud83d\udc69\u200d\ud83d\udc67\u200d\ud83d\udc66 <strong>Servicios para toda la familia: Dise\u00f1ados para peque\u00f1os exploradores y padres cansados<\/strong><\/h3><p>En el hotel Chimelong Xiangjiang, entendemos que viajar con ni\u00f1os requiere una atenci\u00f3n especial; por eso hemos incorporado servicios pensados para cada rinc\u00f3n del hotel:<\/p><ul dir=\"auto\"><li><strong>El pa\u00eds de las maravillas para ni\u00f1os<\/strong>Ubicada en la primera planta, esta vibrante zona de juegos cuenta con pantallas LED interactivas, mobiliario divertido, circuitos para padres e hijos y aperitivos, para que los m\u00e1s peque\u00f1os se entretengan mientras los padres se relajan.<\/li><li><strong>Galer\u00eda Feliz de Xinjiang<\/strong>Una tienda de dulces que ofrece caramelos, bocadillos y recuerdos exclusivos de Chimelong: perfecta para darse un capricho despu\u00e9s de la aventura.<\/li><li><strong>Escuela de conducci\u00f3n para ni\u00f1os<\/strong>Un espacio al aire libre donde los ni\u00f1os pueden conducir minicoches bajo supervisi\u00f3n; un \u00e9xito tanto para ni\u00f1os peque\u00f1os como para adolescentes.<\/li><li><strong>Servicios para ni\u00f1os<\/strong>Se proporcionan zapatillas, albornoces, cepillos de dientes, juguetes, juegos de mesa y comidas especiales bajo petici\u00f3n.<\/li><li><strong>Salas familiares<\/strong>Distribuciones amplias con zonas de estar separadas y camas infantiles independientes: ideales para estancias multigeneracionales.<\/li><li><strong>Cochecito y equipo de juego<\/strong>Disponible para pr\u00e9stamo; no es necesario llevar equipo pesado.<\/li><\/ul><div class=\"py-2 my-3\"><hr \/><\/div><h3>\ud83d\udcbc <strong>Servicios para empresas y eventos: Trabaja de forma m\u00e1s inteligente, no m\u00e1s ardua.<\/strong><\/h3><p>Aunque est\u00e9s aqu\u00ed para divertirte, a veces el trabajo llega despu\u00e9s, y nosotros te lo proporcionamos:<\/p><ul dir=\"auto\"><li><strong>Sala de conferencias y espacio multifuncional<\/strong>Equipado con sistemas de visualizaci\u00f3n multimedia, equipo de sonido y asientos flexibles para hasta 160 invitados.<\/li><li><strong>Servicios de secretar\u00eda<\/strong>Impresi\u00f3n, copiado, fax, asistencia por correo electr\u00f3nico: todo disponible bajo petici\u00f3n.<\/li><li><strong>Servicios postales y de mensajer\u00eda<\/strong>Env\u00eda documentos o paquetes con facilidad.<\/li><li><strong>Planificaci\u00f3n de bodas y eventos<\/strong>Desde ceremonias \u00edntimas hasta reuniones corporativas, d\u00e9jenos encargarnos de los detalles.<\/li><li><strong>Wi-Fi de alta velocidad<\/strong>: Gratuito y fiable en todas las habitaciones y zonas comunes: perfecto para videollamadas, teletrabajo o retransmisiones en directo.<\/li><li><strong>Cajeros autom\u00e1ticos y cambio de divisas<\/strong>Acceso a efectivo y cambio de divisas en el establecimiento para hu\u00e9spedes internacionales.<\/li><\/ul><div class=\"py-2 my-3\"><hr \/><\/div><h3>\ud83e\uddf9 <strong>Servicios de limpieza y mantenimiento: Limpieza en la que puede confiar.<\/strong><\/h3><p>Con un <strong>Calificaci\u00f3n de limpieza: 9,6\/10<\/strong>, Nuestro equipo de limpieza se asegura de que todas las habitaciones y espacios p\u00fablicos cumplan con los m\u00e1s altos est\u00e1ndares:<\/p><ul dir=\"auto\"><li><strong>Limpieza diaria<\/strong>S\u00e1banas limpias, superficies desinfectadas y art\u00edculos de aseo personal repuestos: todo incluido.<\/li><li><strong>Ba\u00f1os impecables<\/strong>Separaci\u00f3n de ropa h\u00fameda y seca, agua caliente instant\u00e1nea y art\u00edculos de aseo de primera calidad (\u00a1aqu\u00ed no hay muestras baratas!).<\/li><li><strong>Aire acondicionado e iluminaci\u00f3n silenciosos<\/strong>Aire acondicionado silencioso y de bajo consumo, e iluminaci\u00f3n regulable para un sue\u00f1o reparador.<\/li><li><strong>Refrigeradores y televisores inteligentes<\/strong>Todas las habitaciones incluyen mininevera y Smart TV con m\u00faltiples canales, ideales para relajarse despu\u00e9s de un d\u00eda lleno de emociones.<\/li><\/ul><div class=\"py-2 my-3\"><hr \/><\/div><h3>\ud83d\udecd\ufe0f <strong>Servicios de venta minorista y de conveniencia: Todo lo que olvidaste empacar<\/strong><\/h3><p>A veces necesitas una soluci\u00f3n r\u00e1pida, y nosotros la tenemos:<\/p><ul dir=\"auto\"><li><strong>Tienda de regalos<\/strong>Encuentra souvenirs, snacks y art\u00edculos esenciales de Chimelong en la Galer\u00eda Feliz de Xingjiang.<\/li><li><strong>M\u00e1quinas expendedoras<\/strong>Aperitivos, bebidas y art\u00edculos de primera necesidad disponibles las 24 horas del d\u00eda, los 7 d\u00edas de la semana.<\/li><li><strong>Lavander\u00eda y tintorer\u00eda<\/strong>Opciones disponibles dentro y fuera de las instalaciones (con cargo adicional).<\/li><li><strong>Servicio de planchado<\/strong>Solic\u00edtelo al servicio de limpieza.<\/li><li><strong>Ascensor y plantas para no fumadores<\/strong>Para un f\u00e1cil acceso y un ambiente libre de humo.<\/li><li><strong>Sistemas de megafon\u00eda y sonido<\/strong>Disponible para eventos o presentaciones.<\/li><\/ul><div class=\"py-2 my-3\"><hr \/><\/div><h3>\ud83d\udcde <strong>Comunicaci\u00f3n y seguridad: Mant\u00e9ngase conectado, mant\u00e9ngase seguro<\/strong><\/h3><p>Tu tranquilidad importa:<\/p><ul dir=\"auto\"><li><strong>Idiomas hablados<\/strong>: Ingl\u00e9s y mandar\u00edn en recepci\u00f3n \u2014 herramientas de traducci\u00f3n disponibles.<\/li><li><strong>CCTV y seguridad<\/strong>Las zonas comunes vigiladas, las alarmas contra incendios, los extintores y las alarmas antirrobo garantizan su seguridad durante toda su estancia.<\/li><li><strong>Llamadas de atenci\u00f3n<\/strong>No te pierdas nunca el servicio de transporte ni el desayuno; te lo recordaremos amablemente.<\/li><li><strong>Reserva de entradas y tours<\/strong>Perm\u00edtanos gestionar sus pases para el parque, entradas para espect\u00e1culos o visitas guiadas, ahorr\u00e1ndole tiempo y estr\u00e9s.<\/li><\/ul><div class=\"py-2 my-3\"><hr \/><\/div><h3>\ud83c\udf1f <strong>\u00bfPor qu\u00e9 nuestros servicios destacan?<\/strong><\/h3><p>Lo que distingue al hotel Chimelong Xiangjiang no es solo la cantidad de servicios, sino tambi\u00e9n... <strong>calidad, consistencia y un toque personal<\/strong> Detr\u00e1s de cada uno. No tratamos a los hu\u00e9spedes como n\u00fameros, los tratamos como parte de nuestra familia extendida.<\/p><p>Ya sea que est\u00e9s:<\/p><ul dir=\"auto\"><li>Un padre haciendo malabares con cochecitos y peticiones de merienda<\/li><li>Un viajero de negocios que necesita un espacio de trabajo tranquilo y Wi-Fi de alta velocidad.<\/li><li>Una pareja celebra un hito con una cena privada<\/li><li>O un aventurero solitario que busca comodidad y conveniencia\u2026<\/li><\/ul><p>\u2026descubrir\u00e1 que nuestros servicios est\u00e1n dise\u00f1ados para que su estancia no solo sea c\u00f3moda, sino verdaderamente m\u00e1gica.<\/p><div class=\"py-2 my-3\"><hr \/><\/div><p><strong>Reserve su estancia hoy mismo.<\/strong><\/p><p>Experimente la diferencia que pueden marcar unos servicios atentos y centrados en la familia. Reserve su habitaci\u00f3n en <a href=\"https:\/\/chimelongxiangjianghotel.com\/es\/\" target=\"_blank\" rel=\"nofollow noopener\">Chimelong Xiangjiang Hotel <\/a> D\u00e9janos encargarnos de los detalles para que t\u00fa puedas concentrarte en lo que realmente importa: crear recuerdos con las personas que amas.<\/p><p data-spm-anchor-id=\"a2ty_o01.29997173.0.i85.4279c9216pn6la\">\ud83d\udccd <strong>DIRECCI\u00d3N<\/strong>Tramo n.\u00ba 609 de la carretera Mengyong, perteneciente a la carretera nacional n.\u00ba 105, distrito de Panyu, Guangzhou, Guangdong, China<br \/>\ud83d\udcde <strong>Tel\u00e9fono<\/strong>: +86-20-84783366<br \/>\ud83c\udf10 <strong>Sitio web<\/strong>: <a href=\"https:\/\/chimelongxiangjianghotel.com\/es\/\" target=\"_blank\" rel=\"nofollow noopener\">https:\/\/chimelongxiangjianghotel.com <\/a><\/p>\t\t\t\t\t\t\t\t<\/div>\n\t\t\t\t\t<\/div>\n\t\t\t\t<\/div>\n\t\t\t\t<section class=\"elementor-section elementor-top-section elementor-element elementor-element-7e5522ea elementor-section-stretched elementor-section-boxed elementor-section-gap-beside-yes elementor-section-height-default elementor-section-height-default elementor-section-column-vertical-align-stretch\" data-id=\"7e5522ea\" data-element_type=\"section\" data-e-type=\"section\" data-settings=\"{&quot;background_background&quot;:&quot;classic&quot;,&quot;stretch_section&quot;:&quot;section-stretched&quot;}\">\n\t\t\t\t\t\t<div class=\"elementor-container elementor-column-gap-extended\">\n\t\t\t\t\t<div class=\"elementor-column elementor-col-100 elementor-top-column elementor-element elementor-element-fd12d3b\" data-id=\"fd12d3b\" data-element_type=\"column\" data-e-type=\"column\">\n\t\t\t<div class=\"elementor-widget-wrap elementor-element-populated\">\n\t\t\t\t\t\t<div class=\"elementor-element elementor-element-46a20624 elementor-widget elementor-widget-nuss-heading\" data-id=\"46a20624\" data-element_type=\"widget\" data-e-type=\"widget\" data-widget_type=\"nuss-heading.default\">\n\t\t\t\t<div class=\"elementor-widget-container\">\n\t\t\t\t\t\t\t<div class=\"nuss-modern-heading\">\r\n\t\t\t\t\t\t<div class=\"heading-secondary-wrap\">\r\n\t\t\t\t<h3 class=\"heading-secondary elementor-heading-title\">Consultar disponibilidad <\/h3>\t\t\t<\/div>\r\n\t\t\r\n\t\t\t\r\n\t\t\t\r\n\t\t\t\t\t<\/div>\r\n\t\t\t\t\t<\/div>\n\t\t\t\t<\/div>\n\t\t\t\t<div class=\"elementor-element elementor-element-7bcc24d2 elementor-widget elementor-widget-text-editor\" data-id=\"7bcc24d2\" data-element_type=\"widget\" data-e-type=\"widget\" data-widget_type=\"text-editor.default\">\n\t\t\t\t\t\t\t\t\t<iframe border=\"0\" src=\"https:\/\/www.trip.com\/partners\/ad\/S5683218?Allianceid=4590391&#038;SID=263693760&#038;trip_sub1=\" style=\"width:1200px;height:200px\" frameborder=\"0\" scrolling=\"no\" id=\"S5683218\"><\/iframe>\t\t\t\t\t\t\t\t<\/div>\n\t\t\t\t\t<\/div>\n\t\t<\/div>\n\t\t\t\t\t<\/div>\n\t\t<\/section>\n\t\t\t\t<\/div>","protected":false},"excerpt":{"rendered":"<p>Chimelong Xiangjiang Hotel Services: Where Seamless Convenience Meets Family-Centric Hospitality Nestled just steps from the roaring lions and playful pandas of Guangzhou Chimelong Safari Park, Chimelong Xiangjiang Hotel doesn\u2019t just offer a place to rest \u2014 it delivers a fully integrated, guest-focused experience designed to make your wildlife adventure effortless, enjoyable, and unforgettable. With over [&hellip;]<\/p>\n","protected":false},"author":1,"featured_media":0,"parent":0,"menu_order":0,"comment_status":"closed","ping_status":"closed","template":"","meta":{"footnotes":""},"class_list":["post-647","page","type-page","status-publish","hentry","post-no-thumbnail"],"_links":{"self":[{"href":"https:\/\/chimelongxiangjianghotel.com\/es\/wp-json\/wp\/v2\/pages\/647","targetHints":{"allow":["GET"]}}],"collection":[{"href":"https:\/\/chimelongxiangjianghotel.com\/es\/wp-json\/wp\/v2\/pages"}],"about":[{"href":"https:\/\/chimelongxiangjianghotel.com\/es\/wp-json\/wp\/v2\/types\/page"}],"author":[{"embeddable":true,"href":"https:\/\/chimelongxiangjianghotel.com\/es\/wp-json\/wp\/v2\/users\/1"}],"replies":[{"embeddable":true,"href":"https:\/\/chimelongxiangjianghotel.com\/es\/wp-json\/wp\/v2\/comments?post=647"}],"version-history":[{"count":0,"href":"https:\/\/chimelongxiangjianghotel.com\/es\/wp-json\/wp\/v2\/pages\/647\/revisions"}],"wp:attachment":[{"href":"https:\/\/chimelongxiangjianghotel.com\/es\/wp-json\/wp\/v2\/media?parent=647"}],"curies":[{"name":"wp","href":"https:\/\/api.w.org\/{rel}","templated":true}]}}