{"id":612,"date":"2021-03-26T10:04:13","date_gmt":"2021-03-26T10:04:13","guid":{"rendered":"http:\/\/localhost\/nuss\/?page_id=612"},"modified":"2025-11-06T05:57:09","modified_gmt":"2025-11-06T05:57:09","slug":"restaurante","status":"publish","type":"page","link":"https:\/\/chimelongxiangjianghotel.com\/es\/restaurant\/","title":{"rendered":"Restaurante"},"content":{"rendered":"<div data-elementor-type=\"wp-page\" data-elementor-id=\"612\" class=\"elementor elementor-612\">\n\t\t\t\t\t\t<section class=\"elementor-section elementor-top-section elementor-element elementor-element-e2effe8 elementor-section-boxed elementor-section-gap-beside-yes elementor-section-height-default elementor-section-height-default elementor-section-column-vertical-align-stretch\" data-id=\"e2effe8\" data-element_type=\"section\" data-e-type=\"section\">\n\t\t\t\t\t\t<div class=\"elementor-container elementor-column-gap-extended\">\n\t\t\t\t\t<div class=\"elementor-column elementor-col-100 elementor-top-column elementor-element elementor-element-e18f688\" data-id=\"e18f688\" data-element_type=\"column\" data-e-type=\"column\">\n\t\t\t<div class=\"elementor-widget-wrap elementor-element-populated\">\n\t\t\t\t\t\t<div class=\"elementor-element elementor-element-6db146d elementor-widget__width-initial elementor-invisible elementor-widget elementor-widget-text-editor\" data-id=\"6db146d\" data-element_type=\"widget\" data-e-type=\"widget\" data-settings=\"{&quot;_animation&quot;:&quot;nussFadeInUp&quot;}\" data-widget_type=\"text-editor.default\">\n\t\t\t\t\t\t\t\t\t<div class=\"svelte-1c06zsf\" data-lang-code=\"\"><p data-spm-anchor-id=\"a2ty_o01.29997173.0.i77.4279c9216pn6la\"><strong>Saborea el alma de Lingnan: Aventuras culinarias en los restaurantes del hotel Chimelong Xiangjiang<\/strong><\/p><\/div>\t\t\t\t\t\t\t\t<\/div>\n\t\t\t\t\t<\/div>\n\t\t<\/div>\n\t\t\t\t\t<\/div>\n\t\t<\/section>\n\t\t<div class=\"elementor-element elementor-element-764955e e-flex e-con-boxed e-con e-parent\" data-id=\"764955e\" data-element_type=\"container\" data-e-type=\"container\">\n\t\t\t\t\t<div class=\"e-con-inner\">\n\t\t<div class=\"elementor-element elementor-element-3a71d84 e-con-full e-flex e-con e-child\" data-id=\"3a71d84\" data-element_type=\"container\" data-e-type=\"container\">\n\t\t\t\t<div class=\"elementor-element elementor-element-81a00fb elementor-widget elementor-widget-text-editor\" data-id=\"81a00fb\" data-element_type=\"widget\" data-e-type=\"widget\" data-widget_type=\"text-editor.default\">\n\t\t\t\t\t\t\t\t\t<p data-spm-anchor-id=\"a2ty_o01.29997173.0.i78.4279c9216pn6la\">Ubicado junto a los rugientes leones y los juguetones pandas del Parque Safari Chimelong de Guangzhou, <strong>Chimelong Xiangjiang Hotel<\/strong> No solo ofrece un lugar para descansar, sino que invita a disfrutar de un viaje gastron\u00f3mico que combina tradici\u00f3n, innovaci\u00f3n y un encanto ideal para familias. Tanto si se prepara para un d\u00eda de maravillas con la fauna salvaje como si se relaja tras un safari inolvidable, nuestros dos restaurantes insignia \u2014 <strong>Restaurante chino Xiangjiang<\/strong> y <strong>Restaurante de t\u00e9 Xinglong<\/strong> \u2014 prometemos sabores aut\u00e9nticos, un ambiente vibrante y platos elaborados con el mismo esmero que define nuestra hospitalidad.<\/p><div class=\"my-2\">\u00a0<\/div><p>Ubicado en <strong>No. 609 Mengyong Road, distrito de Panyu<\/strong>, Nuestros espacios gastron\u00f3micos son m\u00e1s que simples lugares para comer: son experiencias inmersivas arraigadas en <strong>patrimonio culinario de Lingnan<\/strong>, Dise\u00f1ado para deleitar tanto a los lugare\u00f1os como a los viajeros. Con m\u00e1s de <strong>2756 rese\u00f1as de hu\u00e9spedes<\/strong> Gracias a los elogios a la calidad de nuestra comida y nuestro servicio, nos hemos ganado la reputaci\u00f3n de ser uno de los destinos gastron\u00f3micos de hotel m\u00e1s apreciados de Guangzhou, especialmente para familias que buscan comidas deliciosas, pr\u00e1cticas e inolvidables sin salir del complejo.<\/p>\t\t\t\t\t\t\t\t<\/div>\n\t\t\t\t<\/div>\n\t\t<div class=\"elementor-element elementor-element-bb76a06 e-con-full e-flex e-con e-child\" data-id=\"bb76a06\" data-element_type=\"container\" data-e-type=\"container\">\n\t\t\t\t<div class=\"elementor-element elementor-element-636ac5f elementor-widget elementor-widget-image\" data-id=\"636ac5f\" data-element_type=\"widget\" data-e-type=\"widget\" data-widget_type=\"image.default\">\n\t\t\t\t\t\t\t\t\t\t\t\t\t\t\t<img fetchpriority=\"high\" decoding=\"async\" width=\"1024\" height=\"674\" src=\"https:\/\/chimelongxiangjianghotel.com\/wp-content\/uploads\/2025\/11\/Chimelong-Xiangjiang-Hotel-117-1024x674.webp\" class=\"attachment-large size-large wp-image-7274\" alt=\"\" srcset=\"https:\/\/chimelongxiangjianghotel.com\/wp-content\/uploads\/2025\/11\/Chimelong-Xiangjiang-Hotel-117-1024x674.webp 1024w, https:\/\/chimelongxiangjianghotel.com\/wp-content\/uploads\/2025\/11\/Chimelong-Xiangjiang-Hotel-117-300x198.webp 300w, https:\/\/chimelongxiangjianghotel.com\/wp-content\/uploads\/2025\/11\/Chimelong-Xiangjiang-Hotel-117-768x506.webp 768w, https:\/\/chimelongxiangjianghotel.com\/wp-content\/uploads\/2025\/11\/Chimelong-Xiangjiang-Hotel-117-18x12.webp 18w, https:\/\/chimelongxiangjianghotel.com\/wp-content\/uploads\/2025\/11\/Chimelong-Xiangjiang-Hotel-117.webp 1280w\" sizes=\"(max-width: 1024px) 100vw, 1024px\" \/>\t\t\t\t\t\t\t\t\t\t\t\t\t\t\t<\/div>\n\t\t\t\t<\/div>\n\t\t\t\t\t<\/div>\n\t\t\t\t<\/div>\n\t\t<div class=\"elementor-element elementor-element-e5626a7 e-flex e-con-boxed e-con e-parent\" data-id=\"e5626a7\" data-element_type=\"container\" data-e-type=\"container\">\n\t\t\t\t\t<div class=\"e-con-inner\">\n\t\t\t\t<div class=\"elementor-element elementor-element-4ac24e6 elementor-widget elementor-widget-nuss-image-gallery\" data-id=\"4ac24e6\" data-element_type=\"widget\" data-e-type=\"widget\" data-widget_type=\"nuss-image-gallery.default\">\n\t\t\t\t<div class=\"elementor-widget-container\">\n\t\t\t\t\t\t\t<div class=\"nuss-grid-wrapper\" data-grid=\"{&quot;type&quot;:&quot;grid&quot;,&quot;ratio&quot;:null,&quot;columns&quot;:3,&quot;gutter&quot;:30}\">\r\n\t\t\t<div class=\"nuss-grid lazy-grid\">\r\n\t\t\t\t<div class=\"grid-sizer\"><\/div>\r\n\r\n\t\t\t\t\t\t\t\t\t\t\t\t<div class=\"grid-item\">\r\n\t\t\t\t\t\t<div class=\"nuss-box\">\t\t<div class=\"nuss-image image\">\r\n\t\t\t<img decoding=\"async\"  src=\"https:\/\/chimelongxiangjianghotel.com\/wp-content\/uploads\/2025\/11\/Chimelong-Xiangjiang-Hotel-96.webp\" alt=\"Chimelong Xiangjiang Hotel (96)\" \/>\t\t<\/div>\r\n\t\t\t\t<\/div>\t\t\t\t\t<\/div>\r\n\t\t\t\t\t\t<div class=\"grid-item\">\r\n\t\t\t\t\t\t<div class=\"nuss-box\">\t\t<div class=\"nuss-image image\">\r\n\t\t\t<img decoding=\"async\"  src=\"https:\/\/chimelongxiangjianghotel.com\/wp-content\/uploads\/2025\/11\/Chimelong-Xiangjiang-Hotel-95.webp\" alt=\"Chimelong Xiangjiang Hotel (95)\" \/>\t\t<\/div>\r\n\t\t\t\t<\/div>\t\t\t\t\t<\/div>\r\n\t\t\t\t\t\t<div class=\"grid-item\">\r\n\t\t\t\t\t\t<div class=\"nuss-box\">\t\t<div class=\"nuss-image image\">\r\n\t\t\t<img decoding=\"async\"  src=\"https:\/\/chimelongxiangjianghotel.com\/wp-content\/uploads\/2025\/11\/Chimelong-Xiangjiang-Hotel-91.webp\" alt=\"Chimelong Xiangjiang Hotel (91)\" \/>\t\t<\/div>\r\n\t\t\t\t<\/div>\t\t\t\t\t<\/div>\r\n\t\t\t\t\t\t<div class=\"grid-item\">\r\n\t\t\t\t\t\t<div class=\"nuss-box\">\t\t<div class=\"nuss-image image\">\r\n\t\t\t<img decoding=\"async\"  src=\"https:\/\/chimelongxiangjianghotel.com\/wp-content\/uploads\/2025\/11\/Chimelong-Xiangjiang-Hotel-90.webp\" alt=\"Chimelong Xiangjiang Hotel (90)\" \/>\t\t<\/div>\r\n\t\t\t\t<\/div>\t\t\t\t\t<\/div>\r\n\t\t\t\t\t\t<div class=\"grid-item\">\r\n\t\t\t\t\t\t<div class=\"nuss-box\">\t\t<div class=\"nuss-image image\">\r\n\t\t\t<img decoding=\"async\"  src=\"https:\/\/chimelongxiangjianghotel.com\/wp-content\/uploads\/2025\/11\/Chimelong-Xiangjiang-Hotel-89.webp\" alt=\"Chimelong Xiangjiang Hotel (89)\" \/>\t\t<\/div>\r\n\t\t\t\t<\/div>\t\t\t\t\t<\/div>\r\n\t\t\t\t\t\t<div class=\"grid-item\">\r\n\t\t\t\t\t\t<div class=\"nuss-box\">\t\t<div class=\"nuss-image image\">\r\n\t\t\t<img decoding=\"async\"  src=\"https:\/\/chimelongxiangjianghotel.com\/wp-content\/uploads\/2025\/11\/Chimelong-Xiangjiang-Hotel-85.webp\" alt=\"Chimelong Xiangjiang Hotel (85)\" \/>\t\t<\/div>\r\n\t\t\t\t<\/div>\t\t\t\t\t<\/div>\r\n\t\t\t\t\t\t<div class=\"grid-item\">\r\n\t\t\t\t\t\t<div class=\"nuss-box\">\t\t<div class=\"nuss-image image\">\r\n\t\t\t<img decoding=\"async\"  src=\"https:\/\/chimelongxiangjianghotel.com\/wp-content\/uploads\/2025\/11\/Chimelong-Xiangjiang-Hotel-84.webp\" alt=\"Chimelong Xiangjiang Hotel (84)\" \/>\t\t<\/div>\r\n\t\t\t\t<\/div>\t\t\t\t\t<\/div>\r\n\t\t\t\t\t\t<div class=\"grid-item\">\r\n\t\t\t\t\t\t<div class=\"nuss-box\">\t\t<div class=\"nuss-image image\">\r\n\t\t\t<img decoding=\"async\"  src=\"https:\/\/chimelongxiangjianghotel.com\/wp-content\/uploads\/2025\/11\/Chimelong-Xiangjiang-Hotel-83.webp\" alt=\"Chimelong Xiangjiang Hotel (83)\" \/>\t\t<\/div>\r\n\t\t\t\t<\/div>\t\t\t\t\t<\/div>\r\n\t\t\t\t\t\t<div class=\"grid-item\">\r\n\t\t\t\t\t\t<div class=\"nuss-box\">\t\t<div class=\"nuss-image image\">\r\n\t\t\t<img decoding=\"async\"  src=\"https:\/\/chimelongxiangjianghotel.com\/wp-content\/uploads\/2025\/11\/Chimelong-Xiangjiang-Hotel-81.webp\" alt=\"Chimelong Xiangjiang Hotel (81)\" \/>\t\t<\/div>\r\n\t\t\t\t<\/div>\t\t\t\t\t<\/div>\r\n\t\t\t\t\t\t<div class=\"grid-item\">\r\n\t\t\t\t\t\t<div class=\"nuss-box\">\t\t<div class=\"nuss-image image\">\r\n\t\t\t<img decoding=\"async\"  src=\"https:\/\/chimelongxiangjianghotel.com\/wp-content\/uploads\/2025\/11\/Chimelong-Xiangjiang-Hotel-80.webp\" alt=\"Chimelong Xiangjiang Hotel (80)\" \/>\t\t<\/div>\r\n\t\t\t\t<\/div>\t\t\t\t\t<\/div>\r\n\t\t\t\t\t\t<div class=\"grid-item\">\r\n\t\t\t\t\t\t<div class=\"nuss-box\">\t\t<div class=\"nuss-image image\">\r\n\t\t\t<img decoding=\"async\"  src=\"https:\/\/chimelongxiangjianghotel.com\/wp-content\/uploads\/2025\/11\/Chimelong-Xiangjiang-Hotel-79.webp\" alt=\"Chimelong Xiangjiang Hotel (79)\" \/>\t\t<\/div>\r\n\t\t\t\t<\/div>\t\t\t\t\t<\/div>\r\n\t\t\t\t\t\t<div class=\"grid-item\">\r\n\t\t\t\t\t\t<div class=\"nuss-box\">\t\t<div class=\"nuss-image image\">\r\n\t\t\t<img decoding=\"async\"  src=\"https:\/\/chimelongxiangjianghotel.com\/wp-content\/uploads\/2025\/11\/Chimelong-Xiangjiang-Hotel-75.webp\" alt=\"Chimelong Xiangjiang Hotel (75)\" \/>\t\t<\/div>\r\n\t\t\t\t<\/div>\t\t\t\t\t<\/div>\r\n\t\t\t\t\t\t<div class=\"grid-item\">\r\n\t\t\t\t\t\t<div class=\"nuss-box\">\t\t<div class=\"nuss-image image\">\r\n\t\t\t<img decoding=\"async\"  src=\"https:\/\/chimelongxiangjianghotel.com\/wp-content\/uploads\/2025\/11\/Chimelong-Xiangjiang-Hotel-70.webp\" alt=\"Chimelong Xiangjiang Hotel (70)\" \/>\t\t<\/div>\r\n\t\t\t\t<\/div>\t\t\t\t\t<\/div>\r\n\t\t\t\t\t\t<div class=\"grid-item\">\r\n\t\t\t\t\t\t<div class=\"nuss-box\">\t\t<div class=\"nuss-image image\">\r\n\t\t\t<img decoding=\"async\"  src=\"https:\/\/chimelongxiangjianghotel.com\/wp-content\/uploads\/2025\/11\/Chimelong-Xiangjiang-Hotel-62.webp\" alt=\"Chimelong Xiangjiang Hotel (62)\" \/>\t\t<\/div>\r\n\t\t\t\t<\/div>\t\t\t\t\t<\/div>\r\n\t\t\t\t\t\t<div class=\"grid-item\">\r\n\t\t\t\t\t\t<div class=\"nuss-box\">\t\t<div class=\"nuss-image image\">\r\n\t\t\t<img decoding=\"async\"  src=\"https:\/\/chimelongxiangjianghotel.com\/wp-content\/uploads\/2025\/11\/Chimelong-Xiangjiang-Hotel-61.webp\" alt=\"Chimelong Xiangjiang Hotel (61)\" \/>\t\t<\/div>\r\n\t\t\t\t<\/div>\t\t\t\t\t<\/div>\r\n\t\t\t\t\t\t<div class=\"grid-item\">\r\n\t\t\t\t\t\t<div class=\"nuss-box\">\t\t<div class=\"nuss-image image\">\r\n\t\t\t<img decoding=\"async\"  src=\"https:\/\/chimelongxiangjianghotel.com\/wp-content\/uploads\/2025\/11\/Chimelong-Xiangjiang-Hotel-77.webp\" alt=\"Chimelong Xiangjiang Hotel (77)\" \/>\t\t<\/div>\r\n\t\t\t\t<\/div>\t\t\t\t\t<\/div>\r\n\t\t\t\t\t\t<div class=\"grid-item\">\r\n\t\t\t\t\t\t<div class=\"nuss-box\">\t\t<div class=\"nuss-image image\">\r\n\t\t\t<img decoding=\"async\"  src=\"https:\/\/chimelongxiangjianghotel.com\/wp-content\/uploads\/2025\/11\/Chimelong-Xiangjiang-Hotel-87.webp\" alt=\"Chimelong Xiangjiang Hotel (87)\" \/>\t\t<\/div>\r\n\t\t\t\t<\/div>\t\t\t\t\t<\/div>\r\n\t\t\t\t\t\t<div class=\"grid-item\">\r\n\t\t\t\t\t\t<div class=\"nuss-box\">\t\t<div class=\"nuss-image image\">\r\n\t\t\t<img decoding=\"async\"  src=\"https:\/\/chimelongxiangjianghotel.com\/wp-content\/uploads\/2025\/11\/Chimelong-Xiangjiang-Hotel-86.webp\" alt=\"Chimelong Xiangjiang Hotel (86)\" \/>\t\t<\/div>\r\n\t\t\t\t<\/div>\t\t\t\t\t<\/div>\r\n\t\t\t\t\t\t\t\r\n\t\t\t<\/div>\r\n\t\t<\/div>\r\n\t\t\t\t\t\t<\/div>\n\t\t\t\t<\/div>\n\t\t\t\t\t<\/div>\n\t\t\t\t<\/div>\n\t\t<div class=\"elementor-element elementor-element-d05381b e-flex e-con-boxed e-con e-parent\" data-id=\"d05381b\" data-element_type=\"container\" data-e-type=\"container\">\n\t\t\t\t\t<div class=\"e-con-inner\">\n\t\t\t\t<div class=\"elementor-element elementor-element-53bd849 elementor-widget elementor-widget-text-editor\" data-id=\"53bd849\" data-element_type=\"widget\" data-e-type=\"widget\" data-widget_type=\"text-editor.default\">\n\t\t\t\t\t\t\t\t\t<h3 data-spm-anchor-id=\"a2ty_o01.29997173.0.i79.4279c9216pn6la\">\ud83c\udf5c <strong>Restaurante chino Xiangjiang: Donde la tradici\u00f3n se une a la elegancia atemporal<\/strong><\/h3><p>Entra en <strong>Restaurante chino Xiangjiang<\/strong>, Aqu\u00ed pervive el esp\u00edritu de 1989, no como una reliquia, sino como un legado refinado. Originalmente parte del famoso restaurante Xiangjiang (que abri\u00f3 sus puertas antes que el propio hotel), este espacio se ha convertido en un sofisticado refugio para los amantes de la aut\u00e9ntica cocina cantonesa.<\/p><p><strong>Dise\u00f1o y ambiente:<\/strong><br \/>El restaurante evoca la est\u00e9tica cl\u00e1sica de Lingnan: mesas de madera pulida, elegantes l\u00e1mparas de ara\u00f1a y ventanas de estilo manch\u00fa que enmarcan vistas del animado vest\u00edbulo. La distribuci\u00f3n incluye:<\/p><ul dir=\"auto\"><li>Un espacioso <strong>\u00e1rea de comedor del vest\u00edbulo<\/strong> Perfecto para comidas informales<\/li><li>Cinco <strong>habitaciones especializadas privadas<\/strong> que se pueden combinar en un gran sal\u00f3n con capacidad para hasta <strong>160 invitados<\/strong> \u2014 ideal para reuniones familiares, cenas de negocios o celebraciones<\/li><\/ul><p><strong>Aspectos destacados de la gastronom\u00eda:<\/strong><br \/>Nuestros chefs preparan con maestr\u00eda platos tradicionales utilizando ingredientes frescos de la zona. Los hu\u00e9spedes elogian:<\/p><ul dir=\"auto\"><li>Pescado al vapor con jengibre y cebolleta<\/li><li>Arroz en cazuela de barro con carnes curadas<\/li><li>Platos de dim sum con har gow, siu mai y bollos de crema pastelera<\/li><li>Panceta de cerdo estofada, plato estrella, y verduras salteadas<\/li><\/ul><blockquote><p><em>\u201cLa verdad es que no esperaba que el restaurante fuera tan incre\u00edble\u2026 acabamos comiendo todas las comidas en el hotel durante los tres d\u00edas.\u201d<\/em><br \/>\u2014 Zhaoqipo, septiembre de 2025<\/p><\/blockquote><p><strong>Ventajas para los hu\u00e9spedes:<\/strong><\/p><ul dir=\"auto\"><li><strong>Sistema de tarjetas de comedor<\/strong>Recarga una peque\u00f1a cantidad y \u00fasala hasta que se agote; sin reglas complicadas ni saldos sobrantes.<\/li><li><strong>Favorito local<\/strong>: Popular entre los lugare\u00f1os mayores por las ma\u00f1anas \u2014 una verdadera se\u00f1al de autenticidad.<\/li><li><strong>Opci\u00f3n de desayuno<\/strong>: Se sirve de 07:30 a 14:30 y de 17:00 a 21:30 todos los d\u00edas.<\/li><\/ul><div class=\"py-2 my-3\"><hr \/><\/div><h3>\ud83c\udf5c <strong>Restaurante de t\u00e9 Xinglong: Sabores fusi\u00f3n y diversi\u00f3n familiar<\/strong><\/h3><p>Para aquellos que buscan variedad, rapidez o un toque de estilo hongkon\u00e9s, <strong>Restaurante de t\u00e9 Xinglong<\/strong> cumple con su animado concepto de cocina abierta tematizada en torno a <strong>\u201cOcho lugares de inter\u00e9s de Yangcheng\u201d<\/strong> \u2014 un gui\u00f1o a los monumentos hist\u00f3ricos de Guangzhou.<\/p><p><strong>Dise\u00f1o y ambiente:<\/strong><br \/>Luminoso, din\u00e1mico y acogedor, este restaurante ofrece:<\/p><ul dir=\"auto\"><li>Encima <strong>160 mesas de comedor para interiores<\/strong><\/li><li>Un <strong>zona de asientos al aire libre<\/strong> para disfrutar al aire libre<\/li><li>Un <strong>cocina abierta<\/strong> donde los hu\u00e9spedes pueden ver a los chefs preparar sus platos favoritos en tiempo real<\/li><li>Decoraci\u00f3n tem\u00e1tica que da vida a los iconos culturales de la ciudad.<\/li><\/ul><p><strong>Aspectos destacados de la gastronom\u00eda:<\/strong><br \/>Aqu\u00ed, Oriente y Occidente se fusionan en deliciosa armon\u00eda. Elija entre:<\/p><ul dir=\"auto\"><li><strong>platos fusi\u00f3n al estilo de Hong Kong<\/strong>Imag\u00ednate tartaletas de huevo, t\u00e9 con leche, fideos con pato asado y hamburguesas al estilo occidental junto con cl\u00e1sicos chinos.<\/li><li><strong>Opciones de buffet y a la carta<\/strong>Perfecto para comensales quisquillosos o paladares aventureros.<\/li><li><strong>Favoritos para ni\u00f1os<\/strong>Macarrones con queso, nuggets de pollo, tortitas y refrescos disponibles bajo petici\u00f3n.<\/li><\/ul><p><strong>Perfecto para:<\/strong><\/p><ul dir=\"auto\"><li>Desayunos r\u00e1pidos antes de ir al parque<\/li><li>Almuerzos informales durante los descansos del mediod\u00eda<\/li><li>Cena con vistas al animado vest\u00edbulo del hotel.<\/li><\/ul><blockquote><p><em>\u201cEl desayuno buffet destaca por su variedad y calidad, y a menudo se incluye como una mejora gratuita.\u201d<\/em><br \/>\u2014 Resumen de la rese\u00f1a de IA, Trip.com<\/p><\/blockquote><div class=\"py-2 my-3\"><hr \/><\/div><h3>\ud83d\udc68\u200d\ud83d\udc69\u200d\ud83d\udc67\u200d\ud83d\udc66 <strong>Comidas familiares f\u00e1ciles<\/strong><\/h3><p>En el hotel Chimelong Xiangjiang sabemos que alimentar a una familia no deber\u00eda ser estresante; por eso, ambos restaurantes se esfuerzan al m\u00e1ximo para atender a los m\u00e1s peque\u00f1os:<\/p><ul dir=\"auto\"><li><strong>Men\u00fas infantiles<\/strong>Comidas especializadas dise\u00f1adas para paladares j\u00f3venes<\/li><li><strong>Tronas y cochecitos<\/strong>Disponible previa solicitud.<\/li><li><strong>Snacks y bebidas para ni\u00f1os<\/strong>Se ofrece en la zona adyacente <strong>El pa\u00eds de las maravillas para ni\u00f1os<\/strong> zona de juego<\/li><li><strong>Golosinas tem\u00e1ticas<\/strong>: Recuerdos y dulces exclusivos de Chimelong a la venta en <strong>Galer\u00eda Feliz de Xinjiang<\/strong> tienda de regalos cercana<\/li><\/ul><p>Los padres pueden relajarse sabiendo que sus hijos est\u00e1n entretenidos mientras disfrutan de una comida tranquila, ya sea un humeante taz\u00f3n de congee o un plato de arroz frito crujiente.<\/p><div class=\"py-2 my-3\"><hr \/><\/div><h3>\ud83d\udccd <strong>Comodidad que mejora su estancia<\/strong><\/h3><p>\u00bfPara qu\u00e9 salir del hotel si todo lo que necesitas est\u00e1 aqu\u00ed mismo?<\/p><ul dir=\"auto\"><li><strong>Acceso gratuito al servicio de transporte<\/strong>A solo unos pasos de su habitaci\u00f3n al restaurante; no tendr\u00e1 que enfrentarse al tr\u00e1fico ni a las multitudes.<\/li><li><strong>Mejoras de desayuno gratuitas<\/strong>: Suele estar incluido en el paquete o la reserva; \u00a1pregunte al registrarse!<\/li><li><strong>Servicios de entrega compatibles<\/strong>\u00bfNecesitas un tentempi\u00e9 a altas horas de la noche? Nuestro conserje te ayudar\u00e1 a organizar la entrega de comida si prefieres cenar en la habitaci\u00f3n.<\/li><li><strong>Personal multiling\u00fce<\/strong>Los camareros que hablan ingl\u00e9s y mandar\u00edn garantizan un proceso de pedido sin problemas para los clientes internacionales.<\/li><\/ul><div class=\"py-2 my-3\"><hr \/><\/div><h3>\ud83d\udcac <strong>Lo que dicen los hu\u00e9spedes<\/strong><\/h3><p>Las rese\u00f1as reales hablan por s\u00ed solas:<\/p><blockquote><p><em>\u201cNo se encontraba ni una mota de polvo en las mesas ni en los alf\u00e9izares de las ventanas\u2026 \u00a1La comida estaba absolutamente deliciosa! Al principio me preocupaba que cenar fuera resultara inc\u00f3modo dada la distancia al centro de la ciudad, pero al final comimos todas las comidas en el hotel durante los tres d\u00edas.\u201d<\/em><br \/>\u2014 _WeChat252974****, septiembre de 2025<\/p><\/blockquote><blockquote><p><em>\u201cHabitaci\u00f3n limpia, ba\u00f1o enorme, personal amable. Tuvimos problemas para pedir comida a domicilio, pero finalmente lo solucionamos con la ayuda del conserje.\u201d<\/em><br \/>\u2014 jjtan07, octubre de 2025<\/p><\/blockquote><blockquote><p><em>\u201cEl choque entre la comida de moda y la comida tradicional genera nuevas chispas.\u201d<\/em><br \/>\u2014 Descripci\u00f3n oficial del hotel<\/p><\/blockquote><div class=\"py-2 my-3\"><hr \/><\/div><h3>\ud83c\udf7d\ufe0f <strong>Planifica tu comida hoy<\/strong><\/h3><p>Ya sea que celebres un cumplea\u00f1os, organices un almuerzo de equipo o simplemente te des un gusto despu\u00e9s de un emocionante d\u00eda en el Parque Safari Chimelong, nuestros restaurantes ofrecen algo para todos: desde exquisiteces cantonesas dignas de una estrella Michelin hasta reconfortantes bocados fusi\u00f3n de Hong Kong.<\/p><p>Reserva tu mesa, reserva un sal\u00f3n privado o simplemente ven; te recibiremos como a uno m\u00e1s de la familia.<\/p><p>\ud83d\udccd <strong>Ubicaci\u00f3n<\/strong>: Hotel Chimelong Xiangjiang, n.\u00ba 609 Mengyong Road, distrito de Panyu, Guangzhou<br \/>\ud83d\udcde <strong>Tel\u00e9fono<\/strong>: +86-20-84783366<br \/>\ud83c\udf10 <strong>Sitio web<\/strong>: <a href=\"https:\/\/chimelongxiangjianghotel.com\/es\/\" target=\"_blank\" rel=\"nofollow noopener\">https:\/\/chimelongxiangjianghotel.com <\/a><\/p>\t\t\t\t\t\t\t\t<\/div>\n\t\t\t\t\t<\/div>\n\t\t\t\t<\/div>\n\t\t\t\t<section class=\"elementor-section elementor-top-section elementor-element elementor-element-5fe1599e elementor-section-stretched elementor-section-boxed elementor-section-gap-beside-yes elementor-section-height-default elementor-section-height-default elementor-section-column-vertical-align-stretch\" data-id=\"5fe1599e\" data-element_type=\"section\" data-e-type=\"section\" data-settings=\"{&quot;background_background&quot;:&quot;classic&quot;,&quot;stretch_section&quot;:&quot;section-stretched&quot;}\">\n\t\t\t\t\t\t<div class=\"elementor-container elementor-column-gap-extended\">\n\t\t\t\t\t<div class=\"elementor-column elementor-col-100 elementor-top-column elementor-element elementor-element-423259a0\" data-id=\"423259a0\" data-element_type=\"column\" data-e-type=\"column\">\n\t\t\t<div class=\"elementor-widget-wrap elementor-element-populated\">\n\t\t\t\t\t\t<div class=\"elementor-element elementor-element-4a9881a0 elementor-widget elementor-widget-nuss-heading\" data-id=\"4a9881a0\" data-element_type=\"widget\" data-e-type=\"widget\" data-widget_type=\"nuss-heading.default\">\n\t\t\t\t<div class=\"elementor-widget-container\">\n\t\t\t\t\t\t\t<div class=\"nuss-modern-heading\">\r\n\t\t\t\t\t\t<div class=\"heading-secondary-wrap\">\r\n\t\t\t\t<h3 class=\"heading-secondary elementor-heading-title\">Consultar disponibilidad <\/h3>\t\t\t<\/div>\r\n\t\t\r\n\t\t\t\r\n\t\t\t\r\n\t\t\t\t\t<\/div>\r\n\t\t\t\t\t<\/div>\n\t\t\t\t<\/div>\n\t\t\t\t<div class=\"elementor-element elementor-element-337c6f8f elementor-widget elementor-widget-text-editor\" data-id=\"337c6f8f\" data-element_type=\"widget\" data-e-type=\"widget\" data-widget_type=\"text-editor.default\">\n\t\t\t\t\t\t\t\t\t<iframe border=\"0\" src=\"https:\/\/www.trip.com\/partners\/ad\/S6319350?Allianceid=7116208&#038;SID=271828250&#038;trip_sub1=\" style=\"width:1200px;height:200px\" frameborder=\"0\" scrolling=\"no\" id=\"S6319350\"><\/iframe>\t\t\t\t\t\t\t\t<\/div>\n\t\t\t\t\t<\/div>\n\t\t<\/div>\n\t\t\t\t\t<\/div>\n\t\t<\/section>\n\t\t\t\t<\/div>","protected":false},"excerpt":{"rendered":"<p>Savor the Soul of Lingnan: Culinary Adventures at Chimelong Xiangjiang Hotel\u2019s On-Site Restaurants Nestled beside the roaring lions and playful pandas of Guangzhou Chimelong Safari Park, Chimelong Xiangjiang Hotel doesn\u2019t just offer a place to rest \u2014 it invites you to indulge in a gastronomic journey that blends heritage, innovation, and family-friendly charm. Whether you\u2019re [&hellip;]<\/p>\n","protected":false},"author":1,"featured_media":0,"parent":0,"menu_order":0,"comment_status":"closed","ping_status":"closed","template":"","meta":{"footnotes":""},"class_list":["post-612","page","type-page","status-publish","hentry","post-no-thumbnail"],"_links":{"self":[{"href":"https:\/\/chimelongxiangjianghotel.com\/es\/wp-json\/wp\/v2\/pages\/612","targetHints":{"allow":["GET"]}}],"collection":[{"href":"https:\/\/chimelongxiangjianghotel.com\/es\/wp-json\/wp\/v2\/pages"}],"about":[{"href":"https:\/\/chimelongxiangjianghotel.com\/es\/wp-json\/wp\/v2\/types\/page"}],"author":[{"embeddable":true,"href":"https:\/\/chimelongxiangjianghotel.com\/es\/wp-json\/wp\/v2\/users\/1"}],"replies":[{"embeddable":true,"href":"https:\/\/chimelongxiangjianghotel.com\/es\/wp-json\/wp\/v2\/comments?post=612"}],"version-history":[{"count":0,"href":"https:\/\/chimelongxiangjianghotel.com\/es\/wp-json\/wp\/v2\/pages\/612\/revisions"}],"wp:attachment":[{"href":"https:\/\/chimelongxiangjianghotel.com\/es\/wp-json\/wp\/v2\/media?parent=612"}],"curies":[{"name":"wp","href":"https:\/\/api.w.org\/{rel}","templated":true}]}}