{"id":5266,"date":"2021-07-18T08:03:35","date_gmt":"2021-07-18T08:03:35","guid":{"rendered":"https:\/\/nuss.uxper.co\/luxury-resort\/?page_id=5266"},"modified":"2025-11-06T05:08:39","modified_gmt":"2025-11-06T05:08:39","slug":"sobre-nosotros","status":"publish","type":"page","link":"https:\/\/chimelongxiangjianghotel.com\/es\/about-us\/","title":{"rendered":"Sobre nosotros"},"content":{"rendered":"<div data-elementor-type=\"wp-page\" data-elementor-id=\"5266\" class=\"elementor elementor-5266\">\n\t\t\t\t\t\t<section class=\"elementor-section elementor-top-section elementor-element elementor-element-10416953 elementor-section-boxed elementor-section-gap-beside-yes elementor-section-height-default elementor-section-height-default elementor-section-column-vertical-align-stretch\" data-id=\"10416953\" data-element_type=\"section\" data-e-type=\"section\">\n\t\t\t\t\t\t<div class=\"elementor-container elementor-column-gap-extended\">\n\t\t\t\t\t<div class=\"elementor-column elementor-col-100 elementor-top-column elementor-element elementor-element-29c6aa8\" data-id=\"29c6aa8\" data-element_type=\"column\" data-e-type=\"column\">\n\t\t\t<div class=\"elementor-widget-wrap elementor-element-populated\">\n\t\t\t\t\t\t<div class=\"elementor-element elementor-element-7be18fe7 elementor-widget__width-initial elementor-invisible elementor-widget elementor-widget-text-editor\" data-id=\"7be18fe7\" data-element_type=\"widget\" data-e-type=\"widget\" data-settings=\"{&quot;_animation&quot;:&quot;nussFadeInUp&quot;}\" data-widget_type=\"text-editor.default\">\n\t\t\t\t\t\t\t\t\t<div class=\"svelte-1c06zsf\" data-lang-code=\"\"><p><strong data-spm-anchor-id=\"a2ty_o01.29997173.0.i36.4279c9216pn6la\">Hotel Chimelong Xiangjiang: Tu puerta de entrada ideal para una aventura familiar en la naturaleza de Guangzhou<\/strong><\/p><\/div>\t\t\t\t\t\t\t\t<\/div>\n\t\t\t\t\t<\/div>\n\t\t<\/div>\n\t\t\t\t\t<\/div>\n\t\t<\/section>\n\t\t\t\t<section class=\"elementor-section elementor-top-section elementor-element elementor-element-7d18327f elementor-section-boxed elementor-section-gap-beside-yes elementor-section-height-default elementor-section-height-default elementor-section-column-vertical-align-stretch\" data-id=\"7d18327f\" data-element_type=\"section\" data-e-type=\"section\">\n\t\t\t\t\t\t<div class=\"elementor-container elementor-column-gap-extended\">\n\t\t\t\t\t<div class=\"elementor-column elementor-col-50 elementor-top-column elementor-element elementor-element-56533670\" data-id=\"56533670\" data-element_type=\"column\" data-e-type=\"column\">\n\t\t\t<div class=\"elementor-widget-wrap elementor-element-populated\">\n\t\t\t\t\t\t<div class=\"elementor-element elementor-element-19c3f543 elementor-drop-cap-yes elementor-drop-cap-view-default elementor-invisible elementor-widget elementor-widget-text-editor\" data-id=\"19c3f543\" data-element_type=\"widget\" data-e-type=\"widget\" data-settings=\"{&quot;_animation&quot;:&quot;nussFadeInUp&quot;,&quot;drop_cap&quot;:&quot;yes&quot;}\" data-widget_type=\"text-editor.default\">\n\t\t\t\t\t\t\t\t\t<p data-spm-anchor-id=\"a2ty_o01.29997173.0.i38.4279c9216pn6la\">Ubicado a pocos minutos del mundialmente famoso Parque Safari Chimelong, <strong>Chimelong Xiangjiang Hotel<\/strong> Ofrece mucho m\u00e1s que un lugar para dormir: brinda una experiencia inmersiva, pensada para toda la familia, que combina a la perfecci\u00f3n comodidad, conveniencia y un encanto divertido. Ubicado en el n\u00famero 609 de la calle Mengyong, en la secci\u00f3n 105 de la carretera nacional, distrito de Panyu, Guangzhou, este hotel de 4 estrellas goza de una ubicaci\u00f3n ideal para quienes buscan f\u00e1cil acceso a las emocionantes atracciones de Chimelong, como el Parque Safari, Happy World y el Acuario Grandview, con servicio de autobuses gratuito que conecta regularmente con los principales lugares de inter\u00e9s.<\/p>\t\t\t\t\t\t\t\t<\/div>\n\t\t\t\t\t<\/div>\n\t\t<\/div>\n\t\t\t\t<div class=\"elementor-column elementor-col-50 elementor-top-column elementor-element elementor-element-30f14127\" data-id=\"30f14127\" data-element_type=\"column\" data-e-type=\"column\">\n\t\t\t<div class=\"elementor-widget-wrap elementor-element-populated\">\n\t\t\t\t\t\t<div class=\"elementor-element elementor-element-59aea08 elementor-widget elementor-widget-image\" data-id=\"59aea08\" data-element_type=\"widget\" data-e-type=\"widget\" data-widget_type=\"image.default\">\n\t\t\t\t\t\t\t\t\t\t\t\t\t\t\t<img fetchpriority=\"high\" decoding=\"async\" width=\"1024\" height=\"682\" src=\"https:\/\/chimelongxiangjianghotel.com\/wp-content\/uploads\/2025\/11\/Chimelong-Xiangjiang-Hotel-66-1024x682.webp\" class=\"attachment-large size-large wp-image-7223\" alt=\"\" srcset=\"https:\/\/chimelongxiangjianghotel.com\/wp-content\/uploads\/2025\/11\/Chimelong-Xiangjiang-Hotel-66-1024x682.webp 1024w, https:\/\/chimelongxiangjianghotel.com\/wp-content\/uploads\/2025\/11\/Chimelong-Xiangjiang-Hotel-66-300x200.webp 300w, https:\/\/chimelongxiangjianghotel.com\/wp-content\/uploads\/2025\/11\/Chimelong-Xiangjiang-Hotel-66-768x512.webp 768w, https:\/\/chimelongxiangjianghotel.com\/wp-content\/uploads\/2025\/11\/Chimelong-Xiangjiang-Hotel-66-18x12.webp 18w, https:\/\/chimelongxiangjianghotel.com\/wp-content\/uploads\/2025\/11\/Chimelong-Xiangjiang-Hotel-66.webp 1280w\" sizes=\"(max-width: 1024px) 100vw, 1024px\" \/>\t\t\t\t\t\t\t\t\t\t\t\t\t\t\t<\/div>\n\t\t\t\t\t<\/div>\n\t\t<\/div>\n\t\t\t\t\t<\/div>\n\t\t<\/section>\n\t\t\t\t<section class=\"elementor-section elementor-top-section elementor-element elementor-element-29fb8578 elementor-section-height-min-height elementor-section-stretched elementor-section-full_width elementor-section-items-stretch elementor-section-height-default elementor-section-column-vertical-align-stretch\" data-id=\"29fb8578\" data-element_type=\"section\" data-e-type=\"section\" data-settings=\"{&quot;stretch_section&quot;:&quot;section-stretched&quot;}\">\n\t\t\t\t\t\t<div class=\"elementor-container elementor-column-gap-no\">\n\t\t\t\t\t<div class=\"elementor-column elementor-col-50 elementor-top-column elementor-element elementor-element-40ac270b\" data-id=\"40ac270b\" data-element_type=\"column\" data-e-type=\"column\">\n\t\t\t<div class=\"elementor-widget-wrap elementor-element-populated\">\n\t\t\t\t\t\t<div class=\"elementor-element elementor-element-20872773 elementor-widget__width-initial elementor-widget-mobile__width-inherit elementor-invisible nuss-elementor-loading nuss-slide-in-right elementor-widget elementor-widget-image\" data-id=\"20872773\" data-element_type=\"widget\" data-e-type=\"widget\" data-settings=\"{&quot;_animation&quot;:&quot;nussSlideInRight&quot;}\" data-widget_type=\"image.default\">\n\t\t\t\t\t\t\t\t\t\t\t\t\t\t\t<img decoding=\"async\" width=\"1215\" height=\"853\" src=\"https:\/\/chimelongxiangjianghotel.com\/wp-content\/uploads\/2025\/11\/Chimelong-Xiangjiang-Hotel-73.webp\" class=\"attachment-full size-full wp-image-7230\" alt=\"\" srcset=\"https:\/\/chimelongxiangjianghotel.com\/wp-content\/uploads\/2025\/11\/Chimelong-Xiangjiang-Hotel-73.webp 1215w, https:\/\/chimelongxiangjianghotel.com\/wp-content\/uploads\/2025\/11\/Chimelong-Xiangjiang-Hotel-73-300x211.webp 300w, https:\/\/chimelongxiangjianghotel.com\/wp-content\/uploads\/2025\/11\/Chimelong-Xiangjiang-Hotel-73-1024x719.webp 1024w, https:\/\/chimelongxiangjianghotel.com\/wp-content\/uploads\/2025\/11\/Chimelong-Xiangjiang-Hotel-73-768x539.webp 768w, https:\/\/chimelongxiangjianghotel.com\/wp-content\/uploads\/2025\/11\/Chimelong-Xiangjiang-Hotel-73-18x12.webp 18w\" sizes=\"(max-width: 1215px) 100vw, 1215px\" \/>\t\t\t\t\t\t\t\t\t\t\t\t\t\t\t<\/div>\n\t\t\t\t\t<\/div>\n\t\t<\/div>\n\t\t\t\t<div class=\"elementor-column elementor-col-50 elementor-top-column elementor-element elementor-element-2dac103\" data-id=\"2dac103\" data-element_type=\"column\" data-e-type=\"column\">\n\t\t\t<div class=\"elementor-widget-wrap elementor-element-populated\">\n\t\t\t\t\t\t<div class=\"elementor-element elementor-element-6f1b8966 elementor-invisible elementor-widget elementor-widget-text-editor\" data-id=\"6f1b8966\" data-element_type=\"widget\" data-e-type=\"widget\" data-settings=\"{&quot;_animation&quot;:&quot;nussFadeInUp&quot;}\" data-widget_type=\"text-editor.default\">\n\t\t\t\t\t\t\t\t\t<p data-spm-anchor-id=\"a2ty_o01.29997173.0.i37.4279c9216pn6la\">Inaugurado originalmente en 1989 como el Restaurante Xiangjiang, este emblem\u00e1tico establecimiento se ha convertido en una joya de la hosteler\u00eda moderna bajo la prestigiosa gesti\u00f3n del Grupo Chimelong, conservando su legado de servicio excepcional y atenci\u00f3n al detalle. El dise\u00f1o del hotel, inspirado en la Ruta Mar\u00edtima de la Seda y las impresiones de Lingnan, fusiona la est\u00e9tica tradicional del sur de China con las comodidades contempor\u00e1neas, creando un ambiente c\u00e1lido y culturalmente rico desde el momento en que se accede al vest\u00edbulo, adornado con elegantes l\u00e1mparas de ara\u00f1a, ventanas de estilo manch\u00fa y llamativos elementos arquitect\u00f3nicos de Lingnan.<\/p><div class=\"my-2\">\u00a0<\/div><p>Con <strong>333 habitaciones para hu\u00e9spedes cuidadosamente dise\u00f1adas<\/strong> Repartido en 21 plantas, cada estancia est\u00e1 dise\u00f1ada a medida tanto para familias como para amantes de los animales. Elija entre opciones caprichosas <strong>Habitaciones con tem\u00e1tica de jirafa, tigre o elefante<\/strong>, Cada una cuenta con divertidos murales de dibujos animados, ropa de cama c\u00f3moda, wifi gratuito, refrigerador y ba\u00f1o privado con agua caliente instant\u00e1nea. Las familias apreciar\u00e1n especialmente la amplitud. <strong>Salas familiares<\/strong>, que ofrecen zonas de estar y de descanso separadas, adem\u00e1s de camas infantiles espec\u00edficas, perfectas para estancias multigeneracionales o vacaciones m\u00e1s largas.<\/p>\t\t\t\t\t\t\t\t<\/div>\n\t\t\t\t\t<\/div>\n\t\t<\/div>\n\t\t\t\t\t<\/div>\n\t\t<\/section>\n\t\t\t\t<section class=\"elementor-section elementor-top-section elementor-element elementor-element-bf65ccb elementor-section-height-min-height elementor-section-stretched elementor-section-full_width elementor-section-items-stretch elementor-section-height-default elementor-section-column-vertical-align-stretch\" data-id=\"bf65ccb\" data-element_type=\"section\" data-e-type=\"section\" data-settings=\"{&quot;stretch_section&quot;:&quot;section-stretched&quot;}\">\n\t\t\t\t\t\t<div class=\"elementor-container elementor-column-gap-no\">\n\t\t\t\t\t<div class=\"elementor-column elementor-col-50 elementor-top-column elementor-element elementor-element-2a289bd\" data-id=\"2a289bd\" data-element_type=\"column\" data-e-type=\"column\">\n\t\t\t<div class=\"elementor-widget-wrap elementor-element-populated\">\n\t\t\t\t\t\t<div class=\"elementor-element elementor-element-0a57948 elementor-invisible elementor-widget elementor-widget-text-editor\" data-id=\"0a57948\" data-element_type=\"widget\" data-e-type=\"widget\" data-settings=\"{&quot;_animation&quot;:&quot;nussFadeInUp&quot;}\" data-widget_type=\"text-editor.default\">\n\t\t\t\t\t\t\t\t\t<p data-spm-anchor-id=\"a2ty_o01.29997173.0.i41.4279c9216pn6la\">M\u00e1s all\u00e1 de las habitaciones, el hotel destaca por su <strong>Servicios ideales para familias<\/strong>: el vibrante <strong>El pa\u00eds de las maravillas para ni\u00f1os<\/strong> En la primera planta, los ni\u00f1os se deleitan con pantallas LED interactivas, actividades tem\u00e1ticas y una tienda de dulces (Xingjiang Happy Galley) repleta de caramelos y recuerdos de Chimelong. El exterior <strong>Escuela de conducci\u00f3n para ni\u00f1os<\/strong> Permite que los m\u00e1s peque\u00f1os disfruten de juegos supervisados mientras los padres se relajan cerca.<\/p><div class=\"my-2\">\u00a0<\/div><p data-spm-anchor-id=\"a2ty_o01.29997173.0.i40.4279c9216pn6la\">La gastronom\u00eda es otro punto fuerte: saboree la aut\u00e9ntica cocina cantonesa en <strong>Restaurante chino Xiangjiang<\/strong>, ubicado en interiores de estilo cl\u00e1sico Lingnan, con comedores privados con capacidad para hasta 160 comensales. Para comidas r\u00e1pidas y sabores fusi\u00f3n, dir\u00edjase a <strong>Restaurante de t\u00e9 Xinglong<\/strong>, con una tem\u00e1tica basada en los \u201cOcho Lugares de Inter\u00e9s de Yangcheng\u201d, ofrece de todo, desde dim sum al estilo de Hong Kong hasta platos occidentales favoritos, todo ello servido en un animado ambiente de cocina abierta con mesas en el interior y al aire libre.<\/p><div class=\"my-2\">\u00a0<\/div><p>Los hu\u00e9spedes elogian el hotel. <strong>Limpieza impecable, personal multiling\u00fce amable y detalles considerados.<\/strong> Desde art\u00edculos de aseo de alta calidad hasta aire acondicionado silencioso y wifi de alta velocidad. Los viajeros tambi\u00e9n elogian la impecable log\u00edstica: aparcamiento gratuito, recepci\u00f3n 24 horas, consigna de equipaje, reserva de taxis e incluso herramientas de traducci\u00f3n hacen que moverse por Guangzhou sea muy sencillo.<\/p><div class=\"my-2\">\u00a0<\/div><p data-spm-anchor-id=\"a2ty_o01.29997173.0.i42.4279c9216pn6la\">Tanto si nos visitas en temporada alta como si prefieres una escapada m\u00e1s tranquila fuera de temporada, el Hotel Chimelong Xiangjiang destaca como una de las mejores opciones \u2014ocupando el puesto #7 entre los hoteles familiares de Guangzhou\u2014 gracias a su inmejorable ubicaci\u00f3n, sus encantadoras habitaciones, su deliciosa gastronom\u00eda y su genuina hospitalidad. Reserva tu estancia hoy mismo y convierte tu aventura en Chimelong en un recuerdo familiar inolvidable.<\/p>\t\t\t\t\t\t\t\t<\/div>\n\t\t\t\t\t<\/div>\n\t\t<\/div>\n\t\t\t\t<div class=\"elementor-column elementor-col-50 elementor-top-column elementor-element elementor-element-c746b58\" data-id=\"c746b58\" data-element_type=\"column\" data-e-type=\"column\">\n\t\t\t<div class=\"elementor-widget-wrap elementor-element-populated\">\n\t\t\t\t\t\t<div class=\"elementor-element elementor-element-a4af331 elementor-widget__width-initial elementor-widget-mobile__width-inherit elementor-invisible nuss-elementor-loading nuss-slide-in-right elementor-widget elementor-widget-image\" data-id=\"a4af331\" data-element_type=\"widget\" data-e-type=\"widget\" data-settings=\"{&quot;_animation&quot;:&quot;nussSlideInRight&quot;}\" data-widget_type=\"image.default\">\n\t\t\t\t\t\t\t\t\t\t\t\t\t\t\t<img decoding=\"async\" width=\"1280\" height=\"853\" src=\"https:\/\/chimelongxiangjianghotel.com\/wp-content\/uploads\/2025\/11\/Chimelong-Xiangjiang-Hotel-60.webp\" class=\"attachment-full size-full wp-image-7217\" alt=\"\" srcset=\"https:\/\/chimelongxiangjianghotel.com\/wp-content\/uploads\/2025\/11\/Chimelong-Xiangjiang-Hotel-60.webp 1280w, https:\/\/chimelongxiangjianghotel.com\/wp-content\/uploads\/2025\/11\/Chimelong-Xiangjiang-Hotel-60-300x200.webp 300w, https:\/\/chimelongxiangjianghotel.com\/wp-content\/uploads\/2025\/11\/Chimelong-Xiangjiang-Hotel-60-1024x682.webp 1024w, https:\/\/chimelongxiangjianghotel.com\/wp-content\/uploads\/2025\/11\/Chimelong-Xiangjiang-Hotel-60-768x512.webp 768w, https:\/\/chimelongxiangjianghotel.com\/wp-content\/uploads\/2025\/11\/Chimelong-Xiangjiang-Hotel-60-18x12.webp 18w\" sizes=\"(max-width: 1280px) 100vw, 1280px\" \/>\t\t\t\t\t\t\t\t\t\t\t\t\t\t\t<\/div>\n\t\t\t\t\t<\/div>\n\t\t<\/div>\n\t\t\t\t\t<\/div>\n\t\t<\/section>\n\t\t\t\t<section class=\"elementor-section elementor-top-section elementor-element elementor-element-2092b7d0 elementor-section-stretched elementor-section-boxed elementor-section-gap-beside-yes elementor-section-height-default elementor-section-height-default elementor-section-column-vertical-align-stretch\" data-id=\"2092b7d0\" data-element_type=\"section\" data-e-type=\"section\" data-settings=\"{&quot;background_background&quot;:&quot;classic&quot;,&quot;stretch_section&quot;:&quot;section-stretched&quot;}\">\n\t\t\t\t\t\t<div class=\"elementor-container elementor-column-gap-extended\">\n\t\t\t\t\t<div class=\"elementor-column elementor-col-100 elementor-top-column elementor-element elementor-element-be69d75\" data-id=\"be69d75\" data-element_type=\"column\" data-e-type=\"column\">\n\t\t\t<div class=\"elementor-widget-wrap elementor-element-populated\">\n\t\t\t\t\t\t<div class=\"elementor-element elementor-element-320c022 elementor-widget elementor-widget-nuss-heading\" data-id=\"320c022\" data-element_type=\"widget\" data-e-type=\"widget\" data-widget_type=\"nuss-heading.default\">\n\t\t\t\t<div class=\"elementor-widget-container\">\n\t\t\t\t\t\t\t<div class=\"nuss-modern-heading\">\r\n\t\t\t\t\t\t<div class=\"heading-secondary-wrap\">\r\n\t\t\t\t<h3 class=\"heading-secondary elementor-heading-title\">Consultar disponibilidad <\/h3>\t\t\t<\/div>\r\n\t\t\r\n\t\t\t\r\n\t\t\t\r\n\t\t\t\t\t<\/div>\r\n\t\t\t\t\t<\/div>\n\t\t\t\t<\/div>\n\t\t\t\t<div class=\"elementor-element elementor-element-fe69a93 elementor-widget elementor-widget-text-editor\" data-id=\"fe69a93\" data-element_type=\"widget\" data-e-type=\"widget\" data-widget_type=\"text-editor.default\">\n\t\t\t\t\t\t\t\t\t<iframe border=\"0\" src=\"https:\/\/www.trip.com\/partners\/ad\/S6319350?Allianceid=7116208&#038;SID=271828250&#038;trip_sub1=\" style=\"width:1200px;height:200px\" frameborder=\"0\" scrolling=\"no\" id=\"S6319350\"><\/iframe>\t\t\t\t\t\t\t\t<\/div>\n\t\t\t\t\t<\/div>\n\t\t<\/div>\n\t\t\t\t\t<\/div>\n\t\t<\/section>\n\t\t\t\t<\/div>","protected":false},"excerpt":{"rendered":"<p>Chimelong Xiangjiang Hotel \u2013 Your Ultimate Family Gateway to Guangzhou\u2019s Wildlife Adventure Nestled just minutes from the world-famous Chimelong Safari Park, Chimelong Xiangjiang Hotel offers more than just a place to sleep \u2014 it delivers an immersive, family-first experience that seamlessly blends comfort, convenience, and playful charm. Located at No. 609 Mengyong Road, Section of [&hellip;]<\/p>\n","protected":false},"author":1,"featured_media":0,"parent":0,"menu_order":0,"comment_status":"closed","ping_status":"closed","template":"","meta":{"footnotes":""},"class_list":["post-5266","page","type-page","status-publish","hentry","post-no-thumbnail"],"_links":{"self":[{"href":"https:\/\/chimelongxiangjianghotel.com\/es\/wp-json\/wp\/v2\/pages\/5266","targetHints":{"allow":["GET"]}}],"collection":[{"href":"https:\/\/chimelongxiangjianghotel.com\/es\/wp-json\/wp\/v2\/pages"}],"about":[{"href":"https:\/\/chimelongxiangjianghotel.com\/es\/wp-json\/wp\/v2\/types\/page"}],"author":[{"embeddable":true,"href":"https:\/\/chimelongxiangjianghotel.com\/es\/wp-json\/wp\/v2\/users\/1"}],"replies":[{"embeddable":true,"href":"https:\/\/chimelongxiangjianghotel.com\/es\/wp-json\/wp\/v2\/comments?post=5266"}],"version-history":[{"count":0,"href":"https:\/\/chimelongxiangjianghotel.com\/es\/wp-json\/wp\/v2\/pages\/5266\/revisions"}],"wp:attachment":[{"href":"https:\/\/chimelongxiangjianghotel.com\/es\/wp-json\/wp\/v2\/media?parent=5266"}],"curies":[{"name":"wp","href":"https:\/\/api.w.org\/{rel}","templated":true}]}}