{"id":5243,"date":"2021-07-18T07:51:42","date_gmt":"2021-07-18T07:51:42","guid":{"rendered":"https:\/\/nuss.uxper.co\/luxury-resort\/?page_id=5243"},"modified":"2025-11-06T05:31:54","modified_gmt":"2025-11-06T05:31:54","slug":"contactanos","status":"publish","type":"page","link":"https:\/\/chimelongxiangjianghotel.com\/es\/contact-us\/","title":{"rendered":"Cont\u00e1ctanos"},"content":{"rendered":"<div data-elementor-type=\"wp-page\" data-elementor-id=\"5243\" class=\"elementor elementor-5243\">\n\t\t\t\t\t\t<section class=\"elementor-section elementor-top-section elementor-element elementor-element-269a8dde elementor-section-boxed elementor-section-height-default elementor-section-height-default elementor-section-column-vertical-align-stretch\" data-id=\"269a8dde\" data-element_type=\"section\" data-e-type=\"section\">\n\t\t\t\t\t\t<div class=\"elementor-container elementor-column-gap-no\">\n\t\t\t\t\t<div class=\"elementor-column elementor-col-100 elementor-top-column elementor-element elementor-element-2d58302d\" data-id=\"2d58302d\" data-element_type=\"column\" data-e-type=\"column\">\n\t\t\t<div class=\"elementor-widget-wrap elementor-element-populated\">\n\t\t\t\t\t\t<div class=\"elementor-element elementor-element-70e6cc1b elementor-widget__width-initial elementor-invisible elementor-widget elementor-widget-text-editor\" data-id=\"70e6cc1b\" data-element_type=\"widget\" data-e-type=\"widget\" data-settings=\"{&quot;_animation&quot;:&quot;nussFadeInUp&quot;}\" data-widget_type=\"text-editor.default\">\n\t\t\t\t\t\t\t\t\t<p>\u00bfNecesitas ayuda con tu reserva online, tienes alguna pregunta o necesitas m\u00e1s informaci\u00f3n? \u00a1Escr\u00edbenos!<\/p>\t\t\t\t\t\t\t\t<\/div>\n\t\t\t\t<div class=\"elementor-element elementor-element-2d68e5b9 elementor-widget__width-initial elementor-invisible elementor-widget elementor-widget-heading\" data-id=\"2d68e5b9\" data-element_type=\"widget\" data-e-type=\"widget\" data-settings=\"{&quot;_animation&quot;:&quot;nussFadeInUp&quot;}\" data-widget_type=\"heading.default\">\n\t\t\t\t\t<h3 class=\"elementor-heading-title elementor-size-default\">Para reservas, llame o consulte la disponibilidad en trip.com.<\/h3>\t\t\t\t<\/div>\n\t\t\t\t<div class=\"elementor-element elementor-element-1d7bbef9 elementor-invisible elementor-widget elementor-widget-text-editor\" data-id=\"1d7bbef9\" data-element_type=\"widget\" data-e-type=\"widget\" data-settings=\"{&quot;_animation&quot;:&quot;nussFadeInUp&quot;}\" data-widget_type=\"text-editor.default\">\n\t\t\t\t\t\t\t\t\tLl\u00e1menos: +86-20-84783366\t\t\t\t\t\t\t\t<\/div>\n\t\t\t\t<div class=\"elementor-element elementor-element-69604c41 elementor-widget__width-initial elementor-invisible elementor-widget elementor-widget-heading\" data-id=\"69604c41\" data-element_type=\"widget\" data-e-type=\"widget\" data-settings=\"{&quot;_animation&quot;:&quot;nussFadeInUp&quot;}\" data-widget_type=\"heading.default\">\n\t\t\t\t\t<h3 class=\"elementor-heading-title elementor-size-default\">Encu\u00e9ntranos en el mapa<\/h3>\t\t\t\t<\/div>\n\t\t\t\t<div class=\"elementor-element elementor-element-79286b68 elementor-widget__width-initial elementor-invisible nuss-elementor-loading nuss-slide-in-up elementor-widget elementor-widget-google_maps\" data-id=\"79286b68\" data-element_type=\"widget\" data-e-type=\"widget\" data-settings=\"{&quot;_animation&quot;:&quot;nussSlideInUp&quot;}\" data-widget_type=\"google_maps.default\">\n\t\t\t\t\t\t\t<div class=\"elementor-custom-embed\">\n\t\t\t<iframe loading=\"lazy\"\n\t\t\t\t\tsrc=\"https:\/\/maps.google.com\/maps?q=Chimelong%20Xiangjiang%20Hotel%20%28Guangzhou%20Chimelong%20Safari%20Park%29&#038;t=m&#038;z=10&#038;output=embed&#038;iwloc=near\"\n\t\t\t\t\ttitle=\"Chimelong Xiangjiang Hotel (Parque Safari Chimelong de Guangzhou)\"\n\t\t\t\t\taria-label=\"Chimelong Xiangjiang Hotel (Parque Safari Chimelong de Guangzhou)\"\n\t\t\t><\/iframe>\n\t\t<\/div>\n\t\t\t\t\t\t<\/div>\n\t\t\t\t<div class=\"elementor-element elementor-element-4d14a742 elementor-widget__width-initial elementor-invisible elementor-widget elementor-widget-text-editor\" data-id=\"4d14a742\" data-element_type=\"widget\" data-e-type=\"widget\" data-settings=\"{&quot;_animation&quot;:&quot;nussFadeInUp&quot;}\" data-widget_type=\"text-editor.default\">\n\t\t\t\t\t\t\t\t\t<p>Tramo n.\u00ba 609 de la carretera Mengyong, perteneciente a la carretera nacional n.\u00ba 105, distrito de Panyu, Guangzhou, Guangdong, China<\/p>\t\t\t\t\t\t\t\t<\/div>\n\t\t\t\t<div class=\"elementor-element elementor-element-3807eb92 elementor-align-center elementor-invisible elementor-widget elementor-widget-button\" data-id=\"3807eb92\" data-element_type=\"widget\" data-e-type=\"widget\" data-settings=\"{&quot;_animation&quot;:&quot;nussFadeInUp&quot;}\" data-widget_type=\"button.default\">\n\t\t\t\t\t\t\t\t\t\t<a class=\"elementor-button elementor-button-link elementor-size-sm\" href=\"https:\/\/maps.app.goo.gl\/69zq6GhAPfA7ESde7\" target=\"_blank\" rel=\"noopener\">\n\t\t\t\t\t\t<span class=\"elementor-button-content-wrapper\">\n\t\t\t\t\t\t\t\t\t<span class=\"elementor-button-text\">Obtener direcciones<\/span>\n\t\t\t\t\t<\/span>\n\t\t\t\t\t<\/a>\n\t\t\t\t\t\t\t\t<\/div>\n\t\t\t\t\t<\/div>\n\t\t<\/div>\n\t\t\t\t\t<\/div>\n\t\t<\/section>\n\t\t\t\t<section class=\"elementor-section elementor-top-section elementor-element elementor-element-7cd35498 elementor-section-stretched elementor-section-boxed elementor-section-gap-beside-yes elementor-section-height-default elementor-section-height-default elementor-section-column-vertical-align-stretch\" data-id=\"7cd35498\" data-element_type=\"section\" data-e-type=\"section\" data-settings=\"{&quot;background_background&quot;:&quot;classic&quot;,&quot;stretch_section&quot;:&quot;section-stretched&quot;}\">\n\t\t\t\t\t\t<div class=\"elementor-container elementor-column-gap-extended\">\n\t\t\t\t\t<div class=\"elementor-column elementor-col-100 elementor-top-column elementor-element elementor-element-61a2780f\" data-id=\"61a2780f\" data-element_type=\"column\" data-e-type=\"column\">\n\t\t\t<div class=\"elementor-widget-wrap elementor-element-populated\">\n\t\t\t\t\t\t<div class=\"elementor-element elementor-element-6d9d61e1 elementor-widget elementor-widget-nuss-heading\" data-id=\"6d9d61e1\" data-element_type=\"widget\" data-e-type=\"widget\" data-widget_type=\"nuss-heading.default\">\n\t\t\t\t<div class=\"elementor-widget-container\">\n\t\t\t\t\t\t\t<div class=\"nuss-modern-heading\">\r\n\t\t\t\t\t\t<div class=\"heading-secondary-wrap\">\r\n\t\t\t\t<h3 class=\"heading-secondary elementor-heading-title\">Consultar disponibilidad <\/h3>\t\t\t<\/div>\r\n\t\t\r\n\t\t\t\r\n\t\t\t\r\n\t\t\t\t\t<\/div>\r\n\t\t\t\t\t<\/div>\n\t\t\t\t<\/div>\n\t\t\t\t<div class=\"elementor-element elementor-element-d73cf9b elementor-widget elementor-widget-text-editor\" data-id=\"d73cf9b\" data-element_type=\"widget\" data-e-type=\"widget\" data-widget_type=\"text-editor.default\">\n\t\t\t\t\t\t\t\t\t<iframe border=\"0\" src=\"https:\/\/www.trip.com\/partners\/ad\/S6319350?Allianceid=7116208&#038;SID=271828250&#038;trip_sub1=\" style=\"width:1200px;height:200px\" frameborder=\"0\" scrolling=\"no\" id=\"S6319350\"><\/iframe>\t\t\t\t\t\t\t\t<\/div>\n\t\t\t\t\t<\/div>\n\t\t<\/div>\n\t\t\t\t\t<\/div>\n\t\t<\/section>\n\t\t\t\t<\/div>","protected":false},"excerpt":{"rendered":"<p>\u00bfNecesita ayuda con su reserva en l\u00ednea, tiene alguna pregunta o necesita m\u00e1s informaci\u00f3n? \u00a1Cont\u00e1ctenos! Para reservar, ll\u00e1menos o consulte la disponibilidad en trip.com. Ll\u00e1menos: +86-20-84783366. Encu\u00e9ntrenos en el mapa: Carretera Mengyong n.\u00b0 609, secci\u00f3n de la Carretera Nacional n.\u00b0 105, distrito de Panyu, Cant\u00f3n, Guangdong, China. Obtener indicaciones. Consultar disponibilidad.<\/p>","protected":false},"author":1,"featured_media":0,"parent":0,"menu_order":0,"comment_status":"closed","ping_status":"closed","template":"","meta":{"footnotes":""},"class_list":["post-5243","page","type-page","status-publish","hentry","post-no-thumbnail"],"_links":{"self":[{"href":"https:\/\/chimelongxiangjianghotel.com\/es\/wp-json\/wp\/v2\/pages\/5243","targetHints":{"allow":["GET"]}}],"collection":[{"href":"https:\/\/chimelongxiangjianghotel.com\/es\/wp-json\/wp\/v2\/pages"}],"about":[{"href":"https:\/\/chimelongxiangjianghotel.com\/es\/wp-json\/wp\/v2\/types\/page"}],"author":[{"embeddable":true,"href":"https:\/\/chimelongxiangjianghotel.com\/es\/wp-json\/wp\/v2\/users\/1"}],"replies":[{"embeddable":true,"href":"https:\/\/chimelongxiangjianghotel.com\/es\/wp-json\/wp\/v2\/comments?post=5243"}],"version-history":[{"count":0,"href":"https:\/\/chimelongxiangjianghotel.com\/es\/wp-json\/wp\/v2\/pages\/5243\/revisions"}],"wp:attachment":[{"href":"https:\/\/chimelongxiangjianghotel.com\/es\/wp-json\/wp\/v2\/media?parent=5243"}],"curies":[{"name":"wp","href":"https:\/\/api.w.org\/{rel}","templated":true}]}}