{"id":2106,"date":"2021-03-25T04:08:26","date_gmt":"2021-03-25T04:08:26","guid":{"rendered":"http:\/\/localhost\/nuss\/?page_id=298"},"modified":"2025-11-06T05:41:44","modified_gmt":"2025-11-06T05:41:44","slug":"experiencias","status":"publish","type":"page","link":"https:\/\/chimelongxiangjianghotel.com\/es\/experiences\/","title":{"rendered":"Rese\u00f1as recientes en Chimelong Xiangjiang"},"content":{"rendered":"<div data-elementor-type=\"wp-page\" data-elementor-id=\"2106\" class=\"elementor elementor-2106\">\n\t\t\t\t\t\t<section class=\"elementor-section elementor-top-section elementor-element elementor-element-1954ffc elementor-section-boxed elementor-section-gap-beside-yes elementor-section-height-default elementor-section-height-default elementor-section-column-vertical-align-stretch\" data-id=\"1954ffc\" data-element_type=\"section\" data-e-type=\"section\">\n\t\t\t\t\t\t<div class=\"elementor-container elementor-column-gap-extended\">\n\t\t\t\t\t<div class=\"elementor-column elementor-col-100 elementor-top-column elementor-element elementor-element-86aebc5\" data-id=\"86aebc5\" data-element_type=\"column\" data-e-type=\"column\">\n\t\t\t<div class=\"elementor-widget-wrap elementor-element-populated\">\n\t\t\t\t\t\t<div class=\"elementor-element elementor-element-11803d1 elementor-widget__width-initial elementor-invisible elementor-widget elementor-widget-text-editor\" data-id=\"11803d1\" data-element_type=\"widget\" data-e-type=\"widget\" data-settings=\"{&quot;_animation&quot;:&quot;nussFadeInUp&quot;}\" data-widget_type=\"text-editor.default\">\n\t\t\t\t\t\t\t\t\t<div class=\"svelte-1c06zsf\" data-lang-code=\"\"><p><strong data-spm-anchor-id=\"a2ty_o01.29997173.0.i57.4279c9216pn6la\">Opiniones del hotel Chimelong Xiangjiang: Experiencias reales de familias, viajeros y hu\u00e9spedes de negocios\u00a0<\/strong><\/p><\/div>\t\t\t\t\t\t\t\t<\/div>\n\t\t\t\t\t<\/div>\n\t\t<\/div>\n\t\t\t\t\t<\/div>\n\t\t<\/section>\n\t\t<div class=\"elementor-element elementor-element-95e7268 e-flex e-con-boxed e-con e-parent\" data-id=\"95e7268\" data-element_type=\"container\" data-e-type=\"container\">\n\t\t\t\t\t<div class=\"e-con-inner\">\n\t\t\t\t<div class=\"elementor-element elementor-element-bd47571 elementor-widget elementor-widget-image\" data-id=\"bd47571\" data-element_type=\"widget\" data-e-type=\"widget\" data-widget_type=\"image.default\">\n\t\t\t\t\t\t\t\t\t\t\t\t\t\t\t\t<a href=\"https:\/\/www.trip.com\/hotels\/guangzhou-hotel-detail-23406093\/chimelong-xiangjiang-hotel-guangzhou-changlong-wildlife-world\/?Allianceid=7116208&#038;SID=271828250&#038;trip_sub1=&#038;trip_sub3=D6321520\" target=\"_blank\" rel=\"noopener\">\n\t\t\t\t\t\t\t<img fetchpriority=\"high\" decoding=\"async\" width=\"1720\" height=\"1510\" src=\"https:\/\/chimelongxiangjianghotel.com\/wp-content\/uploads\/2025\/11\/reviews.jpg\" class=\"attachment-full size-full wp-image-7366\" alt=\"\" srcset=\"https:\/\/chimelongxiangjianghotel.com\/wp-content\/uploads\/2025\/11\/reviews.jpg 1720w, https:\/\/chimelongxiangjianghotel.com\/wp-content\/uploads\/2025\/11\/reviews-300x263.jpg 300w, https:\/\/chimelongxiangjianghotel.com\/wp-content\/uploads\/2025\/11\/reviews-1024x899.jpg 1024w, https:\/\/chimelongxiangjianghotel.com\/wp-content\/uploads\/2025\/11\/reviews-768x674.jpg 768w, https:\/\/chimelongxiangjianghotel.com\/wp-content\/uploads\/2025\/11\/reviews-1536x1348.jpg 1536w, https:\/\/chimelongxiangjianghotel.com\/wp-content\/uploads\/2025\/11\/reviews-14x12.jpg 14w\" sizes=\"(max-width: 1720px) 100vw, 1720px\" \/>\t\t\t\t\t\t\t\t<\/a>\n\t\t\t\t\t\t\t\t\t\t\t\t\t\t\t<\/div>\n\t\t\t\t\t<\/div>\n\t\t\t\t<\/div>\n\t\t<div class=\"elementor-element elementor-element-3e39171 e-flex e-con-boxed e-con e-parent\" data-id=\"3e39171\" data-element_type=\"container\" data-e-type=\"container\">\n\t\t\t\t\t<div class=\"e-con-inner\">\n\t\t\t\t<div class=\"elementor-element elementor-element-7761d0c elementor-widget elementor-widget-text-editor\" data-id=\"7761d0c\" data-element_type=\"widget\" data-e-type=\"widget\" data-widget_type=\"text-editor.default\">\n\t\t\t\t\t\t\t\t\t<p data-spm-anchor-id=\"a2ty_o01.29997173.0.i58.4279c9216pn6la\">Si est\u00e1 planeando un viaje al mundialmente famoso Parque Safari Chimelong de Guangzhou, o simplemente busca un hotel ideal para familias con car\u00e1cter, comodidad y encanto, <strong>Chimelong Xiangjiang Hotel<\/strong> Recibe constantemente las mejores calificaciones de viajeros reales. Con m\u00e1s de <strong>2756 rese\u00f1as verificadas<\/strong> en Trip.com y una estelar <strong>Calificaci\u00f3n general: 9,4\/10<\/strong>, Este establecimiento de 4 estrellas no es un alojamiento m\u00e1s cerca del parque, sino un destino en s\u00ed mismo.<\/p><p>Esto es lo que dicen los hu\u00e9spedes sobre sus estancias, desglosado por categor\u00edas clave para que puedas planificar tu visita perfecta.<\/p><div class=\"py-2 my-3\"><hr \/><\/div><h3>\ud83c\udf1f <strong>Valoraci\u00f3n general de los hu\u00e9spedes: 9,4 \/ 10 \u2014 \u201cExcepcional\u201d<\/strong><\/h3><p>Los hu\u00e9spedes describen el Chimelong Xiangjiang Hotel como \u201climpio\u201d, \u201cc\u00f3modo\u201d, \u201corientado a la familia\u201d y \u201ccon una ubicaci\u00f3n perfecta\u201d. Muchos destacan que, si bien puede que no sea un resort de lujo, ofrece una relaci\u00f3n calidad-precio excepcional, un servicio atento y una experiencia inmersiva con tem\u00e1tica de safari que encanta tanto a ni\u00f1os como a adultos.<\/p><blockquote><p><em>\u201cElegimos la opci\u00f3n m\u00e1s econ\u00f3mica de entre tres hoteles\u2026 \u00a1pero para nuestra sorpresa, result\u00f3 ser perfecta para nosotros!\u201d<\/em><br \/>\u2014 Zhaoqipo, septiembre de 2025<\/p><\/blockquote><blockquote><p><em>\u201cEl ba\u00f1o estaba impecable\u2026 La se\u00f1al Wi-Fi era siempre fuerte\u2026 El aire acondicionado era sorprendentemente silencioso\u2026 Tuve una estancia muy agradable y sin duda recomendar\u00eda este hotel a mis amigos.\u201d<\/em><br \/>\u2014 _WeChat252974****, septiembre de 2025<\/p><\/blockquote><div class=\"py-2 my-3\"><hr \/><\/div><h3>\ud83d\udccd <strong>Ubicaci\u00f3n: 9,5\/10 \u2014 A pocos minutos del Parque Safari Chimelong<\/strong><\/h3><p>Ubicado en el n\u00famero 609 de la calle Mengyong, en el distrito de Panyu, el hotel se encuentra justo al lado del parque safari Chimelong, a solo una <strong>Viaje en lanzadera de 8 minutos<\/strong> Los hu\u00e9spedes elogian el servicio de transporte gratuito, que opera con regularidad a todas las principales atracciones de Chimelong, incluyendo Happy World y el Acuario Grandview.<\/p><p>La accesibilidad es una gran ventaja:<\/p><ul dir=\"auto\"><li><strong>L\u00edneas 3 y 7 del metro<\/strong>: 1,8 km hasta la estaci\u00f3n Dashi<\/li><li><strong>Estaci\u00f3n Sur de Guangzhou<\/strong>Viaje en taxi de 15 minutos<\/li><li><strong>Aeropuerto de Foshan Shadi<\/strong>31,8 km (~49 minutos en coche)<\/li><li><strong>Aparcamiento gratuito<\/strong> Disponible en el lugar; no se necesita reserva.<\/li><\/ul><blockquote><p><em>\u201cUna parada de autob\u00fas lanzadera justo a la salida de la entrada facilit\u00f3 enormemente el acceso al zool\u00f3gico y a Happy World.\u201d<\/em><br \/>\u2014 _WeChat252974****<\/p><\/blockquote><div class=\"py-2 my-3\"><hr \/><\/div><h3>\ud83e\uddf9 <strong>Limpieza: 9,6 \/ 10 \u2014 Habitaciones impecables y mantenimiento impecable<\/strong><\/h3><p>Aqu\u00ed es donde el hotel Chimelong Xiangjiang realmente brilla. Rese\u00f1a tras rese\u00f1a elogia el <strong>ba\u00f1os impecables<\/strong>, <strong>superficies libres de polvo<\/strong>, <strong>s\u00e1banas frescas<\/strong>, y <strong>art\u00edculos de aseo de alta calidad<\/strong>.<\/p><p>Nota para los hu\u00e9spedes:<\/p><ul dir=\"auto\"><li>Separaci\u00f3n de zonas h\u00famedas y secas en los ba\u00f1os<\/li><li>Agua caliente instant\u00e1nea con presi\u00f3n estable<\/li><li>Aire acondicionado silencioso y eficiente<\/li><li>Refrigeradores, televisores inteligentes y servicio de limpieza diario en todas las habitaciones.<\/li><\/ul><blockquote><p><em>\u201cNi una mota de polvo se encontraba en las mesas ni en los alf\u00e9izares de las ventanas\u2026 El colch\u00f3n ten\u00eda la firmeza justa\u2026 las almohadas el tama\u00f1o perfecto\u2026 incluso quienes tienen el sue\u00f1o ligero pod\u00edan disfrutar de una noche de sue\u00f1o reparador.\u201d<\/em><br \/>\u2014 _WeChat252974****<\/p><\/blockquote><div class=\"py-2 my-3\"><hr \/><\/div><h3>\ud83d\udc68\u200d\ud83d\udc69\u200d\ud83d\udc67\u200d\ud83d\udc66 <strong>Servicios para familias: 9.3 \/ 10 \u2014 Dise\u00f1ado para ni\u00f1os y padres por igual<\/strong><\/h3><p>Desde habitaciones tem\u00e1ticas hasta zonas de juego y servicios adaptados a los ni\u00f1os, este hotel se esmera al m\u00e1ximo por las familias:<\/p><ul dir=\"auto\"><li><strong>Habitaciones tem\u00e1ticas de safari<\/strong>Elige entre las habitaciones Jirafa, Tigre o Elefante; cada una cuenta con murales divertidos y una decoraci\u00f3n pensada para ni\u00f1os.<\/li><li><strong>Salas familiares<\/strong>Distribuciones amplias con zonas de estar independientes y camas infantiles espec\u00edficas.<\/li><li><strong>El pa\u00eds de las maravillas para ni\u00f1os<\/strong>Pantallas LED interactivas, mobiliario divertido, actividades para padres e hijos, refrigerios y <strong>Galer\u00eda Feliz de Xinjiang<\/strong> tienda de recuerdos.<\/li><li><strong>Escuela de conducci\u00f3n para ni\u00f1os<\/strong>Espacio al aire libre para que los ni\u00f1os conduzcan minicoches bajo supervisi\u00f3n.<\/li><li><strong>Servicios para ni\u00f1os<\/strong>Pantuflas, batas de ba\u00f1o, cepillos de dientes, juguetes, juegos de mesa y comidas infantiles.<\/li><\/ul><blockquote><p><em>\u201cSus peque\u00f1os disfrutar\u00e1n much\u00edsimo de Kids Wonderland\u2026 interesantes y divertidos cursos para padres e hijos\u2026 una experiencia maravillosamente entretenida.\u201d<\/em><br \/>\u2014 Descripci\u00f3n de la propiedad en Trip.com<\/p><\/blockquote><div class=\"py-2 my-3\"><hr \/><\/div><h3>\ud83c\udf7d\ufe0f <strong>Comida y bebida: 9,4 \/ 10 \u2014 Sabores locales que impresionan<\/strong><\/h3><p>Dos restaurantes en el mismo recinto satisfacen diversos gustos:<\/p><h4>\u2705 <strong>Restaurante chino Xiangjiang<\/strong><\/h4><ul dir=\"auto\"><li>Aut\u00e9ntica cocina cantonesa<\/li><li>Mesas de madera cl\u00e1sicas al estilo Lingnan<\/li><li>Cinco comedores privados (que se pueden combinar para albergar hasta 160 invitados)<\/li><li>Abierto para desayuno, almuerzo y cena (07:30\u201314:30, 17:00\u201321:30)<\/li><\/ul><p>Los hu\u00e9spedes lo describen como \u201cincre\u00edblemente delicioso\u201d y \u201csorprendentemente asombroso\u201d, incluso lo comparan con un popular restaurante local. <em>cha chaan teng<\/em> (Restaurante al estilo de Hong Kong).<\/p><blockquote><p><em>\u201cLa verdad es que no esperaba que el restaurante fuera tan incre\u00edble\u2026 acabamos comiendo todas las comidas en el hotel durante los tres d\u00edas.\u201d<\/em><br \/>\u2014Zhaoqipo<\/p><\/blockquote><h4>\u2705 <strong>Restaurante de t\u00e9 Xinglong<\/strong><\/h4><ul dir=\"auto\"><li>Estilo fusi\u00f3n de Hong Kong (occidental + chino)<\/li><li>Con la tem\u00e1tica \u201cOcho lugares de inter\u00e9s de Yangcheng\u201d<\/li><li>Cocina abierta, m\u00e1s de 160 mesas en el interior, terraza.<\/li><li>Opciones buffet y a la carta (07:00\u201310:00, 11:00\u201314:30, 17:00\u201320:00)<\/li><\/ul><p>El desayuno suele estar incluido como una mejora gratuita, con opciones de estilo occidental y chino, a un precio de 68 CNY para adultos y gratuito para ni\u00f1os menores de 1 metro.<\/p><div class=\"py-2 my-3\"><hr \/><\/div><h3>\ud83d\udcbc <strong>Servicios para empresas y particulares: perfectos para trabajar y divertirse<\/strong><\/h3><p>Incluso si viaja por negocios, encontrar\u00e1 todo lo que necesita:<\/p><ul dir=\"auto\"><li><strong>Sala de conferencias y espacio multifuncional<\/strong> (con sistemas multimedia)<\/li><li><strong>Servicios de secretar\u00eda, fax\/fotocopiado, servicios postales<\/strong><\/li><li><strong>Recepci\u00f3n 24 horas<\/strong> con herramientas de traducci\u00f3n<\/li><li><strong>Cambio de divisas, reserva de taxis, consigna de equipaje<\/strong><\/li><li><strong>Wi-Fi de alta velocidad gratuito<\/strong> en las zonas comunes y las habitaciones de hu\u00e9spedes<\/li><li><strong>Cajero autom\u00e1tico, m\u00e1quinas expendedoras, tienda de regalos<\/strong><\/li><\/ul><p>Los hu\u00e9spedes aprecian la perfecta combinaci\u00f3n de trabajo y ocio, lo que lo hace ideal para viajes de incentivo o estancias h\u00edbridas de negocios y ocio.<\/p><div class=\"py-2 my-3\"><hr \/><\/div><h3>\ud83d\udcac <strong>Lo que m\u00e1s les gusta a los hu\u00e9spedes (Resumen impulsado por IA)<\/strong><\/h3><p>Bas\u00e1ndonos en miles de rese\u00f1as, esto es lo m\u00e1s destacado:<\/p><p>\u2705 <strong>Ubicaci\u00f3n<\/strong>\u201cUbicaci\u00f3n privilegiada cerca del Parque Safari de Chimelong\u2026 ideal para visitar el zool\u00f3gico y las atracciones cercanas.\u201d<\/p><p>\u2705 <strong>Limpieza<\/strong>\u201cInstalaciones impecables\u2026 habitaciones bien mantenidas\u2026 especialmente atractivo para familias.\u201d<\/p><p>\u2705 <strong>Servicio<\/strong>\u201cEl personal es amable y atento\u2026 a menudo se desviven por ofrecer habitaciones de categor\u00eda superior o la posibilidad de realizar el check-in antes de la hora habitual.\u201d<\/p><p>\u2705 <strong>Comodidades<\/strong>\u201cZona de juegos infantiles, servicio de autobuses lanzadera, aparcamiento gratuito\u2026 mejoran la experiencia general.\u201d<\/p><p>\u2705 <strong>Desayuno<\/strong>\u201cSe destaca la variedad y la calidad\u2026 a menudo se incluye como una mejora complementaria.\u201d<\/p><p>\u2705 <strong>Conveniencia<\/strong>\u201cFacilidad para pedir comida a domicilio\u2026 servicio de conserjer\u00eda atento\u2026 opci\u00f3n rentable.\u201d<\/p><div class=\"py-2 my-3\"><hr \/><\/div><h3>\u26a0\ufe0f <strong>Sugerencias de los hu\u00e9spedes para mejorar<\/strong><\/h3><p>Si bien la opini\u00f3n fue mayoritariamente positiva, algunos cr\u00edticos ofrecieron comentarios constructivos:<\/p><ul dir=\"auto\"><li>Mejorar la profesionalidad del personal durante las horas punta<\/li><li>Mejorar la coherencia en los controles de higiene de las habitaciones<\/li><li>Aclarar lo que incluye el paquete (especialmente los detalles del desayuno y el servicio de transporte).<\/li><li>Ofrecer m\u00e1s se\u00f1alizaci\u00f3n en ingl\u00e9s o asistencia multiling\u00fce en determinadas \u00e1reas<\/li><\/ul><p>Estas peque\u00f1as sugerencias reflejan altas expectativas y demuestran la seriedad con la que los hu\u00e9spedes se toman su experiencia en este apreciado hotel.<\/p><div class=\"py-2 my-3\"><hr \/><\/div><h3>\ud83c\udfc6 <strong>\u00bfPor qu\u00e9 los viajeros siguen volviendo?<\/strong><\/h3><p>El hotel Chimelong Xiangjiang no pretende serlo todo para todos; se centra en ofrecer <strong>Valor excepcional para familias y amantes de la aventura.<\/strong> que quieran aprovechar al m\u00e1ximo su tiempo en Chimelong. Ya sea que:<\/p><ul dir=\"auto\"><li>Planificando una escapada de safari de fin de semana<\/li><li>Celebrar un cumplea\u00f1os o aniversario con los ni\u00f1os<\/li><li>Organizar un peque\u00f1o retiro corporativo<\/li><li>O simplemente buscas un alojamiento limpio y c\u00f3modo cerca de uno de los mejores parques tem\u00e1ticos de China\u2026<\/li><\/ul><p>\u2026este hotel cumple con lo prometido.<\/p><p>Con su <strong>Habitaciones tem\u00e1ticas, comida deliciosa, actividades para ni\u00f1os y una ubicaci\u00f3n inmejorable.<\/strong>, El hotel Chimelong Xiangjiang se ha ganado su lugar como <strong>#7 entre los hoteles familiares en Guangzhou<\/strong> \u2014y contin\u00faa conquistando corazones con cada estancia.<\/p><div class=\"py-2 my-3\"><hr \/><\/div><p><strong>Planifique su estancia hoy mismo.<\/strong><\/p><p>Reserva directamente a trav\u00e9s de <a href=\"https:\/\/chimelongxiangjianghotel.com\/es\/\" target=\"_blank\" rel=\"nofollow noopener\">chimelongxiangjianghotel.com <\/a> o plataformas de confianza como Trip.com para conseguir las mejores tarifas y disponibilidad. \u00a1No olvides preguntar por los horarios del servicio de transporte, los paquetes familiares o las reservas en restaurantes al registrarte!<\/p><p data-spm-anchor-id=\"a2ty_o01.29997173.0.i59.4279c9216pn6la\">\ud83d\udccd <strong>DIRECCI\u00d3N<\/strong>Tramo n.\u00ba 609 de la carretera Mengyong, perteneciente a la carretera nacional n.\u00ba 105, distrito de Panyu, Guangzhou, Guangdong, China<br \/>\ud83d\udcde <strong>Tel\u00e9fono<\/strong>: +86-20-84783366<br \/>\ud83d\udd52 <strong>Registrarse<\/strong>Despu\u00e9s de las 15:00 | <strong>Verificar<\/strong>Antes de las 12:00<\/p>\t\t\t\t\t\t\t\t<\/div>\n\t\t\t\t\t<\/div>\n\t\t\t\t<\/div>\n\t\t\t\t<section class=\"elementor-section elementor-top-section elementor-element elementor-element-6a7e7724 elementor-section-stretched elementor-section-boxed elementor-section-gap-beside-yes elementor-section-height-default elementor-section-height-default elementor-section-column-vertical-align-stretch\" data-id=\"6a7e7724\" data-element_type=\"section\" data-e-type=\"section\" data-settings=\"{&quot;background_background&quot;:&quot;classic&quot;,&quot;stretch_section&quot;:&quot;section-stretched&quot;}\">\n\t\t\t\t\t\t<div class=\"elementor-container elementor-column-gap-extended\">\n\t\t\t\t\t<div class=\"elementor-column elementor-col-100 elementor-top-column elementor-element elementor-element-13bc3d5a\" data-id=\"13bc3d5a\" data-element_type=\"column\" data-e-type=\"column\">\n\t\t\t<div class=\"elementor-widget-wrap elementor-element-populated\">\n\t\t\t\t\t\t<div class=\"elementor-element elementor-element-543b320e elementor-widget elementor-widget-nuss-heading\" data-id=\"543b320e\" data-element_type=\"widget\" data-e-type=\"widget\" data-widget_type=\"nuss-heading.default\">\n\t\t\t\t<div class=\"elementor-widget-container\">\n\t\t\t\t\t\t\t<div class=\"nuss-modern-heading\">\r\n\t\t\t\t\t\t<div class=\"heading-secondary-wrap\">\r\n\t\t\t\t<h3 class=\"heading-secondary elementor-heading-title\">Consultar disponibilidad <\/h3>\t\t\t<\/div>\r\n\t\t\r\n\t\t\t\r\n\t\t\t\r\n\t\t\t\t\t<\/div>\r\n\t\t\t\t\t<\/div>\n\t\t\t\t<\/div>\n\t\t\t\t<div class=\"elementor-element elementor-element-bcb7c42 elementor-widget elementor-widget-text-editor\" data-id=\"bcb7c42\" data-element_type=\"widget\" data-e-type=\"widget\" data-widget_type=\"text-editor.default\">\n\t\t\t\t\t\t\t\t\t<iframe border=\"0\" src=\"https:\/\/www.trip.com\/partners\/ad\/S6319350?Allianceid=7116208&#038;SID=271828250&#038;trip_sub1=\" style=\"width:1200px;height:200px\" frameborder=\"0\" scrolling=\"no\" id=\"S6319350\"><\/iframe>\t\t\t\t\t\t\t\t<\/div>\n\t\t\t\t\t<\/div>\n\t\t<\/div>\n\t\t\t\t\t<\/div>\n\t\t<\/section>\n\t\t\t\t<\/div>","protected":false},"excerpt":{"rendered":"<p>Chimelong Xiangjiang Hotel Reviews: Real Guest Experiences from Families, Travelers &amp; Business Guests\u00a0 If you\u2019re planning a trip to Guangzhou\u2019s world-famous Chimelong Safari Park \u2014 or simply seeking a family-friendly hotel with character, convenience, and charm \u2014 Chimelong Xiangjiang Hotel consistently earns top marks from real travelers. With over 2,756 verified reviews on Trip.com and [&hellip;]<\/p>\n","protected":false},"author":1,"featured_media":0,"parent":0,"menu_order":0,"comment_status":"closed","ping_status":"closed","template":"","meta":{"footnotes":""},"class_list":["post-2106","page","type-page","status-publish","hentry","post-no-thumbnail"],"_links":{"self":[{"href":"https:\/\/chimelongxiangjianghotel.com\/es\/wp-json\/wp\/v2\/pages\/2106","targetHints":{"allow":["GET"]}}],"collection":[{"href":"https:\/\/chimelongxiangjianghotel.com\/es\/wp-json\/wp\/v2\/pages"}],"about":[{"href":"https:\/\/chimelongxiangjianghotel.com\/es\/wp-json\/wp\/v2\/types\/page"}],"author":[{"embeddable":true,"href":"https:\/\/chimelongxiangjianghotel.com\/es\/wp-json\/wp\/v2\/users\/1"}],"replies":[{"embeddable":true,"href":"https:\/\/chimelongxiangjianghotel.com\/es\/wp-json\/wp\/v2\/comments?post=2106"}],"version-history":[{"count":0,"href":"https:\/\/chimelongxiangjianghotel.com\/es\/wp-json\/wp\/v2\/pages\/2106\/revisions"}],"wp:attachment":[{"href":"https:\/\/chimelongxiangjianghotel.com\/es\/wp-json\/wp\/v2\/media?parent=2106"}],"curies":[{"name":"wp","href":"https:\/\/api.w.org\/{rel}","templated":true}]}}