{"id":2104,"date":"2021-03-23T09:33:48","date_gmt":"2021-03-23T09:33:48","guid":{"rendered":"http:\/\/localhost\/nuss\/?page_id=167"},"modified":"2025-11-06T05:52:07","modified_gmt":"2025-11-06T05:52:07","slug":"nuestra-historia","status":"publish","type":"page","link":"https:\/\/chimelongxiangjianghotel.com\/es\/our-story\/","title":{"rendered":"Nuestra historia"},"content":{"rendered":"<div data-elementor-type=\"wp-page\" data-elementor-id=\"2104\" class=\"elementor elementor-2104\">\n\t\t\t\t\t\t<section class=\"elementor-section elementor-top-section elementor-element elementor-element-8f5bb9d elementor-section-boxed elementor-section-gap-beside-yes elementor-section-height-default elementor-section-height-default elementor-section-column-vertical-align-stretch\" data-id=\"8f5bb9d\" data-element_type=\"section\" data-e-type=\"section\">\n\t\t\t\t\t\t<div class=\"elementor-container elementor-column-gap-extended\">\n\t\t\t\t\t<div class=\"elementor-column elementor-col-100 elementor-top-column elementor-element elementor-element-7ec4215\" data-id=\"7ec4215\" data-element_type=\"column\" data-e-type=\"column\">\n\t\t\t<div class=\"elementor-widget-wrap elementor-element-populated\">\n\t\t\t\t\t\t<div class=\"elementor-element elementor-element-edd9d03 elementor-widget__width-initial elementor-invisible elementor-widget elementor-widget-text-editor\" data-id=\"edd9d03\" data-element_type=\"widget\" data-e-type=\"widget\" data-settings=\"{&quot;_animation&quot;:&quot;nussFadeInUp&quot;}\" data-widget_type=\"text-editor.default\">\n\t\t\t\t\t\t\t\t\t<p><strong data-spm-anchor-id=\"a2ty_o01.29997173.0.i72.4279c9216pn6la\">Nuestra historia: Donde la tradici\u00f3n se encuentra con la aventura en el Hotel Chimelong Xiangjiang<\/strong><\/p>\t\t\t\t\t\t\t\t<\/div>\n\t\t\t\t\t<\/div>\n\t\t<\/div>\n\t\t\t\t\t<\/div>\n\t\t<\/section>\n\t\t<div class=\"elementor-element elementor-element-ae7e42f e-flex e-con-boxed e-con e-parent\" data-id=\"ae7e42f\" data-element_type=\"container\" data-e-type=\"container\">\n\t\t\t\t\t<div class=\"e-con-inner\">\n\t\t\t\t<div class=\"elementor-element elementor-element-136c3a3 elementor-widget elementor-widget-text-editor\" data-id=\"136c3a3\" data-element_type=\"widget\" data-e-type=\"widget\" data-widget_type=\"text-editor.default\">\n\t\t\t\t\t\t\t\t\t<p data-spm-anchor-id=\"a2ty_o01.29997173.0.i73.4279c9216pn6la\">Ubicado junto a los rugientes leones, los juguetones pandas y los majestuosos elefantes del Parque Safari Chimelong de Guangzhou, <strong>Chimelong Xiangjiang Hotel<\/strong> Es m\u00e1s que un lugar donde descansar: es una historia viva, tejida con d\u00e9cadas de pasi\u00f3n culinaria, orgullo cultural y alegr\u00eda familiar. Nuestro viaje no comenz\u00f3 en una sala de juntas, sino en una cocina bulliciosa, donde el aroma de los humeantes dim sum y los chisporroteantes woks conquist\u00f3 corazones por primera vez.<\/p><h3>\ud83c\udf5c Los humildes comienzos: Restaurante Xiangjiang (1989)<\/h3><p>Nuestra historia comienza en 1989, cuando <strong>Restaurante Xiangjiang<\/strong> Abri\u00f3 sus puertas como un querido restaurante local en la calle Mengyong. Conocido por sus aut\u00e9nticos sabores cantoneses, su atento servicio y su c\u00e1lido ambiente de Lingnan, r\u00e1pidamente se convirti\u00f3 en uno de los favoritos tanto de los lugare\u00f1os como de los viajeros. Los clientes no solo ven\u00edan por la comida \u2014aunque el pescado al vapor, el arroz en cazuela de barro y el dim sum eran legendarios\u2014 sino por la sensaci\u00f3n de ser recibidos como en casa.<\/p><p>El dise\u00f1o del restaurante reflejaba sus ra\u00edces: mesas de madera talladas con motivos tradicionales, ventanas de estilo manch\u00fa que dejaban entrar una suave luz natural y una discreta elegancia que evocaba la rica herencia del sur de China. Fue all\u00ed, entre comidas compartidas y risas, donde se sembraron las semillas de la hospitalidad, semillas que un d\u00eda florecer\u00edan en algo mucho m\u00e1s grandioso.<\/p><h3>\ud83d\udc2f Transformaci\u00f3n y renacimiento: Convertirse en un hotel Chimelong (2018)<\/h3><p>En 2018, bajo la direcci\u00f3n visionaria de <strong>Grupo Chimelong<\/strong>, El restaurante Xiangjiang experiment\u00f3 una metamorfosis notable. Dej\u00f3 de ser solo un lugar para comer y evolucion\u00f3 hasta convertirse en <strong>Chimelong Xiangjiang Hotel<\/strong> \u2014 un refugio vibrante e inmersivo dise\u00f1ado para llevar la magia del parque safari a la estancia de cada hu\u00e9sped.<\/p><p>Pero no se trat\u00f3 simplemente de una renovaci\u00f3n, sino de una reinvenci\u00f3n. El hotel conserv\u00f3 la esencia del restaurante original: sus elegantes comedores, su compromiso con la alta cocina y su inquebrantable dedicaci\u00f3n a la calidez y la atenci\u00f3n. Sin embargo, a\u00f1adi\u00f3 algo nuevo: <strong>333 habitaciones tem\u00e1ticas para hu\u00e9spedes<\/strong>, Cada una contando su propia historia descabellada.<\/p><p>Desde la imponente Sala de la Jirafa hasta la audaz Sala del Tigre y la apacible Sala del Elefante, cada espacio est\u00e1 adornado con divertidos murales de animales, muebles acogedores y detalles pensados para el ni\u00f1o \u2014como batas de ba\u00f1o, pantuflas y cepillos de dientes a su medida\u2014 que garantizan que incluso los aventureros m\u00e1s peque\u00f1os se sientan como en casa.<\/p><h3>\ud83c\udf3f Filosof\u00eda de dise\u00f1o: \u201cRuta Mar\u00edtima de la Seda \u2013 Impresiones de Lingnan\u201d<\/h3><p>Nuestro tema de dise\u00f1o \u2014 <em>\u201cLa Ruta Mar\u00edtima de la Seda \u2013 Impresiones de Lingnan\u201d<\/em> \u2014 rinde homenaje al rico pasado de Guangzhou como puerta de entrada entre Oriente y Occidente. El vest\u00edbulo, con su distribuci\u00f3n en tres salas, su elegante l\u00e1mpara de ara\u00f1a y sus intrincados trabajos en madera, evoca la grandeza de los antiguos puertos comerciales a la vez que ofrece el confort moderno.<\/p><p>Los hu\u00e9spedes son recibidos por una fusi\u00f3n de tradici\u00f3n e innovaci\u00f3n: el aroma del t\u00e9 de jazm\u00edn se mezcla con el zumbido de los routers Wi-Fi; los ni\u00f1os r\u00eden bajo las pantallas LED en el Parque Infantil mientras los padres toman caf\u00e9 junto a las cl\u00e1sicas ventanas de estilo Lingnan. Incluso nuestros restaurantes\u2026 <strong>Restaurante chino Xiangjiang<\/strong> y <strong>Restaurante de t\u00e9 Xinglong<\/strong> \u2014 reflejan esta armon\u00eda: una celebra las recetas cantonesas tradicionales, la otra las fusiona con el estilo de Hong Kong.<\/p><h3>\ud83c\udf88 La familia primero: creando recuerdos alegres<\/h3><p>En el centro de nuestra historia est\u00e1 <strong>familia<\/strong>. Entendemos que viajar no se trata solo de ver lugares, sino de compartir momentos. Por eso creamos <strong>El pa\u00eds de las maravillas para ni\u00f1os<\/strong> \u2014 un colorido para\u00edso donde los ni\u00f1os pueden jugar, aprender y crear recuerdos a trav\u00e9s de juegos interactivos, cursos para padres e hijos y dulces en el <strong>Galer\u00eda Feliz de Xinjiang<\/strong> tienda de recuerdos.<\/p><p>\u00bfY para aquellos que quieran salir? <strong>Escuela de conducci\u00f3n para ni\u00f1os<\/strong> Ofrecemos diversi\u00f3n al aire libre supervisada, donde los ni\u00f1os pueden divertirse en miniautos mientras los padres se relajan cerca. Ya sea que est\u00e9s viendo a tu peque\u00f1o re\u00edrse en un paseo o disfrutando de una comida tranquila despu\u00e9s de un largo d\u00eda en el parque, hemos pensado en todo para que tu estancia sea perfecta y placentera.<\/p><h3>\ud83d\ude8d Una puerta a la aventura<\/h3><p>Ubicado en <strong>No. 609 Mengyong Road, distrito de Panyu<\/strong>, Nuestro hotel se encuentra justo al lado del Parque Safari Chimelong, a tan solo 8 minutos en autob\u00fas. Pero no nos detuvimos ah\u00ed. Nos asociamos con el Grupo Chimelong para ofrecer transporte gratuito a las principales atracciones: Happy World, el Acuario Grandview y muchas m\u00e1s.<\/p><p>Ya sea que busques emociones fuertes en monta\u00f1as rusas o te maravilles con la vida marina, tu aventura comienza y termina con nosotros. Y al caer la noche, regresas a un santuario donde te esperan habitaciones limpias, aire acondicionado silencioso, wifi de alta velocidad y deliciosas comidas; porque creemos que el descanso debe ser tan gratificante como la diversi\u00f3n.<\/p><h3>\ud83e\udd1d El esp\u00edritu de servicio<\/h3><p>Nuestro personal \u2014muchos de los cuales nos acompa\u00f1an desde los tiempos del restaurante Xiangjiang\u2014 mantiene el mismo esp\u00edritu de generosidad que caracteriz\u00f3 nuestros inicios. Desde ayudar a los hu\u00e9spedes a pedir comida a domicilio hasta mejorar sus habitaciones con una sonrisa, se esfuerzan al m\u00e1ximo porque saben qu\u00e9 hace que un viaje sea inolvidable. <strong>amabilidad, atenci\u00f3n y cuidado genuino<\/strong>.<\/p><p>Los hu\u00e9spedes suelen comentar que el equipo se comporta m\u00e1s como anfitriones que como empleados: gu\u00edan a las familias durante su estancia, responden a sus preguntas con paciencia y recuerdan los nombres. En un mundo de automatizaci\u00f3n, seguimos creyendo en el poder de la conexi\u00f3n humana.<\/p><h3>\ud83d\udcd6 Lo que dicen nuestros hu\u00e9spedes<\/h3><blockquote><p><em>\u201cElegimos la opci\u00f3n m\u00e1s econ\u00f3mica de entre tres hoteles, pero para nuestra sorpresa, \u00a1result\u00f3 ser perfecta para nosotros! El ambiente era limpio, encantador\u2026 La verdad es que no esperaba que el restaurante fuera tan incre\u00edble.\u201d<\/em><br \/>\u2014 Zhaoqipo, septiembre de 2025<\/p><\/blockquote><blockquote><p><em>\u201cNo se encontraba ni una mota de polvo en las mesas ni en los alf\u00e9izares de las ventanas\u2026 El colch\u00f3n ten\u00eda la firmeza justa\u2026 el aire acondicionado era sorprendentemente silencioso\u2026 Tuve una estancia muy agradable y sin duda recomendar\u00eda este hotel a mis amigos.\u201d<\/em><br \/>\u2014 _WeChat252974****, septiembre de 2025<\/p><\/blockquote><blockquote><p><em>\u201cHabitaci\u00f3n limpia, ba\u00f1o enorme, personal amable. Tuvimos problemas para pedir comida a domicilio, pero finalmente lo solucionamos con la ayuda del conserje.\u201d<\/em><br \/>\u2014 jjtan07, octubre de 2025<\/p><\/blockquote><p>Estas no son simples rese\u00f1as, sino cap\u00edtulos de nuestra historia. Cada invitado aporta un nuevo elemento, record\u00e1ndonos el porqu\u00e9 de nuestra labor.<\/p><div class=\"py-2 my-3\"><hr \/><\/div><h3>\ud83c\udf1f Por qu\u00e9 existimos<\/h3><p>El Hotel Chimelong Xiangjiang existe para convertir viajes ordinarios en recuerdos extraordinarios. Para unir cultura y aventura. Para honrar nuestro pasado mientras abrazamos el futuro. Para asegurar que, ya sea que nos visite por negocios, placer o en familia, se marche sinti\u00e9ndose revitalizado, no solo por nuestra comida, sino tambi\u00e9n por nuestro esp\u00edritu.<\/p><p>Te invitamos a formar parte de nuestra historia. Reserva tu estancia. Explora el parque. Del\u00e9itate con los sabores. Deja que tus hijos jueguen libremente. Y cuando regreses a tu habitaci\u00f3n tem\u00e1tica de jirafas despu\u00e9s de un d\u00eda maravilloso, recuerda que no solo te hospedas en un hotel, sino que te adentras en una tradici\u00f3n de calidez, fantas\u00eda y hospitalidad.<\/p><p>Bienvenido a <strong>Chimelong Xiangjiang Hotel<\/strong> \u2014 donde cada estancia es un cap\u00edtulo que merece ser contado.<\/p><div class=\"py-2 my-3\"><hr \/><\/div><p>\ud83d\udccd <strong>DIRECCI\u00d3N<\/strong>Tramo n.\u00ba 609 de la carretera Mengyong, perteneciente a la carretera nacional n.\u00ba 105, distrito de Panyu, Guangzhou, Guangdong, China<br \/>\ud83d\udcde <strong>Tel\u00e9fono<\/strong>: +86-20-84783366<br \/>\ud83c\udf10 <strong>Sitio web<\/strong>: <a href=\"https:\/\/chimelongxiangjianghotel.com\/es\/\" target=\"_blank\" rel=\"nofollow noopener\">https:\/\/chimelongxiangjianghotel.com <\/a><\/p><p data-spm-anchor-id=\"a2ty_o01.29997173.0.i74.4279c9216pn6la\"><em>Ven por el safari. Qu\u00e9date por la historia.<\/em><\/p>\t\t\t\t\t\t\t\t<\/div>\n\t\t\t\t\t<\/div>\n\t\t\t\t<\/div>\n\t\t\t\t<section class=\"elementor-section elementor-top-section elementor-element elementor-element-2395d538 elementor-section-stretched elementor-section-boxed elementor-section-gap-beside-yes elementor-section-height-default elementor-section-height-default elementor-section-column-vertical-align-stretch\" data-id=\"2395d538\" data-element_type=\"section\" data-e-type=\"section\" data-settings=\"{&quot;background_background&quot;:&quot;classic&quot;,&quot;stretch_section&quot;:&quot;section-stretched&quot;}\">\n\t\t\t\t\t\t<div class=\"elementor-container elementor-column-gap-extended\">\n\t\t\t\t\t<div class=\"elementor-column elementor-col-100 elementor-top-column elementor-element elementor-element-1b428554\" data-id=\"1b428554\" data-element_type=\"column\" data-e-type=\"column\">\n\t\t\t<div class=\"elementor-widget-wrap elementor-element-populated\">\n\t\t\t\t\t\t<div class=\"elementor-element elementor-element-4f0df1f3 elementor-widget elementor-widget-nuss-heading\" data-id=\"4f0df1f3\" data-element_type=\"widget\" data-e-type=\"widget\" data-widget_type=\"nuss-heading.default\">\n\t\t\t\t<div class=\"elementor-widget-container\">\n\t\t\t\t\t\t\t<div class=\"nuss-modern-heading\">\r\n\t\t\t\t\t\t<div class=\"heading-secondary-wrap\">\r\n\t\t\t\t<h3 class=\"heading-secondary elementor-heading-title\">Consultar disponibilidad <\/h3>\t\t\t<\/div>\r\n\t\t\r\n\t\t\t\r\n\t\t\t\r\n\t\t\t\t\t<\/div>\r\n\t\t\t\t\t<\/div>\n\t\t\t\t<\/div>\n\t\t\t\t<div class=\"elementor-element elementor-element-7225468f elementor-widget elementor-widget-text-editor\" data-id=\"7225468f\" data-element_type=\"widget\" data-e-type=\"widget\" data-widget_type=\"text-editor.default\">\n\t\t\t\t\t\t\t\t\t<iframe border=\"0\" src=\"https:\/\/www.trip.com\/partners\/ad\/S5683218?Allianceid=4590391&#038;SID=263693760&#038;trip_sub1=\" style=\"width:1200px;height:200px\" frameborder=\"0\" scrolling=\"no\" id=\"S5683218\"><\/iframe>\t\t\t\t\t\t\t\t<\/div>\n\t\t\t\t\t<\/div>\n\t\t<\/div>\n\t\t\t\t\t<\/div>\n\t\t<\/section>\n\t\t\t\t<\/div>","protected":false},"excerpt":{"rendered":"<p>Our Story: Where Heritage Meets Adventure at Chimelong Xiangjiang Hotel Nestled beside the roaring lions, playful pandas, and majestic elephants of Guangzhou Chimelong Safari Park, Chimelong Xiangjiang Hotel is more than a place to rest your head \u2014 it\u2019s a living story woven from decades of culinary passion, cultural pride, and family joy. Our journey [&hellip;]<\/p>\n","protected":false},"author":1,"featured_media":0,"parent":0,"menu_order":0,"comment_status":"closed","ping_status":"closed","template":"","meta":{"footnotes":""},"class_list":["post-2104","page","type-page","status-publish","hentry","post-no-thumbnail"],"_links":{"self":[{"href":"https:\/\/chimelongxiangjianghotel.com\/es\/wp-json\/wp\/v2\/pages\/2104","targetHints":{"allow":["GET"]}}],"collection":[{"href":"https:\/\/chimelongxiangjianghotel.com\/es\/wp-json\/wp\/v2\/pages"}],"about":[{"href":"https:\/\/chimelongxiangjianghotel.com\/es\/wp-json\/wp\/v2\/types\/page"}],"author":[{"embeddable":true,"href":"https:\/\/chimelongxiangjianghotel.com\/es\/wp-json\/wp\/v2\/users\/1"}],"replies":[{"embeddable":true,"href":"https:\/\/chimelongxiangjianghotel.com\/es\/wp-json\/wp\/v2\/comments?post=2104"}],"version-history":[{"count":0,"href":"https:\/\/chimelongxiangjianghotel.com\/es\/wp-json\/wp\/v2\/pages\/2104\/revisions"}],"wp:attachment":[{"href":"https:\/\/chimelongxiangjianghotel.com\/es\/wp-json\/wp\/v2\/media?parent=2104"}],"curies":[{"name":"wp","href":"https:\/\/api.w.org\/{rel}","templated":true}]}}