{"id":612,"date":"2021-03-26T10:04:13","date_gmt":"2021-03-26T10:04:13","guid":{"rendered":"http:\/\/localhost\/nuss\/?page_id=612"},"modified":"2025-11-06T05:57:09","modified_gmt":"2025-11-06T05:57:09","slug":"restaurant","status":"publish","type":"page","link":"https:\/\/chimelongxiangjianghotel.com\/de\/restaurant\/","title":{"rendered":"Restaurant"},"content":{"rendered":"<div data-elementor-type=\"wp-page\" data-elementor-id=\"612\" class=\"elementor elementor-612\">\n\t\t\t\t\t\t<section class=\"elementor-section elementor-top-section elementor-element elementor-element-e2effe8 elementor-section-boxed elementor-section-gap-beside-yes elementor-section-height-default elementor-section-height-default elementor-section-column-vertical-align-stretch\" data-id=\"e2effe8\" data-element_type=\"section\" data-e-type=\"section\">\n\t\t\t\t\t\t<div class=\"elementor-container elementor-column-gap-extended\">\n\t\t\t\t\t<div class=\"elementor-column elementor-col-100 elementor-top-column elementor-element elementor-element-e18f688\" data-id=\"e18f688\" data-element_type=\"column\" data-e-type=\"column\">\n\t\t\t<div class=\"elementor-widget-wrap elementor-element-populated\">\n\t\t\t\t\t\t<div class=\"elementor-element elementor-element-6db146d elementor-widget__width-initial elementor-invisible elementor-widget elementor-widget-text-editor\" data-id=\"6db146d\" data-element_type=\"widget\" data-e-type=\"widget\" data-settings=\"{&quot;_animation&quot;:&quot;nussFadeInUp&quot;}\" data-widget_type=\"text-editor.default\">\n\t\t\t\t\t\t\t\t\t<div class=\"svelte-1c06zsf\" data-lang-code=\"\"><p data-spm-anchor-id=\"a2ty_o01.29997173.0.i77.4279c9216pn6la\"><strong>Erleben Sie die Seele Lingnans: Kulinarische Abenteuer in den hoteleigenen Restaurants des Chimelong Xiangjiang Hotels.<\/strong><\/p><\/div>\t\t\t\t\t\t\t\t<\/div>\n\t\t\t\t\t<\/div>\n\t\t<\/div>\n\t\t\t\t\t<\/div>\n\t\t<\/section>\n\t\t<div class=\"elementor-element elementor-element-764955e e-flex e-con-boxed e-con e-parent\" data-id=\"764955e\" data-element_type=\"container\" data-e-type=\"container\">\n\t\t\t\t\t<div class=\"e-con-inner\">\n\t\t<div class=\"elementor-element elementor-element-3a71d84 e-con-full e-flex e-con e-child\" data-id=\"3a71d84\" data-element_type=\"container\" data-e-type=\"container\">\n\t\t\t\t<div class=\"elementor-element elementor-element-81a00fb elementor-widget elementor-widget-text-editor\" data-id=\"81a00fb\" data-element_type=\"widget\" data-e-type=\"widget\" data-widget_type=\"text-editor.default\">\n\t\t\t\t\t\t\t\t\t<p data-spm-anchor-id=\"a2ty_o01.29997173.0.i78.4279c9216pn6la\">Eingebettet zwischen den br\u00fcllenden L\u00f6wen und verspielten Pandas des Guangzhou Chimelong Safari Parks, <strong>Chimelong Xiangjiang Hotel<\/strong> bietet nicht nur einen Ort zum Ausruhen \u2013 es l\u00e4dt Sie zu einer kulinarischen Reise ein, die Tradition, Innovation und familienfreundlichen Charme vereint. Ob Sie sich f\u00fcr einen Tag voller Naturerlebnisse st\u00e4rken oder nach einer unvergesslichen Safari entspannen m\u00f6chten, unsere beiden charakteristischen Restaurants \u2013 <strong>Xiangjiang Chinesisches Restaurant<\/strong> Und <strong>Xinglong Teerestaurant<\/strong> \u2014 versprechen authentische Aromen, ein lebhaftes Ambiente und Speisen, die mit der gleichen Sorgfalt zubereitet werden, die unsere Gastfreundschaft auszeichnet.<\/p><div class=\"my-2\">\u00a0<\/div><p>Befindet sich in <strong>Nr. 609 Mengyong Road, Bezirk Panyu<\/strong>, Unsere Speiser\u00e4ume sind mehr als nur Orte zum Essen \u2013 sie sind immersive Erlebnisse, die in der <strong>kulinarisches Erbe der Lingnan<\/strong>, entworfen, um Einheimische und Reisende gleicherma\u00dfen zu begeistern. Mit \u00fcber <strong>2.756 G\u00e4stebewertungen<\/strong> Dank des Lobes f\u00fcr unsere Speisenqualit\u00e4t und unseren Service haben wir uns den Ruf erworben, eines der beliebtesten Hotelrestaurants in Guangzhou zu sein \u2013 insbesondere f\u00fcr Familien, die k\u00f6stliche, bequeme und unvergessliche Mahlzeiten suchen, ohne das Resort verlassen zu m\u00fcssen.<\/p>\t\t\t\t\t\t\t\t<\/div>\n\t\t\t\t<\/div>\n\t\t<div class=\"elementor-element elementor-element-bb76a06 e-con-full e-flex e-con e-child\" data-id=\"bb76a06\" data-element_type=\"container\" data-e-type=\"container\">\n\t\t\t\t<div class=\"elementor-element elementor-element-636ac5f elementor-widget elementor-widget-image\" data-id=\"636ac5f\" data-element_type=\"widget\" data-e-type=\"widget\" data-widget_type=\"image.default\">\n\t\t\t\t\t\t\t\t\t\t\t\t\t\t\t<img fetchpriority=\"high\" decoding=\"async\" width=\"1024\" height=\"674\" src=\"https:\/\/chimelongxiangjianghotel.com\/wp-content\/uploads\/2025\/11\/Chimelong-Xiangjiang-Hotel-117-1024x674.webp\" class=\"attachment-large size-large wp-image-7274\" alt=\"\" srcset=\"https:\/\/chimelongxiangjianghotel.com\/wp-content\/uploads\/2025\/11\/Chimelong-Xiangjiang-Hotel-117-1024x674.webp 1024w, https:\/\/chimelongxiangjianghotel.com\/wp-content\/uploads\/2025\/11\/Chimelong-Xiangjiang-Hotel-117-300x198.webp 300w, https:\/\/chimelongxiangjianghotel.com\/wp-content\/uploads\/2025\/11\/Chimelong-Xiangjiang-Hotel-117-768x506.webp 768w, https:\/\/chimelongxiangjianghotel.com\/wp-content\/uploads\/2025\/11\/Chimelong-Xiangjiang-Hotel-117-18x12.webp 18w, https:\/\/chimelongxiangjianghotel.com\/wp-content\/uploads\/2025\/11\/Chimelong-Xiangjiang-Hotel-117.webp 1280w\" sizes=\"(max-width: 1024px) 100vw, 1024px\" \/>\t\t\t\t\t\t\t\t\t\t\t\t\t\t\t<\/div>\n\t\t\t\t<\/div>\n\t\t\t\t\t<\/div>\n\t\t\t\t<\/div>\n\t\t<div class=\"elementor-element elementor-element-e5626a7 e-flex e-con-boxed e-con e-parent\" data-id=\"e5626a7\" data-element_type=\"container\" data-e-type=\"container\">\n\t\t\t\t\t<div class=\"e-con-inner\">\n\t\t\t\t<div class=\"elementor-element elementor-element-4ac24e6 elementor-widget elementor-widget-nuss-image-gallery\" data-id=\"4ac24e6\" data-element_type=\"widget\" data-e-type=\"widget\" data-widget_type=\"nuss-image-gallery.default\">\n\t\t\t\t<div class=\"elementor-widget-container\">\n\t\t\t\t\t\t\t<div class=\"nuss-grid-wrapper\" data-grid=\"{&quot;type&quot;:&quot;grid&quot;,&quot;ratio&quot;:null,&quot;columns&quot;:3,&quot;gutter&quot;:30}\">\r\n\t\t\t<div class=\"nuss-grid lazy-grid\">\r\n\t\t\t\t<div class=\"grid-sizer\"><\/div>\r\n\r\n\t\t\t\t\t\t\t\t\t\t\t\t<div class=\"grid-item\">\r\n\t\t\t\t\t\t<div class=\"nuss-box\">\t\t<div class=\"nuss-image image\">\r\n\t\t\t<img decoding=\"async\"  src=\"https:\/\/chimelongxiangjianghotel.com\/wp-content\/uploads\/2025\/11\/Chimelong-Xiangjiang-Hotel-96.webp\" alt=\"Chimelong Xiangjiang Hotel (96)\" \/>\t\t<\/div>\r\n\t\t\t\t<\/div>\t\t\t\t\t<\/div>\r\n\t\t\t\t\t\t<div class=\"grid-item\">\r\n\t\t\t\t\t\t<div class=\"nuss-box\">\t\t<div class=\"nuss-image image\">\r\n\t\t\t<img decoding=\"async\"  src=\"https:\/\/chimelongxiangjianghotel.com\/wp-content\/uploads\/2025\/11\/Chimelong-Xiangjiang-Hotel-95.webp\" alt=\"Chimelong Xiangjiang Hotel (95)\" \/>\t\t<\/div>\r\n\t\t\t\t<\/div>\t\t\t\t\t<\/div>\r\n\t\t\t\t\t\t<div class=\"grid-item\">\r\n\t\t\t\t\t\t<div class=\"nuss-box\">\t\t<div class=\"nuss-image image\">\r\n\t\t\t<img decoding=\"async\"  src=\"https:\/\/chimelongxiangjianghotel.com\/wp-content\/uploads\/2025\/11\/Chimelong-Xiangjiang-Hotel-91.webp\" alt=\"Chimelong Xiangjiang Hotel (91)\" \/>\t\t<\/div>\r\n\t\t\t\t<\/div>\t\t\t\t\t<\/div>\r\n\t\t\t\t\t\t<div class=\"grid-item\">\r\n\t\t\t\t\t\t<div class=\"nuss-box\">\t\t<div class=\"nuss-image image\">\r\n\t\t\t<img decoding=\"async\"  src=\"https:\/\/chimelongxiangjianghotel.com\/wp-content\/uploads\/2025\/11\/Chimelong-Xiangjiang-Hotel-90.webp\" alt=\"Chimelong Xiangjiang Hotel (90)\" \/>\t\t<\/div>\r\n\t\t\t\t<\/div>\t\t\t\t\t<\/div>\r\n\t\t\t\t\t\t<div class=\"grid-item\">\r\n\t\t\t\t\t\t<div class=\"nuss-box\">\t\t<div class=\"nuss-image image\">\r\n\t\t\t<img decoding=\"async\"  src=\"https:\/\/chimelongxiangjianghotel.com\/wp-content\/uploads\/2025\/11\/Chimelong-Xiangjiang-Hotel-89.webp\" alt=\"Chimelong Xiangjiang Hotel (89)\" \/>\t\t<\/div>\r\n\t\t\t\t<\/div>\t\t\t\t\t<\/div>\r\n\t\t\t\t\t\t<div class=\"grid-item\">\r\n\t\t\t\t\t\t<div class=\"nuss-box\">\t\t<div class=\"nuss-image image\">\r\n\t\t\t<img decoding=\"async\"  src=\"https:\/\/chimelongxiangjianghotel.com\/wp-content\/uploads\/2025\/11\/Chimelong-Xiangjiang-Hotel-85.webp\" alt=\"Chimelong Xiangjiang Hotel (85)\" \/>\t\t<\/div>\r\n\t\t\t\t<\/div>\t\t\t\t\t<\/div>\r\n\t\t\t\t\t\t<div class=\"grid-item\">\r\n\t\t\t\t\t\t<div class=\"nuss-box\">\t\t<div class=\"nuss-image image\">\r\n\t\t\t<img decoding=\"async\"  src=\"https:\/\/chimelongxiangjianghotel.com\/wp-content\/uploads\/2025\/11\/Chimelong-Xiangjiang-Hotel-84.webp\" alt=\"Chimelong Xiangjiang Hotel (84)\" \/>\t\t<\/div>\r\n\t\t\t\t<\/div>\t\t\t\t\t<\/div>\r\n\t\t\t\t\t\t<div class=\"grid-item\">\r\n\t\t\t\t\t\t<div class=\"nuss-box\">\t\t<div class=\"nuss-image image\">\r\n\t\t\t<img decoding=\"async\"  src=\"https:\/\/chimelongxiangjianghotel.com\/wp-content\/uploads\/2025\/11\/Chimelong-Xiangjiang-Hotel-83.webp\" alt=\"Chimelong Xiangjiang Hotel (83)\" \/>\t\t<\/div>\r\n\t\t\t\t<\/div>\t\t\t\t\t<\/div>\r\n\t\t\t\t\t\t<div class=\"grid-item\">\r\n\t\t\t\t\t\t<div class=\"nuss-box\">\t\t<div class=\"nuss-image image\">\r\n\t\t\t<img decoding=\"async\"  src=\"https:\/\/chimelongxiangjianghotel.com\/wp-content\/uploads\/2025\/11\/Chimelong-Xiangjiang-Hotel-81.webp\" alt=\"Chimelong Xiangjiang Hotel (81)\" \/>\t\t<\/div>\r\n\t\t\t\t<\/div>\t\t\t\t\t<\/div>\r\n\t\t\t\t\t\t<div class=\"grid-item\">\r\n\t\t\t\t\t\t<div class=\"nuss-box\">\t\t<div class=\"nuss-image image\">\r\n\t\t\t<img decoding=\"async\"  src=\"https:\/\/chimelongxiangjianghotel.com\/wp-content\/uploads\/2025\/11\/Chimelong-Xiangjiang-Hotel-80.webp\" alt=\"Chimelong Xiangjiang Hotel (80)\" \/>\t\t<\/div>\r\n\t\t\t\t<\/div>\t\t\t\t\t<\/div>\r\n\t\t\t\t\t\t<div class=\"grid-item\">\r\n\t\t\t\t\t\t<div class=\"nuss-box\">\t\t<div class=\"nuss-image image\">\r\n\t\t\t<img decoding=\"async\"  src=\"https:\/\/chimelongxiangjianghotel.com\/wp-content\/uploads\/2025\/11\/Chimelong-Xiangjiang-Hotel-79.webp\" alt=\"Chimelong Xiangjiang Hotel (79)\" \/>\t\t<\/div>\r\n\t\t\t\t<\/div>\t\t\t\t\t<\/div>\r\n\t\t\t\t\t\t<div class=\"grid-item\">\r\n\t\t\t\t\t\t<div class=\"nuss-box\">\t\t<div class=\"nuss-image image\">\r\n\t\t\t<img decoding=\"async\"  src=\"https:\/\/chimelongxiangjianghotel.com\/wp-content\/uploads\/2025\/11\/Chimelong-Xiangjiang-Hotel-75.webp\" alt=\"Chimelong Xiangjiang Hotel (75)\" \/>\t\t<\/div>\r\n\t\t\t\t<\/div>\t\t\t\t\t<\/div>\r\n\t\t\t\t\t\t<div class=\"grid-item\">\r\n\t\t\t\t\t\t<div class=\"nuss-box\">\t\t<div class=\"nuss-image image\">\r\n\t\t\t<img decoding=\"async\"  src=\"https:\/\/chimelongxiangjianghotel.com\/wp-content\/uploads\/2025\/11\/Chimelong-Xiangjiang-Hotel-70.webp\" alt=\"Chimelong Xiangjiang Hotel (70)\" \/>\t\t<\/div>\r\n\t\t\t\t<\/div>\t\t\t\t\t<\/div>\r\n\t\t\t\t\t\t<div class=\"grid-item\">\r\n\t\t\t\t\t\t<div class=\"nuss-box\">\t\t<div class=\"nuss-image image\">\r\n\t\t\t<img decoding=\"async\"  src=\"https:\/\/chimelongxiangjianghotel.com\/wp-content\/uploads\/2025\/11\/Chimelong-Xiangjiang-Hotel-62.webp\" alt=\"Chimelong Xiangjiang Hotel (62)\" \/>\t\t<\/div>\r\n\t\t\t\t<\/div>\t\t\t\t\t<\/div>\r\n\t\t\t\t\t\t<div class=\"grid-item\">\r\n\t\t\t\t\t\t<div class=\"nuss-box\">\t\t<div class=\"nuss-image image\">\r\n\t\t\t<img decoding=\"async\"  src=\"https:\/\/chimelongxiangjianghotel.com\/wp-content\/uploads\/2025\/11\/Chimelong-Xiangjiang-Hotel-61.webp\" alt=\"Chimelong Xiangjiang Hotel (61)\" \/>\t\t<\/div>\r\n\t\t\t\t<\/div>\t\t\t\t\t<\/div>\r\n\t\t\t\t\t\t<div class=\"grid-item\">\r\n\t\t\t\t\t\t<div class=\"nuss-box\">\t\t<div class=\"nuss-image image\">\r\n\t\t\t<img decoding=\"async\"  src=\"https:\/\/chimelongxiangjianghotel.com\/wp-content\/uploads\/2025\/11\/Chimelong-Xiangjiang-Hotel-77.webp\" alt=\"Chimelong Xiangjiang Hotel (77)\" \/>\t\t<\/div>\r\n\t\t\t\t<\/div>\t\t\t\t\t<\/div>\r\n\t\t\t\t\t\t<div class=\"grid-item\">\r\n\t\t\t\t\t\t<div class=\"nuss-box\">\t\t<div class=\"nuss-image image\">\r\n\t\t\t<img decoding=\"async\"  src=\"https:\/\/chimelongxiangjianghotel.com\/wp-content\/uploads\/2025\/11\/Chimelong-Xiangjiang-Hotel-87.webp\" alt=\"Chimelong Xiangjiang Hotel (87)\" \/>\t\t<\/div>\r\n\t\t\t\t<\/div>\t\t\t\t\t<\/div>\r\n\t\t\t\t\t\t<div class=\"grid-item\">\r\n\t\t\t\t\t\t<div class=\"nuss-box\">\t\t<div class=\"nuss-image image\">\r\n\t\t\t<img decoding=\"async\"  src=\"https:\/\/chimelongxiangjianghotel.com\/wp-content\/uploads\/2025\/11\/Chimelong-Xiangjiang-Hotel-86.webp\" alt=\"Chimelong Xiangjiang Hotel (86)\" \/>\t\t<\/div>\r\n\t\t\t\t<\/div>\t\t\t\t\t<\/div>\r\n\t\t\t\t\t\t\t\r\n\t\t\t<\/div>\r\n\t\t<\/div>\r\n\t\t\t\t\t\t<\/div>\n\t\t\t\t<\/div>\n\t\t\t\t\t<\/div>\n\t\t\t\t<\/div>\n\t\t<div class=\"elementor-element elementor-element-d05381b e-flex e-con-boxed e-con e-parent\" data-id=\"d05381b\" data-element_type=\"container\" data-e-type=\"container\">\n\t\t\t\t\t<div class=\"e-con-inner\">\n\t\t\t\t<div class=\"elementor-element elementor-element-53bd849 elementor-widget elementor-widget-text-editor\" data-id=\"53bd849\" data-element_type=\"widget\" data-e-type=\"widget\" data-widget_type=\"text-editor.default\">\n\t\t\t\t\t\t\t\t\t<h3 data-spm-anchor-id=\"a2ty_o01.29997173.0.i79.4279c9216pn6la\">\ud83c\udf5c <strong>Xiangjiang Chinesisches Restaurant: Wo Tradition auf zeitlose Eleganz trifft<\/strong><\/h3><p>Treten Sie ein in <strong>Xiangjiang Chinesisches Restaurant<\/strong>, Hier lebt der Geist von 1989 weiter \u2013 nicht als Relikt, sondern als ein veredeltes Erbe. Urspr\u00fcnglich Teil des ber\u00fchmten Xiangjiang Restaurants (das vor dem Hotel selbst er\u00f6ffnet wurde), hat sich dieser Raum zu einer eleganten Oase f\u00fcr Liebhaber authentischer kantonesischer K\u00fcche entwickelt.<\/p><p><strong>Design &amp; Ambiente:<\/strong><br \/>Das Restaurant spiegelt die klassische \u00c4sthetik der Lingna-Bewegung wider \u2013 man denke an polierte Holztische, elegante Kronleuchter und Fenster im mandschurischen Stil, die den Blick auf die belebte Lobby freigeben. Die Raumaufteilung umfasst:<\/p><ul dir=\"auto\"><li>Ein ger\u00e4umiges <strong>Essbereich in der Lobby<\/strong> perfekt f\u00fcr zwanglose Mahlzeiten<\/li><li>F\u00fcnf <strong>private Spezialzimmer<\/strong> die zu einem gro\u00dfen Saal mit bis zu <strong>160 G\u00e4ste<\/strong> \u2014 ideal f\u00fcr Familientreffen, Gesch\u00e4ftsessen oder festliche Zusammenk\u00fcnfte<\/li><\/ul><p><strong>Kulinarische Highlights:<\/strong><br \/>Unsere K\u00f6che bereiten traditionelle Gerichte mit frischen, regionalen Zutaten meisterhaft zu. G\u00e4ste schw\u00e4rmen von:<\/p><ul dir=\"auto\"><li>Ged\u00e4mpfter Fisch mit Ingwer und Fr\u00fchlingszwiebeln<\/li><li>Reis im Tontopf mit eingelegtem Fleisch<\/li><li>Dim-Sum-Platten mit Har Gow, Siu Mai und Custard Buns<\/li><li>Geschmorter Schweinebauch und gebratenes Gem\u00fcse \u2013 ein typisches Gericht<\/li><\/ul><blockquote><p><em>\u201cIch hatte wirklich nicht erwartet, dass das Restaurant so fantastisch sein w\u00fcrde\u2026 wir haben am Ende alle unsere Mahlzeiten an allen drei Tagen im Hotel eingenommen.\u201d<\/em><br \/>\u2014 Zhaoqipo, September 2025<\/p><\/blockquote><p><strong>G\u00e4stefreundliche Vorteile:<\/strong><\/p><ul dir=\"auto\"><li><strong>Speisekartensystem<\/strong>: Laden Sie einen kleinen Betrag auf und nutzen Sie ihn, bis er aufgebraucht ist \u2013 keine komplizierten Regeln oder Restguthaben.<\/li><li><strong>Lokaler Favorit<\/strong>: Morgens besonders bei \u00e4lteren Einheimischen beliebt \u2013 ein echtes Zeichen von Authentizit\u00e4t.<\/li><li><strong>Fr\u00fchst\u00fccksoption<\/strong>T\u00e4glich ge\u00f6ffnet von 07:30 bis 14:30 Uhr und von 17:00 bis 21:30 Uhr.<\/li><\/ul><div class=\"py-2 my-3\"><hr \/><\/div><h3>\ud83c\udf5c <strong>Xinglong Teerestaurant: Fusion-Aromen &amp; Familienspa\u00df<\/strong><\/h3><p>F\u00fcr alle, die Abwechslung, Schnelligkeit oder einen Hauch von Hongkong-Flair suchen, <strong>Xinglong Teerestaurant<\/strong> punktet mit seinem lebhaften, offenen K\u00fcchenkonzept, das sich um das Thema dreht <strong>\u201cAcht Sehensw\u00fcrdigkeiten von Yangcheng\u201d<\/strong> \u2014 eine Hommage an die historischen Wahrzeichen von Guangzhou.<\/p><p><strong>Design &amp; Ambiente:<\/strong><br \/>Dieses helle, energiegeladene und einladende Restaurant bietet:<\/p><ul dir=\"auto\"><li>\u00dcber <strong>160 Esstische f\u00fcr den Innenbereich<\/strong><\/li><li>Ein <strong>Sitzbereich im Freien<\/strong> f\u00fcr den Genuss im Freien<\/li><li>Ein <strong>offene K\u00fcche<\/strong> wo G\u00e4ste den K\u00f6chen in Echtzeit bei der Zubereitung ihrer Lieblingsgerichte zusehen k\u00f6nnen.<\/li><li>Themenbezogene Dekoration, die die kulturellen Wahrzeichen der Stadt zum Leben erweckt<\/li><\/ul><p><strong>Kulinarische Highlights:<\/strong><br \/>Hier trifft Ost auf West in k\u00f6stlicher Harmonie. W\u00e4hlen Sie aus:<\/p><ul dir=\"auto\"><li><strong>Fusionsgerichte im Hongkong-Stil<\/strong>Denken Sie an Eierkuchen, Milchtee, Nudeln mit gebratener Ente und Burger nach westlicher Art neben chinesischen Klassikern.<\/li><li><strong>Buffet- und \u00c0-la-carte-Optionen<\/strong>Perfekt f\u00fcr w\u00e4hlerische Esser oder abenteuerlustige Gaumen<\/li><li><strong>Kinderfreundliche Favoriten<\/strong>Makkaroni mit K\u00e4se, Chicken Nuggets, Pfannkuchen und Erfrischungsgetr\u00e4nke sind auf Anfrage erh\u00e4ltlich.<\/li><\/ul><p><strong>Perfekt geeignet f\u00fcr:<\/strong><\/p><ul dir=\"auto\"><li>Schnelles Fr\u00fchst\u00fcck, bevor es in den Park geht<\/li><li>Ungezwungene Mittagessen w\u00e4hrend der Mittagspause<\/li><li>Abendessen mit Blick auf die lebhafte Lobby des Hotels<\/li><\/ul><blockquote><p><em>\u201cDas Fr\u00fchst\u00fccksbuffet ist f\u00fcr seine Vielfalt und Qualit\u00e4t bekannt und wird oft als kostenloses Upgrade angeboten.\u201d<\/em><br \/>\u2014 Zusammenfassung der KI-Bewertung, Trip.com<\/p><\/blockquote><div class=\"py-2 my-3\"><hr \/><\/div><h3>\ud83d\udc68\u200d\ud83d\udc69\u200d\ud83d\udc67\u200d\ud83d\udc66 <strong>Gemeinsames Essen mit der Familie leicht gemacht<\/strong><\/h3><p>Im Chimelong Xiangjiang Hotel wissen wir, dass die Verpflegung einer Familie nicht stressig sein sollte \u2013 deshalb tun beide Restaurants alles, um auch die Kleinen zufrieden zu stellen:<\/p><ul dir=\"auto\"><li><strong>Kindermen\u00fcs<\/strong>Spezielle Mahlzeiten, die auf den Geschmack junger Menschen abgestimmt sind<\/li><li><strong>Hochst\u00fchle &amp; Kinderwagen<\/strong>Auf Anfrage erh\u00e4ltlich<\/li><li><strong>Snacks und Getr\u00e4nke f\u00fcr Kinder<\/strong>Angeboten im angrenzenden <strong>Kinderwunderland<\/strong> Spielzone<\/li><li><strong>Themen-Leckereien<\/strong>: Exklusive Chimelong-Souvenirs und S\u00fc\u00dfigkeiten werden im <strong>Xingjiang Happy Galley<\/strong> Souvenirladen in der N\u00e4he<\/li><\/ul><p>Eltern k\u00f6nnen sich entspannen, da sie wissen, dass ihre Kinder unterhalten werden, w\u00e4hrend sie in Ruhe eine Mahlzeit genie\u00dfen \u2013 sei es eine dampfende Sch\u00fcssel Congee oder ein Teller knusprig gebratener Reis.<\/p><div class=\"py-2 my-3\"><hr \/><\/div><h3>\ud83d\udccd <strong>Komfort, der Ihren Aufenthalt bereichert<\/strong><\/h3><p>Warum das Hotel verlassen, wenn alles, was Sie brauchen, direkt hier ist?<\/p><ul dir=\"auto\"><li><strong>Kostenloser Shuttle-Service<\/strong>Nur wenige Schritte von Ihrem Zimmer zum Restaurant \u2013 Sie m\u00fcssen sich nicht durch Verkehr oder Menschenmassen qu\u00e4len.<\/li><li><strong>Kostenlose Fr\u00fchst\u00fccks-Upgrades<\/strong>Oft im Paket oder bei der Buchung enthalten \u2013 fragen Sie beim Check-in nach!<\/li><li><strong>Unterst\u00fctzte Lieferdienste<\/strong>Brauchen Sie einen sp\u00e4ten Snack? Unser Concierge hilft Ihnen gerne bei der Organisation einer Essenslieferung, falls Sie lieber im Zimmer speisen m\u00f6chten.<\/li><li><strong>Mehrsprachiges Personal<\/strong>: Englisch- und Mandarin sprechende Servicekr\u00e4fte gew\u00e4hrleisten einen reibungslosen Bestellvorgang f\u00fcr internationale G\u00e4ste.<\/li><\/ul><div class=\"py-2 my-3\"><hr \/><\/div><h3>\ud83d\udcac <strong>Was G\u00e4ste sagen<\/strong><\/h3><p>Echte Bewertungen sprechen B\u00e4nde:<\/p><blockquote><p><em>\u201cAuf den Tischen und Fensterb\u00e4nken war kein Staubkorn zu finden\u2026 Das Essen war absolut k\u00f6stlich! Ich hatte anfangs Bedenken, dass die Restaurantbesuche aufgrund der Entfernung zum Stadtzentrum umst\u00e4ndlich sein w\u00fcrden, aber letztendlich haben wir alle drei Tage im Hotel gegessen.\u201d<\/em><br \/>\u2014 _WeChat252974****, September 2025<\/p><\/blockquote><blockquote><p><em>\u201cSauberes Zimmer, riesige Toilette, freundliches Personal. Wir hatten Probleme bei der Bestellung eines Lieferdienstes, konnten das aber schlie\u00dflich mit Hilfe des Herrn am Concierge-Schalter kl\u00e4ren.\u201d<\/em><br \/>\u2014 jjtan07, Oktober 2025<\/p><\/blockquote><blockquote><p><em>\u201cDas Aufeinandertreffen von Trendk\u00fcche und traditioneller K\u00fcche erzeugt neue, inspirierende Ideen.\u201d<\/em><br \/>\u2014 Offizielle Hotelbeschreibung<\/p><\/blockquote><div class=\"py-2 my-3\"><hr \/><\/div><h3>\ud83c\udf7d\ufe0f <strong>Plane deine heutige Mahlzeit<\/strong><\/h3><p>Ob Sie einen Geburtstag feiern, ein Teamessen veranstalten oder sich einfach nach einem aufregenden Tag im Chimelong Safari Park etwas g\u00f6nnen m\u00f6chten \u2013 unsere Restaurants bieten f\u00fcr jeden Geschmack etwas: von Michelin-w\u00fcrdigen kantonesischen K\u00f6stlichkeiten bis hin zu wohltuenden Hongkonger Fusionsgerichten.<\/p><p>Reservieren Sie einen Tisch, einen privaten Raum oder kommen Sie einfach vorbei \u2013 wir hei\u00dfen Sie wie ein Familienmitglied willkommen.<\/p><p>\ud83d\udccd <strong>Standort<\/strong>: Chimelong Xiangjiang Hotel, No. 609 Mengyong Road, Bezirk Panyu, Guangzhou<br \/>\ud83d\udcde <strong>Telefon<\/strong>: +86-20-84783366<br \/>\ud83c\udf10 <strong>Webseite<\/strong>: <a href=\"https:\/\/chimelongxiangjianghotel.com\/de\/\" target=\"_blank\" rel=\"nofollow noopener\">https:\/\/chimelongxiangjianghotel.com <\/a><\/p>\t\t\t\t\t\t\t\t<\/div>\n\t\t\t\t\t<\/div>\n\t\t\t\t<\/div>\n\t\t\t\t<section class=\"elementor-section elementor-top-section elementor-element elementor-element-5fe1599e elementor-section-stretched elementor-section-boxed elementor-section-gap-beside-yes elementor-section-height-default elementor-section-height-default elementor-section-column-vertical-align-stretch\" data-id=\"5fe1599e\" data-element_type=\"section\" data-e-type=\"section\" data-settings=\"{&quot;background_background&quot;:&quot;classic&quot;,&quot;stretch_section&quot;:&quot;section-stretched&quot;}\">\n\t\t\t\t\t\t<div class=\"elementor-container elementor-column-gap-extended\">\n\t\t\t\t\t<div class=\"elementor-column elementor-col-100 elementor-top-column elementor-element elementor-element-423259a0\" data-id=\"423259a0\" data-element_type=\"column\" data-e-type=\"column\">\n\t\t\t<div class=\"elementor-widget-wrap elementor-element-populated\">\n\t\t\t\t\t\t<div class=\"elementor-element elementor-element-4a9881a0 elementor-widget elementor-widget-nuss-heading\" data-id=\"4a9881a0\" data-element_type=\"widget\" data-e-type=\"widget\" data-widget_type=\"nuss-heading.default\">\n\t\t\t\t<div class=\"elementor-widget-container\">\n\t\t\t\t\t\t\t<div class=\"nuss-modern-heading\">\r\n\t\t\t\t\t\t<div class=\"heading-secondary-wrap\">\r\n\t\t\t\t<h3 class=\"heading-secondary elementor-heading-title\">Verf\u00fcgbarkeit pr\u00fcfen <\/h3>\t\t\t<\/div>\r\n\t\t\r\n\t\t\t\r\n\t\t\t\r\n\t\t\t\t\t<\/div>\r\n\t\t\t\t\t<\/div>\n\t\t\t\t<\/div>\n\t\t\t\t<div class=\"elementor-element elementor-element-337c6f8f elementor-widget elementor-widget-text-editor\" data-id=\"337c6f8f\" data-element_type=\"widget\" data-e-type=\"widget\" data-widget_type=\"text-editor.default\">\n\t\t\t\t\t\t\t\t\t<iframe border=\"0\" src=\"https:\/\/www.trip.com\/partners\/ad\/S6319350?Allianceid=7116208&#038;SID=271828250&#038;trip_sub1=\" style=\"width:1200px;height:200px\" frameborder=\"0\" scrolling=\"no\" id=\"S6319350\"><\/iframe>\t\t\t\t\t\t\t\t<\/div>\n\t\t\t\t\t<\/div>\n\t\t<\/div>\n\t\t\t\t\t<\/div>\n\t\t<\/section>\n\t\t\t\t<\/div>","protected":false},"excerpt":{"rendered":"<p>Savor the Soul of Lingnan: Culinary Adventures at Chimelong Xiangjiang Hotel\u2019s On-Site Restaurants Nestled beside the roaring lions and playful pandas of Guangzhou Chimelong Safari Park, Chimelong Xiangjiang Hotel doesn\u2019t just offer a place to rest \u2014 it invites you to indulge in a gastronomic journey that blends heritage, innovation, and family-friendly charm. Whether you\u2019re [&hellip;]<\/p>\n","protected":false},"author":1,"featured_media":0,"parent":0,"menu_order":0,"comment_status":"closed","ping_status":"closed","template":"","meta":{"footnotes":""},"class_list":["post-612","page","type-page","status-publish","hentry","post-no-thumbnail"],"_links":{"self":[{"href":"https:\/\/chimelongxiangjianghotel.com\/de\/wp-json\/wp\/v2\/pages\/612","targetHints":{"allow":["GET"]}}],"collection":[{"href":"https:\/\/chimelongxiangjianghotel.com\/de\/wp-json\/wp\/v2\/pages"}],"about":[{"href":"https:\/\/chimelongxiangjianghotel.com\/de\/wp-json\/wp\/v2\/types\/page"}],"author":[{"embeddable":true,"href":"https:\/\/chimelongxiangjianghotel.com\/de\/wp-json\/wp\/v2\/users\/1"}],"replies":[{"embeddable":true,"href":"https:\/\/chimelongxiangjianghotel.com\/de\/wp-json\/wp\/v2\/comments?post=612"}],"version-history":[{"count":0,"href":"https:\/\/chimelongxiangjianghotel.com\/de\/wp-json\/wp\/v2\/pages\/612\/revisions"}],"wp:attachment":[{"href":"https:\/\/chimelongxiangjianghotel.com\/de\/wp-json\/wp\/v2\/media?parent=612"}],"curies":[{"name":"wp","href":"https:\/\/api.w.org\/{rel}","templated":true}]}}