{"id":5266,"date":"2021-07-18T08:03:35","date_gmt":"2021-07-18T08:03:35","guid":{"rendered":"https:\/\/nuss.uxper.co\/luxury-resort\/?page_id=5266"},"modified":"2025-11-06T05:08:39","modified_gmt":"2025-11-06T05:08:39","slug":"uber-uns","status":"publish","type":"page","link":"https:\/\/chimelongxiangjianghotel.com\/de\/about-us\/","title":{"rendered":"\u00dcber uns"},"content":{"rendered":"<div data-elementor-type=\"wp-page\" data-elementor-id=\"5266\" class=\"elementor elementor-5266\">\n\t\t\t\t\t\t<section class=\"elementor-section elementor-top-section elementor-element elementor-element-10416953 elementor-section-boxed elementor-section-gap-beside-yes elementor-section-height-default elementor-section-height-default elementor-section-column-vertical-align-stretch\" data-id=\"10416953\" data-element_type=\"section\" data-e-type=\"section\">\n\t\t\t\t\t\t<div class=\"elementor-container elementor-column-gap-extended\">\n\t\t\t\t\t<div class=\"elementor-column elementor-col-100 elementor-top-column elementor-element elementor-element-29c6aa8\" data-id=\"29c6aa8\" data-element_type=\"column\" data-e-type=\"column\">\n\t\t\t<div class=\"elementor-widget-wrap elementor-element-populated\">\n\t\t\t\t\t\t<div class=\"elementor-element elementor-element-7be18fe7 elementor-widget__width-initial elementor-invisible elementor-widget elementor-widget-text-editor\" data-id=\"7be18fe7\" data-element_type=\"widget\" data-e-type=\"widget\" data-settings=\"{&quot;_animation&quot;:&quot;nussFadeInUp&quot;}\" data-widget_type=\"text-editor.default\">\n\t\t\t\t\t\t\t\t\t<div class=\"svelte-1c06zsf\" data-lang-code=\"\"><p><strong data-spm-anchor-id=\"a2ty_o01.29997173.0.i36.4279c9216pn6la\">Chimelong Xiangjiang Hotel \u2013 Ihr perfektes Familientor zu Guangzhous Wildtierabenteuer<\/strong><\/p><\/div>\t\t\t\t\t\t\t\t<\/div>\n\t\t\t\t\t<\/div>\n\t\t<\/div>\n\t\t\t\t\t<\/div>\n\t\t<\/section>\n\t\t\t\t<section class=\"elementor-section elementor-top-section elementor-element elementor-element-7d18327f elementor-section-boxed elementor-section-gap-beside-yes elementor-section-height-default elementor-section-height-default elementor-section-column-vertical-align-stretch\" data-id=\"7d18327f\" data-element_type=\"section\" data-e-type=\"section\">\n\t\t\t\t\t\t<div class=\"elementor-container elementor-column-gap-extended\">\n\t\t\t\t\t<div class=\"elementor-column elementor-col-50 elementor-top-column elementor-element elementor-element-56533670\" data-id=\"56533670\" data-element_type=\"column\" data-e-type=\"column\">\n\t\t\t<div class=\"elementor-widget-wrap elementor-element-populated\">\n\t\t\t\t\t\t<div class=\"elementor-element elementor-element-19c3f543 elementor-drop-cap-yes elementor-drop-cap-view-default elementor-invisible elementor-widget elementor-widget-text-editor\" data-id=\"19c3f543\" data-element_type=\"widget\" data-e-type=\"widget\" data-settings=\"{&quot;_animation&quot;:&quot;nussFadeInUp&quot;,&quot;drop_cap&quot;:&quot;yes&quot;}\" data-widget_type=\"text-editor.default\">\n\t\t\t\t\t\t\t\t\t<p data-spm-anchor-id=\"a2ty_o01.29997173.0.i38.4279c9216pn6la\">Nur wenige Minuten vom weltber\u00fchmten Chimelong Safari Park entfernt, <strong>Chimelong Xiangjiang Hotel<\/strong> Dieses 4-Sterne-Hotel bietet mehr als nur eine Unterkunft \u2013 es bietet ein umfassendes, familienfreundliches Erlebnis, das Komfort, Bequemlichkeit und verspielten Charme perfekt vereint. Es befindet sich in der Mengyong Road 609, einem Abschnitt der Nationalstra\u00dfe 105 im Bezirk Panyu in Guangzhou und ist ideal gelegen f\u00fcr G\u00e4ste, die die aufregenden Attraktionen von Chimelong \u2013 darunter den Safari Park, Happy World und das Grandview Aquarium \u2013 bequem erreichen m\u00f6chten. Kostenlose Shuttlebusse verkehren regelm\u00e4\u00dfig zu allen wichtigen Sehensw\u00fcrdigkeiten.<\/p>\t\t\t\t\t\t\t\t<\/div>\n\t\t\t\t\t<\/div>\n\t\t<\/div>\n\t\t\t\t<div class=\"elementor-column elementor-col-50 elementor-top-column elementor-element elementor-element-30f14127\" data-id=\"30f14127\" data-element_type=\"column\" data-e-type=\"column\">\n\t\t\t<div class=\"elementor-widget-wrap elementor-element-populated\">\n\t\t\t\t\t\t<div class=\"elementor-element elementor-element-59aea08 elementor-widget elementor-widget-image\" data-id=\"59aea08\" data-element_type=\"widget\" data-e-type=\"widget\" data-widget_type=\"image.default\">\n\t\t\t\t\t\t\t\t\t\t\t\t\t\t\t<img fetchpriority=\"high\" decoding=\"async\" width=\"1024\" height=\"682\" src=\"https:\/\/chimelongxiangjianghotel.com\/wp-content\/uploads\/2025\/11\/Chimelong-Xiangjiang-Hotel-66-1024x682.webp\" class=\"attachment-large size-large wp-image-7223\" alt=\"\" srcset=\"https:\/\/chimelongxiangjianghotel.com\/wp-content\/uploads\/2025\/11\/Chimelong-Xiangjiang-Hotel-66-1024x682.webp 1024w, https:\/\/chimelongxiangjianghotel.com\/wp-content\/uploads\/2025\/11\/Chimelong-Xiangjiang-Hotel-66-300x200.webp 300w, https:\/\/chimelongxiangjianghotel.com\/wp-content\/uploads\/2025\/11\/Chimelong-Xiangjiang-Hotel-66-768x512.webp 768w, https:\/\/chimelongxiangjianghotel.com\/wp-content\/uploads\/2025\/11\/Chimelong-Xiangjiang-Hotel-66-18x12.webp 18w, https:\/\/chimelongxiangjianghotel.com\/wp-content\/uploads\/2025\/11\/Chimelong-Xiangjiang-Hotel-66.webp 1280w\" sizes=\"(max-width: 1024px) 100vw, 1024px\" \/>\t\t\t\t\t\t\t\t\t\t\t\t\t\t\t<\/div>\n\t\t\t\t\t<\/div>\n\t\t<\/div>\n\t\t\t\t\t<\/div>\n\t\t<\/section>\n\t\t\t\t<section class=\"elementor-section elementor-top-section elementor-element elementor-element-29fb8578 elementor-section-height-min-height elementor-section-stretched elementor-section-full_width elementor-section-items-stretch elementor-section-height-default elementor-section-column-vertical-align-stretch\" data-id=\"29fb8578\" data-element_type=\"section\" data-e-type=\"section\" data-settings=\"{&quot;stretch_section&quot;:&quot;section-stretched&quot;}\">\n\t\t\t\t\t\t<div class=\"elementor-container elementor-column-gap-no\">\n\t\t\t\t\t<div class=\"elementor-column elementor-col-50 elementor-top-column elementor-element elementor-element-40ac270b\" data-id=\"40ac270b\" data-element_type=\"column\" data-e-type=\"column\">\n\t\t\t<div class=\"elementor-widget-wrap elementor-element-populated\">\n\t\t\t\t\t\t<div class=\"elementor-element elementor-element-20872773 elementor-widget__width-initial elementor-widget-mobile__width-inherit elementor-invisible nuss-elementor-loading nuss-slide-in-right elementor-widget elementor-widget-image\" data-id=\"20872773\" data-element_type=\"widget\" data-e-type=\"widget\" data-settings=\"{&quot;_animation&quot;:&quot;nussSlideInRight&quot;}\" data-widget_type=\"image.default\">\n\t\t\t\t\t\t\t\t\t\t\t\t\t\t\t<img decoding=\"async\" width=\"1215\" height=\"853\" src=\"https:\/\/chimelongxiangjianghotel.com\/wp-content\/uploads\/2025\/11\/Chimelong-Xiangjiang-Hotel-73.webp\" class=\"attachment-full size-full wp-image-7230\" alt=\"\" srcset=\"https:\/\/chimelongxiangjianghotel.com\/wp-content\/uploads\/2025\/11\/Chimelong-Xiangjiang-Hotel-73.webp 1215w, https:\/\/chimelongxiangjianghotel.com\/wp-content\/uploads\/2025\/11\/Chimelong-Xiangjiang-Hotel-73-300x211.webp 300w, https:\/\/chimelongxiangjianghotel.com\/wp-content\/uploads\/2025\/11\/Chimelong-Xiangjiang-Hotel-73-1024x719.webp 1024w, https:\/\/chimelongxiangjianghotel.com\/wp-content\/uploads\/2025\/11\/Chimelong-Xiangjiang-Hotel-73-768x539.webp 768w, https:\/\/chimelongxiangjianghotel.com\/wp-content\/uploads\/2025\/11\/Chimelong-Xiangjiang-Hotel-73-18x12.webp 18w\" sizes=\"(max-width: 1215px) 100vw, 1215px\" \/>\t\t\t\t\t\t\t\t\t\t\t\t\t\t\t<\/div>\n\t\t\t\t\t<\/div>\n\t\t<\/div>\n\t\t\t\t<div class=\"elementor-column elementor-col-50 elementor-top-column elementor-element elementor-element-2dac103\" data-id=\"2dac103\" data-element_type=\"column\" data-e-type=\"column\">\n\t\t\t<div class=\"elementor-widget-wrap elementor-element-populated\">\n\t\t\t\t\t\t<div class=\"elementor-element elementor-element-6f1b8966 elementor-invisible elementor-widget elementor-widget-text-editor\" data-id=\"6f1b8966\" data-element_type=\"widget\" data-e-type=\"widget\" data-settings=\"{&quot;_animation&quot;:&quot;nussFadeInUp&quot;}\" data-widget_type=\"text-editor.default\">\n\t\t\t\t\t\t\t\t\t<p data-spm-anchor-id=\"a2ty_o01.29997173.0.i37.4279c9216pn6la\">Das urspr\u00fcnglich 1989 als Xiangjiang Restaurant er\u00f6ffnete, traditionsreiche Haus hat sich unter der renommierten Chimelong Group zu einem modernen Juwel der Hotellerie entwickelt und dessen Erbe au\u00dfergew\u00f6hnlichen Service und Liebe zum Detail fortgef\u00fchrt. Das Designkonzept des Hotels \u2013 \u201cMaritime Seidenstra\u00dfe \u2013 Eindr\u00fccke aus Lingnan\u201d \u2013 verbindet traditionelle s\u00fcdchinesische \u00c4sthetik mit modernem Komfort und schafft so vom ersten Moment an eine warme, kulturell reiche Atmosph\u00e4re in der Lobby, die mit eleganten Kronleuchtern, Fenstern im mandschurischen Stil und markanten architektonischen Elementen aus Lingnan geschm\u00fcckt ist.<\/p><div class=\"my-2\">\u00a0<\/div><p>Mit <strong>333 durchdacht gestaltete G\u00e4stezimmer<\/strong> Verteilt auf 21 Etagen, ist jeder Aufenthalt gleicherma\u00dfen auf Familien und Tierliebhaber zugeschnitten. W\u00e4hlen Sie aus fantasievollen Unterk\u00fcnften. <strong>Zimmer mit Giraffen-, Tiger- oder Elefantenthema<\/strong>, Jedes Zimmer verf\u00fcgt \u00fcber verspielte Cartoon-Wandmalereien, gem\u00fctliche Betten, kostenloses WLAN, einen K\u00fchlschrank und ein eigenes Badezimmer mit sofort verf\u00fcgbarem Warmwasser. Familien werden die gro\u00dfz\u00fcgigen Zimmer besonders zu sch\u00e4tzen wissen. <strong>Familienzimmer<\/strong>, die separate Wohn- und Schlafbereiche sowie eigene Kinderbetten bieten \u2013 perfekt f\u00fcr Aufenthalte mehrerer Generationen oder l\u00e4ngere Urlaube.<\/p>\t\t\t\t\t\t\t\t<\/div>\n\t\t\t\t\t<\/div>\n\t\t<\/div>\n\t\t\t\t\t<\/div>\n\t\t<\/section>\n\t\t\t\t<section class=\"elementor-section elementor-top-section elementor-element elementor-element-bf65ccb elementor-section-height-min-height elementor-section-stretched elementor-section-full_width elementor-section-items-stretch elementor-section-height-default elementor-section-column-vertical-align-stretch\" data-id=\"bf65ccb\" data-element_type=\"section\" data-e-type=\"section\" data-settings=\"{&quot;stretch_section&quot;:&quot;section-stretched&quot;}\">\n\t\t\t\t\t\t<div class=\"elementor-container elementor-column-gap-no\">\n\t\t\t\t\t<div class=\"elementor-column elementor-col-50 elementor-top-column elementor-element elementor-element-2a289bd\" data-id=\"2a289bd\" data-element_type=\"column\" data-e-type=\"column\">\n\t\t\t<div class=\"elementor-widget-wrap elementor-element-populated\">\n\t\t\t\t\t\t<div class=\"elementor-element elementor-element-0a57948 elementor-invisible elementor-widget elementor-widget-text-editor\" data-id=\"0a57948\" data-element_type=\"widget\" data-e-type=\"widget\" data-settings=\"{&quot;_animation&quot;:&quot;nussFadeInUp&quot;}\" data-widget_type=\"text-editor.default\">\n\t\t\t\t\t\t\t\t\t<p data-spm-anchor-id=\"a2ty_o01.29997173.0.i41.4279c9216pn6la\">Abgesehen von den Zimmern besticht das Hotel durch seine <strong>familienfreundliche Ausstattung<\/strong>: die lebendige <strong>Kinderwunderland<\/strong> Im ersten Stock erwarten Kinder interaktive LED-Bildschirme, themenbezogene Aktivit\u00e4ten und ein S\u00fc\u00dfwarenladen (Xingjiang Happy Galley) mit S\u00fc\u00dfigkeiten und Chimelong-Souvenirs. Der Au\u00dfenbereich <strong>Fahrschule f\u00fcr Kinder<\/strong> So k\u00f6nnen die Kleinen unter Aufsicht spielen, w\u00e4hrend die Eltern in der N\u00e4he entspannen.<\/p><div class=\"my-2\">\u00a0<\/div><p data-spm-anchor-id=\"a2ty_o01.29997173.0.i40.4279c9216pn6la\">Ein weiteres Highlight ist das kulinarische Angebot: Genie\u00dfen Sie authentische kantonesische K\u00fcche im <strong>Xiangjiang Chinesisches Restaurant<\/strong>, Das Restaurant ist in klassischen Lingnan-Interieurs untergebracht und verf\u00fcgt \u00fcber private Speiser\u00e4ume f\u00fcr bis zu 160 G\u00e4ste. F\u00fcr schnelle Snacks und Fusionsk\u00fcche besuchen Sie <strong>Xinglong Teerestaurant<\/strong>, Das Restaurant ist den \u201cAcht Sehensw\u00fcrdigkeiten von Yangcheng\u201d gewidmet und bietet alles von Dim Sum nach Hongkonger Art bis hin zu westlichen Spezialit\u00e4ten \u2013 alles serviert in einer lebhaften offenen K\u00fcche mit Sitzpl\u00e4tzen im Innen- und Au\u00dfenbereich.<\/p><div class=\"my-2\">\u00a0<\/div><p>Die G\u00e4ste schw\u00e4rmen vom Hotel. <strong>Makellose Sauberkeit, freundliches, mehrsprachiges Personal und liebevolle Details.<\/strong> Von hochwertigen Toilettenartikeln \u00fcber leise Klimaanlage bis hin zu schnellem WLAN \u2013 Reisende loben auch die reibungslose Organisation: Kostenlose Parkpl\u00e4tze, eine 24-Stunden-Rezeption, Gep\u00e4ckaufbewahrung, Taxibuchung und sogar \u00dcbersetzungstools erleichtern die Orientierung in Guangzhou.<\/p><div class=\"my-2\">\u00a0<\/div><p data-spm-anchor-id=\"a2ty_o01.29997173.0.i42.4279c9216pn6la\">Ob Sie in der Hochsaison reisen oder einen ruhigeren Urlaub au\u00dferhalb der Hauptsaison verbringen m\u00f6chten, das Chimelong Xiangjiang Hotel ist dank seiner unschlagbaren Lage, der charmanten Zimmer, des k\u00f6stlichen Essens und der herzlichen Gastfreundschaft eine erstklassige Wahl und belegt Platz #7 unter den Familienhotels in Guangzhou. Buchen Sie noch heute Ihren Aufenthalt und machen Sie Ihr Chimelong-Abenteuer zu einer unvergesslichen Familienerinnerung.<\/p>\t\t\t\t\t\t\t\t<\/div>\n\t\t\t\t\t<\/div>\n\t\t<\/div>\n\t\t\t\t<div class=\"elementor-column elementor-col-50 elementor-top-column elementor-element elementor-element-c746b58\" data-id=\"c746b58\" data-element_type=\"column\" data-e-type=\"column\">\n\t\t\t<div class=\"elementor-widget-wrap elementor-element-populated\">\n\t\t\t\t\t\t<div class=\"elementor-element elementor-element-a4af331 elementor-widget__width-initial elementor-widget-mobile__width-inherit elementor-invisible nuss-elementor-loading nuss-slide-in-right elementor-widget elementor-widget-image\" data-id=\"a4af331\" data-element_type=\"widget\" data-e-type=\"widget\" data-settings=\"{&quot;_animation&quot;:&quot;nussSlideInRight&quot;}\" data-widget_type=\"image.default\">\n\t\t\t\t\t\t\t\t\t\t\t\t\t\t\t<img decoding=\"async\" width=\"1280\" height=\"853\" src=\"https:\/\/chimelongxiangjianghotel.com\/wp-content\/uploads\/2025\/11\/Chimelong-Xiangjiang-Hotel-60.webp\" class=\"attachment-full size-full wp-image-7217\" alt=\"\" srcset=\"https:\/\/chimelongxiangjianghotel.com\/wp-content\/uploads\/2025\/11\/Chimelong-Xiangjiang-Hotel-60.webp 1280w, https:\/\/chimelongxiangjianghotel.com\/wp-content\/uploads\/2025\/11\/Chimelong-Xiangjiang-Hotel-60-300x200.webp 300w, https:\/\/chimelongxiangjianghotel.com\/wp-content\/uploads\/2025\/11\/Chimelong-Xiangjiang-Hotel-60-1024x682.webp 1024w, https:\/\/chimelongxiangjianghotel.com\/wp-content\/uploads\/2025\/11\/Chimelong-Xiangjiang-Hotel-60-768x512.webp 768w, https:\/\/chimelongxiangjianghotel.com\/wp-content\/uploads\/2025\/11\/Chimelong-Xiangjiang-Hotel-60-18x12.webp 18w\" sizes=\"(max-width: 1280px) 100vw, 1280px\" \/>\t\t\t\t\t\t\t\t\t\t\t\t\t\t\t<\/div>\n\t\t\t\t\t<\/div>\n\t\t<\/div>\n\t\t\t\t\t<\/div>\n\t\t<\/section>\n\t\t\t\t<section class=\"elementor-section elementor-top-section elementor-element elementor-element-2092b7d0 elementor-section-stretched elementor-section-boxed elementor-section-gap-beside-yes elementor-section-height-default elementor-section-height-default elementor-section-column-vertical-align-stretch\" data-id=\"2092b7d0\" data-element_type=\"section\" data-e-type=\"section\" data-settings=\"{&quot;background_background&quot;:&quot;classic&quot;,&quot;stretch_section&quot;:&quot;section-stretched&quot;}\">\n\t\t\t\t\t\t<div class=\"elementor-container elementor-column-gap-extended\">\n\t\t\t\t\t<div class=\"elementor-column elementor-col-100 elementor-top-column elementor-element elementor-element-be69d75\" data-id=\"be69d75\" data-element_type=\"column\" data-e-type=\"column\">\n\t\t\t<div class=\"elementor-widget-wrap elementor-element-populated\">\n\t\t\t\t\t\t<div class=\"elementor-element elementor-element-320c022 elementor-widget elementor-widget-nuss-heading\" data-id=\"320c022\" data-element_type=\"widget\" data-e-type=\"widget\" data-widget_type=\"nuss-heading.default\">\n\t\t\t\t<div class=\"elementor-widget-container\">\n\t\t\t\t\t\t\t<div class=\"nuss-modern-heading\">\r\n\t\t\t\t\t\t<div class=\"heading-secondary-wrap\">\r\n\t\t\t\t<h3 class=\"heading-secondary elementor-heading-title\">Verf\u00fcgbarkeit pr\u00fcfen <\/h3>\t\t\t<\/div>\r\n\t\t\r\n\t\t\t\r\n\t\t\t\r\n\t\t\t\t\t<\/div>\r\n\t\t\t\t\t<\/div>\n\t\t\t\t<\/div>\n\t\t\t\t<div class=\"elementor-element elementor-element-fe69a93 elementor-widget elementor-widget-text-editor\" data-id=\"fe69a93\" data-element_type=\"widget\" data-e-type=\"widget\" data-widget_type=\"text-editor.default\">\n\t\t\t\t\t\t\t\t\t<iframe border=\"0\" src=\"https:\/\/www.trip.com\/partners\/ad\/S6319350?Allianceid=7116208&#038;SID=271828250&#038;trip_sub1=\" style=\"width:1200px;height:200px\" frameborder=\"0\" scrolling=\"no\" id=\"S6319350\"><\/iframe>\t\t\t\t\t\t\t\t<\/div>\n\t\t\t\t\t<\/div>\n\t\t<\/div>\n\t\t\t\t\t<\/div>\n\t\t<\/section>\n\t\t\t\t<\/div>","protected":false},"excerpt":{"rendered":"<p>Chimelong Xiangjiang Hotel \u2013 Your Ultimate Family Gateway to Guangzhou\u2019s Wildlife Adventure Nestled just minutes from the world-famous Chimelong Safari Park, Chimelong Xiangjiang Hotel offers more than just a place to sleep \u2014 it delivers an immersive, family-first experience that seamlessly blends comfort, convenience, and playful charm. Located at No. 609 Mengyong Road, Section of [&hellip;]<\/p>\n","protected":false},"author":1,"featured_media":0,"parent":0,"menu_order":0,"comment_status":"closed","ping_status":"closed","template":"","meta":{"footnotes":""},"class_list":["post-5266","page","type-page","status-publish","hentry","post-no-thumbnail"],"_links":{"self":[{"href":"https:\/\/chimelongxiangjianghotel.com\/de\/wp-json\/wp\/v2\/pages\/5266","targetHints":{"allow":["GET"]}}],"collection":[{"href":"https:\/\/chimelongxiangjianghotel.com\/de\/wp-json\/wp\/v2\/pages"}],"about":[{"href":"https:\/\/chimelongxiangjianghotel.com\/de\/wp-json\/wp\/v2\/types\/page"}],"author":[{"embeddable":true,"href":"https:\/\/chimelongxiangjianghotel.com\/de\/wp-json\/wp\/v2\/users\/1"}],"replies":[{"embeddable":true,"href":"https:\/\/chimelongxiangjianghotel.com\/de\/wp-json\/wp\/v2\/comments?post=5266"}],"version-history":[{"count":0,"href":"https:\/\/chimelongxiangjianghotel.com\/de\/wp-json\/wp\/v2\/pages\/5266\/revisions"}],"wp:attachment":[{"href":"https:\/\/chimelongxiangjianghotel.com\/de\/wp-json\/wp\/v2\/media?parent=5266"}],"curies":[{"name":"wp","href":"https:\/\/api.w.org\/{rel}","templated":true}]}}