{"id":2106,"date":"2021-03-25T04:08:26","date_gmt":"2021-03-25T04:08:26","guid":{"rendered":"http:\/\/localhost\/nuss\/?page_id=298"},"modified":"2025-11-06T05:41:44","modified_gmt":"2025-11-06T05:41:44","slug":"erfahrungen","status":"publish","type":"page","link":"https:\/\/chimelongxiangjianghotel.com\/de\/experiences\/","title":{"rendered":"Chimelong Xiangjiang Hotelbewertungen"},"content":{"rendered":"<div data-elementor-type=\"wp-page\" data-elementor-id=\"2106\" class=\"elementor elementor-2106\">\n\t\t\t\t\t\t<section class=\"elementor-section elementor-top-section elementor-element elementor-element-1954ffc elementor-section-boxed elementor-section-gap-beside-yes elementor-section-height-default elementor-section-height-default elementor-section-column-vertical-align-stretch\" data-id=\"1954ffc\" data-element_type=\"section\" data-e-type=\"section\">\n\t\t\t\t\t\t<div class=\"elementor-container elementor-column-gap-extended\">\n\t\t\t\t\t<div class=\"elementor-column elementor-col-100 elementor-top-column elementor-element elementor-element-86aebc5\" data-id=\"86aebc5\" data-element_type=\"column\" data-e-type=\"column\">\n\t\t\t<div class=\"elementor-widget-wrap elementor-element-populated\">\n\t\t\t\t\t\t<div class=\"elementor-element elementor-element-11803d1 elementor-widget__width-initial elementor-invisible elementor-widget elementor-widget-text-editor\" data-id=\"11803d1\" data-element_type=\"widget\" data-e-type=\"widget\" data-settings=\"{&quot;_animation&quot;:&quot;nussFadeInUp&quot;}\" data-widget_type=\"text-editor.default\">\n\t\t\t\t\t\t\t\t\t<div class=\"svelte-1c06zsf\" data-lang-code=\"\"><p><strong data-spm-anchor-id=\"a2ty_o01.29997173.0.i57.4279c9216pn6la\">Hotelbewertungen f\u00fcr das Chimelong Xiangjiang: Echte G\u00e4steerfahrungen von Familien, Reisenden und Gesch\u00e4ftsreisenden\u00a0<\/strong><\/p><\/div>\t\t\t\t\t\t\t\t<\/div>\n\t\t\t\t\t<\/div>\n\t\t<\/div>\n\t\t\t\t\t<\/div>\n\t\t<\/section>\n\t\t<div class=\"elementor-element elementor-element-95e7268 e-flex e-con-boxed e-con e-parent\" data-id=\"95e7268\" data-element_type=\"container\" data-e-type=\"container\">\n\t\t\t\t\t<div class=\"e-con-inner\">\n\t\t\t\t<div class=\"elementor-element elementor-element-bd47571 elementor-widget elementor-widget-image\" data-id=\"bd47571\" data-element_type=\"widget\" data-e-type=\"widget\" data-widget_type=\"image.default\">\n\t\t\t\t\t\t\t\t\t\t\t\t\t\t\t\t<a href=\"https:\/\/www.trip.com\/hotels\/guangzhou-hotel-detail-23406093\/chimelong-xiangjiang-hotel-guangzhou-changlong-wildlife-world\/?Allianceid=7116208&#038;SID=271828250&#038;trip_sub1=&#038;trip_sub3=D6321520\" target=\"_blank\" rel=\"noopener\">\n\t\t\t\t\t\t\t<img fetchpriority=\"high\" decoding=\"async\" width=\"1720\" height=\"1510\" src=\"https:\/\/chimelongxiangjianghotel.com\/wp-content\/uploads\/2025\/11\/reviews.jpg\" class=\"attachment-full size-full wp-image-7366\" alt=\"\" srcset=\"https:\/\/chimelongxiangjianghotel.com\/wp-content\/uploads\/2025\/11\/reviews.jpg 1720w, https:\/\/chimelongxiangjianghotel.com\/wp-content\/uploads\/2025\/11\/reviews-300x263.jpg 300w, https:\/\/chimelongxiangjianghotel.com\/wp-content\/uploads\/2025\/11\/reviews-1024x899.jpg 1024w, https:\/\/chimelongxiangjianghotel.com\/wp-content\/uploads\/2025\/11\/reviews-768x674.jpg 768w, https:\/\/chimelongxiangjianghotel.com\/wp-content\/uploads\/2025\/11\/reviews-1536x1348.jpg 1536w, https:\/\/chimelongxiangjianghotel.com\/wp-content\/uploads\/2025\/11\/reviews-14x12.jpg 14w\" sizes=\"(max-width: 1720px) 100vw, 1720px\" \/>\t\t\t\t\t\t\t\t<\/a>\n\t\t\t\t\t\t\t\t\t\t\t\t\t\t\t<\/div>\n\t\t\t\t\t<\/div>\n\t\t\t\t<\/div>\n\t\t<div class=\"elementor-element elementor-element-3e39171 e-flex e-con-boxed e-con e-parent\" data-id=\"3e39171\" data-element_type=\"container\" data-e-type=\"container\">\n\t\t\t\t\t<div class=\"e-con-inner\">\n\t\t\t\t<div class=\"elementor-element elementor-element-7761d0c elementor-widget elementor-widget-text-editor\" data-id=\"7761d0c\" data-element_type=\"widget\" data-e-type=\"widget\" data-widget_type=\"text-editor.default\">\n\t\t\t\t\t\t\t\t\t<p data-spm-anchor-id=\"a2ty_o01.29997173.0.i58.4279c9216pn6la\">Wenn Sie einen Ausflug zum weltber\u00fchmten Chimelong Safari Park in Guangzhou planen \u2013 oder einfach nur ein familienfreundliches Hotel mit Charakter, Komfort und Charme suchen \u2013 <strong>Chimelong Xiangjiang Hotel<\/strong> Erh\u00e4lt durchweg Bestnoten von echten Reisenden. Mit \u00fcber <strong>2.756 verifizierte Bewertungen<\/strong> auf Trip.com und ein hervorragender <strong>Gesamtbewertung: 9,4\/10<\/strong>, Dieses 4-Sterne-Hotel ist nicht einfach nur eine weitere Unterkunft in der N\u00e4he des Parks \u2013 es ist ein Reiseziel f\u00fcr sich.<\/p><p>Hier finden Sie Erfahrungsberichte unserer G\u00e4ste zu ihrem Aufenthalt \u2013 aufgeschl\u00fcsselt nach wichtigen Kategorien, damit Sie Ihren perfekten Besuch planen k\u00f6nnen.<\/p><div class=\"py-2 my-3\"><hr \/><\/div><h3>\ud83c\udf1f <strong>Gesamtbewertung der G\u00e4ste: 9,4 \/ 10 \u2014 \u201cHervorragend\u201d<\/strong><\/h3><p>G\u00e4ste beschreiben das Chimelong Xiangjiang Hotel als \u201csauber\u201d, \u201ckomfortabel\u201d, \u201cfamilienfreundlich\u201d und \u201cperfekt gelegen\u201d. Viele heben hervor, dass es zwar kein Luxusresort ist, aber ein au\u00dfergew\u00f6hnliches Preis-Leistungs-Verh\u00e4ltnis, aufmerksamen Service und ein immersives Safari-Erlebnis bietet, das Kinder und Erwachsene gleicherma\u00dfen begeistert.<\/p><blockquote><p><em>\u201cWir haben uns f\u00fcr die g\u00fcnstigste von drei Hotels entschieden\u2026 aber zu unserer \u00dcberraschung erwies sie sich als genau das Richtige f\u00fcr uns!\u201d<\/em><br \/>\u2014 Zhaoqipo, September 2025<\/p><\/blockquote><blockquote><p><em>\u201cDas Badezimmer war blitzsauber\u2026 das WLAN-Signal war durchgehend stark\u2026 die Klimaanlage bemerkenswert leise\u2026 Ich hatte einen sehr angenehmen Aufenthalt und w\u00fcrde dieses Hotel auf jeden Fall meinen Freunden empfehlen.\u201d<\/em><br \/>\u2014 _WeChat252974****, September 2025<\/p><\/blockquote><div class=\"py-2 my-3\"><hr \/><\/div><h3>\ud83d\udccd <strong>Lage: 9,5\/10 \u2013 Nur wenige Minuten vom Chimelong Safari Park entfernt<\/strong><\/h3><p>Das Hotel liegt an der Mengyong Road Nr. 609 im Bezirk Panyu, direkt neben dem Chimelong Safari Park \u2013 nur einen Katzensprung entfernt. <strong>8-min\u00fctige Shuttlefahrt<\/strong> Die G\u00e4ste schw\u00e4rmen vom kostenlosen Shuttle-Service, der regelm\u00e4\u00dfig zu allen wichtigen Attraktionen von Chimelong f\u00e4hrt, darunter Happy World und das Grandview Aquarium.<\/p><p>Barrierefreiheit ist ein gro\u00dfer Pluspunkt:<\/p><ul dir=\"auto\"><li><strong>U-Bahn-Linien 3 und 7<\/strong>1,8 km bis zum Bahnhof Dashi<\/li><li><strong>S\u00fcdbahnhof Guangzhou<\/strong>15 Minuten Taxifahrt<\/li><li><strong>Flughafen Foshan Shadi<\/strong>: 31,8 km (~49 Minuten mit dem Auto)<\/li><li><strong>Kostenlose Parkpl\u00e4tze<\/strong> Vor Ort verf\u00fcgbar \u2013 keine Reservierung erforderlich<\/li><\/ul><blockquote><p><em>\u201cEine Shuttlebushaltestelle direkt vor dem Eingang machte den Besuch des Zoos und von Happy World unglaublich bequem.\u201d<\/em><br \/>\u2014 _WeChat252974****<\/p><\/blockquote><div class=\"py-2 my-3\"><hr \/><\/div><h3>\ud83e\uddf9 <strong>Sauberkeit: 9,6\/10 \u2013 Makellos saubere Zimmer und tadellose Instandhaltung<\/strong><\/h3><p>Hier zeigt das Chimelong Xiangjiang Hotel seine ganze St\u00e4rke. In den Rezensionen wird es durchweg gelobt. <strong>blitzsaubere Badezimmer<\/strong>, <strong>staubfreie Oberfl\u00e4chen<\/strong>, <strong>frische Bettw\u00e4sche<\/strong>, Und <strong>hochwertige Toilettenartikel<\/strong>.<\/p><p>Hinweis f\u00fcr G\u00e4ste:<\/p><ul dir=\"auto\"><li>Nass-\/Trockentrennung in Badezimmern<\/li><li>Sofort hei\u00dfes Wasser mit stabilem Druck<\/li><li>Leise, effiziente Klimaanlage<\/li><li>K\u00fchlschr\u00e4nke, Smart-TVs und t\u00e4gliche Zimmerreinigung in jedem Zimmer<\/li><\/ul><blockquote><p><em>\u201cAuf den Tischplatten und Fensterb\u00e4nken war kein Staubkorn zu finden\u2026 Die Matratze hatte genau den richtigen H\u00e4rtegrad\u2026 die Kissen hatten die perfekte Gr\u00f6\u00dfe\u2026 selbst Menschen mit leichtem Schlaf konnten hier eine erholsame Nachtruhe genie\u00dfen.\u201d<\/em><br \/>\u2014 _WeChat252974****<\/p><\/blockquote><div class=\"py-2 my-3\"><hr \/><\/div><h3>\ud83d\udc68\u200d\ud83d\udc69\u200d\ud83d\udc67\u200d\ud83d\udc66 <strong>Familienfreundliche Ausstattung: 9,3\/10 \u2013 Ideal f\u00fcr Kinder und Eltern.<\/strong><\/h3><p>Von Themenzimmern \u00fcber Spielbereiche bis hin zu kindgerechten Annehmlichkeiten bietet dieses Hotel Familien ein au\u00dfergew\u00f6hnliches Erlebnis:<\/p><ul dir=\"auto\"><li><strong>Safari-Zimmer<\/strong>W\u00e4hlen Sie zwischen Giraffen-, Tiger- oder Elefantenzimmern \u2013 jedes mit verspielten Wandmalereien und kinderfreundlicher Einrichtung.<\/li><li><strong>Familienzimmer<\/strong>Gro\u00dfz\u00fcgige Raumaufteilung mit separaten Wohnbereichen und eigenen Kinderbetten.<\/li><li><strong>Kinderwunderland<\/strong>Interaktive LED-Bildschirme, lustige M\u00f6bel, Eltern-Kind-Aktivit\u00e4ten, Snacks und die <strong>Xingjiang Happy Galley<\/strong> Souvenirladen.<\/li><li><strong>Fahrschule f\u00fcr Kinder<\/strong>: Au\u00dfenfl\u00e4che, auf der Kinder unter Aufsicht mit Mini-Autos fahren k\u00f6nnen.<\/li><li><strong>Kinderausstattung<\/strong>Hausschuhe, Badem\u00e4ntel, Zahnb\u00fcrsten, Spielzeug, Brettspiele und Kindermen\u00fcs.<\/li><\/ul><blockquote><p><em>\u201cIhre Kleinen werden das Kids Wonderland lieben\u2026 interessante und unterhaltsame Eltern-Kind-Kurse\u2026 ein wunderbar kurzweiliges Erlebnis.\u201d<\/em><br \/>\u2014 Trip.com Objektbeschreibung<\/p><\/blockquote><div class=\"py-2 my-3\"><hr \/><\/div><h3>\ud83c\udf7d\ufe0f <strong>Essen &amp; Trinken: 9,4\/10 \u2013 Lokale Spezialit\u00e4ten, die beeindrucken<\/strong><\/h3><p>Zwei Restaurants vor Ort bieten f\u00fcr jeden Geschmack etwas:<\/p><h4>\u2705 <strong>Xiangjiang Chinesisches Restaurant<\/strong><\/h4><ul dir=\"auto\"><li>Authentische kantonesische K\u00fcche<\/li><li>Klassische Holztische im Lingnan-Stil<\/li><li>F\u00fcnf private Speiser\u00e4ume (kombinierbar f\u00fcr bis zu 160 G\u00e4ste)<\/li><li>Ge\u00f6ffnet zum Fr\u00fchst\u00fcck, Mittagessen und Abendessen (07:30\u201314:30 Uhr, 17:00\u201321:30 Uhr)<\/li><\/ul><p>Die G\u00e4ste bezeichnen es als \u201cunglaublich lecker\u201d und \u201c\u00fcberraschend fantastisch\u201d \u2013 und vergleichen es sogar mit einem beliebten lokalen Gericht. <em>cha chaan teng<\/em> (Diner im Hongkong-Stil).<\/p><blockquote><p><em>\u201cIch hatte wirklich nicht erwartet, dass das Restaurant so fantastisch sein w\u00fcrde\u2026 wir haben am Ende alle unsere Mahlzeiten an allen drei Tagen im Hotel eingenommen.\u201d<\/em><br \/>\u2014 Zhaoqipo<\/p><\/blockquote><h4>\u2705 <strong>Xinglong Teerestaurant<\/strong><\/h4><ul dir=\"auto\"><li>Hongkong-Fusionsstil (westlich + chinesisch)<\/li><li>Thema: \u201cAcht Sehensw\u00fcrdigkeiten von Yangcheng\u201d<\/li><li>Offene K\u00fcche, \u00fcber 160 Tische im Innenbereich, Sitzpl\u00e4tze im Freien<\/li><li>Buffet- und \u00c0-la-carte-Optionen (07:00\u201310:00, 11:00\u201314:30, 17:00\u201320:00)<\/li><\/ul><p>Das Fr\u00fchst\u00fcck ist oft als kostenloses Upgrade inklusive \u2013 mit Optionen f\u00fcr westliche und chinesische Art, zum Preis von 68 CNY f\u00fcr Erwachsene und kostenlos f\u00fcr Kinder unter 1 m.<\/p><div class=\"py-2 my-3\"><hr \/><\/div><h3>\ud83d\udcbc <strong>Gesch\u00e4fts- und Komfortdienstleistungen: Perfekt f\u00fcr Arbeit und Freizeit<\/strong><\/h3><p>Auch wenn Sie gesch\u00e4ftlich unterwegs sind, finden Sie hier alles, was Sie brauchen:<\/p><ul dir=\"auto\"><li><strong>Konferenzraum &amp; Multifunktionsraum<\/strong> (mit Multimediasystemen)<\/li><li><strong>Sekretariatsdienste, Fax-\/Kopierservice, Postdienste<\/strong><\/li><li><strong>24-Stunden-Rezeption<\/strong> mit \u00dcbersetzungswerkzeugen<\/li><li><strong>Geldwechsel, Taxibestellung, Gep\u00e4ckaufbewahrung<\/strong><\/li><li><strong>Kostenloses Highspeed-WLAN<\/strong> in \u00f6ffentlichen Bereichen und G\u00e4stezimmern<\/li><li><strong>Geldautomat, Verkaufsautomaten, Souvenirladen<\/strong><\/li><\/ul><p>Die G\u00e4ste sch\u00e4tzen die nahtlose Verbindung von Arbeit und Freizeit \u2013 was es ideal f\u00fcr Incentive-Reisen oder hybride Gesch\u00e4fts- und Freizeitaufenthalte macht.<\/p><div class=\"py-2 my-3\"><hr \/><\/div><h3>\ud83d\udcac <strong>Was G\u00e4ste am meisten lieben (KI-gest\u00fctzte Zusammenfassung)<\/strong><\/h3><p>Basierend auf Tausenden von Rezensionen sticht Folgendes hervor:<\/p><p>\u2705 <strong>Standort<\/strong>\u201cErstklassige Lage in der N\u00e4he des Chimelong Safari Parks\u2026 ideal f\u00fcr einen Besuch des Zoos und der umliegenden Attraktionen.\u201d<\/p><p>\u2705 <strong>Sauberkeit<\/strong>\u201cMakellose Einrichtungen\u2026 gut gepflegte Zimmer\u2026 besonders attraktiv f\u00fcr Familien.\u201d<\/p><p>\u2705 <strong>Service<\/strong>\u201cFreundliches und zuvorkommendes Personal\u2026 gibt sich oft alle M\u00fche, Zimmer-Upgrades anzubieten oder einen fr\u00fchen Check-in zu erm\u00f6glichen.\u201d<\/p><p>\u2705 <strong>Ausstattung<\/strong>\u201cKinderspielplatz, Shuttlebusse, kostenlose Parkpl\u00e4tze\u2026 tragen zu einem rundum gelungenen Erlebnis bei.\u201d<\/p><p>\u2705 <strong>Fr\u00fchst\u00fcck<\/strong>\u201cVielfalt und Qualit\u00e4t wurden festgestellt\u2026 oft als kostenloses Upgrade angeboten.\u201d<\/p><p>\u2705 <strong>Bequemlichkeit<\/strong>\u201cEinfache Essensbestellung\u2026 hilfsbereiter Concierge\u2026 kosteng\u00fcnstige Auswahl.\u201d<\/p><div class=\"py-2 my-3\"><hr \/><\/div><h3>\u26a0\ufe0f <strong>Verbesserungsvorschl\u00e4ge der G\u00e4ste<\/strong><\/h3><p>Obwohl die meisten Rezensenten positiv ausfielen, gab es auch einige konstruktive Anmerkungen:<\/p><ul dir=\"auto\"><li>Verbessern Sie die Professionalit\u00e4t des Personals w\u00e4hrend der Sto\u00dfzeiten<\/li><li>Die Einheitlichkeit der Zimmerhygienekontrollen verbessern<\/li><li>Bitte kl\u00e4ren Sie die im Paket enthaltenen Leistungen (insbesondere Fr\u00fchst\u00fcck und Shuttle-Service).<\/li><li>Bieten Sie in bestimmten Bereichen mehr englische Beschilderung oder mehrsprachige Unterst\u00fctzung an.<\/li><\/ul><p>Diese kleinen Verbesserungsvorschl\u00e4ge spiegeln hohe Erwartungen wider \u2013 und zeigen, wie ernst die G\u00e4ste ihren Aufenthalt in diesem beliebten Hotel nehmen.<\/p><div class=\"py-2 my-3\"><hr \/><\/div><h3>\ud83c\udfc6 <strong>Warum Reisende immer wieder zur\u00fcckkehren<\/strong><\/h3><p>Das Chimelong Xiangjiang Hotel versucht nicht, alles f\u00fcr jeden zu sein \u2013 es konzentriert sich darauf, \u2026 <strong>au\u00dfergew\u00f6hnliches Preis-Leistungs-Verh\u00e4ltnis f\u00fcr Familien und Abenteuersuchende<\/strong> die ihre Zeit in Chimelong optimal nutzen m\u00f6chten. Egal, ob Sie:<\/p><ul dir=\"auto\"><li>Planung eines Wochenend-Safari-Ausflugs<\/li><li>Einen Geburtstag oder Jahrestag mit Kindern feiern<\/li><li>Ausrichtung eines kleinen Firmenausflugs<\/li><li>Oder Sie suchen einfach eine saubere, komfortable Unterkunft in der N\u00e4he eines der besten Themenparks Chinas\u2026<\/li><\/ul><p>\u2026dieses Hotel h\u00e4lt, was es verspricht.<\/p><p>Mit seinem <strong>Themenzimmer, k\u00f6stliches Essen, kinderfreundliche Aktivit\u00e4ten und eine unschlagbare Lage<\/strong>, Das Chimelong Xiangjiang Hotel hat sich seinen Platz verdient als <strong>#7 unter den Familienhotels in Guangzhou<\/strong> \u2014 und gewinnt mit jedem Aufenthalt weiterhin Herzen.<\/p><div class=\"py-2 my-3\"><hr \/><\/div><p><strong>Planen Sie Ihren Aufenthalt noch heute!<\/strong><\/p><p>Buchen Sie direkt \u00fcber <a href=\"https:\/\/chimelongxiangjianghotel.com\/de\/\" target=\"_blank\" rel=\"nofollow noopener\">chimelongxiangjianghotel.com <\/a> Oder nutzen Sie vertrauensw\u00fcrdige Plattformen wie Trip.com, um die besten Preise und Verf\u00fcgbarkeiten zu sichern. Vergessen Sie nicht, beim Einchecken nach Shuttle-Fahrpl\u00e4nen, Familienpaketen oder Restaurantreservierungen zu fragen!<\/p><p data-spm-anchor-id=\"a2ty_o01.29997173.0.i59.4279c9216pn6la\">\ud83d\udccd <strong>Adresse<\/strong>Mengyong-Stra\u00dfe Nr. 609, Abschnitt der Nationalstra\u00dfe Nr. 105, Bezirk Panyu, Guangzhou, Guangdong, China<br \/>\ud83d\udcde <strong>Telefon<\/strong>: +86-20-84783366<br \/>\ud83d\udd52 <strong>Einchecken<\/strong>Nach 15:00 Uhr | <strong>Kasse<\/strong>Vor 12:00 Uhr<\/p>\t\t\t\t\t\t\t\t<\/div>\n\t\t\t\t\t<\/div>\n\t\t\t\t<\/div>\n\t\t\t\t<section class=\"elementor-section elementor-top-section elementor-element elementor-element-6a7e7724 elementor-section-stretched elementor-section-boxed elementor-section-gap-beside-yes elementor-section-height-default elementor-section-height-default elementor-section-column-vertical-align-stretch\" data-id=\"6a7e7724\" data-element_type=\"section\" data-e-type=\"section\" data-settings=\"{&quot;background_background&quot;:&quot;classic&quot;,&quot;stretch_section&quot;:&quot;section-stretched&quot;}\">\n\t\t\t\t\t\t<div class=\"elementor-container elementor-column-gap-extended\">\n\t\t\t\t\t<div class=\"elementor-column elementor-col-100 elementor-top-column elementor-element elementor-element-13bc3d5a\" data-id=\"13bc3d5a\" data-element_type=\"column\" data-e-type=\"column\">\n\t\t\t<div class=\"elementor-widget-wrap elementor-element-populated\">\n\t\t\t\t\t\t<div class=\"elementor-element elementor-element-543b320e elementor-widget elementor-widget-nuss-heading\" data-id=\"543b320e\" data-element_type=\"widget\" data-e-type=\"widget\" data-widget_type=\"nuss-heading.default\">\n\t\t\t\t<div class=\"elementor-widget-container\">\n\t\t\t\t\t\t\t<div class=\"nuss-modern-heading\">\r\n\t\t\t\t\t\t<div class=\"heading-secondary-wrap\">\r\n\t\t\t\t<h3 class=\"heading-secondary elementor-heading-title\">Verf\u00fcgbarkeit pr\u00fcfen <\/h3>\t\t\t<\/div>\r\n\t\t\r\n\t\t\t\r\n\t\t\t\r\n\t\t\t\t\t<\/div>\r\n\t\t\t\t\t<\/div>\n\t\t\t\t<\/div>\n\t\t\t\t<div class=\"elementor-element elementor-element-bcb7c42 elementor-widget elementor-widget-text-editor\" data-id=\"bcb7c42\" data-element_type=\"widget\" data-e-type=\"widget\" data-widget_type=\"text-editor.default\">\n\t\t\t\t\t\t\t\t\t<iframe border=\"0\" src=\"https:\/\/www.trip.com\/partners\/ad\/S6319350?Allianceid=7116208&#038;SID=271828250&#038;trip_sub1=\" style=\"width:1200px;height:200px\" frameborder=\"0\" scrolling=\"no\" id=\"S6319350\"><\/iframe>\t\t\t\t\t\t\t\t<\/div>\n\t\t\t\t\t<\/div>\n\t\t<\/div>\n\t\t\t\t\t<\/div>\n\t\t<\/section>\n\t\t\t\t<\/div>","protected":false},"excerpt":{"rendered":"<p>Chimelong Xiangjiang Hotel Reviews: Real Guest Experiences from Families, Travelers &amp; Business Guests\u00a0 If you\u2019re planning a trip to Guangzhou\u2019s world-famous Chimelong Safari Park \u2014 or simply seeking a family-friendly hotel with character, convenience, and charm \u2014 Chimelong Xiangjiang Hotel consistently earns top marks from real travelers. With over 2,756 verified reviews on Trip.com and [&hellip;]<\/p>\n","protected":false},"author":1,"featured_media":0,"parent":0,"menu_order":0,"comment_status":"closed","ping_status":"closed","template":"","meta":{"footnotes":""},"class_list":["post-2106","page","type-page","status-publish","hentry","post-no-thumbnail"],"_links":{"self":[{"href":"https:\/\/chimelongxiangjianghotel.com\/de\/wp-json\/wp\/v2\/pages\/2106","targetHints":{"allow":["GET"]}}],"collection":[{"href":"https:\/\/chimelongxiangjianghotel.com\/de\/wp-json\/wp\/v2\/pages"}],"about":[{"href":"https:\/\/chimelongxiangjianghotel.com\/de\/wp-json\/wp\/v2\/types\/page"}],"author":[{"embeddable":true,"href":"https:\/\/chimelongxiangjianghotel.com\/de\/wp-json\/wp\/v2\/users\/1"}],"replies":[{"embeddable":true,"href":"https:\/\/chimelongxiangjianghotel.com\/de\/wp-json\/wp\/v2\/comments?post=2106"}],"version-history":[{"count":0,"href":"https:\/\/chimelongxiangjianghotel.com\/de\/wp-json\/wp\/v2\/pages\/2106\/revisions"}],"wp:attachment":[{"href":"https:\/\/chimelongxiangjianghotel.com\/de\/wp-json\/wp\/v2\/media?parent=2106"}],"curies":[{"name":"wp","href":"https:\/\/api.w.org\/{rel}","templated":true}]}}