{"id":2104,"date":"2021-03-23T09:33:48","date_gmt":"2021-03-23T09:33:48","guid":{"rendered":"http:\/\/localhost\/nuss\/?page_id=167"},"modified":"2025-11-06T05:52:07","modified_gmt":"2025-11-06T05:52:07","slug":"unsere-geschichte","status":"publish","type":"page","link":"https:\/\/chimelongxiangjianghotel.com\/de\/our-story\/","title":{"rendered":"Unsere Geschichte"},"content":{"rendered":"<div data-elementor-type=\"wp-page\" data-elementor-id=\"2104\" class=\"elementor elementor-2104\">\n\t\t\t\t\t\t<section class=\"elementor-section elementor-top-section elementor-element elementor-element-8f5bb9d elementor-section-boxed elementor-section-gap-beside-yes elementor-section-height-default elementor-section-height-default elementor-section-column-vertical-align-stretch\" data-id=\"8f5bb9d\" data-element_type=\"section\" data-e-type=\"section\">\n\t\t\t\t\t\t<div class=\"elementor-container elementor-column-gap-extended\">\n\t\t\t\t\t<div class=\"elementor-column elementor-col-100 elementor-top-column elementor-element elementor-element-7ec4215\" data-id=\"7ec4215\" data-element_type=\"column\" data-e-type=\"column\">\n\t\t\t<div class=\"elementor-widget-wrap elementor-element-populated\">\n\t\t\t\t\t\t<div class=\"elementor-element elementor-element-edd9d03 elementor-widget__width-initial elementor-invisible elementor-widget elementor-widget-text-editor\" data-id=\"edd9d03\" data-element_type=\"widget\" data-e-type=\"widget\" data-settings=\"{&quot;_animation&quot;:&quot;nussFadeInUp&quot;}\" data-widget_type=\"text-editor.default\">\n\t\t\t\t\t\t\t\t\t<p><strong data-spm-anchor-id=\"a2ty_o01.29997173.0.i72.4279c9216pn6la\">Unsere Geschichte: Wo Tradition auf Abenteuer trifft im Chimelong Xiangjiang Hotel<\/strong><\/p>\t\t\t\t\t\t\t\t<\/div>\n\t\t\t\t\t<\/div>\n\t\t<\/div>\n\t\t\t\t\t<\/div>\n\t\t<\/section>\n\t\t<div class=\"elementor-element elementor-element-ae7e42f e-flex e-con-boxed e-con e-parent\" data-id=\"ae7e42f\" data-element_type=\"container\" data-e-type=\"container\">\n\t\t\t\t\t<div class=\"e-con-inner\">\n\t\t\t\t<div class=\"elementor-element elementor-element-136c3a3 elementor-widget elementor-widget-text-editor\" data-id=\"136c3a3\" data-element_type=\"widget\" data-e-type=\"widget\" data-widget_type=\"text-editor.default\">\n\t\t\t\t\t\t\t\t\t<p data-spm-anchor-id=\"a2ty_o01.29997173.0.i73.4279c9216pn6la\">Eingebettet zwischen den br\u00fcllenden L\u00f6wen, verspielten Pandas und majest\u00e4tischen Elefanten des Guangzhou Chimelong Safari Parks, <strong>Chimelong Xiangjiang Hotel<\/strong> ist mehr als nur ein Ort zum \u00dcbernachten \u2013 es ist eine lebendige Geschichte, die aus jahrzehntelanger kulinarischer Leidenschaft, kulturellem Stolz und famili\u00e4rer Freude entstanden ist. Unsere Reise begann nicht in einem Konferenzraum, sondern in einer gesch\u00e4ftigen K\u00fcche \u2013 wo der Duft von dampfenden Dim Sum und brutzelnden Woks die Herzen eroberte.<\/p><h3>\ud83c\udf5c Die bescheidenen Anf\u00e4nge: Xiangjiang Restaurant (1989)<\/h3><p>Unsere Geschichte beginnt im Jahr 1989, als <strong>Xiangjiang-Restaurant<\/strong> Das beliebte Lokal \u00f6ffnete seine Pforten an der Mengyong Road. Bekannt f\u00fcr seine authentischen kantonesischen Aromen, den zuvorkommenden Service und das warme Ambiente der Lingnan-Region, wurde es schnell zum Favoriten von Einheimischen und Reisenden. Die G\u00e4ste kamen nicht nur wegen des Essens \u2013 obwohl der ged\u00e4mpfte Fisch, der Reis im Tontopf und die Dim Sum legend\u00e4r waren \u2013, sondern auch wegen des Gef\u00fchls, wie zu Hause zu sein.<\/p><p>Das Design des Restaurants spiegelte seine Wurzeln wider: Holztische mit traditionellen Schnitzereien, Fenster im mandschurischen Stil, die sanftes Tageslicht hereinlie\u00dfen, und eine stille Eleganz, die von S\u00fcdchinas reichem Erbe zeugte. Hier, bei gemeinsamen Mahlzeiten und Lachen, wurde der Samen der Gastfreundschaft ges\u00e4t \u2013 ein Samen, der eines Tages zu etwas viel Gr\u00f6\u00dferem heranwachsen sollte.<\/p><h3>\ud83d\udc2f Transformation &amp; Wiedergeburt: Die Entstehung eines Chimelong Hotels (2018)<\/h3><p>Im Jahr 2018, unter der vision\u00e4ren F\u00fchrung von <strong>Chimelong-Gruppe<\/strong>, Das Xiangjiang Restaurant durchlief eine bemerkenswerte Metamorphose. Es war nicht l\u00e4nger nur ein Speiselokal, sondern entwickelte sich zu <strong>Chimelong Xiangjiang Hotel<\/strong> \u2014 ein lebendiger, immersiver R\u00fcckzugsort, der die Magie des Safariparks in den Aufenthalt jedes Gastes einflie\u00dfen l\u00e4sst.<\/p><p>Doch es handelte sich nicht einfach um eine Renovierung \u2013 es war eine Neugestaltung. Das Hotel bewahrte die Seele des urspr\u00fcnglichen Restaurants: seine eleganten Speiser\u00e4ume, sein Engagement f\u00fcr exquisite K\u00fcche und seinen unersch\u00fctterlichen Fokus auf Herzlichkeit und F\u00fcrsorge. Gleichzeitig wurde aber auch etwas Neues hinzugef\u00fcgt: <strong>333 thematisch gestaltete G\u00e4stezimmer<\/strong>, Jede erz\u00e4hlt ihre eigene abenteuerliche Geschichte.<\/p><p>Vom imposanten Giraffenzimmer \u00fcber das k\u00fchne Tigerzimmer bis hin zum sanften Elefantenzimmer ist jeder Raum mit verspielten Tiermotiven, gem\u00fctlichen M\u00f6beln und liebevollen Details wie Kinderbadem\u00e4nteln, Hausschuhen und Zahnb\u00fcrsten ausgestattet, sodass sich auch die kleinsten Abenteurer wie zu Hause f\u00fchlen.<\/p><h3>\ud83c\udf3f Designphilosophie: \u201cMaritime Seidenstra\u00dfe \u2013 Lingnan-Impressionen\u201d<\/h3><p>Unser Designthema \u2014 <em>\u201cMaritime Seidenstra\u00dfe \u2013 Eindr\u00fccke aus der Lingna-Zeit\u201d<\/em> \u2014 ist eine Hommage an Guangzhous ereignisreiche Vergangenheit als Tor zwischen Ost und West. Die Lobby mit ihrer dreigeteilten Raumaufteilung, dem eleganten Kronleuchter und den kunstvollen Holzarbeiten erinnert an die Pracht alter Handelsh\u00e4fen und bietet gleichzeitig modernen Komfort.<\/p><p>Die G\u00e4ste werden von einer gelungenen Verbindung aus Tradition und Innovation empfangen: Der Duft von Jasmintee vermischt sich mit dem Summen der WLAN-Router; Kinder lachen unter LED-Bildschirmen im Kinderparadies, w\u00e4hrend die Eltern neben klassischen Fenstern im Lingnan-Stil ihren Kaffee genie\u00dfen. Selbst unsere Restaurants \u2013 <strong>Xiangjiang Chinesisches Restaurant<\/strong> Und <strong>Xinglong Teerestaurant<\/strong> \u2014 spiegeln diese Harmonie wider: Das eine zelebriert althergebrachte kantonesische Rezepte, das andere verbindet sie mit einem Hauch von Hongkong-Flair.<\/p><h3>\ud83c\udf88 Familie zuerst: Unvergessliche Momente schaffen<\/h3><p>Im Mittelpunkt unserer Geschichte steht <strong>Familie<\/strong>. Wir verstehen, dass es beim Reisen nicht nur um Sehensw\u00fcrdigkeiten geht, sondern auch darum, Momente zu teilen. Deshalb haben wir \u2026 entwickelt. <strong>Kinderwunderland<\/strong> \u2014 ein farbenfrohes Paradies, in dem Kinder spielen, lernen und Erinnerungen durch interaktive Spiele, Eltern-Kind-Kurse und s\u00fc\u00dfe Leckereien schaffen k\u00f6nnen. <strong>Xingjiang Happy Galley<\/strong> Souvenirladen.<\/p><p>Und was ist mit denen, die nach drau\u00dfen gehen m\u00f6chten? <strong>Fahrschule f\u00fcr Kinder<\/strong> Wir bieten beaufsichtigten Spielspa\u00df im Freien, bei dem Kinder in Mini-Autos herumflitzen k\u00f6nnen, w\u00e4hrend die Eltern in der N\u00e4he entspannen. Ob Sie Ihrem Kleinkind beim Kichern auf einer Fahrt zusehen oder nach einem langen Tag im Park eine ruhige Mahlzeit genie\u00dfen \u2013 wir haben an alles gedacht, um Ihren Aufenthalt so angenehm und unkompliziert wie m\u00f6glich zu gestalten.<\/p><h3>\ud83d\ude8d Ein Tor zum Abenteuer<\/h3><p>Befindet sich in <strong>Nr. 609 Mengyong Road, Bezirk Panyu<\/strong>, Unser Hotel liegt direkt am Rande des Chimelong Safari Parks \u2013 nur 8 Minuten mit dem Shuttlebus entfernt. Doch damit nicht genug. In Zusammenarbeit mit der Chimelong Group bieten wir kostenlose Shuttlebusse zu allen wichtigen Attraktionen an: Happy World, Grandview Aquarium und viele mehr.<\/p><p>Ob Sie den Nervenkitzel auf Achterbahnen suchen oder die faszinierende Unterwasserwelt bestaunen m\u00f6chten \u2013 Ihr Abenteuer beginnt und endet bei uns. Und wenn die Sonne untergeht, kehren Sie in eine Oase der Ruhe zur\u00fcck, wo saubere Zimmer, leise Klimaanlage, schnelles WLAN und k\u00f6stliche Mahlzeiten auf Sie warten \u2013 denn wir sind \u00fcberzeugt, dass Erholung genauso wohltuend sein sollte wie Vergn\u00fcgen.<\/p><h3>\ud83e\udd1d Der Geist des Dienens<\/h3><p>Unsere Mitarbeiter \u2013 viele von ihnen sind schon seit den Zeiten des Xiangjiang Restaurants bei uns \u2013 f\u00fchren den gleichen Geist der Gro\u00dfz\u00fcgigkeit fort, der unsere Anf\u00e4nge pr\u00e4gte. Von der Unterst\u00fctzung der G\u00e4ste bei der Essensbestellung bis hin zum Zimmer-Upgrade mit einem L\u00e4cheln \u2013 sie tun alles, um eine Reise unvergesslich zu machen. <strong>Freundlichkeit, Aufmerksamkeit und aufrichtige F\u00fcrsorge<\/strong>.<\/p><p>G\u00e4ste heben oft hervor, dass sich das Team weniger wie Angestellte und mehr wie Gastgeber anf\u00fchlt \u2013 sie begleiten Familien durch ihren Aufenthalt, beantworten Fragen geduldig und merken sich Namen. In einer Welt der Automatisierung glauben wir weiterhin an die Kraft menschlicher Begegnungen.<\/p><h3>\ud83d\udcd6 Was unsere G\u00e4ste sagen<\/h3><blockquote><p><em>\u201cWir haben uns f\u00fcr die g\u00fcnstigste von drei Hotels entschieden, aber zu unserer \u00dcberraschung war sie genau die richtige Wahl f\u00fcr uns! Die Umgebung war sauber, die Atmosph\u00e4re sehr angenehm\u2026 Ich h\u00e4tte wirklich nicht erwartet, dass das Restaurant so fantastisch sein w\u00fcrde.\u201d<\/em><br \/>\u2014 Zhaoqipo, September 2025<\/p><\/blockquote><blockquote><p><em>\u201cAuf den Tischen und Fensterb\u00e4nken war kein Staubkorn zu finden\u2026 Die Matratze hatte genau den richtigen H\u00e4rtegrad\u2026 die Klimaanlage war bemerkenswert leise\u2026 Ich hatte einen sehr angenehmen Aufenthalt und w\u00fcrde dieses Hotel auf jeden Fall meinen Freunden empfehlen.\u201d<\/em><br \/>\u2014 _WeChat252974****, September 2025<\/p><\/blockquote><blockquote><p><em>\u201cSauberes Zimmer, riesige Toilette, freundliches Personal. Wir hatten Probleme bei der Bestellung eines Lieferdienstes, konnten das aber schlie\u00dflich mit Hilfe des Herrn am Concierge-Schalter kl\u00e4ren.\u201d<\/em><br \/>\u2014 jjtan07, Oktober 2025<\/p><\/blockquote><p>Das sind nicht einfach nur Rezensionen \u2013 sie sind Kapitel unserer fortlaufenden Geschichte. Jeder Gast f\u00fcgt eine neue Strophe hinzu und erinnert uns daran, warum wir das tun, was wir tun.<\/p><div class=\"py-2 my-3\"><hr \/><\/div><h3>\ud83c\udf1f Warum wir existieren<\/h3><p>Das Chimelong Xiangjiang Hotel hat es sich zum Ziel gesetzt, gew\u00f6hnliche Reisen in unvergessliche Erlebnisse zu verwandeln. Wir m\u00f6chten Kultur und Abenteuer verbinden. Wir ehren unsere Vergangenheit und hei\u00dfen die Zukunft willkommen. Ob Sie gesch\u00e4ftlich, privat oder mit der Familie reisen \u2013 wir m\u00f6chten, dass Sie sich rundum bereichert f\u00fchlen \u2013 nicht nur durch unser kulinarisches Angebot, sondern auch durch unsere herzliche Atmosph\u00e4re.<\/p><p>Wir laden Sie ein, Teil unserer Geschichte zu werden. Buchen Sie Ihren Aufenthalt. Erkunden Sie den Park. Genie\u00dfen Sie die kulinarischen K\u00f6stlichkeiten. Lassen Sie Ihre Kinder unbeschwert spielen. Und wenn Sie nach einem erlebnisreichen Tag in Ihr Zimmer im Giraffen-Stil zur\u00fcckkehren, wissen Sie, dass Sie nicht einfach nur in einem Hotel \u00fcbernachten \u2013 Sie tauchen ein in eine Tradition von W\u00e4rme, Fantasie und Gastfreundschaft.<\/p><p>Willkommen bei <strong>Chimelong Xiangjiang Hotel<\/strong> \u2014 wo jeder Aufenthalt ein Kapitel ist, das es wert ist, erz\u00e4hlt zu werden.<\/p><div class=\"py-2 my-3\"><hr \/><\/div><p>\ud83d\udccd <strong>Adresse<\/strong>Mengyong-Stra\u00dfe Nr. 609, Abschnitt der Nationalstra\u00dfe Nr. 105, Bezirk Panyu, Guangzhou, Guangdong, China<br \/>\ud83d\udcde <strong>Telefon<\/strong>: +86-20-84783366<br \/>\ud83c\udf10 <strong>Webseite<\/strong>: <a href=\"https:\/\/chimelongxiangjianghotel.com\/de\/\" target=\"_blank\" rel=\"nofollow noopener\">https:\/\/chimelongxiangjianghotel.com <\/a><\/p><p data-spm-anchor-id=\"a2ty_o01.29997173.0.i74.4279c9216pn6la\"><em>Komm wegen der Safari. Bleib wegen der Geschichte.<\/em><\/p>\t\t\t\t\t\t\t\t<\/div>\n\t\t\t\t\t<\/div>\n\t\t\t\t<\/div>\n\t\t\t\t<section class=\"elementor-section elementor-top-section elementor-element elementor-element-2395d538 elementor-section-stretched elementor-section-boxed elementor-section-gap-beside-yes elementor-section-height-default elementor-section-height-default elementor-section-column-vertical-align-stretch\" data-id=\"2395d538\" data-element_type=\"section\" data-e-type=\"section\" data-settings=\"{&quot;background_background&quot;:&quot;classic&quot;,&quot;stretch_section&quot;:&quot;section-stretched&quot;}\">\n\t\t\t\t\t\t<div class=\"elementor-container elementor-column-gap-extended\">\n\t\t\t\t\t<div class=\"elementor-column elementor-col-100 elementor-top-column elementor-element elementor-element-1b428554\" data-id=\"1b428554\" data-element_type=\"column\" data-e-type=\"column\">\n\t\t\t<div class=\"elementor-widget-wrap elementor-element-populated\">\n\t\t\t\t\t\t<div class=\"elementor-element elementor-element-4f0df1f3 elementor-widget elementor-widget-nuss-heading\" data-id=\"4f0df1f3\" data-element_type=\"widget\" data-e-type=\"widget\" data-widget_type=\"nuss-heading.default\">\n\t\t\t\t<div class=\"elementor-widget-container\">\n\t\t\t\t\t\t\t<div class=\"nuss-modern-heading\">\r\n\t\t\t\t\t\t<div class=\"heading-secondary-wrap\">\r\n\t\t\t\t<h3 class=\"heading-secondary elementor-heading-title\">Verf\u00fcgbarkeit pr\u00fcfen <\/h3>\t\t\t<\/div>\r\n\t\t\r\n\t\t\t\r\n\t\t\t\r\n\t\t\t\t\t<\/div>\r\n\t\t\t\t\t<\/div>\n\t\t\t\t<\/div>\n\t\t\t\t<div class=\"elementor-element elementor-element-7225468f elementor-widget elementor-widget-text-editor\" data-id=\"7225468f\" data-element_type=\"widget\" data-e-type=\"widget\" data-widget_type=\"text-editor.default\">\n\t\t\t\t\t\t\t\t\t<iframe border=\"0\" src=\"https:\/\/www.trip.com\/partners\/ad\/S5683218?Allianceid=4590391&#038;SID=263693760&#038;trip_sub1=\" style=\"width:1200px;height:200px\" frameborder=\"0\" scrolling=\"no\" id=\"S5683218\"><\/iframe>\t\t\t\t\t\t\t\t<\/div>\n\t\t\t\t\t<\/div>\n\t\t<\/div>\n\t\t\t\t\t<\/div>\n\t\t<\/section>\n\t\t\t\t<\/div>","protected":false},"excerpt":{"rendered":"<p>Our Story: Where Heritage Meets Adventure at Chimelong Xiangjiang Hotel Nestled beside the roaring lions, playful pandas, and majestic elephants of Guangzhou Chimelong Safari Park, Chimelong Xiangjiang Hotel is more than a place to rest your head \u2014 it\u2019s a living story woven from decades of culinary passion, cultural pride, and family joy. Our journey [&hellip;]<\/p>\n","protected":false},"author":1,"featured_media":0,"parent":0,"menu_order":0,"comment_status":"closed","ping_status":"closed","template":"","meta":{"footnotes":""},"class_list":["post-2104","page","type-page","status-publish","hentry","post-no-thumbnail"],"_links":{"self":[{"href":"https:\/\/chimelongxiangjianghotel.com\/de\/wp-json\/wp\/v2\/pages\/2104","targetHints":{"allow":["GET"]}}],"collection":[{"href":"https:\/\/chimelongxiangjianghotel.com\/de\/wp-json\/wp\/v2\/pages"}],"about":[{"href":"https:\/\/chimelongxiangjianghotel.com\/de\/wp-json\/wp\/v2\/types\/page"}],"author":[{"embeddable":true,"href":"https:\/\/chimelongxiangjianghotel.com\/de\/wp-json\/wp\/v2\/users\/1"}],"replies":[{"embeddable":true,"href":"https:\/\/chimelongxiangjianghotel.com\/de\/wp-json\/wp\/v2\/comments?post=2104"}],"version-history":[{"count":0,"href":"https:\/\/chimelongxiangjianghotel.com\/de\/wp-json\/wp\/v2\/pages\/2104\/revisions"}],"wp:attachment":[{"href":"https:\/\/chimelongxiangjianghotel.com\/de\/wp-json\/wp\/v2\/media?parent=2104"}],"curies":[{"name":"wp","href":"https:\/\/api.w.org\/{rel}","templated":true}]}}